{"id":2008,"date":"2024-12-17T08:49:20","date_gmt":"2024-12-17T08:49:20","guid":{"rendered":"https:\/\/mj-clothing.com\/?post_type=product&#038;p=2008"},"modified":"2024-12-17T08:56:51","modified_gmt":"2024-12-17T08:56:51","slug":"womens-cashmere-long-coat","status":"publish","type":"product","link":"https:\/\/mj-clothing.com\/pl\/manufacturer\/womens-cashmere-long-coat\/","title":{"rendered":"D\u0142ugi p\u0142aszcz damski z kaszmiru"},"content":{"rendered":"<div id=\"model-response-message-contentr_21586b4a0aa106d5\" class=\"markdown markdown-main-panel response-optimization\" dir=\"ltr\">\n<p data-sourcepos=\"1:1-1:191\">Kaszmirowy d\u0142ugi p\u0142aszcz damski to uosobienie luksusu, ciep\u0142a i ponadczasowego stylu. Jest to znacz\u0105ca inwestycja, kt\u00f3ra mo\u017ce wzbogaci\u0107 ka\u017cd\u0105 zimow\u0105 garderob\u0119. Oto, co czyni je tak wyj\u0105tkowymi:<\/p>\n<h3 data-sourcepos=\"3:1-3:17\"><strong>Dlaczego kaszmirowy d\u0142ugi p\u0142aszcz damski?<\/strong><\/h3>\n<ul data-sourcepos=\"5:1-9:0\">\n<li data-sourcepos=\"5:1-5:146\"><strong><span class=\"citation-0 recitation\">Niezr\u00f3wnana mi\u0119kko\u015b\u0107:<\/span><\/strong><span class=\"citation-0 recitation citation-end-0\"> W\u0142\u00f3kna kaszmiru s\u0105 niezwykle delikatne, dzi\u0119ki czemu s\u0105 luksusowo mi\u0119kkie i g\u0142adkie w dotyku.<\/span><span class=\"button-container hide-from-message-actions ng-star-inserted\"> \u00a0<\/span>\n<div class=\"container ng-tns-c2960411664-95 hide\">\n<div class=\"carousel-container ng-tns-c2960411664-95\"><\/div>\n<\/div>\n<\/li>\n<li data-sourcepos=\"6:1-6:147\"><strong><span class=\"citation-1 recitation\">Wyj\u0105tkowe ciep\u0142o:<\/span><\/strong><span class=\"citation-1 recitation citation-end-1\"> Pomimo swojej lekko\u015bci, kaszmir zapewnia doskona\u0142\u0105 izolacj\u0119, utrzymuj\u0105c ciep\u0142o bez uczucia niepor\u0119czno\u015bci.<\/span><span class=\"button-container hide-from-message-actions ng-star-inserted\">\u00a0<\/span>\n<div class=\"container ng-tns-c2960411664-96 hide\">\n<div class=\"carousel-container ng-tns-c2960411664-96\"><\/div>\n<\/div>\n<\/li>\n<li data-sourcepos=\"7:1-7:152\"><strong>Lekko\u015b\u0107 i wygoda:<\/strong> <span class=\"citation-2 recitation citation-end-2\">Odzie\u017c z kaszmiru jest znana ze swojej lekko\u015bci, dzi\u0119ki czemu jest wygodna w noszeniu przez d\u0142u\u017cszy czas.<\/span><span class=\"button-container hide-from-message-actions ng-star-inserted\">\u00a0 \u00a0<\/span>\n<div class=\"container ng-tns-c2960411664-97 hide\">\n<div class=\"carousel-container ng-tns-c2960411664-97\"><\/div>\n<\/div>\n<\/li>\n<li data-sourcepos=\"8:1-9:0\"><strong><span class=\"citation-3 recitation\">Trwa\u0142o\u015b\u0107:<\/span><\/strong><span class=\"citation-3 recitation citation-end-3\"> Przy odpowiedniej piel\u0119gnacji, wysokiej jako\u015bci kaszmirowy p\u0142aszcz mo\u017ce przetrwa\u0107 wiele lat, co czyni go op\u0142acaln\u0105 inwestycj\u0105.<\/span><span class=\"button-container hide-from-message-actions ng-star-inserted\">\u00a0 \u00a0<\/span>\n<div class=\"container ng-tns-c2960411664-98 hide\">\n<div class=\"carousel-container ng-tns-c2960411664-98\"><\/div>\n<\/div>\n<\/li>\n<\/ul>\n<h3 data-sourcepos=\"10:1-10:41\"><strong>Kluczowe cechy damskiego d\u0142ugiego p\u0142aszcza z kaszmiru:<\/strong><\/h3>\n<ul data-sourcepos=\"12:1-22:0\">\n<li data-sourcepos=\"12:1-12:85\"><strong>D\u0142ugo\u015b\u0107:<\/strong> Zwykle si\u0119ga poni\u017cej kolan, zapewniaj\u0105c maksymalne okrycie i ciep\u0142o.<\/li>\n<li data-sourcepos=\"13:1-16:93\"><strong>Klasyczne style:<\/strong> Cz\u0119sto zawiera ponadczasowe sylwetki, takie jak:\n<ul data-sourcepos=\"14:5-16:93\">\n<li data-sourcepos=\"14:5-14:88\"><strong>Jednorz\u0119dowa:<\/strong> Klasyczny i uniwersalny styl z pojedynczym rz\u0119dem guzik\u00f3w.<\/li>\n<li data-sourcepos=\"15:5-15:87\"><strong>Dwurz\u0119dowy:<\/strong> <span class=\"citation-4 recitation citation-end-4\">Bardziej formalny styl z dwoma rz\u0119dami guzik\u00f3w.<\/span><span class=\"button-container hide-from-message-actions ng-star-inserted\">\u00a0 \u00a0<\/span>\n<div class=\"container ng-tns-c2960411664-99 hide\">\n<div class=\"carousel-container ng-tns-c2960411664-99\"><\/div>\n<\/div>\n<\/li>\n<li data-sourcepos=\"16:5-16:93\"><strong><span class=\"citation-5 recitation\">P\u0142aszcz:<\/span><\/strong><span class=\"citation-5 recitation citation-end-5\"> Swobodny i elegancki styl, kt\u00f3ry mo\u017cna przewi\u0105za\u0107 paskiem.<\/span><span class=\"button-container hide-from-message-actions ng-star-inserted\"> \u00a0<\/span>\n<div class=\"container ng-tns-c2960411664-100 hide\">\n<div class=\"carousel-container ng-tns-c2960411664-100\">\n<div class=\"carousel-content ng-tns-c2960411664-100\">\n<div class=\"sources-carousel-source ng-tns-c2960411664-100 hide ng-star-inserted\" data-test-id=\"sources-carousel-source\"><\/div>\n<\/div>\n<\/div>\n<\/div>\n<\/li>\n<\/ul>\n<\/li>\n<li data-sourcepos=\"17:1-20:67\"><strong>Opcje obro\u017cy:<\/strong> Mo\u017ce mie\u0107 r\u00f3\u017cne style ko\u0142nierzyka, takie jak\n<ul data-sourcepos=\"18:5-20:67\">\n<li data-sourcepos=\"18:5-18:69\"><strong><span class=\"citation-6 recitation\">Klapa z wyci\u0119ciem:<\/span><\/strong><span class=\"citation-6 recitation citation-end-6\"> Klasyczny i wszechstronny ko\u0142nierz.<\/span><span class=\"button-container hide-from-message-actions ng-star-inserted\">\u00a0<\/span>\n<div class=\"container ng-tns-c2960411664-101 hide\">\n<div class=\"carousel-container ng-tns-c2960411664-101\"><\/div>\n<\/div>\n<\/li>\n<li data-sourcepos=\"19:5-19:57\"><strong>Szalowy ko\u0142nierz:<\/strong> Bardziej zrelaksowany i przytulny ko\u0142nierz.<\/li>\n<li data-sourcepos=\"20:5-20:67\"><strong>Obro\u017ca stoj\u0105ca:<\/strong> Zapewnia dodatkowe ciep\u0142o wok\u00f3\u0142 szyi.<\/li>\n<\/ul>\n<\/li>\n<li data-sourcepos=\"21:1-22:0\"><strong>Minimalne szczeg\u00f3\u0142y:<\/strong> Cz\u0119sto charakteryzuje si\u0119 czystymi liniami i minimalnymi detalami, aby wyeksponowa\u0107 luksusowy materia\u0142.<\/li>\n<\/ul>\n<h3 data-sourcepos=\"23:1-23:56\"><strong>Rzeczy, kt\u00f3re nale\u017cy wzi\u0105\u0107 pod uwag\u0119 przy zakupie d\u0142ugiego p\u0142aszcza damskiego z kaszmiru:<\/strong><\/h3>\n<ul data-sourcepos=\"25:1-30:0\">\n<li data-sourcepos=\"25:1-25:129\"><strong>Jako\u015b\u0107 kaszmiru:<\/strong> Poszukaj p\u0142aszczy wykonanych z kaszmiru 100% lub kaszmiru z domieszk\u0105 innych szlachetnych w\u0142\u00f3kien.<\/li>\n<li data-sourcepos=\"26:1-26:134\"><strong>Waga:<\/strong> Waga kaszmiru wp\u0142ywa na jego ciep\u0142o i uk\u0142adanie si\u0119. Ci\u0119\u017cszy kaszmir jest zazwyczaj cieplejszy, ale mo\u017ce by\u0107 r\u00f3wnie\u017c bardziej masywny.<\/li>\n<li data-sourcepos=\"27:1-27:89\"><strong>Budowa:<\/strong> Sprawd\u017a jako\u015b\u0107 szw\u00f3w i podszewki, aby zapewni\u0107 trwa\u0142o\u015b\u0107.<\/li>\n<li data-sourcepos=\"28:1-28:99\"><strong>Dopasowanie:<\/strong> Wybierz p\u0142aszcz, kt\u00f3ry dobrze przylega do ramion i pozwala na wygodne nak\u0142adanie warstw.<\/li>\n<li data-sourcepos=\"29:1-30:0\"><strong>Cena:<\/strong> <span class=\"citation-7 recitation citation-end-7\">P\u0142aszcze kaszmirowe to inwestycja, wi\u0119c przygotuj si\u0119 na wydanie znacznej kwoty.<\/span> Jednak przy odpowiedniej piel\u0119gnacji b\u0119dzie on s\u0142u\u017cy\u0142 przez wiele lat.<span class=\"button-container hide-from-message-actions ng-star-inserted\">\u00a0<\/span>\n<div class=\"container ng-tns-c2960411664-102 hide\">\n<div class=\"carousel-container ng-tns-c2960411664-102\"><\/div>\n<\/div>\n<\/li>\n<\/ul>\n<h3 data-sourcepos=\"31:1-31:46\"><strong>Gdzie znale\u017a\u0107 d\u0142ugie p\u0142aszcze damskie z kaszmiru?<\/strong><\/h3>\n<ul data-sourcepos=\"33:1-37:0\">\n<li data-sourcepos=\"33:1-33:80\"><strong>Wysokiej klasy domy towarowe:<\/strong> Nordstrom, Saks Fifth Avenue, Bloomingdale's<\/li>\n<li data-sourcepos=\"34:1-34:52\"><strong>Marki luksusowe:<\/strong> Max Mara, Loro Piana, The Row<\/li>\n<li data-sourcepos=\"35:1-35:80\"><strong>Specjalistyczne sklepy z kaszmirem:<\/strong> <span class=\"citation-8 recitation citation-end-8\">GOBI Cashmere, Sofia Cashmere<\/span><span class=\"button-container hide-from-message-actions ng-star-inserted\">\u00a0 \u00a0<\/span>\n<div class=\"container ng-tns-c2960411664-103 hide\">\n<div class=\"carousel-container ng-tns-c2960411664-103\"><\/div>\n<\/div>\n<\/li>\n<li data-sourcepos=\"36:1-37:0\"><strong>Sprzedawcy internetowi:<\/strong> Farfetch, Net-a-Porter, Mytheresa<\/li>\n<\/ul>\n<p data-sourcepos=\"38:1-38:122\">Damski d\u0142ugi p\u0142aszcz z kaszmiru to luksusowa i ponadczasowa inwestycja, kt\u00f3ra zapewni ci ciep\u0142o i styl przez wiele lat.<\/p>\n<\/div>\n<div class=\"response-footer gap complete\">\n<div class=\"container ng-tns-c2960411664-94\">\n<div class=\"carousel-container ng-tns-c2960411664-94\">\n<div class=\"carousel-content ng-tns-c2960411664-94\">\n<div class=\"sources-carousel-source ng-tns-c2960411664-94 ng-star-inserted\" data-test-id=\"sources-carousel-source\">\n<div class=\"source-card-container\">\n<div class=\"source-card-content\">\n<div class=\"source-card-body\">\n<div class=\"source-card-header\">\n<div class=\"source-card-title\"><\/div>\n<\/div>\n<\/div>\n<\/div>\n<\/div>\n<\/div>\n<\/div>\n<\/div>\n<\/div>\n<\/div>","protected":false},"excerpt":{"rendered":"<table style=\"height: 596px;\" width=\"487\">\n<tbody>\n<tr>\n<td width=\"146\"><strong><b>Produkt<\/b><\/strong>\u00a0<strong><b>Imi\u0119 i nazwisko:<\/b><\/strong><\/td>\n<td width=\"601\"><strong>D\u0142ugi p\u0142aszcz damski z kaszmiru<\/strong><\/td>\n<\/tr>\n<tr>\n<td width=\"146\"><strong><b>Materlal:<\/b><\/strong><\/td>\n<td width=\"601\">Dziewiarstwo<\/td>\n<\/tr>\n<tr>\n<td width=\"146\"><strong><b>Technika:<\/b><\/strong><\/td>\n<td width=\"601\">Haftowane<\/td>\n<\/tr>\n<tr>\n<td width=\"146\"><strong><b>Styl:<\/b><\/strong><\/td>\n<td width=\"601\">Zwyk\u0142y<\/td>\n<\/tr>\n<tr>\n<td width=\"146\"><strong><b>Kolor<\/b><\/strong><strong><b>:<\/b><\/strong><\/td>\n<td width=\"601\">\u00a0Kolory niestandardowe<\/td>\n<\/tr>\n<tr>\n<td width=\"146\"><strong><b>Rozmiar:<\/b><\/strong><\/td>\n<td width=\"601\">S \/M \/L \/XL \/2XL<\/td>\n<\/tr>\n<tr>\n<td width=\"146\"><strong><b>OEM\/ODM:<\/b><\/strong><\/td>\n<td width=\"601\">Dopuszczalny<\/td>\n<\/tr>\n<tr>\n<td width=\"146\"><strong><b>Jako\u015b\u0107:<\/b><\/strong><\/td>\n<td width=\"601\">100% Wysoka jako\u015b\u0107<\/td>\n<\/tr>\n<tr>\n<td width=\"146\"><strong><b>M<\/b><\/strong><strong><b>OQ:<\/b><\/strong><\/td>\n<td width=\"601\">200 szt.<\/td>\n<\/tr>\n<\/tbody>\n<\/table>","protected":false},"featured_media":2009,"template":"","meta":[],"product_brand":[],"product_cat":[39],"product_tag":[],"class_list":{"0":"post-2008","1":"product","2":"type-product","3":"status-publish","4":"has-post-thumbnail","6":"product_cat-womens-clothing","8":"first","9":"instock","10":"shipping-taxable","11":"product-type-simple"},"_links":{"self":[{"href":"https:\/\/mj-clothing.com\/pl\/wp-json\/wp\/v2\/product\/2008","targetHints":{"allow":["GET"]}}],"collection":[{"href":"https:\/\/mj-clothing.com\/pl\/wp-json\/wp\/v2\/product"}],"about":[{"href":"https:\/\/mj-clothing.com\/pl\/wp-json\/wp\/v2\/types\/product"}],"wp:featuredmedia":[{"embeddable":true,"href":"https:\/\/mj-clothing.com\/pl\/wp-json\/wp\/v2\/media\/2009"}],"wp:attachment":[{"href":"https:\/\/mj-clothing.com\/pl\/wp-json\/wp\/v2\/media?parent=2008"}],"wp:term":[{"taxonomy":"product_brand","embeddable":true,"href":"https:\/\/mj-clothing.com\/pl\/wp-json\/wp\/v2\/product_brand?post=2008"},{"taxonomy":"product_cat","embeddable":true,"href":"https:\/\/mj-clothing.com\/pl\/wp-json\/wp\/v2\/product_cat?post=2008"},{"taxonomy":"product_tag","embeddable":true,"href":"https:\/\/mj-clothing.com\/pl\/wp-json\/wp\/v2\/product_tag?post=2008"}],"curies":[{"name":"wp","href":"https:\/\/api.w.org\/{rel}","templated":true}]}}