{"id":2010,"date":"2024-12-17T08:55:56","date_gmt":"2024-12-17T08:55:56","guid":{"rendered":"https:\/\/mj-clothing.com\/?post_type=product&#038;p=2010"},"modified":"2024-12-17T08:55:56","modified_gmt":"2024-12-17T08:55:56","slug":"black-long-wool-coat-womens","status":"publish","type":"product","link":"https:\/\/mj-clothing.com\/pl\/manufacturer\/black-long-wool-coat-womens\/","title":{"rendered":"Czarny d\u0142ugi we\u0142niany p\u0142aszcz damski"},"content":{"rendered":"<p data-sourcepos=\"1:1-1:191\">Czarny d\u0142ugi we\u0142niany p\u0142aszcz damski to prawdziwy niezb\u0119dnik w szafie ka\u017cdej kobiety. To klasyczny element garderoby, kt\u00f3ry \u0142\u0105czy w sobie praktyczno\u015b\u0107, ciep\u0142o i ponadczasowy styl. Oto zestawienie tego, co czyni je tak wspania\u0142ymi:<\/p>\n<h3 data-sourcepos=\"3:1-3:13\"><strong>Dlaczego czarny d\u0142ugi we\u0142niany p\u0142aszcz damski?<\/strong><\/h3>\n<ul data-sourcepos=\"5:1-9:0\">\n<li data-sourcepos=\"5:1-5:116\"><strong><span class=\"citation-0 recitation\">Ciep\u0142o:<\/span><\/strong><span class=\"citation-0 recitation citation-end-0\"> We\u0142na jest naturalnym izolatorem, zapewniaj\u0105cym doskona\u0142e ciep\u0142o nawet w bardzo niskich temperaturach.<\/span><span class=\"button-container hide-from-message-actions ng-star-inserted\"> \u00a0<\/span>\n<div class=\"container ng-tns-c2960411664-110 hide\">\n<div class=\"carousel-container ng-tns-c2960411664-110\"><\/div>\n<\/div>\n<\/li>\n<li data-sourcepos=\"6:1-6:114\"><strong><span class=\"citation-1 recitation\">Trwa\u0142o\u015b\u0107:<\/span><\/strong><span class=\"citation-1 recitation citation-end-1\"> W\u0142\u00f3kna we\u0142ny s\u0105 mocne i spr\u0119\u017cyste, dzi\u0119ki czemu p\u0142aszcze we\u0142niane s\u0105 trwa\u0142e i wytrzyma\u0142e.<\/span><span class=\"button-container hide-from-message-actions ng-star-inserted\"> \u00a0<\/span>\n<div class=\"container ng-tns-c2960411664-111 hide\">\n<div class=\"carousel-container ng-tns-c2960411664-111\"><\/div>\n<\/div>\n<\/li>\n<li data-sourcepos=\"7:1-7:130\"><strong><span class=\"citation-2 recitation\">Wodoodporno\u015b\u0107:<\/span><\/strong><span class=\"citation-2 recitation citation-end-2\"> We\u0142na ma naturalne w\u0142a\u015bciwo\u015bci hydrofobowe, pomagaj\u0105c zachowa\u0107 sucho\u015b\u0107 podczas lekkiego deszczu lub \u015bniegu.<\/span><span class=\"button-container hide-from-message-actions ng-star-inserted\"> \u00a0<\/span>\n<div class=\"container ng-tns-c2960411664-112 hide\">\n<div class=\"carousel-container ng-tns-c2960411664-112\"><\/div>\n<\/div>\n<\/li>\n<li data-sourcepos=\"8:1-9:0\"><strong><span class=\"citation-3 recitation\">Oddychalno\u015b\u0107:<\/span><\/strong><span class=\"citation-3 recitation citation-end-3\"> We\u0142na jest oddychaj\u0105ca, co pomaga regulowa\u0107 temperatur\u0119 cia\u0142a i zapobiega przegrzaniu.<\/span><span class=\"button-container hide-from-message-actions ng-star-inserted\">\u00a0 \u00a0<\/span>\n<div class=\"container ng-tns-c2960411664-113 hide\">\n<div class=\"carousel-container ng-tns-c2960411664-113\"><\/div>\n<\/div>\n<\/li>\n<\/ul>\n<h3 data-sourcepos=\"10:1-10:43\"><strong>Kluczowe cechy aCzarny d\u0142ugi we\u0142niany p\u0142aszcz damski:<\/strong><\/h3>\n<ul data-sourcepos=\"12:1-23:0\">\n<li data-sourcepos=\"12:1-12:137\"><strong>D\u0142ugo\u015b\u0107:<\/strong> Zazwyczaj si\u0119ga poni\u017cej kolan, zapewniaj\u0105c maksymalne okrycie i ciep\u0142o. Ta d\u0142ugo\u015b\u0107 jest r\u00f3wnie\u017c bardzo pochlebna i wyd\u0142u\u017caj\u0105ca.<\/li>\n<li data-sourcepos=\"13:1-13:125\"><strong>Kolor:<\/strong> Czer\u0144 jest niezwykle uniwersalna i pasuje do wszystkiego. To klasyczny wyb\u00f3r, kt\u00f3ry nigdy nie wyjdzie z mody.<\/li>\n<li data-sourcepos=\"14:1-18:62\"><strong>Klasyczne style:<\/strong> Popularne style obejmuj\u0105:\n<ul data-sourcepos=\"15:5-18:62\">\n<li data-sourcepos=\"15:5-15:89\"><strong>Jednorz\u0119dowa:<\/strong> Ponadczasowy i uniwersalny styl z pojedynczym rz\u0119dem guzik\u00f3w.<\/li>\n<li data-sourcepos=\"16:5-16:102\"><strong>Dwurz\u0119dowy:<\/strong> <span class=\"citation-4 recitation citation-end-4\">Bardziej formalny styl z dwoma rz\u0119dami guzik\u00f3w.<\/span><span class=\"button-container hide-from-message-actions ng-star-inserted\">\u00a0<\/span>\n<div class=\"container ng-tns-c2960411664-114 hide\">\n<div class=\"carousel-container ng-tns-c2960411664-114\"><\/div>\n<\/div>\n<\/li>\n<li data-sourcepos=\"17:5-17:93\"><strong><span class=\"citation-5 recitation\">P\u0142aszcz:<\/span><\/strong><span class=\"citation-5 recitation citation-end-5\"> Swobodny i elegancki styl, kt\u00f3ry mo\u017cna przewi\u0105za\u0107 paskiem.<\/span><span class=\"button-container hide-from-message-actions ng-star-inserted\"> \u00a0<\/span>\n<div class=\"container ng-tns-c2960411664-115 hide\">\n<div class=\"carousel-container ng-tns-c2960411664-115\"><\/div>\n<\/div>\n<\/li>\n<li data-sourcepos=\"18:5-18:62\"><strong>Chesterfield:<\/strong> Formalny styl z aksamitnym ko\u0142nierzykiem.<\/li>\n<\/ul>\n<\/li>\n<li data-sourcepos=\"19:1-23:0\"><strong>Opcje obro\u017cy:<\/strong>\n<ul data-sourcepos=\"20:5-23:0\">\n<li data-sourcepos=\"20:5-20:69\"><strong><span class=\"citation-6 recitation\">Klapa z wyci\u0119ciem:<\/span><\/strong><span class=\"citation-6 recitation citation-end-6\"> Klasyczny i wszechstronny ko\u0142nierz.<\/span><span class=\"button-container hide-from-message-actions ng-star-inserted\"> \u00a0<\/span>\n<div class=\"container ng-tns-c2960411664-116 hide\">\n<div class=\"carousel-container ng-tns-c2960411664-116\"><\/div>\n<\/div>\n<\/li>\n<li data-sourcepos=\"21:5-21:71\"><strong><span class=\"citation-7 recitation\">Szczyt klapy:<\/span><\/strong><span class=\"citation-7 recitation citation-end-7\"> Bardziej formalny i dramatyczny ko\u0142nierzyk.<\/span><span class=\"button-container hide-from-message-actions ng-star-inserted\"> \u00a0<\/span>\n<div class=\"container ng-tns-c2960411664-117 hide\">\n<div class=\"carousel-container ng-tns-c2960411664-117\"><\/div>\n<\/div>\n<\/li>\n<li data-sourcepos=\"22:5-23:0\"><strong>Obro\u017ca stoj\u0105ca:<\/strong> Zapewnia dodatkowe ciep\u0142o wok\u00f3\u0142 szyi.<\/li>\n<\/ul>\n<\/li>\n<\/ul>\n<h3 data-sourcepos=\"24:1-24:58\"><strong>Rzeczy, kt\u00f3re nale\u017cy wzi\u0105\u0107 pod uwag\u0119 przy zakupie czarnego d\u0142ugiego we\u0142nianego p\u0142aszcza damskiego:<\/strong><\/h3>\n<ul data-sourcepos=\"26:1-31:0\">\n<li data-sourcepos=\"26:1-26:101\"><strong>Jako\u015b\u0107 we\u0142ny:<\/strong> Szukaj p\u0142aszczy wykonanych z wysokiej jako\u015bci we\u0142ny, takiej jak we\u0142na merynos\u00f3w lub we\u0142na dziewicza.<\/li>\n<li data-sourcepos=\"27:1-27:75\"><strong>Podszewka:<\/strong> Dobra podszewka zwi\u0119kszy ciep\u0142o i trwa\u0142o\u015b\u0107 p\u0142aszcza.<\/li>\n<li data-sourcepos=\"28:1-28:99\"><strong>Dopasowanie:<\/strong> Upewnij si\u0119, \u017ce p\u0142aszcz dobrze przylega do ramion i pozwala na wygodne nak\u0142adanie warstw.<\/li>\n<li data-sourcepos=\"29:1-29:72\"><strong>Szczeg\u00f3\u0142y:<\/strong> Zwr\u00f3\u0107 uwag\u0119 na detale, takie jak kieszenie, guziki i szlufki.<\/li>\n<li data-sourcepos=\"30:1-31:0\"><strong><span class=\"citation-8 recitation\">Cena:<\/span><\/strong><span class=\"citation-8 recitation citation-end-8\"> Dobrej jako\u015bci we\u0142niany p\u0142aszcz to inwestycja, kt\u00f3ra jednak przetrwa wiele lat.<\/span><span class=\"button-container hide-from-message-actions ng-star-inserted\">\u00a0 \u00a0<\/span>\n<div class=\"container ng-tns-c2960411664-118 hide\">\n<div class=\"carousel-container ng-tns-c2960411664-118\"><\/div>\n<\/div>\n<\/li>\n<\/ul>\n<h3 data-sourcepos=\"32:1-32:40\"><strong>Jak stylizowa\u0107 czarny d\u0142ugi we\u0142niany p\u0142aszcz damski?<\/strong><\/h3>\n<ul data-sourcepos=\"34:1-37:0\">\n<li data-sourcepos=\"34:1-34:85\"><strong>Na co dzie\u0144:<\/strong> Po\u0142\u0105cz go z d\u017cinsami, swetrem i butami, aby uzyska\u0107 klasyczny codzienny wygl\u0105d.<\/li>\n<li data-sourcepos=\"35:1-35:95\"><strong>Business Casual:<\/strong> No\u015b go na bluzk\u0119 i spodnie lub sp\u00f3dnic\u0119, aby uzyska\u0107 profesjonalny wygl\u0105d.<\/li>\n<li data-sourcepos=\"36:1-37:0\"><strong>Str\u00f3j:<\/strong> Na\u0142\u00f3\u017c go na sukienk\u0119 lub str\u00f3j wieczorowy, aby uzyska\u0107 wyrafinowany wygl\u0105d.<\/li>\n<\/ul>\n<p data-sourcepos=\"38:1-38:217\"><span class=\"citation-9 recitation citation-end-9\">Czarny d\u0142ugi we\u0142niany p\u0142aszcz to uniwersalny i niezb\u0119dny element garderoby, kt\u00f3ry zapewni ciep\u0142o i stylowy wygl\u0105d przez ca\u0142y sezon zimowy.<\/span> To op\u0142acalna inwestycja, kt\u00f3r\u0105 b\u0119dziesz m\u00f3g\u0142 nosi\u0107 przez wiele lat.<span class=\"button-container hide-from-message-actions ng-star-inserted\"> \u00a0 <\/span><\/p>","protected":false},"excerpt":{"rendered":"<table style=\"height: 647px;\" width=\"508\">\n<tbody>\n<tr>\n<td width=\"146\"><strong><b>Produkt<\/b><\/strong>\u00a0<strong><b>Imi\u0119 i nazwisko:<\/b><\/strong><\/td>\n<td width=\"601\"><strong>Czarny d\u0142ugi we\u0142niany p\u0142aszcz damski<\/strong><\/td>\n<\/tr>\n<tr>\n<td width=\"146\"><strong><b>Materlal:<\/b><\/strong><\/td>\n<td width=\"601\">Dziewiarstwo<\/td>\n<\/tr>\n<tr>\n<td width=\"146\"><strong><b>Technika:<\/b><\/strong><\/td>\n<td width=\"601\">Haftowane<\/td>\n<\/tr>\n<tr>\n<td width=\"146\"><strong><b>Styl:<\/b><\/strong><\/td>\n<td width=\"601\">Zwyk\u0142y<\/td>\n<\/tr>\n<tr>\n<td width=\"146\"><strong><b>Kolor<\/b><\/strong><strong><b>:<\/b><\/strong><\/td>\n<td width=\"601\">\u00a0Kolory niestandardowe<\/td>\n<\/tr>\n<tr>\n<td width=\"146\"><strong><b>Rozmiar:<\/b><\/strong><\/td>\n<td width=\"601\">S \/M \/L \/XL \/2XL<\/td>\n<\/tr>\n<tr>\n<td width=\"146\"><strong><b>OEM\/ODM:<\/b><\/strong><\/td>\n<td width=\"601\">Dopuszczalny<\/td>\n<\/tr>\n<tr>\n<td width=\"146\"><strong><b>Jako\u015b\u0107:<\/b><\/strong><\/td>\n<td width=\"601\">100% Wysoka jako\u015b\u0107<\/td>\n<\/tr>\n<tr>\n<td width=\"146\"><strong><b>M<\/b><\/strong><strong><b>OQ:<\/b><\/strong><\/td>\n<td width=\"601\">200 szt.<\/td>\n<\/tr>\n<\/tbody>\n<\/table>","protected":false},"featured_media":2011,"template":"","meta":[],"product_brand":[],"product_cat":[39],"product_tag":[],"class_list":{"0":"post-2010","1":"product","2":"type-product","3":"status-publish","4":"has-post-thumbnail","6":"product_cat-womens-clothing","8":"first","9":"instock","10":"shipping-taxable","11":"product-type-simple"},"_links":{"self":[{"href":"https:\/\/mj-clothing.com\/pl\/wp-json\/wp\/v2\/product\/2010","targetHints":{"allow":["GET"]}}],"collection":[{"href":"https:\/\/mj-clothing.com\/pl\/wp-json\/wp\/v2\/product"}],"about":[{"href":"https:\/\/mj-clothing.com\/pl\/wp-json\/wp\/v2\/types\/product"}],"wp:featuredmedia":[{"embeddable":true,"href":"https:\/\/mj-clothing.com\/pl\/wp-json\/wp\/v2\/media\/2011"}],"wp:attachment":[{"href":"https:\/\/mj-clothing.com\/pl\/wp-json\/wp\/v2\/media?parent=2010"}],"wp:term":[{"taxonomy":"product_brand","embeddable":true,"href":"https:\/\/mj-clothing.com\/pl\/wp-json\/wp\/v2\/product_brand?post=2010"},{"taxonomy":"product_cat","embeddable":true,"href":"https:\/\/mj-clothing.com\/pl\/wp-json\/wp\/v2\/product_cat?post=2010"},{"taxonomy":"product_tag","embeddable":true,"href":"https:\/\/mj-clothing.com\/pl\/wp-json\/wp\/v2\/product_tag?post=2010"}],"curies":[{"name":"wp","href":"https:\/\/api.w.org\/{rel}","templated":true}]}}