{"id":2037,"date":"2024-12-18T02:59:21","date_gmt":"2024-12-18T02:59:21","guid":{"rendered":"https:\/\/mj-clothing.com\/?post_type=product&#038;p=2037"},"modified":"2024-12-18T03:22:38","modified_gmt":"2024-12-18T03:22:38","slug":"womens-heated-long-coat","status":"publish","type":"product","link":"https:\/\/mj-clothing.com\/pl\/manufacturer\/womens-heated-long-coat\/","title":{"rendered":"D\u0142ugi p\u0142aszcz ogrzewany dla kobiet"},"content":{"rendered":"<p data-sourcepos=\"1:1-1:216\">Damski ogrzewany d\u0142ugi p\u0142aszcz to rodzaj odzie\u017cy wierzchniej zaprojektowanej w celu zapewnienia wyj\u0105tkowego ciep\u0142a w ch\u0142odne dni. Zawiera zintegrowane elementy grzewcze zasilane akumulatorem, zwykle umieszczonym w dyskretnej kieszeni.<\/p>\n<h3 data-sourcepos=\"3:1-3:35\"><strong>Oto, co czyni je wyj\u0105tkowymi:<\/strong><\/h3>\n<ul data-sourcepos=\"5:1-8:0\">\n<li data-sourcepos=\"5:1-5:222\"><strong>Doskona\u0142e ciep\u0142o:<\/strong> Wbudowane elementy grzewcze generuj\u0105 ciep\u0142o, znacznie zwi\u0119kszaj\u0105c w\u0142a\u015bciwo\u015bci izolacyjne p\u0142aszcza. Dzi\u0119ki temu idealnie nadaj\u0105 si\u0119 do ekstremalnie zimnych klimat\u00f3w lub aktywno\u015bci na \u015bwie\u017cym powietrzu w niskich temperaturach.<\/li>\n<li data-sourcepos=\"6:1-6:159\"><strong>Komfort:<\/strong> Wiele modeli oferuje regulowane ustawienia ciep\u0142a, umo\u017cliwiaj\u0105c dostosowanie poziomu ciep\u0142a w zale\u017cno\u015bci od preferencji i stopnia przezi\u0119bienia.<\/li>\n<li data-sourcepos=\"7:1-8:0\"><strong>Wszechstronno\u015b\u0107:<\/strong> Mo\u017cna je nosi\u0107 na r\u00f3\u017cne okazje, od swobodnych wyj\u015b\u0107 po bardziej formalne wydarzenia, w zale\u017cno\u015bci od projektu i materia\u0142\u00f3w p\u0142aszcza.<\/li>\n<\/ul>\n<h3 data-sourcepos=\"9:1-9:56\"><strong>Rzeczy, kt\u00f3re nale\u017cy wzi\u0105\u0107 pod uwag\u0119 przy wyborze d\u0142ugiej kurtki termoaktywnej dla kobiet:<\/strong><\/h3>\n<ul data-sourcepos=\"11:1-15:0\">\n<li data-sourcepos=\"11:1-11:198\"><strong>Technologia ogrzewania:<\/strong> R\u00f3\u017cne marki stosuj\u0105 r\u00f3\u017cne technologie grzewcze. Zapoznaj si\u0119 z konkretn\u0105 technologi\u0105 zastosowan\u0105 w p\u0142aszczu, kt\u00f3ry Ci\u0119 interesuje, aby zrozumie\u0107 jego wydajno\u015b\u0107 i funkcje bezpiecze\u0144stwa.<\/li>\n<li data-sourcepos=\"12:1-12:182\"><strong>\u017bywotno\u015b\u0107 baterii:<\/strong> \u017bywotno\u015b\u0107 baterii ma kluczowe znaczenie. Zastan\u00f3w si\u0119, jak d\u0142ugo bateria b\u0119dzie dzia\u0142a\u0107 przy r\u00f3\u017cnych ustawieniach temperatury, aby upewni\u0107 si\u0119, \u017ce spe\u0142nia Twoje potrzeby przez ca\u0142y czas trwania aktywno\u015bci.<\/li>\n<li data-sourcepos=\"13:1-13:174\"><strong>Komfort i dopasowanie:<\/strong> Wybierz p\u0142aszcz, kt\u00f3ry jest dobrze dopasowany i wygodny w noszeniu. Poszukaj funkcji takich jak regulowane mankiety, kaptury i sznurki do \u015bci\u0105gania, aby poprawi\u0107 dopasowanie i ciep\u0142o.<\/li>\n<li data-sourcepos=\"14:1-15:0\"><strong>Styl i wygl\u0105d:<\/strong> Wybierz p\u0142aszcz, kt\u00f3ry uzupe\u0142ni Tw\u00f3j osobisty styl i okazje, na kt\u00f3re b\u0119dziesz go nosi\u0107.<\/li>\n<\/ul>\n<p data-sourcepos=\"16:1-16:186\">Je\u015bli mieszkasz w bardzo zimnym klimacie lub cz\u0119sto anga\u017cujesz si\u0119 w aktywno\u015bci na \u015bwie\u017cym powietrzu w zimie, d\u0142ugi p\u0142aszcz ogrzewany dla kobiet mo\u017ce by\u0107 cenn\u0105 inwestycj\u0105, kt\u00f3ra zapewni ci ciep\u0142o i wygod\u0119.<\/p>","protected":false},"excerpt":{"rendered":"<table style=\"height: 602px;\" width=\"581\">\n<tbody>\n<tr>\n<td width=\"146\"><strong><b>Produkt<\/b><\/strong>\u00a0<strong><b>Imi\u0119 i nazwisko:<\/b><\/strong><\/td>\n<td width=\"601\"><strong>D\u0142ugi p\u0142aszcz ogrzewany dla kobiet<\/strong><\/td>\n<\/tr>\n<tr>\n<td width=\"146\"><strong><b>Materlal:<\/b><\/strong><\/td>\n<td width=\"601\">Dziewiarstwo<\/td>\n<\/tr>\n<tr>\n<td width=\"146\"><strong><b>Technika:<\/b><\/strong><\/td>\n<td width=\"601\">Haftowane<\/td>\n<\/tr>\n<tr>\n<td width=\"146\"><strong><b>Styl:<\/b><\/strong><\/td>\n<td width=\"601\">Zwyk\u0142y<\/td>\n<\/tr>\n<tr>\n<td width=\"146\"><strong><b>Kolor<\/b><\/strong><strong><b>:<\/b><\/strong><\/td>\n<td width=\"601\">\u00a0Kolory niestandardowe<\/td>\n<\/tr>\n<tr>\n<td width=\"146\"><strong><b>Rozmiar:<\/b><\/strong><\/td>\n<td width=\"601\">S \/M \/L \/XL \/2XL<\/td>\n<\/tr>\n<tr>\n<td width=\"146\"><strong><b>OEM\/ODM:<\/b><\/strong><\/td>\n<td width=\"601\">Dopuszczalny<\/td>\n<\/tr>\n<tr>\n<td width=\"146\"><strong><b>Jako\u015b\u0107:<\/b><\/strong><\/td>\n<td width=\"601\">100% Wysoka jako\u015b\u0107<\/td>\n<\/tr>\n<tr>\n<td width=\"146\"><strong><b>M<\/b><\/strong><strong><b>OQ:<\/b><\/strong><\/td>\n<td width=\"601\">200 szt.<\/td>\n<\/tr>\n<\/tbody>\n<\/table>","protected":false},"featured_media":2040,"template":"","meta":[],"product_brand":[],"product_cat":[39],"product_tag":[],"class_list":{"0":"post-2037","1":"product","2":"type-product","3":"status-publish","4":"has-post-thumbnail","6":"product_cat-womens-clothing","8":"first","9":"instock","10":"shipping-taxable","11":"product-type-simple"},"_links":{"self":[{"href":"https:\/\/mj-clothing.com\/pl\/wp-json\/wp\/v2\/product\/2037","targetHints":{"allow":["GET"]}}],"collection":[{"href":"https:\/\/mj-clothing.com\/pl\/wp-json\/wp\/v2\/product"}],"about":[{"href":"https:\/\/mj-clothing.com\/pl\/wp-json\/wp\/v2\/types\/product"}],"wp:featuredmedia":[{"embeddable":true,"href":"https:\/\/mj-clothing.com\/pl\/wp-json\/wp\/v2\/media\/2040"}],"wp:attachment":[{"href":"https:\/\/mj-clothing.com\/pl\/wp-json\/wp\/v2\/media?parent=2037"}],"wp:term":[{"taxonomy":"product_brand","embeddable":true,"href":"https:\/\/mj-clothing.com\/pl\/wp-json\/wp\/v2\/product_brand?post=2037"},{"taxonomy":"product_cat","embeddable":true,"href":"https:\/\/mj-clothing.com\/pl\/wp-json\/wp\/v2\/product_cat?post=2037"},{"taxonomy":"product_tag","embeddable":true,"href":"https:\/\/mj-clothing.com\/pl\/wp-json\/wp\/v2\/product_tag?post=2037"}],"curies":[{"name":"wp","href":"https:\/\/api.w.org\/{rel}","templated":true}]}}