{"id":2041,"date":"2024-12-18T03:08:39","date_gmt":"2024-12-18T03:08:39","guid":{"rendered":"https:\/\/mj-clothing.com\/?post_type=product&#038;p=2041"},"modified":"2024-12-18T03:23:38","modified_gmt":"2024-12-18T03:23:38","slug":"womens-long-wrap-coat","status":"publish","type":"product","link":"https:\/\/mj-clothing.com\/pl\/manufacturer\/womens-long-wrap-coat\/","title":{"rendered":"D\u0142ugi p\u0142aszcz damski"},"content":{"rendered":"<p data-sourcepos=\"1:1-1:121\">D\u0142ugi p\u0142aszcz damski to stylowa i wszechstronna opcja odzie\u017cy wierzchniej, kt\u00f3ra oferuje odrobin\u0119 elegancji i wyrafinowania.<\/p>\n<h3 data-sourcepos=\"3:1-3:17\"><strong>D\u0142ugi p\u0142aszcz damski Kluczowe cechy:<\/strong><\/h3>\n<ul data-sourcepos=\"5:1-9:0\">\n<li data-sourcepos=\"5:1-5:132\"><strong>Wrap Design:<\/strong> Cech\u0105 charakterystyczn\u0105 jest styl owijany, w kt\u00f3rym p\u0142aszcz zachodzi na siebie i zazwyczaj jest wi\u0105zany lub wi\u0105zany w talii.<\/li>\n<li data-sourcepos=\"6:1-6:83\"><strong>D\u0142ugo\u015b\u0107:<\/strong> Rozci\u0105ga si\u0119 poni\u017cej bioder, cz\u0119sto si\u0119gaj\u0105c kolan lub nawet do po\u0142owy \u0142ydki.<\/li>\n<li data-sourcepos=\"7:1-7:126\"><strong>R\u00f3\u017cnorodno\u015b\u0107 materia\u0142\u00f3w:<\/strong> Mog\u0105 by\u0107 wykonane z r\u00f3\u017cnych tkanin, w tym we\u0142ny, kaszmiru, mieszanek bawe\u0142ny, a nawet sztucznego futra.<\/li>\n<li data-sourcepos=\"8:1-9:0\"><strong><span class=\"citation-0 interactive-span-selected-v2\">Wszechstronno\u015b\u0107:<\/span><\/strong><span class=\"citation-0 citation-end-0 interactive-span-selected-v2\"> Mo\u017cna je nosi\u0107 zar\u00f3wno na co dzie\u0144, jak i na oficjalne okazje. <\/span>\n<div class=\"container ng-tns-c3353360079-34\">\n<div class=\"carousel-container ng-tns-c3353360079-34\">\n<div class=\"carousel-content ng-tns-c3353360079-34\">\n<div class=\"sources-carousel-source ng-tns-c3353360079-34 ng-star-inserted\" data-test-id=\"sources-carousel-source\">\n<div class=\"source-card-container\">\n<div class=\"source-card-content\">\n<div class=\"source-card-body\">\n<div class=\"source-card-header\"><\/div>\n<\/div>\n<div class=\"source-card-footer\">\n<div class=\"source-card-attribution\"><\/div>\n<\/div>\n<\/div>\n<\/div>\n<\/div>\n<\/div>\n<\/div>\n<\/div>\n<\/li>\n<\/ul>\n<h3 data-sourcepos=\"10:1-10:24\"><strong>Dlaczego kobiety je kochaj\u0105:<\/strong><\/h3>\n<ul data-sourcepos=\"12:1-15:0\">\n<li data-sourcepos=\"12:1-12:108\"><strong>Pochlebna sylwetka:<\/strong> Owijany kr\u00f3j podkre\u015bla tali\u0119 i tworzy pochlebny kszta\u0142t klepsydry.<\/li>\n<li data-sourcepos=\"13:1-13:64\"><strong>Komfort:<\/strong> Cz\u0119sto zapewniaj\u0105 wygodne i swobodne dopasowanie.<\/li>\n<li data-sourcepos=\"14:1-15:0\"><strong>Styl:<\/strong> Dodaj\u0105 kobieco\u015bci i elegancji ka\u017cdemu strojowi.<\/li>\n<\/ul>\n<h3 data-sourcepos=\"16:1-16:17\"><strong>Wskaz\u00f3wki dotycz\u0105ce stylizacji:<\/strong><\/h3>\n<ul data-sourcepos=\"18:1-20:0\">\n<li data-sourcepos=\"18:1-18:101\"><strong>Po\u0142\u0105cz z:<\/strong> D\u017cinsy i buty na co dzie\u0144 lub sukienka i szpilki dla bardziej eleganckiego zestawu.<\/li>\n<li data-sourcepos=\"19:1-20:0\"><strong>Akcesoria:<\/strong> Dodaj szalik, r\u0119kawiczki i stylow\u0105 czapk\u0119, aby dope\u0142ni\u0107 stylizacj\u0119.<\/li>\n<\/ul>\n<p data-sourcepos=\"21:1-21:140\">Je\u015bli szukasz stylowego i wszechstronnego p\u0142aszcza do swojej zimowej garderoby, zdecydowanie warto rozwa\u017cy\u0107 d\u0142ugi p\u0142aszcz damski.<\/p>","protected":false},"excerpt":{"rendered":"<table style=\"height: 617px;\" width=\"599\">\n<tbody>\n<tr>\n<td width=\"146\"><strong><b>Produkt<\/b><\/strong>\u00a0<strong><b>Imi\u0119 i nazwisko:<\/b><\/strong><\/td>\n<td width=\"601\"><strong>D\u0142ugi p\u0142aszcz damski<\/strong><\/td>\n<\/tr>\n<tr>\n<td width=\"146\"><strong><b>Materlal:<\/b><\/strong><\/td>\n<td width=\"601\">Dziewiarstwo<\/td>\n<\/tr>\n<tr>\n<td width=\"146\"><strong><b>Technika:<\/b><\/strong><\/td>\n<td width=\"601\">Haftowane<\/td>\n<\/tr>\n<tr>\n<td width=\"146\"><strong><b>Styl:<\/b><\/strong><\/td>\n<td width=\"601\">Zwyk\u0142y<\/td>\n<\/tr>\n<tr>\n<td width=\"146\"><strong><b>Kolor<\/b><\/strong><strong><b>:<\/b><\/strong><\/td>\n<td width=\"601\">\u00a0Kolory niestandardowe<\/td>\n<\/tr>\n<tr>\n<td width=\"146\"><strong><b>Rozmiar:<\/b><\/strong><\/td>\n<td width=\"601\">S \/M \/L \/XL \/2XL<\/td>\n<\/tr>\n<tr>\n<td width=\"146\"><strong><b>OEM\/ODM:<\/b><\/strong><\/td>\n<td width=\"601\">Dopuszczalny<\/td>\n<\/tr>\n<tr>\n<td width=\"146\"><strong><b>Jako\u015b\u0107:<\/b><\/strong><\/td>\n<td width=\"601\">100% Wysoka jako\u015b\u0107<\/td>\n<\/tr>\n<tr>\n<td width=\"146\"><strong><b>M<\/b><\/strong><strong><b>OQ:<\/b><\/strong><\/td>\n<td width=\"601\">200 szt.<\/td>\n<\/tr>\n<\/tbody>\n<\/table>","protected":false},"featured_media":2042,"template":"","meta":[],"product_brand":[],"product_cat":[39],"product_tag":[],"class_list":{"0":"post-2041","1":"product","2":"type-product","3":"status-publish","4":"has-post-thumbnail","6":"product_cat-womens-clothing","8":"first","9":"instock","10":"shipping-taxable","11":"product-type-simple"},"_links":{"self":[{"href":"https:\/\/mj-clothing.com\/pl\/wp-json\/wp\/v2\/product\/2041","targetHints":{"allow":["GET"]}}],"collection":[{"href":"https:\/\/mj-clothing.com\/pl\/wp-json\/wp\/v2\/product"}],"about":[{"href":"https:\/\/mj-clothing.com\/pl\/wp-json\/wp\/v2\/types\/product"}],"wp:featuredmedia":[{"embeddable":true,"href":"https:\/\/mj-clothing.com\/pl\/wp-json\/wp\/v2\/media\/2042"}],"wp:attachment":[{"href":"https:\/\/mj-clothing.com\/pl\/wp-json\/wp\/v2\/media?parent=2041"}],"wp:term":[{"taxonomy":"product_brand","embeddable":true,"href":"https:\/\/mj-clothing.com\/pl\/wp-json\/wp\/v2\/product_brand?post=2041"},{"taxonomy":"product_cat","embeddable":true,"href":"https:\/\/mj-clothing.com\/pl\/wp-json\/wp\/v2\/product_cat?post=2041"},{"taxonomy":"product_tag","embeddable":true,"href":"https:\/\/mj-clothing.com\/pl\/wp-json\/wp\/v2\/product_tag?post=2041"}],"curies":[{"name":"wp","href":"https:\/\/api.w.org\/{rel}","templated":true}]}}