{"id":2044,"date":"2024-12-18T03:15:03","date_gmt":"2024-12-18T03:15:03","guid":{"rendered":"https:\/\/mj-clothing.com\/?post_type=product&#038;p=2044"},"modified":"2024-12-18T03:23:05","modified_gmt":"2024-12-18T03:23:05","slug":"womens-petite-long-winter-coats","status":"publish","type":"product","link":"https:\/\/mj-clothing.com\/pl\/manufacturer\/womens-petite-long-winter-coats\/","title":{"rendered":"D\u0142ugie zimowe p\u0142aszcze damskie Petite"},"content":{"rendered":"<p data-sourcepos=\"1:1-1:158\">Damskie d\u0142ugie p\u0142aszcze zimowe s\u0105 specjalnie zaprojektowane dla ni\u017cszych kobiet, aby zapewni\u0107 odpowiednie dopasowanie i pochlebn\u0105 sylwetk\u0119. Oto, co czyni je wyj\u0105tkowymi:<\/p>\n<ul data-sourcepos=\"3:1-6:0\">\n<li data-sourcepos=\"3:1-3:155\"><strong>Proporcje dla kr\u00f3tszych ramek:<\/strong> P\u0142aszcze te zosta\u0142y zaprojektowane z my\u015bl\u0105 o kr\u00f3tszych tu\u0142owiach i nogawkach, dzi\u0119ki czemu nie przyt\u0142aczaj\u0105 drobnych sylwetek.<\/li>\n<li data-sourcepos=\"4:1-4:144\"><strong>Idealna d\u0142ugo\u015b\u0107:<\/strong> Cho\u0107 nadal uwa\u017cane s\u0105 za \"d\u0142ugie\", ich d\u0142ugo\u015b\u0107 jest dostosowana tak, aby nie ci\u0105gn\u0119\u0142y si\u0119 po ziemi lub nie tworzy\u0142y zbyt obszernego wygl\u0105du.<\/li>\n<li data-sourcepos=\"5:1-6:0\"><strong>Ulepszone dopasowanie:<\/strong> Cechy takie jak kr\u00f3tsze r\u0119kawy i dopasowana talia zapewniaj\u0105 wygodne i proporcjonalne dopasowanie p\u0142aszcza.<\/li>\n<\/ul>\n<h3 data-sourcepos=\"7:1-7:19\"><strong>Popularne style:<\/strong><\/h3>\n<ul data-sourcepos=\"9:1-12:0\">\n<li data-sourcepos=\"9:1-9:102\"><strong>P\u0142aszcze we\u0142niane Petite:<\/strong> Klasyczne i ponadczasowe, cz\u0119sto w stylu peacoat lub dwurz\u0119dowych p\u0142aszczy.<\/li>\n<li data-sourcepos=\"10:1-10:118\"><strong>P\u0142aszcze puchowe Petite:<\/strong> Zapewniaj\u0105 doskona\u0142e ciep\u0142o i s\u0105 dost\u0119pne w r\u00f3\u017cnych d\u0142ugo\u015bciach i stylach, od eleganckich po bardziej swobodne.<\/li>\n<li data-sourcepos=\"11:1-12:0\"><strong>Petite Parkas:<\/strong> Idealne na ch\u0142odniejsze klimaty, cz\u0119sto wyposa\u017cone w kaptury, futrzane wyko\u0144czenia i liczne kieszenie.<\/li>\n<\/ul>\n<h3 data-sourcepos=\"13:1-13:23\"><strong>Gdzie znale\u017a\u0107 d\u0142ugie zimowe p\u0142aszcze damskie Petite?<\/strong><\/h3>\n<p data-sourcepos=\"15:1-15:54\">Wielu sprzedawc\u00f3w detalicznych oferuje opcje rozmiar\u00f3w petite, w tym:<\/p>\n<ul data-sourcepos=\"17:1-20:0\">\n<li data-sourcepos=\"17:1-17:58\"><strong>Domy towarowe:<\/strong> Nordstrom, Macy's, Bloomingdale's<\/li>\n<li data-sourcepos=\"18:1-18:52\"><strong>Specjalistyczne sklepy detaliczne:<\/strong> Ann Taylor, Loft, Talbots<\/li>\n<li data-sourcepos=\"19:1-20:0\"><strong>Sprzedawcy internetowi:<\/strong> ASOS, Nordstrom Rack, Amazon<\/li>\n<\/ul>\n<h3 data-sourcepos=\"21:1-21:22\"><strong>Wskaz\u00f3wki dotycz\u0105ce wyboru:<\/strong><\/h3>\n<ul data-sourcepos=\"23:1-26:0\">\n<li data-sourcepos=\"23:1-23:102\"><strong>We\u017a pod uwag\u0119 materia\u0142:<\/strong> Szukaj ciep\u0142ych i wytrzyma\u0142ych materia\u0142\u00f3w, takich jak we\u0142na, puch lub syntetyczna izolacja.<\/li>\n<li data-sourcepos=\"24:1-24:106\"><strong>Sprawd\u017a d\u0142ugo\u015b\u0107:<\/strong> Upewnij si\u0119, \u017ce p\u0142aszcz trafia we w\u0142a\u015bciwe miejsce na nogach, unikaj\u0105c efektu \"toni\u0119cia\".<\/li>\n<li data-sourcepos=\"25:1-26:0\"><strong>Wypr\u00f3buj:<\/strong> Zawsze przymierzaj drobny p\u0142aszcz, aby upewni\u0107 si\u0119, \u017ce jest odpowiednio dopasowany i dopasowany do Twojej sylwetki.<\/li>\n<\/ul>\n<p data-sourcepos=\"27:1-27:121\">Wybieraj\u0105c dobrze dopasowane d\u0142ugie p\u0142aszcze zimowe Womens Petite, ni\u017csze kobiety mog\u0105 pozosta\u0107 ciep\u0142e i stylowe przez ch\u0142odniejsze miesi\u0105ce.<\/p>","protected":false},"excerpt":{"rendered":"<table style=\"height: 572px;\" width=\"534\">\n<tbody>\n<tr>\n<td width=\"146\"><strong><b>Produkt<\/b><\/strong>\u00a0<strong><b>Imi\u0119 i nazwisko:<\/b><\/strong><\/td>\n<td width=\"601\"><strong>D\u0142ugie zimowe p\u0142aszcze damskie Petite<\/strong><\/td>\n<\/tr>\n<tr>\n<td width=\"146\"><strong><b>Materlal:<\/b><\/strong><\/td>\n<td width=\"601\">Dziewiarstwo<\/td>\n<\/tr>\n<tr>\n<td width=\"146\"><strong><b>Technika:<\/b><\/strong><\/td>\n<td width=\"601\">Haftowane<\/td>\n<\/tr>\n<tr>\n<td width=\"146\"><strong><b>Styl:<\/b><\/strong><\/td>\n<td width=\"601\">Zwyk\u0142y<\/td>\n<\/tr>\n<tr>\n<td width=\"146\"><strong><b>Kolor<\/b><\/strong><strong><b>:<\/b><\/strong><\/td>\n<td width=\"601\">\u00a0Kolory niestandardowe<\/td>\n<\/tr>\n<tr>\n<td width=\"146\"><strong><b>Rozmiar:<\/b><\/strong><\/td>\n<td width=\"601\">S \/M \/L \/XL \/2XL<\/td>\n<\/tr>\n<tr>\n<td width=\"146\"><strong><b>OEM\/ODM:<\/b><\/strong><\/td>\n<td width=\"601\">Dopuszczalny<\/td>\n<\/tr>\n<tr>\n<td width=\"146\"><strong><b>Jako\u015b\u0107:<\/b><\/strong><\/td>\n<td width=\"601\">100% Wysoka jako\u015b\u0107<\/td>\n<\/tr>\n<tr>\n<td width=\"146\"><strong><b>M<\/b><\/strong><strong><b>OQ:<\/b><\/strong><\/td>\n<td width=\"601\">200 szt.<\/td>\n<\/tr>\n<\/tbody>\n<\/table>","protected":false},"featured_media":2045,"template":"","meta":[],"product_brand":[],"product_cat":[39],"product_tag":[],"class_list":{"0":"post-2044","1":"product","2":"type-product","3":"status-publish","4":"has-post-thumbnail","6":"product_cat-womens-clothing","8":"first","9":"instock","10":"shipping-taxable","11":"product-type-simple"},"_links":{"self":[{"href":"https:\/\/mj-clothing.com\/pl\/wp-json\/wp\/v2\/product\/2044","targetHints":{"allow":["GET"]}}],"collection":[{"href":"https:\/\/mj-clothing.com\/pl\/wp-json\/wp\/v2\/product"}],"about":[{"href":"https:\/\/mj-clothing.com\/pl\/wp-json\/wp\/v2\/types\/product"}],"wp:featuredmedia":[{"embeddable":true,"href":"https:\/\/mj-clothing.com\/pl\/wp-json\/wp\/v2\/media\/2045"}],"wp:attachment":[{"href":"https:\/\/mj-clothing.com\/pl\/wp-json\/wp\/v2\/media?parent=2044"}],"wp:term":[{"taxonomy":"product_brand","embeddable":true,"href":"https:\/\/mj-clothing.com\/pl\/wp-json\/wp\/v2\/product_brand?post=2044"},{"taxonomy":"product_cat","embeddable":true,"href":"https:\/\/mj-clothing.com\/pl\/wp-json\/wp\/v2\/product_cat?post=2044"},{"taxonomy":"product_tag","embeddable":true,"href":"https:\/\/mj-clothing.com\/pl\/wp-json\/wp\/v2\/product_tag?post=2044"}],"curies":[{"name":"wp","href":"https:\/\/api.w.org\/{rel}","templated":true}]}}