{"id":2066,"date":"2024-12-19T03:05:05","date_gmt":"2024-12-19T03:05:05","guid":{"rendered":"https:\/\/mj-clothing.com\/?post_type=product&#038;p=2066"},"modified":"2024-12-19T03:05:05","modified_gmt":"2024-12-19T03:05:05","slug":"spring-coats-for-ladies","status":"publish","type":"product","link":"https:\/\/mj-clothing.com\/pl\/manufacturer\/spring-coats-for-ladies\/","title":{"rendered":"Wiosenne p\u0142aszcze damskie"},"content":{"rendered":"<p data-sourcepos=\"1:1-1:154\">P\u0142aszcze wiosenne dla pa\u0144 to pi\u0119kna pora roku i idealny czas na uzupe\u0142nienie garderoby o stylowe p\u0142aszcze wiosenne. Oto kilka popularnych opcji dla pa\u0144:<\/p>\n<h3 data-sourcepos=\"3:1-3:19\"><strong>1. P\u0142aszcze wiosenne dla pa\u0144:<\/strong><\/h3>\n<ul data-sourcepos=\"5:1-8:0\">\n<li style=\"list-style-type: none;\">\n<ul data-sourcepos=\"5:1-8:0\">\n<li data-sourcepos=\"5:1-5:94\"><strong>Klasyczny i ponadczasowy:<\/strong> Trencz to podstawowy element garderoby, kt\u00f3ry mo\u017cna ubra\u0107 zar\u00f3wno na g\u00f3r\u0119, jak i na d\u00f3\u0142.<\/li>\n<li data-sourcepos=\"6:1-6:60\"><strong>Wszechstronno\u015b\u0107:<\/strong> Jest idealny zar\u00f3wno na deszczowe, jak i s\u0142oneczne dni.<\/li>\n<li data-sourcepos=\"7:1-8:0\"><strong>Stylowy:<\/strong> Wybieraj spo\u015br\u00f3d r\u00f3\u017cnych kolor\u00f3w i styl\u00f3w, aby dopasowa\u0107 je do w\u0142asnych upodoba\u0144.<\/li>\n<\/ul>\n<\/li>\n<\/ul>\n<div class=\"attachment-container search-images\">\n<div class=\"image-container hide-from-message-actions ng-star-inserted\"><strong style=\"color: #555555; font-size: 14.4px;\">2. Kurtka d\u017cinsowa:<\/strong><\/div>\n<\/div>\n<ul data-sourcepos=\"13:1-16:0\">\n<li style=\"list-style-type: none;\">\n<ul data-sourcepos=\"13:1-16:0\">\n<li data-sourcepos=\"13:1-13:91\"><strong>Na co dzie\u0144 i na luzie:<\/strong> Kurtka d\u017cinsowa to \u015bwietny spos\u00f3b na dodanie odrobiny stylu do swojego stroju.<\/li>\n<li data-sourcepos=\"14:1-14:65\"><strong>Wszechstronno\u015b\u0107:<\/strong> Mo\u017cna go \u0142\u0105czy\u0107 z d\u017cinsami, sukienkami lub sp\u00f3dnicami.<\/li>\n<li data-sourcepos=\"15:1-16:0\"><strong>Wygoda:<\/strong> Denim to trwa\u0142y i wygodny materia\u0142.<\/li>\n<\/ul>\n<\/li>\n<\/ul>\n<div class=\"attachment-container search-images\">\n<div class=\"image-container hide-from-message-actions ng-star-inserted\">\n<div class=\"caption ellipsis gds-label-m-alt ng-star-inserted\" aria-hidden=\"true\"><strong style=\"color: #555555; font-size: 14.4px;\">3.wiosenne p\u0142aszcze damskie blezer:<\/strong><\/div>\n<\/div>\n<\/div>\n<ul data-sourcepos=\"21:1-24:0\">\n<li style=\"list-style-type: none;\">\n<ul data-sourcepos=\"21:1-24:0\">\n<li data-sourcepos=\"21:1-21:75\"><strong>Szykowny i wyrafinowany:<\/strong> Marynarka to \u015bwietny spos\u00f3b na podkre\u015blenie swojego wygl\u0105du.<\/li>\n<li data-sourcepos=\"22:1-22:80\"><strong>Wszechstronno\u015b\u0107:<\/strong> Mo\u017cna go nosi\u0107 do pracy, na kolacj\u0119 lub na co dzie\u0144 w weekend.<\/li>\n<li data-sourcepos=\"23:1-24:0\"><strong>Stylowy:<\/strong> Wybieraj spo\u015br\u00f3d r\u00f3\u017cnych kolor\u00f3w, wzor\u00f3w i styl\u00f3w.<\/li>\n<\/ul>\n<\/li>\n<\/ul>\n<div class=\"attachment-container search-images\">\n<div class=\"image-container hide-from-message-actions ng-star-inserted\">\n<div class=\"caption ellipsis gds-label-m-alt ng-star-inserted\" aria-hidden=\"true\"><strong style=\"color: #555555; font-size: 14.4px;\">4. P\u0142aszcze wiosenne dla pa\u0144 Kurtka sk\u00f3rzana:<\/strong><\/div>\n<\/div>\n<\/div>\n<ul data-sourcepos=\"29:1-32:0\">\n<li style=\"list-style-type: none;\">\n<ul data-sourcepos=\"29:1-32:0\">\n<li data-sourcepos=\"29:1-29:89\"><strong>Elegancki i fajny:<\/strong> Sk\u00f3rzana kurtka to \u015bwietny spos\u00f3b na dodanie charakteru do swojego stroju.<\/li>\n<li data-sourcepos=\"30:1-30:46\"><strong>Wszechstronno\u015b\u0107:<\/strong> Mo\u017cna go ubiera\u0107 na g\u00f3r\u0119 lub na d\u00f3\u0142.<\/li>\n<li data-sourcepos=\"31:1-32:0\"><strong>Stylowy:<\/strong> Wybieraj spo\u015br\u00f3d r\u00f3\u017cnych kolor\u00f3w i styl\u00f3w.<\/li>\n<\/ul>\n<\/li>\n<\/ul>\n<div class=\"attachment-container search-images\">\n<div class=\"image-container hide-from-message-actions ng-star-inserted\">\n<div class=\"caption ellipsis gds-label-m-alt ng-star-inserted\" aria-hidden=\"true\"><strong style=\"color: #555555; font-size: 14.4px;\">5. Kurtka puchowa:<\/strong><\/div>\n<\/div>\n<\/div>\n<ul data-sourcepos=\"37:1-40:0\">\n<li style=\"list-style-type: none;\">\n<ul data-sourcepos=\"37:1-40:0\">\n<li data-sourcepos=\"37:1-37:87\"><strong>Ciep\u0142y i przytulny:<\/strong> Kurtka puchowa to \u015bwietny spos\u00f3b na utrzymanie ciep\u0142a w ch\u0142odne wiosenne dni.<\/li>\n<li data-sourcepos=\"38:1-38:66\"><strong>Wszechstronno\u015b\u0107:<\/strong> Mo\u017cna go \u0142\u0105czy\u0107 z d\u017cinsami, legginsami lub sp\u00f3dnicami.<\/li>\n<li data-sourcepos=\"39:1-40:0\"><strong>Stylowy:<\/strong> Wybieraj spo\u015br\u00f3d r\u00f3\u017cnych kolor\u00f3w i styl\u00f3w.<\/li>\n<\/ul>\n<\/li>\n<\/ul>\n<div class=\"attachment-container search-images\"><\/div>\n<p data-sourcepos=\"43:1-43:46\"><strong>Wskaz\u00f3wki dotycz\u0105ce wyboru idealnego wiosennego p\u0142aszcza:<\/strong><\/p>\n<ul data-sourcepos=\"45:1-49:0\">\n<li data-sourcepos=\"45:1-45:184\"><strong>We\u017a pod uwag\u0119 sw\u00f3j klimat:<\/strong> Je\u015bli mieszkasz w ciep\u0142ym klimacie, mo\u017cesz wybra\u0107 l\u017cejszy p\u0142aszcz. Je\u015bli mieszkasz w ch\u0142odniejszym klimacie, mo\u017cesz wybra\u0107 ci\u0119\u017cszy p\u0142aszcz.<\/li>\n<li data-sourcepos=\"46:1-46:188\"><strong>Pomy\u015bl o swoim stylu \u017cycia:<\/strong> Je\u015bli jeste\u015b aktywny, mo\u017cesz wybra\u0107 p\u0142aszcz, w kt\u00f3rym \u0142atwo si\u0119 porusza\u0107. Je\u015bli pracujesz zawodowo, mo\u017cesz wybra\u0107 bardziej formalny p\u0142aszcz.<\/li>\n<li data-sourcepos=\"47:1-47:87\"><strong>Wybierz kolor, kt\u00f3ry kochasz:<\/strong> Bardziej prawdopodobne jest, \u017ce b\u0119dziesz nosi\u0107 p\u0142aszcz, kt\u00f3ry kochasz.<\/li>\n<li data-sourcepos=\"48:1-49:0\"><strong>Rozwa\u017c dopasowanie:<\/strong> Dobrze dopasowany p\u0142aszcz b\u0119dzie wygl\u0105da\u0142 i czu\u0142 si\u0119 \u015bwietnie.<\/li>\n<\/ul>\n<p data-sourcepos=\"50:1-50:202\">Bez wzgl\u0119du na styl, istnieje idealny p\u0142aszcz wiosenny dla Ciebie. Maj\u0105c tak wiele wspania\u0142ych opcji do wyboru, z pewno\u015bci\u0105 znajdziesz idealny p\u0142aszcz, kt\u00f3ry zapewni Ci ciep\u0142o i styl przez ca\u0142y sezon.<\/p>","protected":false},"excerpt":{"rendered":"<table style=\"height: 611px;\" width=\"429\">\n<tbody>\n<tr>\n<td width=\"146\"><strong><b>Produkt<\/b><\/strong>\u00a0<strong><b>Imi\u0119 i nazwisko:<\/b><\/strong><\/td>\n<td width=\"601\"><strong>Wiosenne p\u0142aszcze damskie<\/strong><\/td>\n<\/tr>\n<tr>\n<td width=\"146\"><strong><b>Materlal:<\/b><\/strong><\/td>\n<td width=\"601\">Dziewiarstwo<\/td>\n<\/tr>\n<tr>\n<td width=\"146\"><strong><b>Technika:<\/b><\/strong><\/td>\n<td width=\"601\">Haftowane<\/td>\n<\/tr>\n<tr>\n<td width=\"146\"><strong><b>Styl:<\/b><\/strong><\/td>\n<td width=\"601\">Zwyk\u0142y<\/td>\n<\/tr>\n<tr>\n<td width=\"146\"><strong><b>Kolor<\/b><\/strong><strong><b>:<\/b><\/strong><\/td>\n<td width=\"601\">\u00a0Kolory niestandardowe<\/td>\n<\/tr>\n<tr>\n<td width=\"146\"><strong><b>Rozmiar:<\/b><\/strong><\/td>\n<td width=\"601\">S \/M \/L \/XL \/2XL<\/td>\n<\/tr>\n<tr>\n<td width=\"146\"><strong><b>OEM\/ODM:<\/b><\/strong><\/td>\n<td width=\"601\">Dopuszczalny<\/td>\n<\/tr>\n<tr>\n<td width=\"146\"><strong><b>Jako\u015b\u0107:<\/b><\/strong><\/td>\n<td width=\"601\">100% Wysoka jako\u015b\u0107<\/td>\n<\/tr>\n<tr>\n<td width=\"146\"><strong><b>M<\/b><\/strong><strong><b>OQ:<\/b><\/strong><\/td>\n<td width=\"601\">200 szt.<\/td>\n<\/tr>\n<\/tbody>\n<\/table>","protected":false},"featured_media":2075,"template":"","meta":[],"product_brand":[],"product_cat":[39],"product_tag":[],"class_list":{"0":"post-2066","1":"product","2":"type-product","3":"status-publish","4":"has-post-thumbnail","6":"product_cat-womens-clothing","8":"first","9":"instock","10":"shipping-taxable","11":"product-type-simple"},"_links":{"self":[{"href":"https:\/\/mj-clothing.com\/pl\/wp-json\/wp\/v2\/product\/2066","targetHints":{"allow":["GET"]}}],"collection":[{"href":"https:\/\/mj-clothing.com\/pl\/wp-json\/wp\/v2\/product"}],"about":[{"href":"https:\/\/mj-clothing.com\/pl\/wp-json\/wp\/v2\/types\/product"}],"wp:featuredmedia":[{"embeddable":true,"href":"https:\/\/mj-clothing.com\/pl\/wp-json\/wp\/v2\/media\/2075"}],"wp:attachment":[{"href":"https:\/\/mj-clothing.com\/pl\/wp-json\/wp\/v2\/media?parent=2066"}],"wp:term":[{"taxonomy":"product_brand","embeddable":true,"href":"https:\/\/mj-clothing.com\/pl\/wp-json\/wp\/v2\/product_brand?post=2066"},{"taxonomy":"product_cat","embeddable":true,"href":"https:\/\/mj-clothing.com\/pl\/wp-json\/wp\/v2\/product_cat?post=2066"},{"taxonomy":"product_tag","embeddable":true,"href":"https:\/\/mj-clothing.com\/pl\/wp-json\/wp\/v2\/product_tag?post=2066"}],"curies":[{"name":"wp","href":"https:\/\/api.w.org\/{rel}","templated":true}]}}