{"id":2076,"date":"2024-12-19T03:26:08","date_gmt":"2024-12-19T03:26:08","guid":{"rendered":"https:\/\/mj-clothing.com\/?post_type=product&#038;p=2076"},"modified":"2024-12-19T03:33:03","modified_gmt":"2024-12-19T03:33:03","slug":"spring-trench-coats-for-ladies","status":"publish","type":"product","link":"https:\/\/mj-clothing.com\/pl\/manufacturer\/spring-trench-coats-for-ladies\/","title":{"rendered":"Wiosenne trencze dla pa\u0144"},"content":{"rendered":"<p data-sourcepos=\"1:1-1:134\">Wiosenne trencze damskie to klasyczny element garderoby, kt\u00f3ry mo\u017cna ubiera\u0107 zar\u00f3wno na g\u00f3r\u0119, jak i na d\u00f3\u0142. Oto kilka popularnych styl\u00f3w do rozwa\u017cenia:<\/p>\n<h3 data-sourcepos=\"3:1-3:27\"><strong>1. Klasyczny trencz:<\/strong><\/h3>\n<ul data-sourcepos=\"5:1-8:0\">\n<li style=\"list-style-type: none;\">\n<ul data-sourcepos=\"5:1-8:0\">\n<li data-sourcepos=\"5:1-5:116\"><strong>Ponadczasowy i elegancki:<\/strong> Klasyczny trencz to uniwersalny element garderoby, kt\u00f3ry mo\u017cna nosi\u0107 do wielu r\u00f3\u017cnych stroj\u00f3w.<\/li>\n<li data-sourcepos=\"6:1-6:101\"><strong>Wszechstronno\u015b\u0107:<\/strong> Mo\u017cna go ubra\u0107 do sp\u00f3dnicy i szpilek lub do d\u017cins\u00f3w i trampek.<\/li>\n<li data-sourcepos=\"7:1-8:0\"><strong>Funkcjonalny:<\/strong> Jest idealna na deszczowe lub wietrzne dni dzi\u0119ki wodoodpornemu materia\u0142owi i paskowi chroni\u0105cemu przed wiatrem.<\/li>\n<\/ul>\n<\/li>\n<\/ul>\n<div class=\"attachment-container search-images\"><strong style=\"color: #555555; font-size: 14.4px;\">2. Trencz z paskiem:<\/strong><\/div>\n<ul data-sourcepos=\"13:1-16:0\">\n<li style=\"list-style-type: none;\">\n<ul data-sourcepos=\"13:1-16:0\">\n<li data-sourcepos=\"13:1-13:86\"><strong>Pochlebne dla sylwetki:<\/strong> Pasek zaciska tali\u0119, tworz\u0105c pochlebn\u0105 sylwetk\u0119.<\/li>\n<li data-sourcepos=\"14:1-14:79\"><strong>Stylowy:<\/strong> To \u015bwietny spos\u00f3b na dodanie odrobiny wyrafinowania do ka\u017cdego stroju.<\/li>\n<li data-sourcepos=\"15:1-16:0\"><strong>Praktyczne:<\/strong> Pasek mo\u017cna zacisn\u0105\u0107 lub poluzowa\u0107 w celu dopasowania.<\/li>\n<\/ul>\n<\/li>\n<\/ul>\n<div class=\"attachment-container search-images\">\n<div class=\"image-container hide-from-message-actions ng-star-inserted\">\n<h3 class=\"caption ellipsis gds-label-m-alt ng-star-inserted\" aria-hidden=\"true\"><strong style=\"color: #555555; font-size: 14.4px;\">3. Lekki trencz:<\/strong><\/h3>\n<\/div>\n<\/div>\n<ul data-sourcepos=\"21:1-24:0\">\n<li style=\"list-style-type: none;\">\n<ul data-sourcepos=\"21:1-24:0\">\n<li data-sourcepos=\"21:1-21:108\"><strong>Idealny na cieplejsze dni:<\/strong> Lekki trencz jest idealny na wiosenne dni, gdy nie jest zbyt zimno.<\/li>\n<li data-sourcepos=\"22:1-22:73\"><strong>Wszechstronno\u015b\u0107:<\/strong> W zale\u017cno\u015bci od okazji mo\u017cna j\u0105 ubra\u0107 na g\u00f3r\u0119 lub na d\u00f3\u0142.<\/li>\n<li data-sourcepos=\"23:1-24:0\"><strong>Wygoda:<\/strong> Lekki materia\u0142 u\u0142atwia poruszanie si\u0119.<\/li>\n<\/ul>\n<\/li>\n<\/ul>\n<div class=\"attachment-container search-images\">\n<div class=\"image-container hide-from-message-actions ng-star-inserted\">\n<h3 class=\"caption ellipsis gds-label-m-alt ng-star-inserted\" aria-hidden=\"true\"><strong style=\"color: #555555; font-size: 14.4px;\">4. Kolorowy trencz:<\/strong><\/h3>\n<\/div>\n<\/div>\n<ul data-sourcepos=\"29:1-32:0\">\n<li style=\"list-style-type: none;\">\n<ul data-sourcepos=\"29:1-32:0\">\n<li data-sourcepos=\"29:1-29:102\"><strong>Modny i stylowy:<\/strong> Kolorowy trencz to \u015bwietny spos\u00f3b na dodanie odrobiny koloru do swojej garderoby.<\/li>\n<li data-sourcepos=\"30:1-30:77\"><strong>Wszechstronno\u015b\u0107:<\/strong> Mo\u017cna go \u0142\u0105czy\u0107 z neutralnymi kolorami lub innymi jasnymi kolorami.<\/li>\n<li data-sourcepos=\"31:1-32:0\"><strong>Przyci\u0105gaj\u0105ce wzrok:<\/strong> Z pewno\u015bci\u0105 zwr\u00f3ci na siebie uwag\u0119.<\/li>\n<\/ul>\n<\/li>\n<\/ul>\n<div class=\"attachment-container search-images\">\n<div class=\"image-container hide-from-message-actions ng-star-inserted\">\n<h3 class=\"caption ellipsis gds-label-m-alt ng-star-inserted\" aria-hidden=\"true\"><strong style=\"color: #555555; font-size: 14.4px;\">Wskaz\u00f3wki dotycz\u0105ce wyboru idealnego wiosennego trencza dla kobiet:<\/strong><\/h3>\n<\/div>\n<\/div>\n<ul data-sourcepos=\"37:1-41:0\">\n<li data-sourcepos=\"37:1-37:102\"><strong>We\u017a pod uwag\u0119 materia\u0142:<\/strong> Poszukaj lekkiego, wodoodpornego materia\u0142u, kt\u00f3ry jest wygodny w noszeniu.<\/li>\n<li data-sourcepos=\"38:1-38:87\"><strong>Wybierz odpowiednie dopasowanie:<\/strong> P\u0142aszcz powinien by\u0107 dobrze dopasowany i nie mo\u017ce by\u0107 zbyt ciasny ani zbyt lu\u017any.<\/li>\n<li data-sourcepos=\"39:1-39:109\"><strong>Wybierz odpowiedni\u0105 d\u0142ugo\u015b\u0107:<\/strong> D\u0142ugo\u015b\u0107 p\u0142aszcza powinna by\u0107 odpowiednia do wzrostu i okazji.<\/li>\n<li data-sourcepos=\"40:1-41:0\"><strong>Akcesoria:<\/strong> Dodaj szalik, pasek lub czapk\u0119, aby spersonalizowa\u0107 sw\u00f3j wygl\u0105d.<\/li>\n<\/ul>\n<p data-sourcepos=\"42:1-42:134\">Dzi\u0119ki tak wielu r\u00f3\u017cnym stylom i kolorom do wyboru, Spring Trench Coats For Ladies z pewno\u015bci\u0105 znajdziesz idealny wiosenny trencz, kt\u00f3ry uzupe\u0142ni Twoj\u0105 garderob\u0119.<\/p>","protected":false},"excerpt":{"rendered":"<table style=\"height: 631px;\" width=\"523\">\n<tbody>\n<tr>\n<td width=\"146\"><strong><b>Produkt<\/b><\/strong>\u00a0<strong><b>Imi\u0119 i nazwisko:<\/b><\/strong><\/td>\n<td width=\"601\"><strong>Wiosenne trencze dla pa\u0144<\/strong><\/td>\n<\/tr>\n<tr>\n<td width=\"146\"><strong><b>Materlal:<\/b><\/strong><\/td>\n<td width=\"601\">Dziewiarstwo<\/td>\n<\/tr>\n<tr>\n<td width=\"146\"><strong><b>Technika:<\/b><\/strong><\/td>\n<td width=\"601\">Haftowane<\/td>\n<\/tr>\n<tr>\n<td width=\"146\"><strong><b>Styl:<\/b><\/strong><\/td>\n<td width=\"601\">Zwyk\u0142y<\/td>\n<\/tr>\n<tr>\n<td width=\"146\"><strong><b>Kolor<\/b><\/strong><strong><b>:<\/b><\/strong><\/td>\n<td width=\"601\">\u00a0Kolory niestandardowe<\/td>\n<\/tr>\n<tr>\n<td width=\"146\"><strong><b>Rozmiar:<\/b><\/strong><\/td>\n<td width=\"601\">S \/M \/L \/XL \/2XL<\/td>\n<\/tr>\n<tr>\n<td width=\"146\"><strong><b>OEM\/ODM:<\/b><\/strong><\/td>\n<td width=\"601\">Dopuszczalny<\/td>\n<\/tr>\n<tr>\n<td width=\"146\"><strong><b>Jako\u015b\u0107:<\/b><\/strong><\/td>\n<td width=\"601\">100% Wysoka jako\u015b\u0107<\/td>\n<\/tr>\n<tr>\n<td width=\"146\"><strong><b>M<\/b><\/strong><strong><b>OQ:<\/b><\/strong><\/td>\n<td width=\"601\">200 szt.<\/td>\n<\/tr>\n<\/tbody>\n<\/table>","protected":false},"featured_media":2077,"template":"","meta":[],"product_brand":[],"product_cat":[39],"product_tag":[],"class_list":{"0":"post-2076","1":"product","2":"type-product","3":"status-publish","4":"has-post-thumbnail","6":"product_cat-womens-clothing","8":"first","9":"instock","10":"shipping-taxable","11":"product-type-simple"},"_links":{"self":[{"href":"https:\/\/mj-clothing.com\/pl\/wp-json\/wp\/v2\/product\/2076","targetHints":{"allow":["GET"]}}],"collection":[{"href":"https:\/\/mj-clothing.com\/pl\/wp-json\/wp\/v2\/product"}],"about":[{"href":"https:\/\/mj-clothing.com\/pl\/wp-json\/wp\/v2\/types\/product"}],"wp:featuredmedia":[{"embeddable":true,"href":"https:\/\/mj-clothing.com\/pl\/wp-json\/wp\/v2\/media\/2077"}],"wp:attachment":[{"href":"https:\/\/mj-clothing.com\/pl\/wp-json\/wp\/v2\/media?parent=2076"}],"wp:term":[{"taxonomy":"product_brand","embeddable":true,"href":"https:\/\/mj-clothing.com\/pl\/wp-json\/wp\/v2\/product_brand?post=2076"},{"taxonomy":"product_cat","embeddable":true,"href":"https:\/\/mj-clothing.com\/pl\/wp-json\/wp\/v2\/product_cat?post=2076"},{"taxonomy":"product_tag","embeddable":true,"href":"https:\/\/mj-clothing.com\/pl\/wp-json\/wp\/v2\/product_tag?post=2076"}],"curies":[{"name":"wp","href":"https:\/\/api.w.org\/{rel}","templated":true}]}}