{"id":1630,"date":"2024-12-12T01:46:18","date_gmt":"2024-12-12T01:46:18","guid":{"rendered":"https:\/\/mj-clothing.com\/?post_type=product&#038;p=1630"},"modified":"2024-12-17T07:22:20","modified_gmt":"2024-12-17T07:22:20","slug":"mens-long-sleeve-shirt","status":"publish","type":"product","link":"https:\/\/mj-clothing.com\/pt\/manufacturer\/mens-long-sleeve-shirt\/","title":{"rendered":"Camisa de manga comprida para homem"},"content":{"rendered":"<p><span class=\"citation-0 recitation citation-end-0\">Uma camisa de manga comprida para homem \u00e9 uma pe\u00e7a de roupa vers\u00e1til que pode ser vestida para cima ou para baixo, consoante a ocasi\u00e3o e o tecido.<\/span> \u00c9 um elemento b\u00e1sico do guarda-roupa que todos os homens devem ter.<\/p>\n<h3 data-sourcepos=\"5:1-5:38\"><strong>Tipos de camisas de manga comprida para homem:<\/strong><\/h3>\n<ul data-sourcepos=\"7:1-15:0\">\n<li data-sourcepos=\"7:1-8:30\"><strong><span class=\"citation-1 recitation\">Flanela:<\/span><\/strong><span class=\"citation-1 recitation citation-end-1\"> Uma escolha cl\u00e1ssica para o outono e o inverno, as camisas de flanela s\u00e3o feitas de um tecido macio e quente que \u00e9 perfeito para usar em camadas.<\/span>\n<div class=\"container\"><\/div>\n<p><span class=\"citation-2 recitation citation-end-2\">Est\u00e3o dispon\u00edveis numa variedade de padr\u00f5es, desde o xadrez \u00e0s cores s\u00f3lidas.<\/span><\/li>\n<li data-sourcepos=\"7:1-8:30\"><strong>Oxford:<\/strong> Uma camisa feita de um tecido de algod\u00e3o apertado. <span class=\"citation-3 recitation citation-end-3\">As camisas Oxford s\u00e3o frequentemente utilizadas em ambientes de neg\u00f3cios, mas tamb\u00e9m podem ser usadas em ocasi\u00f5es informais.<\/span>\n<div class=\"container\"><\/div>\n<\/li>\n<li data-sourcepos=\"7:1-8:30\"><strong>Chambray:<\/strong> <span class=\"citation-4 recitation citation-end-4\">Uma camisa leve e casual feita de um tecido de algod\u00e3o que \u00e9 semelhante \u00e0 ganga.<\/span> As camisas de chambray s\u00e3o perfeitas para a primavera e o ver\u00e3o.<\/li>\n<li data-sourcepos=\"7:1-8:30\"><strong><span class=\"citation-5 recitation\">T-shirt:<\/span><\/strong><span class=\"citation-5 recitation citation-end-5\"> Uma camisa b\u00e1sica e vers\u00e1til que pode ser usada sozinha ou por baixo de outra roupa.<\/span>\n<div class=\"container\"><span style=\"font-size: 14.4px;\">As t-shirts de manga comprida s\u00e3o \u00f3ptimas para o tempo mais frio.<\/span><\/div>\n<\/li>\n<li data-sourcepos=\"7:1-8:30\">\n<p data-sourcepos=\"16:1-16:43\"><strong>Como dar estilo a uma camisa de manga comprida para homem:<\/strong><\/p>\n<ul data-sourcepos=\"18:1-21:0\">\n<li data-sourcepos=\"18:1-18:110\"><strong><span class=\"citation-6 recitation\">Vestir-se bem:<\/span><\/strong><span class=\"citation-6 recitation citation-end-6\"> Combine uma camisa oxford de manga comprida com uma gravata e cal\u00e7as sociais para um look formal.<\/span><\/li>\n<li data-sourcepos=\"18:1-18:110\"><strong style=\"font-size: 14.4px;\"><span class=\"citation-7 recitation\">Vestir-se bem:<\/span><\/strong><span class=\"citation-7 recitation citation-end-7\" style=\"font-size: 14.4px;\"> Use uma camisa de flanela com cal\u00e7as de ganga e botas para um look casual e robusto.<\/span><\/li>\n<li data-sourcepos=\"18:1-18:110\"><strong>Colocar em camadas:<\/strong> Coloque uma t-shirt de manga comprida por baixo de uma camisa de flanela ou de uma camisola para obter mais calor.<\/li>\n<li data-sourcepos=\"18:1-18:110\">\n<p data-sourcepos=\"22:1-22:46\"><strong>Dicas para comprar uma camisa de manga comprida para homem:<\/strong><\/p>\n<ul data-sourcepos=\"24:1-27:0\">\n<li data-sourcepos=\"24:1-24:95\"><strong>Considerar o tecido:<\/strong> Escolha um tecido adequado \u00e0 esta\u00e7\u00e3o do ano e \u00e0 ocasi\u00e3o.<\/li>\n<li data-sourcepos=\"25:1-25:126\"><strong>Preste aten\u00e7\u00e3o ao ajuste:<\/strong> A camisa deve ficar bem ajustada nos ombros e no peito e deve ser suficientemente comprida para poder ser colocada para dentro.<\/li>\n<li data-sourcepos=\"26:1-27:0\"><strong>Verificar o colarinho:<\/strong> O colarinho deve ficar bem assente no pesco\u00e7o e n\u00e3o deve ser demasiado apertado ou demasiado largo.<\/li>\n<\/ul>\n<\/li>\n<\/ul>\n<\/li>\n<\/ul>","protected":false},"excerpt":{"rendered":"<table style=\"height: 593px;\" width=\"513\">\n<tbody>\n<tr>\n<td width=\"146\"><strong><b>Produto<\/b><\/strong>\u00a0<strong><b>Nome:<\/b><\/strong><\/td>\n<td width=\"601\"><strong>Camisa de manga comprida para homem<\/strong><\/td>\n<\/tr>\n<tr>\n<td width=\"146\"><strong><b>Materlal:<\/b><\/strong><\/td>\n<td width=\"601\">Poli\u00e9ster\/Algod\u00e3o<\/td>\n<\/tr>\n<tr>\n<td width=\"146\"><strong><b>T\u00e9cnica:<\/b><\/strong><\/td>\n<td width=\"601\">Impress\u00e3o e tingimento<\/td>\n<\/tr>\n<tr>\n<td width=\"146\"><strong><b>Estilo:<\/b><\/strong><\/td>\n<td width=\"601\">Casual<\/td>\n<\/tr>\n<tr>\n<td width=\"146\"><strong><b>Cor<\/b><\/strong><strong><b>:<\/b><\/strong><\/td>\n<td width=\"601\">\u00a0Cores personalizadas<\/td>\n<\/tr>\n<tr>\n<td width=\"146\"><strong><b>Tamanho:<\/b><\/strong><\/td>\n<td width=\"601\">S \/M \/L \/XL \/2XL<\/td>\n<\/tr>\n<tr>\n<td width=\"146\"><strong><b>OEM\/ODM:<\/b><\/strong><\/td>\n<td width=\"601\">Aceit\u00e1vel<\/td>\n<\/tr>\n<tr>\n<td width=\"146\"><strong><b>Qualidade:<\/b><\/strong><\/td>\n<td width=\"601\">100% Alta qualidade<\/td>\n<\/tr>\n<tr>\n<td width=\"146\"><strong><b>M<\/b><\/strong><strong><b>OQ:<\/b><\/strong><\/td>\n<td width=\"601\">200 unidades<\/td>\n<\/tr>\n<\/tbody>\n<\/table>","protected":false},"featured_media":1746,"template":"","meta":[],"product_brand":[],"product_cat":[38],"product_tag":[],"class_list":{"0":"post-1630","1":"product","2":"type-product","3":"status-publish","4":"has-post-thumbnail","6":"product_cat-mens-clothing","8":"first","9":"instock","10":"shipping-taxable","11":"product-type-simple"},"_links":{"self":[{"href":"https:\/\/mj-clothing.com\/pt\/wp-json\/wp\/v2\/product\/1630","targetHints":{"allow":["GET"]}}],"collection":[{"href":"https:\/\/mj-clothing.com\/pt\/wp-json\/wp\/v2\/product"}],"about":[{"href":"https:\/\/mj-clothing.com\/pt\/wp-json\/wp\/v2\/types\/product"}],"wp:featuredmedia":[{"embeddable":true,"href":"https:\/\/mj-clothing.com\/pt\/wp-json\/wp\/v2\/media\/1746"}],"wp:attachment":[{"href":"https:\/\/mj-clothing.com\/pt\/wp-json\/wp\/v2\/media?parent=1630"}],"wp:term":[{"taxonomy":"product_brand","embeddable":true,"href":"https:\/\/mj-clothing.com\/pt\/wp-json\/wp\/v2\/product_brand?post=1630"},{"taxonomy":"product_cat","embeddable":true,"href":"https:\/\/mj-clothing.com\/pt\/wp-json\/wp\/v2\/product_cat?post=1630"},{"taxonomy":"product_tag","embeddable":true,"href":"https:\/\/mj-clothing.com\/pt\/wp-json\/wp\/v2\/product_tag?post=1630"}],"curies":[{"name":"wp","href":"https:\/\/api.w.org\/{rel}","templated":true}]}}