{"id":1662,"date":"2024-12-12T03:40:11","date_gmt":"2024-12-12T03:40:11","guid":{"rendered":"https:\/\/mj-clothing.com\/?post_type=product&#038;p=1662"},"modified":"2024-12-17T07:20:07","modified_gmt":"2024-12-17T07:20:07","slug":"mens-lounge-shirts","status":"publish","type":"product","link":"https:\/\/mj-clothing.com\/pt\/manufacturer\/mens-lounge-shirts\/","title":{"rendered":"Camisas Lounge para homem"},"content":{"rendered":"<div class=\"user-query-container ng-star-inserted\">\n<div id=\"user-query-content-5\" class=\"query-content\">\n<div class=\"query-text ng-star-inserted\" dir=\"ltr\" role=\"heading\" aria-level=\"2\">\n<h2 class=\"query-text-line ng-star-inserted\">Camisas Lounge para homem<\/h2>\n<\/div>\n<\/div>\n<div class=\"button-gutter\"><span class=\"citation-0 recitation citation-end-0\" style=\"font-size: 14.4px; color: #555555;\">As Camisas Lounge para homem s\u00e3o uma pe\u00e7a de vestu\u00e1rio confort\u00e1vel e elegante, concebida para relaxar e para o lazer.<\/span><span style=\"font-size: 14.4px; color: #555555;\"> \u00c9 perfeito para relaxar em casa, fazer recados ou simplesmente desfrutar de um dia descontra\u00eddo.<\/span><\/div>\n<div>\n<p data-sourcepos=\"3:1-3:61\">Eis algumas das principais carater\u00edsticas e estilos das camisas lounge para homem:<\/p>\n<p data-sourcepos=\"5:1-5:17\"><strong>Carater\u00edsticas principais:<\/strong><\/p>\n<ul data-sourcepos=\"7:1-10:0\">\n<li data-sourcepos=\"7:1-7:123\"><strong><span class=\"citation-1 recitation\">Conforto:<\/span><\/strong><span class=\"citation-1 recitation citation-end-1\"> As camisas de lounge s\u00e3o normalmente feitas de tecidos macios e respir\u00e1veis, como o algod\u00e3o, a flanela ou o jersey.<\/span><\/li>\n<li data-sourcepos=\"7:1-7:123\"><strong>Ajuste descontra\u00eddo:<\/strong> T\u00eam frequentemente um ajuste descontra\u00eddo ou de grandes dimens\u00f5es para um conforto m\u00e1ximo.<\/li>\n<li data-sourcepos=\"7:1-7:123\"><strong>Estilo casual:<\/strong> As camisas de lounge est\u00e3o dispon\u00edveis numa variedade de estilos casuais, incluindo cores s\u00f3lidas, riscas e padr\u00f5es.\n<p data-sourcepos=\"11:1-11:19\"><strong>Estilos populares:<\/strong><\/p>\n<\/li>\n<li data-sourcepos=\"7:1-7:123\">\n<p data-sourcepos=\"11:1-11:19\"><strong style=\"color: #333333; font-size: 14.4px;\">Camisa de flanela:<\/strong><span style=\"color: #333333; font-size: 14.4px;\"> Uma escolha cl\u00e1ssica para o tempo mais frio, as camisas de flanela s\u00e3o perfeitas para se aconchegar no sof\u00e1.<\/span><\/p>\n<\/li>\n<li data-sourcepos=\"7:1-7:123\"><strong><span class=\"citation-2 recitation\">Camisa Oxford:<\/span><\/strong><span class=\"citation-2 recitation citation-end-2\"> Uma op\u00e7\u00e3o mais polida, as camisas oxford podem ser vestidas para cima ou para baixo<\/span><\/li>\n<li data-sourcepos=\"7:1-7:123\"><strong><span class=\"citation-3 recitation\">Camisola de malha:<\/span><\/strong><span class=\"citation-3 recitation citation-end-3\"> Uma op\u00e7\u00e3o macia e el\u00e1stica, as camisas de jersey s\u00e3o ideais para relaxar em casa.<sup class=\"superscript visible\" data-turn-source-index=\"4\">\u00a0<\/sup><\/span><\/li>\n<li data-sourcepos=\"7:1-7:123\"><strong><span class=\"citation-4 recitation\">Camisa Henley:<\/span><\/strong><span class=\"citation-4 recitation citation-end-4\"> Uma op\u00e7\u00e3o casual e confort\u00e1vel, as camisas Henley s\u00e3o perfeitas para um look descontra\u00eddo.<\/span>\n<div class=\"container\">\n<p data-sourcepos=\"22:1-22:38\"><strong>Como dar estilo a uma camisa lounge para homem:<\/strong><\/p>\n<ul data-sourcepos=\"24:1-27:0\">\n<li data-sourcepos=\"24:1-24:88\"><strong>Look casual:<\/strong> Combine uma camisa de flanela ou de jersey com cal\u00e7as de ganga ou de treino e t\u00e9nis.<\/li>\n<li data-sourcepos=\"25:1-25:85\"><strong>Look elevado:<\/strong> Vista uma camisa oxford com cal\u00e7as de ganga ou cal\u00e7as sociais e mocassins.<\/li>\n<li data-sourcepos=\"26:1-27:0\"><strong>Look com camadas:<\/strong> Coloque uma camisa de flanela por cima de uma t-shirt para um visual acolhedor e elegante.<\/li>\n<\/ul>\n<\/div>\n<\/li>\n<\/ul>\n<\/div>\n<\/div>","protected":false},"excerpt":{"rendered":"<table style=\"height: 527px;\" width=\"492\">\n<tbody>\n<tr>\n<td width=\"146\"><strong><b>Produto<\/b><\/strong>\u00a0<strong><b>Nome:<\/b><\/strong><\/td>\n<td width=\"601\"><strong>Camisas Lounge para homem<\/strong><\/td>\n<\/tr>\n<tr>\n<td width=\"146\"><strong><b>Materlal:<\/b><\/strong><\/td>\n<td width=\"601\">Poli\u00e9ster\/Algod\u00e3o<\/td>\n<\/tr>\n<tr>\n<td width=\"146\"><strong><b>T\u00e9cnica:<\/b><\/strong><\/td>\n<td width=\"601\">Impress\u00e3o e tingimento<\/td>\n<\/tr>\n<tr>\n<td width=\"146\"><strong><b>Estilo:<\/b><\/strong><\/td>\n<td width=\"601\">Casual<\/td>\n<\/tr>\n<tr>\n<td width=\"146\"><strong><b>Cor<\/b><\/strong><strong><b>:<\/b><\/strong><\/td>\n<td width=\"601\">\u00a0Cores personalizadas<\/td>\n<\/tr>\n<tr>\n<td width=\"146\"><strong><b>Tamanho:<\/b><\/strong><\/td>\n<td width=\"601\">S \/M \/L \/XL \/2XL<\/td>\n<\/tr>\n<tr>\n<td width=\"146\"><strong><b>OEM\/ODM:<\/b><\/strong><\/td>\n<td width=\"601\">Aceit\u00e1vel<\/td>\n<\/tr>\n<tr>\n<td width=\"146\"><strong><b>Qualidade:<\/b><\/strong><\/td>\n<td width=\"601\">100% Alta qualidade<\/td>\n<\/tr>\n<tr>\n<td width=\"146\"><strong><b>M<\/b><\/strong><strong><b>OQ:<\/b><\/strong><\/td>\n<td width=\"601\">200 unidades<\/td>\n<\/tr>\n<\/tbody>\n<\/table>","protected":false},"featured_media":1747,"template":"","meta":[],"product_brand":[],"product_cat":[38],"product_tag":[],"class_list":{"0":"post-1662","1":"product","2":"type-product","3":"status-publish","4":"has-post-thumbnail","6":"product_cat-mens-clothing","8":"first","9":"instock","10":"shipping-taxable","11":"product-type-simple"},"_links":{"self":[{"href":"https:\/\/mj-clothing.com\/pt\/wp-json\/wp\/v2\/product\/1662","targetHints":{"allow":["GET"]}}],"collection":[{"href":"https:\/\/mj-clothing.com\/pt\/wp-json\/wp\/v2\/product"}],"about":[{"href":"https:\/\/mj-clothing.com\/pt\/wp-json\/wp\/v2\/types\/product"}],"wp:featuredmedia":[{"embeddable":true,"href":"https:\/\/mj-clothing.com\/pt\/wp-json\/wp\/v2\/media\/1747"}],"wp:attachment":[{"href":"https:\/\/mj-clothing.com\/pt\/wp-json\/wp\/v2\/media?parent=1662"}],"wp:term":[{"taxonomy":"product_brand","embeddable":true,"href":"https:\/\/mj-clothing.com\/pt\/wp-json\/wp\/v2\/product_brand?post=1662"},{"taxonomy":"product_cat","embeddable":true,"href":"https:\/\/mj-clothing.com\/pt\/wp-json\/wp\/v2\/product_cat?post=1662"},{"taxonomy":"product_tag","embeddable":true,"href":"https:\/\/mj-clothing.com\/pt\/wp-json\/wp\/v2\/product_tag?post=1662"}],"curies":[{"name":"wp","href":"https:\/\/api.w.org\/{rel}","templated":true}]}}