{"id":1687,"date":"2024-12-12T06:29:02","date_gmt":"2024-12-12T06:29:02","guid":{"rendered":"https:\/\/mj-clothing.com\/?post_type=product&#038;p=1687"},"modified":"2024-12-13T03:09:53","modified_gmt":"2024-12-13T03:09:53","slug":"mens-linnen-ecru-shirt","status":"publish","type":"product","link":"https:\/\/mj-clothing.com\/pt\/manufacturer\/mens-linnen-ecru-shirt\/","title":{"rendered":"Camisa Linnen Ecru para homem"},"content":{"rendered":"<h2><strong>Camisa Linnen Ecru para homem<\/strong><\/h2>\n<p><span class=\"citation-0 recitation citation-end-0\">A camisa Linnen Ecru para homem \u00e9 uma pe\u00e7a de vestu\u00e1rio elegante e vers\u00e1til, perfeita para o tempo quente.<\/span> Eis porqu\u00ea:<\/p>\n<h3 data-sourcepos=\"3:1-3:14\"><strong>\u00a0 \u00a0 \u00a0 Porqu\u00ea roupa de cama?<\/strong><\/h3>\n<ul data-sourcepos=\"5:1-9:0\">\n<li data-sourcepos=\"5:1-5:157\"><strong>Respirabilidade:<\/strong> <span class=\"citation-1 recitation citation-end-1\">O linho \u00e9 uma fibra natural excelente para absorver a humidade e permitir a circula\u00e7\u00e3o do ar, mantendo-o fresco e confort\u00e1vel.<\/span><\/li>\n<li data-sourcepos=\"5:1-5:157\"><strong style=\"font-size: 14.4px;\"><span class=\"citation-2 recitation\">Durabilidade:<\/span><\/strong><span class=\"citation-2 recitation citation-end-2\" style=\"font-size: 14.4px;\"> Apesar da sua apar\u00eancia delicada, o linho \u00e9 surpreendentemente resistente e duradouro.<\/span><\/li>\n<li data-sourcepos=\"5:1-5:157\"><strong><span class=\"citation-3 recitation\">Suavidade:<\/span><\/strong><span class=\"citation-3 recitation citation-end-3\"> O linho torna-se mais macio com cada lavagem, tornando-se cada vez mais confort\u00e1vel ao longo do tempo.<\/span><\/li>\n<li data-sourcepos=\"5:1-5:157\"><strong style=\"font-size: 14.4px;\">Resistente \u00e0s rugas:<\/strong><span style=\"font-size: 14.4px;\"> Embora o linho seja conhecido pelas suas rugas naturais, estas contribuem para o seu encanto informal e descontra\u00eddo.<\/span><br \/>\n<h3 data-sourcepos=\"10:1-10:13\"><strong>Porqu\u00ea Ecru?<\/strong><\/h3>\n<\/li>\n<li data-sourcepos=\"5:1-5:157\"><strong>Versatilidade:<\/strong> <span class=\"citation-4 recitation citation-end-4\">O cru, uma cor bege clara ou esbranqui\u00e7ada, \u00e9 incrivelmente vers\u00e1til.<\/span>Combina bem com uma variedade de cores, desde ganga escura a cal\u00e7as de ganga claras.<\/li>\n<li data-sourcepos=\"13:1-13:96\"><strong>Intemporal:<\/strong> O tom neutro do cru torna-o uma pe\u00e7a intemporal que nunca passa de moda.<\/li>\n<li data-sourcepos=\"14:1-15:0\"><strong>F\u00e1cil de pentear:<\/strong> <span class=\"citation-5 recitation citation-end-5\"><span class=\"citation-5 recitation citation-end-5\"><span class=\"citation-5 recitation citation-end-5\">Pode ser vestida para cima ou para baixo, o que a torna perfeita para v\u00e1rias ocasi\u00f5es.<\/span><\/span><\/span><br \/>\n<h3 data-sourcepos=\"16:1-16:36\"><strong>Como dar estilo a uma camisa Linnen Ecru para homem?<\/strong><\/h3>\n<\/li>\n<li data-sourcepos=\"14:1-15:0\"><strong>Casual:<\/strong> Combine-o com cal\u00e7as de ganga, chinos ou cal\u00e7\u00f5es e t\u00e9nis para um look descontra\u00eddo e quotidiano.<\/li>\n<li data-sourcepos=\"14:1-15:0\"><strong>Casual inteligente:<\/strong> Combine-o com cal\u00e7as \u00e0 medida e mocassins para um conjunto sofisticado mas descontra\u00eddo.<\/li>\n<li data-sourcepos=\"14:1-15:0\"><strong>Tropical:<\/strong> Use-o com cal\u00e7as ou cal\u00e7\u00f5es de linho numa cor contrastante para um conjunto fresco e de ver\u00e3o.<\/li>\n<\/ul>","protected":false},"excerpt":{"rendered":"<p>Material: Poli\u00e9ster\/algod\u00e3o\/linho<\/p>\n<p>T\u00e9cnicas: Bordado<\/p>\n<p>Estilo: Casual<\/p>\n<p>Cor\uff1aPreto e cores personalizadas<\/p>\n<p>Tamanho: S \/M \/L \/XL \/2XL<\/p>","protected":false},"featured_media":1750,"template":"","meta":[],"product_brand":[],"product_cat":[38],"product_tag":[],"class_list":{"0":"post-1687","1":"product","2":"type-product","3":"status-publish","4":"has-post-thumbnail","6":"product_cat-mens-clothing","8":"first","9":"instock","10":"shipping-taxable","11":"product-type-simple"},"_links":{"self":[{"href":"https:\/\/mj-clothing.com\/pt\/wp-json\/wp\/v2\/product\/1687","targetHints":{"allow":["GET"]}}],"collection":[{"href":"https:\/\/mj-clothing.com\/pt\/wp-json\/wp\/v2\/product"}],"about":[{"href":"https:\/\/mj-clothing.com\/pt\/wp-json\/wp\/v2\/types\/product"}],"wp:featuredmedia":[{"embeddable":true,"href":"https:\/\/mj-clothing.com\/pt\/wp-json\/wp\/v2\/media\/1750"}],"wp:attachment":[{"href":"https:\/\/mj-clothing.com\/pt\/wp-json\/wp\/v2\/media?parent=1687"}],"wp:term":[{"taxonomy":"product_brand","embeddable":true,"href":"https:\/\/mj-clothing.com\/pt\/wp-json\/wp\/v2\/product_brand?post=1687"},{"taxonomy":"product_cat","embeddable":true,"href":"https:\/\/mj-clothing.com\/pt\/wp-json\/wp\/v2\/product_cat?post=1687"},{"taxonomy":"product_tag","embeddable":true,"href":"https:\/\/mj-clothing.com\/pt\/wp-json\/wp\/v2\/product_tag?post=1687"}],"curies":[{"name":"wp","href":"https:\/\/api.w.org\/{rel}","templated":true}]}}