{"id":1744,"date":"2024-12-13T02:59:23","date_gmt":"2024-12-13T02:59:23","guid":{"rendered":"https:\/\/mj-clothing.com\/?post_type=product&#038;p=1744"},"modified":"2024-12-17T07:18:06","modified_gmt":"2024-12-17T07:18:06","slug":"mens-pocket-t-shirts","status":"publish","type":"product","link":"https:\/\/mj-clothing.com\/pt\/manufacturer\/mens-pocket-t-shirts\/","title":{"rendered":"T-shirts de bolso para homem"},"content":{"rendered":"<div id=\"chat-history\" class=\"chat-history-scroll-container\">\n<div id=\"e1f51b489f031adc\" class=\"conversation-container ng-tns-c2150043242-1 message-actions-hover-boundary response-optimization ng-star-inserted\">\n<div class=\"response-container ng-tns-c1933435332-46 response-optimization response-container-with-gpi ng-star-inserted response-container-has-multiple-responses\">\n<div class=\"presented-response-container ng-tns-c1933435332-46\">\n<div class=\"response-container-content ng-tns-c1933435332-46 tunable-selection-with-avatar\">\n<div class=\"response-content ng-tns-c1933435332-46\">\n<div id=\"model-response-message-contentr_e1f51b489f031adc\" class=\"markdown markdown-main-panel response-optimization\" dir=\"ltr\">\n<h3 data-sourcepos=\"1:1-1:78\">T-shirts de bolso para homem<\/h3>\n<p data-sourcepos=\"1:1-1:78\">Aqui est\u00e3o algumas T-shirts de bolso para homem que est\u00e3o atualmente dispon\u00edveis em Singapura:<\/p>\n<p data-sourcepos=\"3:1-3:19\"><strong>Op\u00e7\u00f5es casuais:<\/strong><\/p>\n<ul data-sourcepos=\"5:1-10:0\">\n<li data-sourcepos=\"5:1-7:0\">\n<p data-sourcepos=\"5:3-6:64\"><strong>T-Shirt Uniqlo Oversized Pocket Crew Neck Half Sleeve:<\/strong> <span class=\"citation-0 recitation citation-end-0\">Esta \u00e9 uma op\u00e7\u00e3o confort\u00e1vel e elegante, dispon\u00edvel numa variedade de cores.<\/span> \u00c9 perfeito para usar no dia a dia.<span class=\"button-container hide-from-message-actions ng-star-inserted\">\u00a0 \u00a0<\/span><\/p>\n<div class=\"container ng-tns-c2946245707-59 hide\">\n<div class=\"carousel-container ng-tns-c2946245707-59\"><\/div>\n<\/div>\n<div class=\"attachment-container search-images\"><\/div>\n<\/li>\n<li data-sourcepos=\"8:1-10:0\">\n<p data-sourcepos=\"8:3-9:47\"><strong>T-Shirt Carhartt WIP S\/S Work Pocket:<\/strong> Esta \u00e9 uma op\u00e7\u00e3o mais dur\u00e1vel e robusta, perfeita para o trabalho ou para actividades ao ar livre. <span class=\"citation-1 recitation citation-end-1\">Apresenta um bolso no peito e um corte descontra\u00eddo.<\/span><span class=\"button-container hide-from-message-actions ng-star-inserted\">\u00a0 \u00a0<\/span><\/p>\n<div class=\"container ng-tns-c2946245707-60 hide\">\n<div class=\"carousel-container ng-tns-c2946245707-60\"><\/div>\n<\/div>\n<div class=\"attachment-container search-images\"><\/div>\n<\/li>\n<\/ul>\n<p data-sourcepos=\"11:1-11:20\"><strong>Op\u00e7\u00f5es Premium:<\/strong><\/p>\n<ul data-sourcepos=\"13:1-18:0\">\n<li data-sourcepos=\"13:1-15:0\">\n<p data-sourcepos=\"13:3-14:45\"><strong>T-shirt de bolso em malha Ralph Lauren:<\/strong> <span class=\"citation-2 recitation citation-end-2\">Esta t-shirt de alta qualidade \u00e9 feita de algod\u00e3o de primeira qualidade.<\/span> Apresenta um design cl\u00e1ssico e um pequeno bolso no peito.<\/p>\n<\/li>\n<li data-sourcepos=\"13:1-15:0\">\n<p data-sourcepos=\"13:3-14:45\"><strong style=\"font-size: 14.4px;\">T-shirt masculina Timberland Oxford com bolso no peito:<\/strong> <span class=\"citation-3 recitation citation-end-3\" style=\"font-size: 14.4px;\">Esta \u00e9 uma op\u00e7\u00e3o \u00fanica e elegante feita de algod\u00e3o 100%.<\/span> <span class=\"citation-4 recitation citation-end-4\" style=\"font-size: 14.4px;\">Apresenta uma gola com bot\u00f5es e um bolso no peito.<\/span><span class=\"button-container hide-from-message-actions ng-star-inserted\" style=\"font-size: 14.4px;\">\u00a0 \u00a0<\/span><\/p>\n<div class=\"container ng-tns-c2946245707-62 hide\">\n<div class=\"carousel-container ng-tns-c2946245707-62\">\n<div class=\"carousel-content ng-tns-c2946245707-62\">\n<div class=\"sources-carousel-source ng-tns-c2946245707-62 hide ng-star-inserted\" data-test-id=\"sources-carousel-source\"><\/div>\n<\/div>\n<\/div>\n<\/div>\n<div class=\"attachment-container search-images\"><\/div>\n<\/li>\n<\/ul>\n<p data-sourcepos=\"19:1-19:24\"><strong>Op\u00e7\u00f5es de desempenho:<\/strong><\/p>\n<ul data-sourcepos=\"21:1-23:0\">\n<li data-sourcepos=\"21:1-23:0\"><strong>T-Shirt UA Pocket da Under Armour para homem:<\/strong> Esta t-shirt de desempenho \u00e9 perfeita para fazer exerc\u00edcio f\u00edsico ou para outras actividades activas. <span class=\"citation-5 recitation citation-end-5\">Inclui tecnologia que elimina a humidade e um bolso no peito.<\/span><span class=\"button-container hide-from-message-actions ng-star-inserted\"> \u00a0<\/span>\n<div class=\"container ng-tns-c2946245707-63 hide\">\n<div class=\"carousel-container ng-tns-c2946245707-63\"><\/div>\n<\/div>\n<div class=\"attachment-container search-images\">\n<div class=\"image-container hide-from-message-actions ng-star-inserted\">\n<div class=\"caption ellipsis gmat-caption ng-star-inserted\" aria-hidden=\"true\"><\/div>\n<\/div>\n<\/div>\n<\/li>\n<\/ul>\n<p data-sourcepos=\"24:1-24:171\">Estas s\u00e3o apenas algumas das muitas t-shirts de bolso para homem dispon\u00edveis em Singapura. Pode encontrar uma sele\u00e7\u00e3o mais vasta de op\u00e7\u00f5es no seu armaz\u00e9m local ou num retalhista online.<\/p>\n<p data-sourcepos=\"26:1-26:56\"><strong>Dicas adicionais para escolher uma T-shirt de bolso para homem:<\/strong><\/p>\n<ul data-sourcepos=\"28:1-32:0\">\n<li data-sourcepos=\"28:1-28:273\">Considere o tecido: O algod\u00e3o \u00e9 uma escolha popular para t-shirts com bolsos porque \u00e9 confort\u00e1vel e respir\u00e1vel. No entanto, as t-shirts com bolsos para homem tamb\u00e9m podem ser consideradas como tecidos de alto desempenho, como o poli\u00e9ster ou o nylon, se estiver \u00e0 procura de uma t-shirt que absorva a humidade e o mantenha fresco.<\/li>\n<li data-sourcepos=\"29:1-29:174\">Escolha o ajuste correto: As t-shirts com bolsos existem em v\u00e1rios tipos de corte, desde o corte slim ao corte descontra\u00eddo. Escolha um modelo que favore\u00e7a o seu tipo de corpo e que seja confort\u00e1vel para si.<\/li>\n<li data-sourcepos=\"30:1-30:209\">Considere o estilo do bolso: Algumas t-shirts com bolso t\u00eam um pequeno bolso no peito, enquanto outras t\u00eam um bolso maior de lado. Escolha um estilo de bolso que lhe agrade e que seja pr\u00e1tico para as suas necessidades.<\/li>\n<li data-sourcepos=\"31:1-32:0\">Pense na ocasi\u00e3o: Se est\u00e1 \u00e0 procura de uma t-shirt com bolso para usar no trabalho, pode querer escolher um estilo mais formal. Se procura uma t-shirt para usar no fim de semana, talvez queira escolher um estilo mais informal.<\/li>\n<\/ul>\n<p data-sourcepos=\"33:1-33:86\">Seguindo estas dicas, pode encontrar a t-shirt de bolso para homem perfeita para as suas necessidades.<\/p>\n<\/div>\n<\/div>\n<\/div>\n<\/div>\n<\/div>\n<\/div>\n<\/div>\n<div class=\"input-area-container\">\n<div class=\"input-area\" data-node-type=\"input-area\">\n<div class=\"text-input-field\">\n<div class=\"text-input-field_textarea-wrapper\">\n<div class=\"text-input-field-main-area\">\n<div class=\"text-input-field_textarea-inner\">\n<div class=\"ql-editor textarea new-input-ui ql-blank\" role=\"textbox\" contenteditable=\"true\" data-gramm=\"false\" aria-multiline=\"true\" aria-label=\"Introduza aqui uma mensagem\" data-placeholder=\"Ask Gemini\"><\/div>\n<\/div>\n<\/div>\n<\/div>\n<\/div>\n<\/div>\n<\/div>","protected":false},"excerpt":{"rendered":"<table style=\"height: 530px;\" width=\"498\">\n<tbody>\n<tr>\n<td width=\"146\"><strong><b>Produto<\/b><\/strong>\u00a0<strong><b>Nome:<\/b><\/strong><\/td>\n<td width=\"601\"><strong>T-shirts de bolso para homem<\/strong><\/td>\n<\/tr>\n<tr>\n<td width=\"146\"><strong><b>Materlal:<\/b><\/strong><\/td>\n<td width=\"601\">Poli\u00e9ster\/Algod\u00e3o<\/td>\n<\/tr>\n<tr>\n<td width=\"146\"><strong><b>T\u00e9cnica:<\/b><\/strong><\/td>\n<td width=\"601\">Impress\u00e3o e tingimento<\/td>\n<\/tr>\n<tr>\n<td width=\"146\"><strong><b>Estilo:<\/b><\/strong><\/td>\n<td width=\"601\">Casual<\/td>\n<\/tr>\n<tr>\n<td width=\"146\"><strong><b>Cor<\/b><\/strong><strong><b>:<\/b><\/strong><\/td>\n<td width=\"601\">\u00a0Cores personalizadas<\/td>\n<\/tr>\n<tr>\n<td width=\"146\"><strong><b>Tamanho:<\/b><\/strong><\/td>\n<td width=\"601\">S \/M \/L \/XL \/2XL<\/td>\n<\/tr>\n<tr>\n<td width=\"146\"><strong><b>OEM\/ODM:<\/b><\/strong><\/td>\n<td width=\"601\">Aceit\u00e1vel<\/td>\n<\/tr>\n<tr>\n<td width=\"146\"><strong><b>Qualidade:<\/b><\/strong><\/td>\n<td width=\"601\">100% Alta qualidade<\/td>\n<\/tr>\n<tr>\n<td width=\"146\"><strong><b>M<\/b><\/strong><strong><b>OQ:<\/b><\/strong><\/td>\n<td width=\"601\">200 unidades<\/td>\n<\/tr>\n<\/tbody>\n<\/table>","protected":false},"featured_media":1751,"template":"","meta":[],"product_brand":[],"product_cat":[38],"product_tag":[],"class_list":{"0":"post-1744","1":"product","2":"type-product","3":"status-publish","4":"has-post-thumbnail","6":"product_cat-mens-clothing","8":"first","9":"instock","10":"shipping-taxable","11":"product-type-simple"},"_links":{"self":[{"href":"https:\/\/mj-clothing.com\/pt\/wp-json\/wp\/v2\/product\/1744","targetHints":{"allow":["GET"]}}],"collection":[{"href":"https:\/\/mj-clothing.com\/pt\/wp-json\/wp\/v2\/product"}],"about":[{"href":"https:\/\/mj-clothing.com\/pt\/wp-json\/wp\/v2\/types\/product"}],"wp:featuredmedia":[{"embeddable":true,"href":"https:\/\/mj-clothing.com\/pt\/wp-json\/wp\/v2\/media\/1751"}],"wp:attachment":[{"href":"https:\/\/mj-clothing.com\/pt\/wp-json\/wp\/v2\/media?parent=1744"}],"wp:term":[{"taxonomy":"product_brand","embeddable":true,"href":"https:\/\/mj-clothing.com\/pt\/wp-json\/wp\/v2\/product_brand?post=1744"},{"taxonomy":"product_cat","embeddable":true,"href":"https:\/\/mj-clothing.com\/pt\/wp-json\/wp\/v2\/product_cat?post=1744"},{"taxonomy":"product_tag","embeddable":true,"href":"https:\/\/mj-clothing.com\/pt\/wp-json\/wp\/v2\/product_tag?post=1744"}],"curies":[{"name":"wp","href":"https:\/\/api.w.org\/{rel}","templated":true}]}}