{"id":1759,"date":"2024-12-14T02:59:47","date_gmt":"2024-12-14T02:59:47","guid":{"rendered":"https:\/\/mj-clothing.com\/?post_type=product&#038;p=1759"},"modified":"2024-12-17T07:16:49","modified_gmt":"2024-12-17T07:16:49","slug":"black-denim-jacket","status":"publish","type":"product","link":"https:\/\/mj-clothing.com\/pt\/manufacturer\/black-denim-jacket\/","title":{"rendered":"Casaco de ganga preto"},"content":{"rendered":"<h2 data-sourcepos=\"1:1-1:173\">Casaco de ganga preto<\/h2>\n<p data-sourcepos=\"1:1-1:173\">Um blus\u00e3o de ganga preto \u00e9 uma pe\u00e7a vers\u00e1til que pode elevar qualquer conjunto. \u00c9 uma pe\u00e7a cl\u00e1ssica e intemporal que pode ser vestida para cima ou para baixo, o que a torna indispens\u00e1vel em qualquer guarda-roupa.<\/p>\n<p data-sourcepos=\"3:1-3:54\"><strong>Eis porque \u00e9 que um casaco de ganga preto \u00e9 uma excelente escolha:<\/strong><\/p>\n<ul data-sourcepos=\"5:1-9:0\">\n<li data-sourcepos=\"5:1-5:94\"><strong>Versatilidade:<\/strong> Pode ser combinado com cal\u00e7as de ganga, chinos ou mesmo com um fato para um look mais formal.<\/li>\n<li data-sourcepos=\"6:1-6:70\"><strong>Intemporal:<\/strong> A ganga preta \u00e9 um cl\u00e1ssico que nunca passa de moda.<\/li>\n<li data-sourcepos=\"7:1-7:76\"><strong>Durabilidade:<\/strong> A ganga \u00e9 um tecido robusto que resiste ao desgaste.<\/li>\n<li data-sourcepos=\"8:1-9:0\"><strong>Ousado:<\/strong> A ganga preta acrescenta um toque de ousadia a qualquer roupa.<\/li>\n<\/ul>\n<p data-sourcepos=\"10:1-10:38\"><strong>Como usar um casaco de ganga preto:<\/strong><\/p>\n<ul data-sourcepos=\"12:1-16:0\">\n<li data-sourcepos=\"12:1-12:84\"><strong>Look casual:<\/strong> Combine-o com cal\u00e7as de ganga, uma t-shirt e t\u00e9nis para um look descontra\u00eddo.<\/li>\n<li data-sourcepos=\"13:1-13:99\"><strong>Casual inteligente:<\/strong> Use-o com cal\u00e7as de ganga, uma camisa de bot\u00f5es e mocassins para um visual mais polido.<\/li>\n<li data-sourcepos=\"14:1-14:95\"><strong>Look arrojado:<\/strong> Combine-o com cal\u00e7as de cabedal, uma t-shirt gr\u00e1fica e botas para uma vibra\u00e7\u00e3o rock-and-roll.<\/li>\n<li data-sourcepos=\"15:1-16:0\"><strong>Look formal:<\/strong> Coloque-o sobre um casaco de fato para um toque \u00fanico na roupa formal.<\/li>\n<\/ul>\n<p data-sourcepos=\"17:1-17:43\"><strong>Dicas para escolher um casaco de ganga preto:<\/strong><\/p>\n<ul data-sourcepos=\"19:1-22:0\">\n<li data-sourcepos=\"19:1-19:71\"><strong>Em forma:<\/strong> Escolha um casaco que lhe assente bem e que favore\u00e7a a forma do seu corpo.<\/li>\n<li data-sourcepos=\"20:1-20:78\"><strong>Material:<\/strong> Procure uma ganga de alta qualidade que seja dur\u00e1vel e confort\u00e1vel.<\/li>\n<li data-sourcepos=\"21:1-22:0\"><strong>Estilo:<\/strong> Considere o seu estilo pessoal e escolha um casaco que reflicta o seu gosto.<\/li>\n<\/ul>","protected":false},"excerpt":{"rendered":"<table style=\"height: 491px;\" width=\"498\">\n<tbody>\n<tr>\n<td width=\"146\"><strong><b>Produto<\/b><\/strong>\u00a0<strong><b>Nome:<\/b><\/strong><\/td>\n<td width=\"601\"><strong>Casaco de ganga preto<\/strong><\/td>\n<\/tr>\n<tr>\n<td width=\"146\"><strong><b>Materlal:<\/b><\/strong><\/td>\n<td width=\"601\">Poli\u00e9ster\/Algod\u00e3o<\/td>\n<\/tr>\n<tr>\n<td width=\"146\"><strong><b>T\u00e9cnica:<\/b><\/strong><\/td>\n<td width=\"601\">Impress\u00e3o e tingimento<\/td>\n<\/tr>\n<tr>\n<td width=\"146\"><strong><b>Estilo:<\/b><\/strong><\/td>\n<td width=\"601\">Casual<\/td>\n<\/tr>\n<tr>\n<td width=\"146\"><strong><b>Cor<\/b><\/strong><strong><b>:<\/b><\/strong><\/td>\n<td width=\"601\">\u00a0Cores personalizadas<\/td>\n<\/tr>\n<tr>\n<td width=\"146\"><strong><b>Tamanho:<\/b><\/strong><\/td>\n<td width=\"601\">S \/M \/L \/XL \/2XL<\/td>\n<\/tr>\n<tr>\n<td width=\"146\"><strong><b>OEM\/ODM:<\/b><\/strong><\/td>\n<td width=\"601\">Aceit\u00e1vel<\/td>\n<\/tr>\n<tr>\n<td width=\"146\"><strong><b>Qualidade:<\/b><\/strong><\/td>\n<td width=\"601\">100% Alta qualidade<\/td>\n<\/tr>\n<tr>\n<td width=\"146\"><strong><b>M<\/b><\/strong><strong><b>OQ:<\/b><\/strong><\/td>\n<td width=\"601\">200 unidades<\/td>\n<\/tr>\n<\/tbody>\n<\/table>","protected":false},"featured_media":1760,"template":"","meta":[],"product_brand":[],"product_cat":[38],"product_tag":[],"class_list":{"0":"post-1759","1":"product","2":"type-product","3":"status-publish","4":"has-post-thumbnail","6":"product_cat-mens-clothing","8":"first","9":"instock","10":"shipping-taxable","11":"product-type-simple"},"_links":{"self":[{"href":"https:\/\/mj-clothing.com\/pt\/wp-json\/wp\/v2\/product\/1759","targetHints":{"allow":["GET"]}}],"collection":[{"href":"https:\/\/mj-clothing.com\/pt\/wp-json\/wp\/v2\/product"}],"about":[{"href":"https:\/\/mj-clothing.com\/pt\/wp-json\/wp\/v2\/types\/product"}],"wp:featuredmedia":[{"embeddable":true,"href":"https:\/\/mj-clothing.com\/pt\/wp-json\/wp\/v2\/media\/1760"}],"wp:attachment":[{"href":"https:\/\/mj-clothing.com\/pt\/wp-json\/wp\/v2\/media?parent=1759"}],"wp:term":[{"taxonomy":"product_brand","embeddable":true,"href":"https:\/\/mj-clothing.com\/pt\/wp-json\/wp\/v2\/product_brand?post=1759"},{"taxonomy":"product_cat","embeddable":true,"href":"https:\/\/mj-clothing.com\/pt\/wp-json\/wp\/v2\/product_cat?post=1759"},{"taxonomy":"product_tag","embeddable":true,"href":"https:\/\/mj-clothing.com\/pt\/wp-json\/wp\/v2\/product_tag?post=1759"}],"curies":[{"name":"wp","href":"https:\/\/api.w.org\/{rel}","templated":true}]}}