{"id":1763,"date":"2024-12-14T03:06:05","date_gmt":"2024-12-14T03:06:05","guid":{"rendered":"https:\/\/mj-clothing.com\/?post_type=product&#038;p=1763"},"modified":"2024-12-17T07:11:45","modified_gmt":"2024-12-17T07:11:45","slug":"black-tweed-jacket","status":"publish","type":"product","link":"https:\/\/mj-clothing.com\/pt\/manufacturer\/black-tweed-jacket\/","title":{"rendered":"Casaco de tweed preto"},"content":{"rendered":"<h2 data-sourcepos=\"1:1-1:113\">Casaco de tweed preto<\/h2>\n<p data-sourcepos=\"1:1-1:113\">Um casaco de tweed preto \u00e9 uma pe\u00e7a vers\u00e1til e elegante que pode elevar qualquer conjunto. Eis porque \u00e9 que pode adorar um:<\/p>\n<p data-sourcepos=\"3:1-3:36\"><strong>Porqu\u00ea escolher um casaco de tweed preto?<\/strong><\/p>\n<ul data-sourcepos=\"5:1-9:0\">\n<li data-sourcepos=\"5:1-5:101\"><strong>Eleg\u00e2ncia intemporal:<\/strong> O tweed preto \u00e9 um tecido cl\u00e1ssico e sofisticado que nunca passa de moda.<\/li>\n<li data-sourcepos=\"6:1-6:95\"><strong>Estilo vers\u00e1til:<\/strong> Pode ser vestida para cima ou para baixo, o que a torna perfeita para v\u00e1rias ocasi\u00f5es.<\/li>\n<li data-sourcepos=\"7:1-7:103\"><strong>Calor e conforto:<\/strong> O tweed \u00e9 um tecido dur\u00e1vel e isolante, o que o torna ideal para o tempo mais frio.<\/li>\n<li data-sourcepos=\"8:1-9:0\"><strong>Aspeto texturado:<\/strong> A trama \u00fanica do tweed confere um interesse visual ao seu vestu\u00e1rio.<\/li>\n<\/ul>\n<p data-sourcepos=\"10:1-10:38\"><strong>Como usar um casaco de tweed preto:<\/strong><\/p>\n<ul data-sourcepos=\"12:1-15:0\">\n<li data-sourcepos=\"12:1-12:93\"><strong>Casual inteligente:<\/strong> Combine-o com cal\u00e7as de ganga, uma camisa de bot\u00f5es e mocassins para um look requintado.<\/li>\n<li data-sourcepos=\"13:1-13:102\"><strong>Casual de neg\u00f3cios:<\/strong> Use-o com cal\u00e7as sociais, uma camisa social e uma gravata para um conjunto profissional.<\/li>\n<li data-sourcepos=\"14:1-15:0\"><strong>Casual Chic:<\/strong> Combine-o com cal\u00e7as de ganga, uma t-shirt e t\u00e9nis para um estilo descontra\u00eddo.<\/li>\n<\/ul>\n<p data-sourcepos=\"16:1-16:43\"><strong>Dicas para escolher um casaco de tweed preto:<\/strong><\/p>\n<ul data-sourcepos=\"18:1-22:0\">\n<li data-sourcepos=\"18:1-18:71\"><strong>Em forma:<\/strong> Escolha um casaco que lhe assente bem e que favore\u00e7a a forma do seu corpo.<\/li>\n<li data-sourcepos=\"19:1-19:109\"><strong>Padr\u00e3o:<\/strong> Considere o padr\u00e3o do tweed, quer seja uma espinha de peixe cl\u00e1ssica ou um design mais moderno.<\/li>\n<li data-sourcepos=\"20:1-20:76\"><strong>Peso:<\/strong> O peso do tweed determinar\u00e1 o grau de aquecimento do casaco.<\/li>\n<li data-sourcepos=\"21:1-22:0\"><strong>Acess\u00f3rios:<\/strong> Para dar um toque pessoal, use um len\u00e7o, gravata ou len\u00e7o de bolso.<\/li>\n<\/ul>","protected":false},"excerpt":{"rendered":"<table style=\"height: 587px;\" width=\"485\">\n<tbody>\n<tr>\n<td width=\"146\"><strong><b>Produto<\/b><\/strong>\u00a0<strong><b>Nome:<\/b><\/strong><\/td>\n<td width=\"601\"><strong>Casaco de tweed preto<\/strong><\/td>\n<\/tr>\n<tr>\n<td width=\"146\"><strong><b>Materlal:<\/b><\/strong><\/td>\n<td width=\"601\">Poli\u00e9ster\/Algod\u00e3o<\/td>\n<\/tr>\n<tr>\n<td width=\"146\"><strong><b>T\u00e9cnica:<\/b><\/strong><\/td>\n<td width=\"601\">Impress\u00e3o e tingimento<\/td>\n<\/tr>\n<tr>\n<td width=\"146\"><strong><b>Estilo:<\/b><\/strong><\/td>\n<td width=\"601\">Casual<\/td>\n<\/tr>\n<tr>\n<td width=\"146\"><strong><b>Cor<\/b><\/strong><strong><b>:<\/b><\/strong><\/td>\n<td width=\"601\">\u00a0Cores personalizadas<\/td>\n<\/tr>\n<tr>\n<td width=\"146\"><strong><b>Tamanho:<\/b><\/strong><\/td>\n<td width=\"601\">S \/M \/L \/XL \/2XL<\/td>\n<\/tr>\n<tr>\n<td width=\"146\"><strong><b>OEM\/ODM:<\/b><\/strong><\/td>\n<td width=\"601\">Aceit\u00e1vel<\/td>\n<\/tr>\n<tr>\n<td width=\"146\"><strong><b>Qualidade:<\/b><\/strong><\/td>\n<td width=\"601\">100% Alta qualidade<\/td>\n<\/tr>\n<tr>\n<td width=\"146\"><strong><b>M<\/b><\/strong><strong><b>OQ:<\/b><\/strong><\/td>\n<td width=\"601\">200 unidades<\/td>\n<\/tr>\n<\/tbody>\n<\/table>","protected":false},"featured_media":1764,"template":"","meta":[],"product_brand":[],"product_cat":[38],"product_tag":[],"class_list":{"0":"post-1763","1":"product","2":"type-product","3":"status-publish","4":"has-post-thumbnail","6":"product_cat-mens-clothing","8":"first","9":"instock","10":"shipping-taxable","11":"product-type-simple"},"_links":{"self":[{"href":"https:\/\/mj-clothing.com\/pt\/wp-json\/wp\/v2\/product\/1763","targetHints":{"allow":["GET"]}}],"collection":[{"href":"https:\/\/mj-clothing.com\/pt\/wp-json\/wp\/v2\/product"}],"about":[{"href":"https:\/\/mj-clothing.com\/pt\/wp-json\/wp\/v2\/types\/product"}],"wp:featuredmedia":[{"embeddable":true,"href":"https:\/\/mj-clothing.com\/pt\/wp-json\/wp\/v2\/media\/1764"}],"wp:attachment":[{"href":"https:\/\/mj-clothing.com\/pt\/wp-json\/wp\/v2\/media?parent=1763"}],"wp:term":[{"taxonomy":"product_brand","embeddable":true,"href":"https:\/\/mj-clothing.com\/pt\/wp-json\/wp\/v2\/product_brand?post=1763"},{"taxonomy":"product_cat","embeddable":true,"href":"https:\/\/mj-clothing.com\/pt\/wp-json\/wp\/v2\/product_cat?post=1763"},{"taxonomy":"product_tag","embeddable":true,"href":"https:\/\/mj-clothing.com\/pt\/wp-json\/wp\/v2\/product_tag?post=1763"}],"curies":[{"name":"wp","href":"https:\/\/api.w.org\/{rel}","templated":true}]}}