{"id":1765,"date":"2024-12-14T03:13:20","date_gmt":"2024-12-14T03:13:20","guid":{"rendered":"https:\/\/mj-clothing.com\/?post_type=product&#038;p=1765"},"modified":"2024-12-17T07:10:04","modified_gmt":"2024-12-17T07:10:04","slug":"vintage-jacket","status":"publish","type":"product","link":"https:\/\/mj-clothing.com\/pt\/manufacturer\/vintage-jacket\/","title":{"rendered":"Casaco vintage"},"content":{"rendered":"<p data-sourcepos=\"1:1-1:110\">Um casaco vintage \u00e9 uma pe\u00e7a intemporal que pode dar um toque \u00fanico a qualquer roupa. Eis porque \u00e9 que pode adorar um:<\/p>\n<h3 data-sourcepos=\"3:1-3:32\"><strong>Porqu\u00ea escolher um casaco vintage?<\/strong><\/h3>\n<ul data-sourcepos=\"5:1-9:0\">\n<li data-sourcepos=\"5:1-5:118\"><strong>Estilo \u00fanico:<\/strong>\u00a0 Os casacos t\u00eam muitas vezes desenhos e pormenores distintos que n\u00e3o se encontram no vestu\u00e1rio moderno.<\/li>\n<li data-sourcepos=\"6:1-6:111\"><strong>Alta qualidade:<\/strong> Muitos casacos s\u00e3o fabricados com materiais de alta qualidade que resistiram ao teste do tempo.<\/li>\n<li data-sourcepos=\"7:1-7:125\"><strong>Moda sustent\u00e1vel:<\/strong> Ao optar pelo vintage, est\u00e1 a reduzir o seu impacto ambiental e a dar uma segunda vida a uma pe\u00e7a de vestu\u00e1rio.<\/li>\n<li data-sourcepos=\"8:1-9:0\"><strong>Car\u00e1cter e hist\u00f3ria:<\/strong> Os casacos podem contar uma hist\u00f3ria, acrescentando um toque de nostalgia e personalidade ao seu guarda-roupa.<\/li>\n<\/ul>\n<h3 data-sourcepos=\"10:1-10:34\"><strong>Como usar um casaco vintage:<\/strong><\/h3>\n<ul data-sourcepos=\"12:1-16:0\">\n<li data-sourcepos=\"12:1-12:79\"><strong>Casual:<\/strong> Combine-o com cal\u00e7as de ganga, uma t-shirt e t\u00e9nis para um look descontra\u00eddo.<\/li>\n<li data-sourcepos=\"13:1-13:98\"><strong>Casual inteligente:<\/strong> Use-o com cal\u00e7as de ganga, uma camisa de bot\u00f5es e mocassins para um conjunto elegante.<\/li>\n<li data-sourcepos=\"14:1-14:93\"><strong>Ousado:<\/strong> Combine-o com cal\u00e7as de cabedal, uma t-shirt gr\u00e1fica e botas para uma vibra\u00e7\u00e3o rock-and-roll.<\/li>\n<li data-sourcepos=\"15:1-16:0\"><strong>Formal:<\/strong> Coloque-o sobre um casaco de fato para um toque \u00fanico na roupa formal.<\/li>\n<\/ul>\n<h3 data-sourcepos=\"17:1-17:39\"><strong>Dicas para escolher um casaco vintage:<\/strong><\/h3>\n<ul data-sourcepos=\"19:1-23:0\">\n<li data-sourcepos=\"19:1-19:82\"><strong>Em forma:<\/strong> Assegurar que o casaco fica bem, tendo em conta eventuais altera\u00e7\u00f5es.<\/li>\n<li data-sourcepos=\"20:1-20:64\"><strong>Estado:<\/strong> Verificar se existem danos, manchas ou desgaste.<\/li>\n<li data-sourcepos=\"21:1-21:93\"><strong>Estilo:<\/strong> Considere o seu estilo pessoal e escolha um casaco que complemente o seu guarda-roupa.<\/li>\n<li data-sourcepos=\"22:1-23:0\"><strong>Material:<\/strong> Procure materiais de alta qualidade como o couro, a l\u00e3 ou a ganga.<\/li>\n<\/ul>\n<h3 data-sourcepos=\"24:1-24:34\"><strong>Onde encontrar um casaco vintage:<\/strong><\/h3>\n<ul data-sourcepos=\"26:1-30:0\">\n<li data-sourcepos=\"26:1-26:76\"><strong>Lojas de artigos em segunda m\u00e3o:<\/strong> Um \u00f3timo local para encontrar j\u00f3ias escondidas a pre\u00e7os acess\u00edveis.<\/li>\n<li data-sourcepos=\"27:1-27:89\"><strong>Lojas de consigna\u00e7\u00e3o:<\/strong> Estas lojas t\u00eam frequentemente colec\u00e7\u00f5es selecionadas de roupa vintage.<\/li>\n<li data-sourcepos=\"28:1-28:97\"><strong>Mercados em linha:<\/strong> Sites como o eBay e o Etsy oferecem uma vasta sele\u00e7\u00e3o de casacos.<\/li>\n<li data-sourcepos=\"29:1-30:0\"><strong>Lojas de roupa vintage:<\/strong> Lojas especializadas em moda vintage.<\/li>\n<\/ul>\n<div class=\"attachment-container search-images\">\n<div class=\"image-container hide-from-message-actions ng-star-inserted\">\n<div class=\"overlay-container ng-star-inserted\"><\/div>\n<\/div>\n<\/div>","protected":false},"excerpt":{"rendered":"<table style=\"height: 442px;\" width=\"514\">\n<tbody>\n<tr>\n<td width=\"146\"><strong><b>Produto<\/b><\/strong>\u00a0<strong><b>Nome:<\/b><\/strong><\/td>\n<td width=\"601\"><strong>Casaco vintage<\/strong><\/td>\n<\/tr>\n<tr>\n<td width=\"146\"><strong><b>Materlal:<\/b><\/strong><\/td>\n<td width=\"601\">Poli\u00e9ster\/Algod\u00e3o<\/td>\n<\/tr>\n<tr>\n<td width=\"146\"><strong><b>T\u00e9cnica:<\/b><\/strong><\/td>\n<td width=\"601\">Impress\u00e3o e tingimento<\/td>\n<\/tr>\n<tr>\n<td width=\"146\"><strong><b>Estilo:<\/b><\/strong><\/td>\n<td width=\"601\">Casual<\/td>\n<\/tr>\n<tr>\n<td width=\"146\"><strong><b>Cor<\/b><\/strong><strong><b>:<\/b><\/strong><\/td>\n<td width=\"601\">\u00a0Cores personalizadas<\/td>\n<\/tr>\n<tr>\n<td width=\"146\"><strong><b>Tamanho:<\/b><\/strong><\/td>\n<td width=\"601\">S \/M \/L \/XL \/2XL<\/td>\n<\/tr>\n<tr>\n<td width=\"146\"><strong><b>OEM\/ODM:<\/b><\/strong><\/td>\n<td width=\"601\">Aceit\u00e1vel<\/td>\n<\/tr>\n<tr>\n<td width=\"146\"><strong><b>Qualidade:<\/b><\/strong><\/td>\n<td width=\"601\">100% Alta qualidade<\/td>\n<\/tr>\n<tr>\n<td width=\"146\"><strong><b>M<\/b><\/strong><strong><b>OQ:<\/b><\/strong><\/td>\n<td width=\"601\">200 unidades<\/td>\n<\/tr>\n<\/tbody>\n<\/table>","protected":false},"featured_media":1769,"template":"","meta":[],"product_brand":[],"product_cat":[38],"product_tag":[],"class_list":{"0":"post-1765","1":"product","2":"type-product","3":"status-publish","4":"has-post-thumbnail","6":"product_cat-mens-clothing","8":"first","9":"instock","10":"shipping-taxable","11":"product-type-simple"},"_links":{"self":[{"href":"https:\/\/mj-clothing.com\/pt\/wp-json\/wp\/v2\/product\/1765","targetHints":{"allow":["GET"]}}],"collection":[{"href":"https:\/\/mj-clothing.com\/pt\/wp-json\/wp\/v2\/product"}],"about":[{"href":"https:\/\/mj-clothing.com\/pt\/wp-json\/wp\/v2\/types\/product"}],"wp:featuredmedia":[{"embeddable":true,"href":"https:\/\/mj-clothing.com\/pt\/wp-json\/wp\/v2\/media\/1769"}],"wp:attachment":[{"href":"https:\/\/mj-clothing.com\/pt\/wp-json\/wp\/v2\/media?parent=1765"}],"wp:term":[{"taxonomy":"product_brand","embeddable":true,"href":"https:\/\/mj-clothing.com\/pt\/wp-json\/wp\/v2\/product_brand?post=1765"},{"taxonomy":"product_cat","embeddable":true,"href":"https:\/\/mj-clothing.com\/pt\/wp-json\/wp\/v2\/product_cat?post=1765"},{"taxonomy":"product_tag","embeddable":true,"href":"https:\/\/mj-clothing.com\/pt\/wp-json\/wp\/v2\/product_tag?post=1765"}],"curies":[{"name":"wp","href":"https:\/\/api.w.org\/{rel}","templated":true}]}}