{"id":1770,"date":"2024-12-14T03:18:13","date_gmt":"2024-12-14T03:18:13","guid":{"rendered":"https:\/\/mj-clothing.com\/?post_type=product&#038;p=1770"},"modified":"2024-12-17T07:08:53","modified_gmt":"2024-12-17T07:08:53","slug":"white-varsity-jacket","status":"publish","type":"product","link":"https:\/\/mj-clothing.com\/pt\/manufacturer\/white-varsity-jacket\/","title":{"rendered":"Casaco Varsity branco"},"content":{"rendered":"<div class=\"user-query-container ng-star-inserted\">\n<div id=\"user-query-content-8\" class=\"query-content\">\n<div class=\"query-text ng-star-inserted\" dir=\"ltr\" role=\"heading\" aria-level=\"2\">\n<h2 class=\"query-text-line ng-star-inserted\"><span style=\"color: #555555; font-size: 14.4px;\">Um blus\u00e3o varsity branco \u00e9 uma escolha arrojada e elegante que pode dar um toque fresco e moderno ao seu guarda-roupa. Eis por que raz\u00e3o pode adorar um:<\/span><\/h2>\n<\/div>\n<\/div>\n<\/div>\n<div>\n<div class=\"response-container ng-tns-c1933435332-125 response-optimization response-container-with-gpi ng-star-inserted response-container-has-multiple-responses\">\n<div class=\"presented-response-container ng-tns-c1933435332-125\">\n<div class=\"response-container-content ng-tns-c1933435332-125 tunable-selection-with-avatar\">\n<div class=\"response-content ng-tns-c1933435332-125\">\n<div id=\"model-response-message-contentr_093b668a98236c3a\" class=\"markdown markdown-main-panel response-optimization\" dir=\"ltr\">\n<h3 data-sourcepos=\"3:1-3:38\"><strong>Porqu\u00ea escolher um casaco Varsity branco?<\/strong><\/h3>\n<ul data-sourcepos=\"5:1-9:0\">\n<li data-sourcepos=\"5:1-5:102\"><strong>\u00danico e apelativo:<\/strong> Um casaco varsity destaca-se da multid\u00e3o e faz uma afirma\u00e7\u00e3o.<\/li>\n<li data-sourcepos=\"6:1-6:85\"><strong>Estilo vers\u00e1til:<\/strong> Pode ser vestida para cima ou para baixo, perfeita para v\u00e1rias ocasi\u00f5es.<\/li>\n<li data-sourcepos=\"7:1-7:74\"><strong>Limpo e moderno:<\/strong> A cor branca confere um aspeto limpo e minimalista.<\/li>\n<li data-sourcepos=\"8:1-9:0\"><strong>Confort\u00e1vel e quente:<\/strong> O design cl\u00e1ssico do casaco varsity oferece calor e conforto.<\/li>\n<\/ul>\n<h3 data-sourcepos=\"10:1-10:40\"><strong>Como dar estilo a um blus\u00e3o branco:<\/strong><\/h3>\n<ul data-sourcepos=\"12:1-15:0\">\n<li data-sourcepos=\"12:1-12:82\"><strong>Casual Chic:<\/strong> Combine-o com cal\u00e7as de ganga, uma t-shirt e t\u00e9nis para um look descontra\u00eddo.<\/li>\n<li data-sourcepos=\"13:1-13:82\"><strong>Look desportivo:<\/strong> Use-o com joggers, um casaco com capuz e t\u00e9nis para um estilo desportivo.<\/li>\n<li data-sourcepos=\"14:1-15:0\"><strong>Casual inteligente:<\/strong> Combine-o com cal\u00e7as de ganga, uma camisa de bot\u00f5es e mocassins para um look elegante.<\/li>\n<\/ul>\n<h3 data-sourcepos=\"16:1-16:45\"><strong>Conselhos para escolher um blus\u00e3o Varsity branco:<\/strong><\/h3>\n<ul data-sourcepos=\"18:1-22:0\">\n<li data-sourcepos=\"18:1-18:81\"><strong>Material:<\/strong> Opte por um material dur\u00e1vel e de alta qualidade, como a l\u00e3 ou o couro.<\/li>\n<li data-sourcepos=\"19:1-19:71\"><strong>Em forma:<\/strong> Escolha um casaco que lhe assente bem e que favore\u00e7a a forma do seu corpo.<\/li>\n<li data-sourcepos=\"20:1-20:96\"><strong>Detalhes:<\/strong> Tenha em conta os pormenores, como a cor das mangas e o tipo de letras.<\/li>\n<li data-sourcepos=\"21:1-22:0\"><strong>Cuidados:<\/strong> Tenha em aten\u00e7\u00e3o as poss\u00edveis manchas e cuide bem do casaco.<\/li>\n<\/ul>\n<\/div>\n<\/div>\n<\/div>\n<\/div>\n<\/div>\n<\/div>","protected":false},"excerpt":{"rendered":"<table style=\"height: 507px;\" width=\"477\">\n<tbody>\n<tr>\n<td width=\"146\"><strong><b>Produto<\/b><\/strong>\u00a0<strong><b>Nome:<\/b><\/strong><\/td>\n<td width=\"601\"><strong>Casaco Varsity branco<\/strong><\/td>\n<\/tr>\n<tr>\n<td width=\"146\"><strong><b>Materlal:<\/b><\/strong><\/td>\n<td width=\"601\">Poli\u00e9ster\/Algod\u00e3o<\/td>\n<\/tr>\n<tr>\n<td width=\"146\"><strong><b>T\u00e9cnica:<\/b><\/strong><\/td>\n<td width=\"601\">Impress\u00e3o e tingimento<\/td>\n<\/tr>\n<tr>\n<td width=\"146\"><strong><b>Estilo:<\/b><\/strong><\/td>\n<td width=\"601\">Casual<\/td>\n<\/tr>\n<tr>\n<td width=\"146\"><strong><b>Cor<\/b><\/strong><strong><b>:<\/b><\/strong><\/td>\n<td width=\"601\">\u00a0Cores personalizadas<\/td>\n<\/tr>\n<tr>\n<td width=\"146\"><strong><b>Tamanho:<\/b><\/strong><\/td>\n<td width=\"601\">S \/M \/L \/XL \/2XL<\/td>\n<\/tr>\n<tr>\n<td width=\"146\"><strong><b>OEM\/ODM:<\/b><\/strong><\/td>\n<td width=\"601\">Aceit\u00e1vel<\/td>\n<\/tr>\n<tr>\n<td width=\"146\"><strong><b>Qualidade:<\/b><\/strong><\/td>\n<td width=\"601\">100% Alta qualidade<\/td>\n<\/tr>\n<tr>\n<td width=\"146\"><strong><b>M<\/b><\/strong><strong><b>OQ:<\/b><\/strong><\/td>\n<td width=\"601\">200 unidades<\/td>\n<\/tr>\n<\/tbody>\n<\/table>","protected":false},"featured_media":1773,"template":"","meta":[],"product_brand":[],"product_cat":[38],"product_tag":[],"class_list":{"0":"post-1770","1":"product","2":"type-product","3":"status-publish","4":"has-post-thumbnail","6":"product_cat-mens-clothing","8":"first","9":"instock","10":"shipping-taxable","11":"product-type-simple"},"_links":{"self":[{"href":"https:\/\/mj-clothing.com\/pt\/wp-json\/wp\/v2\/product\/1770","targetHints":{"allow":["GET"]}}],"collection":[{"href":"https:\/\/mj-clothing.com\/pt\/wp-json\/wp\/v2\/product"}],"about":[{"href":"https:\/\/mj-clothing.com\/pt\/wp-json\/wp\/v2\/types\/product"}],"wp:featuredmedia":[{"embeddable":true,"href":"https:\/\/mj-clothing.com\/pt\/wp-json\/wp\/v2\/media\/1773"}],"wp:attachment":[{"href":"https:\/\/mj-clothing.com\/pt\/wp-json\/wp\/v2\/media?parent=1770"}],"wp:term":[{"taxonomy":"product_brand","embeddable":true,"href":"https:\/\/mj-clothing.com\/pt\/wp-json\/wp\/v2\/product_brand?post=1770"},{"taxonomy":"product_cat","embeddable":true,"href":"https:\/\/mj-clothing.com\/pt\/wp-json\/wp\/v2\/product_cat?post=1770"},{"taxonomy":"product_tag","embeddable":true,"href":"https:\/\/mj-clothing.com\/pt\/wp-json\/wp\/v2\/product_tag?post=1770"}],"curies":[{"name":"wp","href":"https:\/\/api.w.org\/{rel}","templated":true}]}}