{"id":1774,"date":"2024-12-14T03:23:26","date_gmt":"2024-12-14T03:23:26","guid":{"rendered":"https:\/\/mj-clothing.com\/?post_type=product&#038;p=1774"},"modified":"2024-12-17T07:06:57","modified_gmt":"2024-12-17T07:06:57","slug":"shell-jacket","status":"publish","type":"product","link":"https:\/\/mj-clothing.com\/pt\/manufacturer\/shell-jacket\/","title":{"rendered":"Casaco"},"content":{"rendered":"<p data-sourcepos=\"1:1-1:266\">Um blus\u00e3o \u00e9 uma camada exterior leve, imperme\u00e1vel e \u00e0 prova de vento, concebida para o proteger dos elementos. \u00c9 uma pe\u00e7a de vestu\u00e1rio exterior vers\u00e1til que pode ser usada em v\u00e1rias condi\u00e7\u00f5es climat\u00e9ricas, o que a torna uma escolha popular para actividades ao ar livre e para uso di\u00e1rio.<\/p>\n<h3 data-sourcepos=\"3:1-3:35\"><strong>Carater\u00edsticas principais de um casaco de prote\u00e7\u00e3o:<\/strong><\/h3>\n<ul data-sourcepos=\"5:1-9:0\">\n<li data-sourcepos=\"5:1-5:218\"><strong>\u00c0 prova de \u00e1gua e de vento:<\/strong> A principal fun\u00e7\u00e3o de um casaco \u00e9 mant\u00ea-lo seco e protegido do vento. Normalmente, \u00e9 feito de materiais imperme\u00e1veis e respir\u00e1veis, como o Gore-Tex ou tecnologias semelhantes.<\/li>\n<li data-sourcepos=\"6:1-6:155\"><strong>Respirabilidade:<\/strong> Ao mesmo tempo que o mant\u00e9m seco, um bom casaco tamb\u00e9m permite a sa\u00edda do vapor de humidade, evitando que se sinta pegajoso e desconfort\u00e1vel.<\/li>\n<li data-sourcepos=\"7:1-7:97\"><strong>Durabilidade:<\/strong> Os casacos de prote\u00e7\u00e3o s\u00e3o concebidos para resistir a condi\u00e7\u00f5es climat\u00e9ricas adversas e a uma utiliza\u00e7\u00e3o intensiva.<\/li>\n<li data-sourcepos=\"8:1-9:0\"><strong>Capacidade de embalagem:<\/strong> Muitos casacos s\u00e3o leves e podem ser embalados, o que os torna f\u00e1ceis de transportar quando n\u00e3o est\u00e3o a ser utilizados.<\/li>\n<\/ul>\n<h3 data-sourcepos=\"10:1-10:32\"><strong>Como dar um estilo a um blus\u00e3o de malha:<\/strong><\/h3>\n<ul data-sourcepos=\"12:1-15:0\">\n<li data-sourcepos=\"12:1-12:96\"><strong>Casual:<\/strong> Combine-o com cal\u00e7as de ganga, uma t-shirt e t\u00e9nis para um look confort\u00e1vel e funcional.<\/li>\n<li data-sourcepos=\"13:1-13:112\"><strong>Casual inteligente:<\/strong> Coloque-o sobre uma camisola, cal\u00e7as de ganga e uma camisa de bot\u00f5es para obter um conjunto elegante e pr\u00e1tico.<\/li>\n<li data-sourcepos=\"14:1-15:0\"><strong>Actividades ao ar livre:<\/strong> Use-o com cal\u00e7as de caminhada, um velo e botas resistentes para prote\u00e7\u00e3o contra os elementos.<\/li>\n<\/ul>\n<h3 data-sourcepos=\"16:1-16:37\"><strong>Marcas populares para Jaquetas Shell:<\/strong><\/h3>\n<ul data-sourcepos=\"18:1-21:0\">\n<li data-sourcepos=\"18:1-18:58\"><strong>Marcas de exterior:<\/strong> Patag\u00f3nia, The North Face, Arc'teryx<\/li>\n<li data-sourcepos=\"19:1-19:46\"><strong>Marcas t\u00e9cnicas:<\/strong> Gore-Tex, Helly Hansen<\/li>\n<li data-sourcepos=\"20:1-21:0\"><strong>Marcas de estilo de vida:<\/strong> Columbia, Timberland, Jack Wolfskin<\/li>\n<\/ul>","protected":false},"excerpt":{"rendered":"<table style=\"height: 515px;\" width=\"509\">\n<tbody>\n<tr>\n<td width=\"146\"><strong><b>Produto<\/b><\/strong>\u00a0<strong><b>Nome:<\/b><\/strong><\/td>\n<td width=\"601\"><strong>Casaco<\/strong><\/td>\n<\/tr>\n<tr>\n<td width=\"146\"><strong><b>Materlal:<\/b><\/strong><\/td>\n<td width=\"601\">Poli\u00e9ster\/Algod\u00e3o<\/td>\n<\/tr>\n<tr>\n<td width=\"146\"><strong><b>T\u00e9cnica:<\/b><\/strong><\/td>\n<td width=\"601\">Impress\u00e3o e tingimento<\/td>\n<\/tr>\n<tr>\n<td width=\"146\"><strong><b>Estilo:<\/b><\/strong><\/td>\n<td width=\"601\">Casual<\/td>\n<\/tr>\n<tr>\n<td width=\"146\"><strong><b>Cor<\/b><\/strong><strong><b>:<\/b><\/strong><\/td>\n<td width=\"601\">\u00a0Cores personalizadas<\/td>\n<\/tr>\n<tr>\n<td width=\"146\"><strong><b>Tamanho:<\/b><\/strong><\/td>\n<td width=\"601\">S \/M \/L \/XL \/2XL<\/td>\n<\/tr>\n<tr>\n<td width=\"146\"><strong><b>OEM\/ODM:<\/b><\/strong><\/td>\n<td width=\"601\">Aceit\u00e1vel<\/td>\n<\/tr>\n<tr>\n<td width=\"146\"><strong><b>Qualidade:<\/b><\/strong><\/td>\n<td width=\"601\">100% Alta qualidade<\/td>\n<\/tr>\n<tr>\n<td width=\"146\"><strong><b>M<\/b><\/strong><strong><b>OQ:<\/b><\/strong><\/td>\n<td width=\"601\">200 unidades<\/td>\n<\/tr>\n<\/tbody>\n<\/table>","protected":false},"featured_media":1776,"template":"","meta":[],"product_brand":[],"product_cat":[38],"product_tag":[],"class_list":{"0":"post-1774","1":"product","2":"type-product","3":"status-publish","4":"has-post-thumbnail","6":"product_cat-mens-clothing","8":"first","9":"instock","10":"shipping-taxable","11":"product-type-simple"},"_links":{"self":[{"href":"https:\/\/mj-clothing.com\/pt\/wp-json\/wp\/v2\/product\/1774","targetHints":{"allow":["GET"]}}],"collection":[{"href":"https:\/\/mj-clothing.com\/pt\/wp-json\/wp\/v2\/product"}],"about":[{"href":"https:\/\/mj-clothing.com\/pt\/wp-json\/wp\/v2\/types\/product"}],"wp:featuredmedia":[{"embeddable":true,"href":"https:\/\/mj-clothing.com\/pt\/wp-json\/wp\/v2\/media\/1776"}],"wp:attachment":[{"href":"https:\/\/mj-clothing.com\/pt\/wp-json\/wp\/v2\/media?parent=1774"}],"wp:term":[{"taxonomy":"product_brand","embeddable":true,"href":"https:\/\/mj-clothing.com\/pt\/wp-json\/wp\/v2\/product_brand?post=1774"},{"taxonomy":"product_cat","embeddable":true,"href":"https:\/\/mj-clothing.com\/pt\/wp-json\/wp\/v2\/product_cat?post=1774"},{"taxonomy":"product_tag","embeddable":true,"href":"https:\/\/mj-clothing.com\/pt\/wp-json\/wp\/v2\/product_tag?post=1774"}],"curies":[{"name":"wp","href":"https:\/\/api.w.org\/{rel}","templated":true}]}}