{"id":1777,"date":"2024-12-14T03:30:07","date_gmt":"2024-12-14T03:30:07","guid":{"rendered":"https:\/\/mj-clothing.com\/?post_type=product&#038;p=1777"},"modified":"2024-12-17T07:04:15","modified_gmt":"2024-12-17T07:04:15","slug":"cropped-leather-jacket","status":"publish","type":"product","link":"https:\/\/mj-clothing.com\/pt\/manufacturer\/cropped-leather-jacket\/","title":{"rendered":"Casaco de cabedal com corte"},"content":{"rendered":"<p data-sourcepos=\"1:1-1:117\">Um casaco de cabedal curto \u00e9 uma pe\u00e7a elegante e vers\u00e1til que pode elevar qualquer conjunto. Eis porque \u00e9 que pode adorar um:<\/p>\n<h3 data-sourcepos=\"3:1-3:40\"><strong>Porqu\u00ea escolher um casaco de cabedal com corte?<\/strong><\/h3>\n<ul data-sourcepos=\"5:1-9:0\">\n<li data-sourcepos=\"5:1-5:120\"><strong><span class=\"citation-0 recitation\">Na moda e moderno:<\/span><\/strong><span class=\"citation-0 recitation citation-end-0\"> Os casacos cortados s\u00e3o uma tend\u00eancia popular que pode dar um toque contempor\u00e2neo ao seu visual.<\/span><\/li>\n<li data-sourcepos=\"5:1-5:120\"><strong style=\"font-size: 14.4px;\">Estilo vers\u00e1til:<\/strong><span style=\"font-size: 14.4px;\"> Pode ser vestida para cima ou para baixo, o que a torna perfeita para v\u00e1rias ocasi\u00f5es.<\/span><\/li>\n<li data-sourcepos=\"7:1-7:113\"><strong><span class=\"citation-1 recitation\">Ajuste lisonjeiro:<\/span><\/strong><span class=\"citation-1 recitation citation-end-1\"> Um casaco curto pode acentuar a sua cintura e criar uma silhueta lisonjeira.<\/span><\/li>\n<li data-sourcepos=\"7:1-7:113\"><strong style=\"font-size: 14.4px;\">Chique e elegante:<\/strong><span style=\"font-size: 14.4px;\"> O couro confere um toque de robustez e sofistica\u00e7\u00e3o.<\/span><\/li>\n<\/ul>\n<h3 data-sourcepos=\"10:1-10:42\"><strong>Como usar uma jaqueta de couro cortada:<\/strong><\/h3>\n<ul data-sourcepos=\"12:1-15:0\">\n<li data-sourcepos=\"12:1-12:82\"><strong>Casual Chic:<\/strong> Combine-o com cal\u00e7as de ganga, uma t-shirt e t\u00e9nis para um look descontra\u00eddo.<\/li>\n<li data-sourcepos=\"13:1-13:102\"><strong>Casual inteligente:<\/strong> Use-o com uma saia, uma blusa e botins para um conjunto feminino e elegante.<\/li>\n<li data-sourcepos=\"14:1-15:0\"><strong>Look arrojado:<\/strong> Combine-o com cal\u00e7as de cabedal, uma t-shirt gr\u00e1fica e botas para uma vibra\u00e7\u00e3o rock-and-roll.<\/li>\n<\/ul>\n<h3 data-sourcepos=\"16:1-16:47\"><strong>Dicas para escolher um casaco de cabedal curto:<\/strong><\/h3>\n<ul data-sourcepos=\"18:1-22:0\">\n<li data-sourcepos=\"18:1-18:71\"><strong>Em forma:<\/strong> Escolha um casaco que lhe assente bem e que favore\u00e7a a forma do seu corpo.<\/li>\n<li data-sourcepos=\"19:1-19:60\"><strong>Material:<\/strong> Opte por couro de alta qualidade e duradouro.<\/li>\n<li data-sourcepos=\"20:1-20:87\"><strong>Estilo:<\/strong> Considere o seu estilo pessoal e escolha um casaco que reflicta o seu gosto.<\/li>\n<li data-sourcepos=\"21:1-22:0\"><strong>Cor:<\/strong> O preto \u00e9 uma escolha cl\u00e1ssica, mas tamb\u00e9m pode considerar outras cores como o castanho ou o bordeaux.<\/li>\n<\/ul>","protected":false},"excerpt":{"rendered":"<table style=\"height: 523px;\" width=\"508\">\n<tbody>\n<tr>\n<td width=\"146\"><strong><b>Produto<\/b><\/strong>\u00a0<strong><b>Nome:<\/b><\/strong><\/td>\n<td width=\"601\"><strong>Casaco de cabedal com corte<\/strong><\/td>\n<\/tr>\n<tr>\n<td width=\"146\"><strong><b>Materlal:<\/b><\/strong><\/td>\n<td width=\"601\">Poli\u00e9ster\/Algod\u00e3o<\/td>\n<\/tr>\n<tr>\n<td width=\"146\"><strong><b>T\u00e9cnica:<\/b><\/strong><\/td>\n<td width=\"601\">Pele<\/td>\n<\/tr>\n<tr>\n<td width=\"146\"><strong><b>Estilo:<\/b><\/strong><\/td>\n<td width=\"601\">Casual<\/td>\n<\/tr>\n<tr>\n<td width=\"146\"><strong><b>Cor<\/b><\/strong><strong><b>:<\/b><\/strong><\/td>\n<td width=\"601\">\u00a0Cores personalizadas<\/td>\n<\/tr>\n<tr>\n<td width=\"146\"><strong><b>Tamanho:<\/b><\/strong><\/td>\n<td width=\"601\">S \/M \/L \/XL \/2XL<\/td>\n<\/tr>\n<tr>\n<td width=\"146\"><strong><b>OEM\/ODM:<\/b><\/strong><\/td>\n<td width=\"601\">Aceit\u00e1vel<\/td>\n<\/tr>\n<tr>\n<td width=\"146\"><strong><b>Qualidade:<\/b><\/strong><\/td>\n<td width=\"601\">100% Alta qualidade<\/td>\n<\/tr>\n<tr>\n<td width=\"146\"><strong><b>M<\/b><\/strong><strong><b>OQ:<\/b><\/strong><\/td>\n<td width=\"601\">200 unidades<\/td>\n<\/tr>\n<\/tbody>\n<\/table>","protected":false},"featured_media":1781,"template":"","meta":[],"product_brand":[],"product_cat":[38],"product_tag":[],"class_list":{"0":"post-1777","1":"product","2":"type-product","3":"status-publish","4":"has-post-thumbnail","6":"product_cat-mens-clothing","8":"first","9":"instock","10":"shipping-taxable","11":"product-type-simple"},"_links":{"self":[{"href":"https:\/\/mj-clothing.com\/pt\/wp-json\/wp\/v2\/product\/1777","targetHints":{"allow":["GET"]}}],"collection":[{"href":"https:\/\/mj-clothing.com\/pt\/wp-json\/wp\/v2\/product"}],"about":[{"href":"https:\/\/mj-clothing.com\/pt\/wp-json\/wp\/v2\/types\/product"}],"wp:featuredmedia":[{"embeddable":true,"href":"https:\/\/mj-clothing.com\/pt\/wp-json\/wp\/v2\/media\/1781"}],"wp:attachment":[{"href":"https:\/\/mj-clothing.com\/pt\/wp-json\/wp\/v2\/media?parent=1777"}],"wp:term":[{"taxonomy":"product_brand","embeddable":true,"href":"https:\/\/mj-clothing.com\/pt\/wp-json\/wp\/v2\/product_brand?post=1777"},{"taxonomy":"product_cat","embeddable":true,"href":"https:\/\/mj-clothing.com\/pt\/wp-json\/wp\/v2\/product_cat?post=1777"},{"taxonomy":"product_tag","embeddable":true,"href":"https:\/\/mj-clothing.com\/pt\/wp-json\/wp\/v2\/product_tag?post=1777"}],"curies":[{"name":"wp","href":"https:\/\/api.w.org\/{rel}","templated":true}]}}