{"id":1785,"date":"2024-12-14T03:42:50","date_gmt":"2024-12-14T03:42:50","guid":{"rendered":"https:\/\/mj-clothing.com\/?post_type=product&#038;p=1785"},"modified":"2024-12-17T07:02:12","modified_gmt":"2024-12-17T07:02:12","slug":"mens-full-zip-sweater","status":"publish","type":"product","link":"https:\/\/mj-clothing.com\/pt\/manufacturer\/mens-full-zip-sweater\/","title":{"rendered":"Camisola com fecho de correr para homem"},"content":{"rendered":"<p data-sourcepos=\"1:1-1:236\"><span class=\"citation-0 recitation citation-end-0\">Uma camisola com fecho de correr para homem \u00e9 uma pe\u00e7a de vestu\u00e1rio vers\u00e1til que pode ser usada em v\u00e1rias condi\u00e7\u00f5es climat\u00e9ricas e com estilo para diferentes ocasi\u00f5es.<\/span> Constitui uma alternativa confort\u00e1vel e elegante \u00e0 tradicional camisola de malha.<span class=\"button-container hide-from-message-actions ng-star-inserted\"> \u00a0<\/span><\/p>\n<h3><strong style=\"font-size: 14.4px;\">Carater\u00edsticas principais de uma camisola com fecho de correr para homem:<\/strong><\/h3>\n<ul data-sourcepos=\"5:1-9:0\">\n<li data-sourcepos=\"5:1-5:116\"><strong>Fecho com fecho de correr:<\/strong> O design com fecho de correr permite vestir e despir facilmente e pode ser ajustado para regular a temperatura.<\/li>\n<li data-sourcepos=\"6:1-6:127\"><strong>Calor e conforto:<\/strong> <span class=\"citation-1 recitation citation-end-1\">As camisolas com fecho de correr s\u00e3o frequentemente feitas de materiais quentes como a l\u00e3, o velo ou uma mistura de l\u00e3.<\/span><span class=\"button-container hide-from-message-actions ng-star-inserted\">\u00a0 \u00a0<\/span>\n<div class=\"container ng-tns-c2946245707-175 hide\">\n<div class=\"carousel-container ng-tns-c2946245707-175\"><\/div>\n<\/div>\n<\/li>\n<li data-sourcepos=\"7:1-7:134\"><strong>Estilo vers\u00e1til:<\/strong> <span class=\"citation-2 recitation citation-end-2\">Podem ser colocadas por cima de camisas ou usadas sozinhas, dependendo do tempo e do look desejado.<\/span><\/li>\n<li data-sourcepos=\"7:1-7:134\"><strong><span class=\"citation-3 recitation\">Bolsos funcionais:<\/span><\/strong><span class=\"citation-3 recitation citation-end-3\"> Muitas camisolas com fecho de correr t\u00eam bolsos para manter as m\u00e3os quentes ou guardar pequenos objectos.<\/span><span class=\"button-container hide-from-message-actions ng-star-inserted\">\u00a0<\/span>\n<div class=\"container ng-tns-c2946245707-177 hide\">\n<div class=\"carousel-container ng-tns-c2946245707-177\"><\/div>\n<\/div>\n<\/li>\n<\/ul>\n<h2 data-sourcepos=\"10:1-10:42\"><strong>Como usar uma camisola com fecho de correr para homem:<\/strong><\/h2>\n<ul data-sourcepos=\"12:1-15:0\">\n<li data-sourcepos=\"12:1-12:77\"><strong>Casual:<\/strong> Combine-o com cal\u00e7as de ganga, uma t-shirt e t\u00e9nis para um look descontra\u00eddo.<\/li>\n<li data-sourcepos=\"13:1-13:96\"><strong>Casual inteligente:<\/strong> Use-o com cal\u00e7as de ganga, uma camisa de bot\u00f5es e mocassins para um conjunto elegante.<\/li>\n<li data-sourcepos=\"14:1-15:0\"><strong>Actividades ao ar livre:<\/strong> Coloque-o por cima de uma camisola de l\u00e3 ou de um capuz para aumentar o calor durante as aventuras ao ar livre.<\/li>\n<\/ul>\n<h3 data-sourcepos=\"16:1-16:47\"><strong>Marcas populares para Camisola com fecho de correr para homem:<\/strong><\/h3>\n<ul data-sourcepos=\"18:1-21:0\">\n<li data-sourcepos=\"18:1-18:71\"><strong><span class=\"citation-4 recitation\">Marcas de exterior:<\/span><\/strong><span class=\"citation-4 recitation citation-end-4\"> The North Face, Patag\u00f3nia, Arc'teryx<\/span><span class=\"button-container hide-from-message-actions ng-star-inserted\"> \u00a0<\/span><\/li>\n<li data-sourcepos=\"18:1-18:71\"><strong style=\"font-size: 14.4px;\">Marcas de estilo de vida:<\/strong><span style=\"font-size: 14.4px;\"> Ralph Lauren, Tommy Hilfiger, J.Crew<\/span><\/li>\n<li data-sourcepos=\"20:1-21:0\"><strong>Marcas t\u00e9cnicas:<\/strong> Under Armour, Nike, Adidas<\/li>\n<\/ul>\n<p data-sourcepos=\"22:1-22:111\"><strong>Lembre-se de que a chave para escolher uma camisola com fecho de correr \u00e9 ter em conta o material, o ajuste e o seu estilo pessoal.<\/strong><\/p>","protected":false},"excerpt":{"rendered":"<table style=\"height: 424px;\" width=\"509\">\n<tbody>\n<tr>\n<td width=\"146\"><strong><b>Produto<\/b><\/strong>\u00a0<strong><b>Nome:<\/b><\/strong><\/td>\n<td width=\"601\"><strong>Camisola com fecho de correr para homem<\/strong><\/td>\n<\/tr>\n<tr>\n<td width=\"146\"><strong><b>Materlal:<\/b><\/strong><\/td>\n<td width=\"601\">Poli\u00e9ster\/Algod\u00e3o<\/td>\n<\/tr>\n<tr>\n<td width=\"146\"><strong><b>T\u00e9cnica:<\/b><\/strong><\/td>\n<td width=\"601\">Tecer<\/td>\n<\/tr>\n<tr>\n<td width=\"146\"><strong><b>Estilo:<\/b><\/strong><\/td>\n<td width=\"601\">Casual<\/td>\n<\/tr>\n<tr>\n<td width=\"146\"><strong><b>Cor<\/b><\/strong><strong><b>:<\/b><\/strong><\/td>\n<td width=\"601\">\u00a0Cores personalizadas<\/td>\n<\/tr>\n<tr>\n<td width=\"146\"><strong><b>Tamanho:<\/b><\/strong><\/td>\n<td width=\"601\">S \/M \/L \/XL \/2XL<\/td>\n<\/tr>\n<tr>\n<td width=\"146\"><strong><b>OEM\/ODM:<\/b><\/strong><\/td>\n<td width=\"601\">Aceit\u00e1vel<\/td>\n<\/tr>\n<tr>\n<td width=\"146\"><strong><b>Qualidade:<\/b><\/strong><\/td>\n<td width=\"601\">100% Alta qualidade<\/td>\n<\/tr>\n<tr>\n<td width=\"146\"><strong><b>M<\/b><\/strong><strong><b>OQ:<\/b><\/strong><\/td>\n<td width=\"601\">200 unidades<\/td>\n<\/tr>\n<\/tbody>\n<\/table>","protected":false},"featured_media":1790,"template":"","meta":[],"product_brand":[],"product_cat":[38],"product_tag":[],"class_list":{"0":"post-1785","1":"product","2":"type-product","3":"status-publish","4":"has-post-thumbnail","6":"product_cat-mens-clothing","8":"first","9":"instock","10":"shipping-taxable","11":"product-type-simple"},"_links":{"self":[{"href":"https:\/\/mj-clothing.com\/pt\/wp-json\/wp\/v2\/product\/1785","targetHints":{"allow":["GET"]}}],"collection":[{"href":"https:\/\/mj-clothing.com\/pt\/wp-json\/wp\/v2\/product"}],"about":[{"href":"https:\/\/mj-clothing.com\/pt\/wp-json\/wp\/v2\/types\/product"}],"wp:featuredmedia":[{"embeddable":true,"href":"https:\/\/mj-clothing.com\/pt\/wp-json\/wp\/v2\/media\/1790"}],"wp:attachment":[{"href":"https:\/\/mj-clothing.com\/pt\/wp-json\/wp\/v2\/media?parent=1785"}],"wp:term":[{"taxonomy":"product_brand","embeddable":true,"href":"https:\/\/mj-clothing.com\/pt\/wp-json\/wp\/v2\/product_brand?post=1785"},{"taxonomy":"product_cat","embeddable":true,"href":"https:\/\/mj-clothing.com\/pt\/wp-json\/wp\/v2\/product_cat?post=1785"},{"taxonomy":"product_tag","embeddable":true,"href":"https:\/\/mj-clothing.com\/pt\/wp-json\/wp\/v2\/product_tag?post=1785"}],"curies":[{"name":"wp","href":"https:\/\/api.w.org\/{rel}","templated":true}]}}