{"id":1792,"date":"2024-12-14T03:52:01","date_gmt":"2024-12-14T03:52:01","guid":{"rendered":"https:\/\/mj-clothing.com\/?post_type=product&#038;p=1792"},"modified":"2024-12-17T07:00:56","modified_gmt":"2024-12-17T07:00:56","slug":"mens-alpaca-sweater","status":"publish","type":"product","link":"https:\/\/mj-clothing.com\/pt\/manufacturer\/mens-alpaca-sweater\/","title":{"rendered":"Camisola de alpaca para homem"},"content":{"rendered":"<p data-sourcepos=\"1:1-1:198\"><span class=\"citation-0 recitation citation-end-0\">Uma camisola de alpaca para homem \u00e9 uma pe\u00e7a de vestu\u00e1rio luxuosa e quente feita a partir da fibra fina e macia da alpaca, um camel\u00eddeo sul-americano.<\/span> A fibra de alpaca \u00e9 conhecida pelas suas qualidades excepcionais, incluindo<span class=\"button-container hide-from-message-actions ng-star-inserted\"> \u00a0<\/span><\/p>\n<ul data-sourcepos=\"3:1-7:0\">\n<li data-sourcepos=\"3:1-3:89\"><strong><span class=\"citation-1 recitation\">Suavidade:<\/span><\/strong><span class=\"citation-1 recitation citation-end-1\"> A fibra de alpaca \u00e9 incrivelmente macia, muitas vezes mais macia do que a caxemira.<\/span><\/li>\n<li data-sourcepos=\"3:1-3:89\"><span class=\"button-container hide-from-message-actions ng-star-inserted\"><strong style=\"font-size: 14.4px;\">Calor:<\/strong> <span class=\"citation-2 recitation citation-end-2\" style=\"font-size: 14.4px;\">Proporciona um excelente isolamento, mantendo-o quente no tempo frio.<\/span><\/span>\n<div class=\"container ng-tns-c2946245707-269 hide\">\n<div class=\"carousel-container ng-tns-c2946245707-269\"><\/div>\n<\/div>\n<\/li>\n<li data-sourcepos=\"5:1-5:80\"><strong>Durabilidade:<\/strong> <span class=\"citation-3 recitation citation-end-3\">A fibra de alpaca \u00e9 dur\u00e1vel e resistente \u00e0 forma\u00e7\u00e3o de borbotos.<\/span><\/li>\n<li data-sourcepos=\"5:1-5:80\"><span class=\"button-container hide-from-message-actions ng-star-inserted\">\u00a0<\/span><span class=\"button-container hide-from-message-actions ng-star-inserted\"><strong style=\"font-size: 14.4px;\">Hipoalerg\u00e9nico:<\/strong> <span class=\"citation-4 recitation citation-end-4\" style=\"font-size: 14.4px;\">\u00c9 naturalmente hipoalerg\u00e9nico, o que o torna uma \u00f3ptima escolha para quem tem pele sens\u00edvel.<\/span><span class=\"button-container hide-from-message-actions ng-star-inserted\" style=\"font-size: 14.4px;\"> \u00a0<\/span><\/span>\n<div class=\"container ng-tns-c2946245707-271 hide\">\n<div class=\"carousel-container ng-tns-c2946245707-271\"><\/div>\n<\/div>\n<\/li>\n<\/ul>\n<h3 data-sourcepos=\"8:1-8:33\"><strong>Porqu\u00ea escolher uma camisola de alpaca para homem?<\/strong><\/h3>\n<ul data-sourcepos=\"10:1-14:0\">\n<li data-sourcepos=\"10:1-10:93\"><strong>Sensa\u00e7\u00e3o de luxo:<\/strong> A textura macia e sedosa da fibra de alpaca \u00e9 fant\u00e1stica contra a pele.<\/li>\n<li data-sourcepos=\"11:1-11:118\"><strong><span class=\"citation-5 recitation\">Calor excecional:<\/span><\/strong><span class=\"citation-5 recitation citation-end-5\"> As camisolas de alpaca s\u00e3o perfeitas para o tempo frio, mantendo-o aconchegado e confort\u00e1vel.<\/span><\/li>\n<li data-sourcepos=\"11:1-11:118\"><strong style=\"font-size: 14.4px;\">Estilo e eleg\u00e2ncia:<\/strong><span style=\"font-size: 14.4px;\"> As camisolas de alpaca podem elevar qualquer roupa, acrescentando um toque de sofistica\u00e7\u00e3o.<\/span><\/li>\n<li data-sourcepos=\"13:1-14:0\"><strong><span class=\"citation-6 recitation\">\u00c9tico e sustent\u00e1vel:<\/span><\/strong><span class=\"citation-6 recitation citation-end-6\"> A cria\u00e7\u00e3o de alpacas \u00e9 frequentemente considerada mais humana e ecol\u00f3gica do que a cria\u00e7\u00e3o de ovelhas.<\/span><span class=\"button-container hide-from-message-actions ng-star-inserted\">\u00a0 \u00a0<\/span>\n<div class=\"container ng-tns-c2946245707-273 hide\">\n<div class=\"carousel-container ng-tns-c2946245707-273\"><\/div>\n<\/div>\n<\/li>\n<\/ul>\n<h3 data-sourcepos=\"15:1-15:35\"><strong>Como usar uma camisola de alpaca para homem:<\/strong><\/h3>\n<ul data-sourcepos=\"17:1-20:0\">\n<li data-sourcepos=\"17:1-17:77\"><strong>Casual:<\/strong> Combine-o com cal\u00e7as de ganga, uma t-shirt e t\u00e9nis para um look descontra\u00eddo.<\/li>\n<li data-sourcepos=\"18:1-18:96\"><strong>Casual inteligente:<\/strong> Use-o com cal\u00e7as de ganga, uma camisa de bot\u00f5es e mocassins para um conjunto elegante.<\/li>\n<li data-sourcepos=\"19:1-20:0\"><strong>Formal:<\/strong> Coloque-a sobre uma camisa e uma gravata para um look sofisticado.<\/li>\n<\/ul>\n<p data-sourcepos=\"21:1-21:40\"><strong>Onde encontrar camisolas de alpaca para homem:<\/strong><\/p>\n<ul data-sourcepos=\"23:1-26:0\">\n<li data-sourcepos=\"23:1-23:116\"><strong><span class=\"citation-7 recitation\">Retalhistas online:<\/span><\/strong><span class=\"citation-7 recitation citation-end-7\"> A Amazon, a Etsy e outros retalhistas online oferecem uma vasta gama de camisolas de alpaca.<\/span><\/li>\n<li data-sourcepos=\"23:1-23:116\"><strong style=\"font-size: 14.4px;\">Lojas de departamentos:<\/strong><span style=\"font-size: 14.4px;\"> Os grandes armaz\u00e9ns de luxo vendem frequentemente camisolas de alpaca de marcas de luxo.<\/span><\/li>\n<li data-sourcepos=\"25:1-26:0\"><strong>Lojas especializadas:<\/strong> Procure lojas especializadas em fibras de luxo e moda sustent\u00e1vel.<\/li>\n<\/ul>\n<p data-sourcepos=\"27:1-27:223\"><strong>Lembra-te:<\/strong> Ao comprar uma camisola de alpaca, procure fibras de alta qualidade e de origem \u00e9tica. Tenha tamb\u00e9m em conta o peso e a espessura da camisola, uma vez que isso afectar\u00e1 o seu calor e a sua adequa\u00e7\u00e3o a diferentes climas.<\/p>","protected":false},"excerpt":{"rendered":"<table style=\"height: 483px;\" width=\"499\">\n<tbody>\n<tr>\n<td width=\"146\"><strong><b>Produto<\/b><\/strong>\u00a0<strong><b>Nome:<\/b><\/strong><\/td>\n<td width=\"601\"><strong>Camisola de alpaca para homem<\/strong><\/td>\n<\/tr>\n<tr>\n<td width=\"146\"><strong><b>Materlal:<\/b><\/strong><\/td>\n<td width=\"601\">Poli\u00e9ster\/Algod\u00e3o<\/td>\n<\/tr>\n<tr>\n<td width=\"146\"><strong><b>T\u00e9cnica:<\/b><\/strong><\/td>\n<td width=\"601\">Tecer<\/td>\n<\/tr>\n<tr>\n<td width=\"146\"><strong><b>Estilo:<\/b><\/strong><\/td>\n<td width=\"601\">Casual<\/td>\n<\/tr>\n<tr>\n<td width=\"146\"><strong><b>Cor<\/b><\/strong><strong><b>:<\/b><\/strong><\/td>\n<td width=\"601\">\u00a0Cores personalizadas<\/td>\n<\/tr>\n<tr>\n<td width=\"146\"><strong><b>Tamanho:<\/b><\/strong><\/td>\n<td width=\"601\">S \/M \/L \/XL \/2XL<\/td>\n<\/tr>\n<tr>\n<td width=\"146\"><strong><b>OEM\/ODM:<\/b><\/strong><\/td>\n<td width=\"601\">Aceit\u00e1vel<\/td>\n<\/tr>\n<tr>\n<td width=\"146\"><strong><b>Qualidade:<\/b><\/strong><\/td>\n<td width=\"601\">100% Alta qualidade<\/td>\n<\/tr>\n<tr>\n<td width=\"146\"><strong><b>M<\/b><\/strong><strong><b>OQ:<\/b><\/strong><\/td>\n<td width=\"601\">200 unidades<\/td>\n<\/tr>\n<\/tbody>\n<\/table>","protected":false},"featured_media":1793,"template":"","meta":[],"product_brand":[],"product_cat":[38],"product_tag":[],"class_list":{"0":"post-1792","1":"product","2":"type-product","3":"status-publish","4":"has-post-thumbnail","6":"product_cat-mens-clothing","8":"first","9":"instock","10":"shipping-taxable","11":"product-type-simple"},"_links":{"self":[{"href":"https:\/\/mj-clothing.com\/pt\/wp-json\/wp\/v2\/product\/1792","targetHints":{"allow":["GET"]}}],"collection":[{"href":"https:\/\/mj-clothing.com\/pt\/wp-json\/wp\/v2\/product"}],"about":[{"href":"https:\/\/mj-clothing.com\/pt\/wp-json\/wp\/v2\/types\/product"}],"wp:featuredmedia":[{"embeddable":true,"href":"https:\/\/mj-clothing.com\/pt\/wp-json\/wp\/v2\/media\/1793"}],"wp:attachment":[{"href":"https:\/\/mj-clothing.com\/pt\/wp-json\/wp\/v2\/media?parent=1792"}],"wp:term":[{"taxonomy":"product_brand","embeddable":true,"href":"https:\/\/mj-clothing.com\/pt\/wp-json\/wp\/v2\/product_brand?post=1792"},{"taxonomy":"product_cat","embeddable":true,"href":"https:\/\/mj-clothing.com\/pt\/wp-json\/wp\/v2\/product_cat?post=1792"},{"taxonomy":"product_tag","embeddable":true,"href":"https:\/\/mj-clothing.com\/pt\/wp-json\/wp\/v2\/product_tag?post=1792"}],"curies":[{"name":"wp","href":"https:\/\/api.w.org\/{rel}","templated":true}]}}