{"id":1802,"date":"2024-12-14T06:48:03","date_gmt":"2024-12-14T06:48:03","guid":{"rendered":"https:\/\/mj-clothing.com\/?post_type=product&#038;p=1802"},"modified":"2024-12-17T06:59:40","modified_gmt":"2024-12-17T06:59:40","slug":"mens-mohair-sweater","status":"publish","type":"product","link":"https:\/\/mj-clothing.com\/pt\/manufacturer\/mens-mohair-sweater\/","title":{"rendered":"Camisola de mohair para homem"},"content":{"rendered":"<h2 data-sourcepos=\"1:1-1:44\">Camisolas de mohair para homem: Uma escolha luxuosa<\/h2>\n<p data-sourcepos=\"3:1-3:167\"><span class=\"citation-0 recitation citation-end-0\">Uma camisola de mohair para homem \u00e9 uma pe\u00e7a de vestu\u00e1rio luxuosa feita a partir da fibra fina e macia da cabra angor\u00e1.<\/span> O mohair \u00e9 conhecido pelas suas qualidades excepcionais, nomeadamente<span class=\"button-container hide-from-message-actions ng-star-inserted\">\u00a0<\/span><\/p>\n<div class=\"container ng-tns-c2946245707-308 hide\">\n<div class=\"carousel-container ng-tns-c2946245707-308\">\n<div class=\"carousel-content ng-tns-c2946245707-308\">\n<div class=\"sources-carousel-source ng-tns-c2946245707-308 hide ng-star-inserted\" data-test-id=\"sources-carousel-source\"><\/div>\n<\/div>\n<\/div>\n<\/div>\n<ul data-sourcepos=\"5:1-9:0\">\n<li data-sourcepos=\"5:1-5:70\"><strong>Suavidade:<\/strong> O mohair \u00e9 incrivelmente macio, muitas vezes mais macio do que a caxemira.<\/li>\n<li data-sourcepos=\"6:1-6:94\"><strong>Calor:<\/strong> <span class=\"citation-1 recitation citation-end-1\">Proporciona um excelente isolamento, mantendo-o quente no tempo frio.<\/span><span class=\"button-container hide-from-message-actions ng-star-inserted\"> \u00a0<\/span><\/li>\n<li data-sourcepos=\"6:1-6:94\"><span class=\"button-container hide-from-message-actions ng-star-inserted\"><strong style=\"font-size: 14.4px;\"><span class=\"citation-2 recitation\">Durabilidade:<\/span><\/strong><span class=\"citation-2 recitation citation-end-2\" style=\"font-size: 14.4px;\"> O mohair \u00e9 dur\u00e1vel e resistente \u00e0 forma\u00e7\u00e3o de borbotos.<\/span><\/span>\n<div class=\"container ng-tns-c2946245707-310 hide\">\n<div class=\"carousel-container ng-tns-c2946245707-310\"><\/div>\n<\/div>\n<\/li>\n<li data-sourcepos=\"8:1-9:0\"><strong><span class=\"citation-3 recitation\">Brilho:<\/span><\/strong><span class=\"citation-3 recitation citation-end-3\"> O mohair tem um brilho natural que lhe confere um brilho \u00fanico.<\/span>\n<div class=\"container ng-tns-c2946245707-311 hide\">\n<div class=\"carousel-container ng-tns-c2946245707-311\"><\/div>\n<\/div>\n<\/li>\n<\/ul>\n<h3 data-sourcepos=\"10:1-10:32\"><strong>Porqu\u00ea escolher uma camisola de mohair para homem?<\/strong><\/h3>\n<ul data-sourcepos=\"12:1-16:0\">\n<li data-sourcepos=\"12:1-12:93\"><strong>Sensa\u00e7\u00e3o de luxo:<\/strong> A textura macia e sedosa da fibra de mohair \u00e9 fant\u00e1stica contra a pele.<\/li>\n<li data-sourcepos=\"13:1-13:118\"><strong><span class=\"citation-4 recitation\">Calor excecional:<\/span><\/strong><span class=\"citation-4 recitation citation-end-4\"> As camisolas de mohair s\u00e3o perfeitas para o tempo frio, mantendo-o aconchegado e confort\u00e1vel.<\/span><span class=\"button-container hide-from-message-actions ng-star-inserted\">\u00a0<\/span>\n<div class=\"container ng-tns-c2946245707-312 hide\">\n<div class=\"carousel-container ng-tns-c2946245707-312\"><\/div>\n<\/div>\n<\/li>\n<li data-sourcepos=\"14:1-14:99\"><strong>Estilo e eleg\u00e2ncia:<\/strong> As camisolas de mohair podem elevar qualquer roupa, acrescentando um toque de sofistica\u00e7\u00e3o.<\/li>\n<li data-sourcepos=\"15:1-16:0\"><strong>Textura \u00fanica:<\/strong> A textura \u00fanica do mohair acrescenta interesse visual ao seu guarda-roupa.<\/li>\n<\/ul>\n<h3 data-sourcepos=\"17:1-17:34\"><strong>Como usar uma camisola de mohair:<\/strong><\/h3>\n<ul data-sourcepos=\"19:1-22:0\">\n<li data-sourcepos=\"19:1-19:77\"><strong>Casual:<\/strong> Combine-o com cal\u00e7as de ganga, uma t-shirt e t\u00e9nis para um look descontra\u00eddo.<\/li>\n<li data-sourcepos=\"20:1-20:96\"><strong>Casual inteligente:<\/strong> Use-o com cal\u00e7as de ganga, uma camisa de bot\u00f5es e mocassins para um conjunto elegante.<\/li>\n<li data-sourcepos=\"21:1-22:0\"><strong>Formal:<\/strong> Coloque-a sobre uma camisa e uma gravata para um look sofisticado.<\/li>\n<\/ul>\n<h3 data-sourcepos=\"23:1-23:40\"><strong>Onde encontrar camisolas de mohair para homem:<\/strong><\/h3>\n<ul data-sourcepos=\"25:1-28:0\">\n<li data-sourcepos=\"25:1-25:90\"><strong>Grandes armaz\u00e9ns de luxo:<\/strong> Procure marcas de luxo especializadas em malhas finas.<\/li>\n<li data-sourcepos=\"26:1-26:130\"><strong><span class=\"citation-5 recitation\">Retalhistas online:<\/span><\/strong><span class=\"citation-5 recitation citation-end-5\"> Sites como a Amazon, Etsy e outros retalhistas online oferecem uma vasta gama de camisolas de mohair.<\/span>\n<div class=\"container ng-tns-c2946245707-313 hide\">\n<div class=\"carousel-container ng-tns-c2946245707-313\"><\/div>\n<\/div>\n<\/li>\n<li data-sourcepos=\"27:1-28:0\"><strong>Lojas especializadas:<\/strong> As lojas especializadas em fibras de luxo e moda sustent\u00e1vel podem ter camisolas de mohair.<\/li>\n<\/ul>\n<p data-sourcepos=\"29:1-29:222\"><strong>Lembra-te:<\/strong> Ao comprar uma camisola de mohair, procure uma fibra de alta qualidade e de origem \u00e9tica. Al\u00e9m disso, tenha em conta o peso e a espessura da camisola, uma vez que isso afectar\u00e1 o seu calor e adequa\u00e7\u00e3o a diferentes climas.<\/p>","protected":false},"excerpt":{"rendered":"<table style=\"height: 484px;\" width=\"506\">\n<tbody>\n<tr>\n<td width=\"146\"><strong><b>Produto<\/b><\/strong>\u00a0<strong><b>Nome:<\/b><\/strong><\/td>\n<td width=\"601\"><strong>Camisola de mohair para homem<\/strong><\/td>\n<\/tr>\n<tr>\n<td width=\"146\"><strong><b>Materlal:<\/b><\/strong><\/td>\n<td width=\"601\">Poli\u00e9ster\/Algod\u00e3o<\/td>\n<\/tr>\n<tr>\n<td width=\"146\"><strong><b>T\u00e9cnica:<\/b><\/strong><\/td>\n<td width=\"601\">Tecer<\/td>\n<\/tr>\n<tr>\n<td width=\"146\"><strong><b>Estilo:<\/b><\/strong><\/td>\n<td width=\"601\">Casual<\/td>\n<\/tr>\n<tr>\n<td width=\"146\"><strong><b>Cor<\/b><\/strong><strong><b>:<\/b><\/strong><\/td>\n<td width=\"601\">\u00a0Cores personalizadas<\/td>\n<\/tr>\n<tr>\n<td width=\"146\"><strong><b>Tamanho:<\/b><\/strong><\/td>\n<td width=\"601\">S \/M \/L \/XL \/2XL<\/td>\n<\/tr>\n<tr>\n<td width=\"146\"><strong><b>OEM\/ODM:<\/b><\/strong><\/td>\n<td width=\"601\">Aceit\u00e1vel<\/td>\n<\/tr>\n<tr>\n<td width=\"146\"><strong><b>Qualidade:<\/b><\/strong><\/td>\n<td width=\"601\">100% Alta qualidade<\/td>\n<\/tr>\n<tr>\n<td width=\"146\"><strong><b>M<\/b><\/strong><strong><b>OQ:<\/b><\/strong><\/td>\n<td width=\"601\">200 unidades<\/td>\n<\/tr>\n<\/tbody>\n<\/table>","protected":false},"featured_media":1803,"template":"","meta":[],"product_brand":[],"product_cat":[38],"product_tag":[],"class_list":{"0":"post-1802","1":"product","2":"type-product","3":"status-publish","4":"has-post-thumbnail","6":"product_cat-mens-clothing","8":"first","9":"instock","10":"shipping-taxable","11":"product-type-simple"},"_links":{"self":[{"href":"https:\/\/mj-clothing.com\/pt\/wp-json\/wp\/v2\/product\/1802","targetHints":{"allow":["GET"]}}],"collection":[{"href":"https:\/\/mj-clothing.com\/pt\/wp-json\/wp\/v2\/product"}],"about":[{"href":"https:\/\/mj-clothing.com\/pt\/wp-json\/wp\/v2\/types\/product"}],"wp:featuredmedia":[{"embeddable":true,"href":"https:\/\/mj-clothing.com\/pt\/wp-json\/wp\/v2\/media\/1803"}],"wp:attachment":[{"href":"https:\/\/mj-clothing.com\/pt\/wp-json\/wp\/v2\/media?parent=1802"}],"wp:term":[{"taxonomy":"product_brand","embeddable":true,"href":"https:\/\/mj-clothing.com\/pt\/wp-json\/wp\/v2\/product_brand?post=1802"},{"taxonomy":"product_cat","embeddable":true,"href":"https:\/\/mj-clothing.com\/pt\/wp-json\/wp\/v2\/product_cat?post=1802"},{"taxonomy":"product_tag","embeddable":true,"href":"https:\/\/mj-clothing.com\/pt\/wp-json\/wp\/v2\/product_tag?post=1802"}],"curies":[{"name":"wp","href":"https:\/\/api.w.org\/{rel}","templated":true}]}}