{"id":1804,"date":"2024-12-14T06:55:24","date_gmt":"2024-12-14T06:55:24","guid":{"rendered":"https:\/\/mj-clothing.com\/?post_type=product&#038;p=1804"},"modified":"2024-12-17T06:56:31","modified_gmt":"2024-12-17T06:56:31","slug":"mens-cashmere-sweater","status":"publish","type":"product","link":"https:\/\/mj-clothing.com\/pt\/manufacturer\/mens-cashmere-sweater\/","title":{"rendered":"Camisola de caxemira para homem"},"content":{"rendered":"<p data-sourcepos=\"1:1-1:177\"><span class=\"citation-0 recitation citation-end-0\">Uma camisola de caxemira para homem \u00e9 uma pe\u00e7a de vestu\u00e1rio luxuosa e intemporal que oferece um conforto e um calor inigual\u00e1veis.<\/span> Eis por que raz\u00e3o deve considerar investir num:<span class=\"button-container hide-from-message-actions ng-star-inserted\"> \u00a0<\/span><\/p>\n<div class=\"container ng-tns-c2946245707-329 hide\">\n<div class=\"carousel-container ng-tns-c2946245707-329\">\n<div class=\"carousel-content ng-tns-c2946245707-329\">\n<div class=\"sources-carousel-source ng-tns-c2946245707-329 hide ng-star-inserted\" data-test-id=\"sources-carousel-source\"><\/div>\n<\/div>\n<\/div>\n<\/div>\n<h3 data-sourcepos=\"3:1-3:34\"><strong>Porqu\u00ea escolher uma camisola de caxemira para homem?<\/strong><\/h3>\n<ul data-sourcepos=\"5:1-9:0\">\n<li data-sourcepos=\"5:1-5:124\"><strong><span class=\"citation-1 recitation\">Suavidade excecional:<\/span><\/strong><span class=\"citation-1 recitation citation-end-1\"> A caxemira \u00e9 conhecida pela sua textura incrivelmente suave, o que a torna muito agrad\u00e1vel de usar.<\/span><\/li>\n<li data-sourcepos=\"5:1-5:124\"><span class=\"button-container hide-from-message-actions ng-star-inserted\"><strong style=\"font-size: 14.4px;\"><span class=\"citation-2 recitation\">Calor superior:<\/span><\/strong><span class=\"citation-2 recitation citation-end-2\" style=\"font-size: 14.4px;\"> Apesar da sua natureza leve, a caxemira proporciona um excelente isolamento, mantendo-o quente no tempo frio.<\/span><\/span>\n<div class=\"container ng-tns-c2946245707-331 hide\">\n<div class=\"carousel-container ng-tns-c2946245707-331\"><\/div>\n<\/div>\n<\/li>\n<li data-sourcepos=\"7:1-7:122\"><strong>Durabilidade:<\/strong> <span class=\"citation-3 recitation citation-end-3\">A caxemira de alta qualidade \u00e9 surpreendentemente dur\u00e1vel e pode durar muitos anos com os cuidados adequados.<\/span><span class=\"button-container hide-from-message-actions ng-star-inserted\">\u00a0<\/span>\n<div class=\"container ng-tns-c2946245707-332 hide\">\n<div class=\"carousel-container ng-tns-c2946245707-332\"><\/div>\n<\/div>\n<\/li>\n<li data-sourcepos=\"8:1-9:0\"><strong><span class=\"citation-4 recitation\">Hipoalerg\u00e9nico:<\/span><\/strong><span class=\"citation-4 recitation citation-end-4\"> A caxemira \u00e9 hipoalerg\u00e9nica, o que a torna adequada para pessoas com pele sens\u00edvel.<\/span><span class=\"button-container hide-from-message-actions ng-star-inserted\">\u00a0<\/span>\n<div class=\"container ng-tns-c2946245707-333 hide\">\n<div class=\"carousel-container ng-tns-c2946245707-333\">\n<div class=\"carousel-content ng-tns-c2946245707-333\">\n<div class=\"sources-carousel-source ng-tns-c2946245707-333 hide ng-star-inserted\" data-test-id=\"sources-carousel-source\"><\/div>\n<\/div>\n<\/div>\n<\/div>\n<\/li>\n<\/ul>\n<h3 data-sourcepos=\"10:1-10:36\"><strong>Como usar uma camisola de caxemira para homem:<\/strong><\/h3>\n<ul data-sourcepos=\"12:1-15:0\">\n<li data-sourcepos=\"12:1-12:77\">\n<h3><strong>Casual:<\/strong> Combine-o com cal\u00e7as de ganga, uma t-shirt e t\u00e9nis para um look descontra\u00eddo.<\/h3>\n<\/li>\n<li data-sourcepos=\"13:1-13:96\"><strong>Casual inteligente:<\/strong> Use-o com cal\u00e7as de ganga, uma camisa de bot\u00f5es e mocassins para um conjunto elegante.<\/li>\n<li data-sourcepos=\"14:1-15:0\"><strong>Formal:<\/strong> Coloque-a sobre uma camisa e uma gravata para um look sofisticado.<\/li>\n<\/ul>\n<h3 data-sourcepos=\"16:1-16:42\"><strong>Onde encontrar camisolas de caxemira para homem:<\/strong><\/h3>\n<ul data-sourcepos=\"18:1-21:0\">\n<li data-sourcepos=\"18:1-18:90\"><strong>Grandes armaz\u00e9ns de luxo:<\/strong> Procure marcas de luxo especializadas em malhas finas.<\/li>\n<li data-sourcepos=\"19:1-19:132\"><strong><span class=\"citation-5 recitation\">Retalhistas online:<\/span><\/strong><span class=\"citation-5 recitation citation-end-5\"> Sites como a Amazon, Etsy e outros retalhistas online oferecem uma vasta gama de camisolas de caxemira.<\/span><\/li>\n<li data-sourcepos=\"19:1-19:132\"><strong style=\"font-size: 14.4px;\">Lojas especializadas:<\/strong><span style=\"font-size: 14.4px;\"> As lojas especializadas em fibras de luxo e moda sustent\u00e1vel podem ter camisolas de caxemira.<\/span><\/li>\n<\/ul>\n<h3 data-sourcepos=\"22:1-22:41\"><strong>Dicas para escolher uma camisola de caxemira para homem:<\/strong><\/h3>\n<ul data-sourcepos=\"24:1-28:0\">\n<li data-sourcepos=\"24:1-24:94\"><strong>Qualidade:<\/strong> Procure uma caxemira de alta qualidade que seja macia, suave e sem imperfei\u00e7\u00f5es.<\/li>\n<li data-sourcepos=\"25:1-25:95\"><strong>Peso:<\/strong> Considere o peso da camisola, uma vez que as camisolas mais pesadas proporcionar\u00e3o mais calor.<\/li>\n<li data-sourcepos=\"26:1-26:72\"><strong>Em forma:<\/strong> Escolha uma camisola que lhe assente bem e que favore\u00e7a a forma do seu corpo.<\/li>\n<li data-sourcepos=\"27:1-28:0\"><strong>Estilo:<\/strong> Selecione um estilo que se adeq\u00fae ao seu gosto pessoal, quer seja uma gola redonda, um decote em V ou uma gola alta.<\/li>\n<\/ul>\n<h4 data-sourcepos=\"29:1-29:37\"><strong>Cuidar da sua camisola de caxemira:<\/strong><\/h4>\n<ul data-sourcepos=\"31:1-34:0\">\n<li data-sourcepos=\"31:1-31:50\">Lavar \u00e0 m\u00e3o em \u00e1gua fria com um detergente suave.<\/li>\n<li data-sourcepos=\"32:1-32:31\">Secar na horizontal para evitar que se estique.<\/li>\n<li data-sourcepos=\"33:1-34:0\">Conservar em local fresco e seco, afastado da luz solar direta.<\/li>\n<\/ul>\n<p data-sourcepos=\"35:1-35:144\">Ao investir numa camisola de caxemira de alta qualidade, n\u00e3o est\u00e1 apenas a adquirir uma pe\u00e7a de vestu\u00e1rio elegante e confort\u00e1vel, mas tamb\u00e9m uma pe\u00e7a de luxo intemporal.<\/p>\n<div class=\"attachment-container search-images\">\n<div class=\"image-container hide-from-message-actions ng-star-inserted\">\n<div class=\"overlay-container ng-star-inserted\"><\/div>\n<\/div>\n<\/div>","protected":false},"excerpt":{"rendered":"<table style=\"height: 529px;\" width=\"500\">\n<tbody>\n<tr>\n<td width=\"146\"><strong><b>Produto<\/b><\/strong>\u00a0<strong><b>Nome:<\/b><\/strong><\/td>\n<td width=\"601\"><strong>Camisola de caxemira para homem<\/strong><\/td>\n<\/tr>\n<tr>\n<td width=\"146\"><strong><b>Materlal:<\/b><\/strong><\/td>\n<td width=\"601\">Poli\u00e9ster\/Algod\u00e3o<\/td>\n<\/tr>\n<tr>\n<td width=\"146\"><strong><b>T\u00e9cnica:<\/b><\/strong><\/td>\n<td width=\"601\">Tecer<\/td>\n<\/tr>\n<tr>\n<td width=\"146\"><strong><b>Estilo:<\/b><\/strong><\/td>\n<td width=\"601\">Casual<\/td>\n<\/tr>\n<tr>\n<td width=\"146\"><strong><b>Cor<\/b><\/strong><strong><b>:<\/b><\/strong><\/td>\n<td width=\"601\">\u00a0Cores personalizadas<\/td>\n<\/tr>\n<tr>\n<td width=\"146\"><strong><b>Tamanho:<\/b><\/strong><\/td>\n<td width=\"601\">S \/M \/L \/XL \/2XL<\/td>\n<\/tr>\n<tr>\n<td width=\"146\"><strong><b>OEM\/ODM:<\/b><\/strong><\/td>\n<td width=\"601\">Aceit\u00e1vel<\/td>\n<\/tr>\n<tr>\n<td width=\"146\"><strong><b>Qualidade:<\/b><\/strong><\/td>\n<td width=\"601\">100% Alta qualidade<\/td>\n<\/tr>\n<tr>\n<td width=\"146\"><strong><b>M<\/b><\/strong><strong><b>OQ:<\/b><\/strong><\/td>\n<td width=\"601\">200 unidades<\/td>\n<\/tr>\n<\/tbody>\n<\/table>","protected":false},"featured_media":1805,"template":"","meta":[],"product_brand":[],"product_cat":[38],"product_tag":[],"class_list":{"0":"post-1804","1":"product","2":"type-product","3":"status-publish","4":"has-post-thumbnail","6":"product_cat-mens-clothing","8":"first","9":"instock","10":"shipping-taxable","11":"product-type-simple"},"_links":{"self":[{"href":"https:\/\/mj-clothing.com\/pt\/wp-json\/wp\/v2\/product\/1804","targetHints":{"allow":["GET"]}}],"collection":[{"href":"https:\/\/mj-clothing.com\/pt\/wp-json\/wp\/v2\/product"}],"about":[{"href":"https:\/\/mj-clothing.com\/pt\/wp-json\/wp\/v2\/types\/product"}],"wp:featuredmedia":[{"embeddable":true,"href":"https:\/\/mj-clothing.com\/pt\/wp-json\/wp\/v2\/media\/1805"}],"wp:attachment":[{"href":"https:\/\/mj-clothing.com\/pt\/wp-json\/wp\/v2\/media?parent=1804"}],"wp:term":[{"taxonomy":"product_brand","embeddable":true,"href":"https:\/\/mj-clothing.com\/pt\/wp-json\/wp\/v2\/product_brand?post=1804"},{"taxonomy":"product_cat","embeddable":true,"href":"https:\/\/mj-clothing.com\/pt\/wp-json\/wp\/v2\/product_cat?post=1804"},{"taxonomy":"product_tag","embeddable":true,"href":"https:\/\/mj-clothing.com\/pt\/wp-json\/wp\/v2\/product_tag?post=1804"}],"curies":[{"name":"wp","href":"https:\/\/api.w.org\/{rel}","templated":true}]}}