{"id":1806,"date":"2024-12-14T06:59:55","date_gmt":"2024-12-14T06:59:55","guid":{"rendered":"https:\/\/mj-clothing.com\/?post_type=product&#038;p=1806"},"modified":"2024-12-17T06:54:59","modified_gmt":"2024-12-17T06:54:59","slug":"mens-slim-fit-sweater","status":"publish","type":"product","link":"https:\/\/mj-clothing.com\/pt\/manufacturer\/mens-slim-fit-sweater\/","title":{"rendered":"Camisola de corte justo para homem"},"content":{"rendered":"<p data-sourcepos=\"1:1-1:224\"><span class=\"citation-0 recitation citation-end-0\">Uma camisola slim fit para homem \u00e9 uma pe\u00e7a de vestu\u00e1rio vers\u00e1til que oferece um visual elegante e moderno.<\/span> <span class=\"citation-1 recitation citation-end-1\">Foi concebido para se ajustar mais perto do corpo, acentuando o seu f\u00edsico e proporcionando conforto e calor.<\/span><\/p>\n<h3 data-sourcepos=\"1:1-1:224\"><strong>\u00a0 \u00a0 Porqu\u00ea escolher uma camisola de corte justo para homem?<\/strong><\/h3>\n<ul data-sourcepos=\"5:1-9:0\">\n<li data-sourcepos=\"5:1-5:95\"><strong><span class=\"citation-2 recitation\">Elegante e moderno:<\/span><\/strong><span class=\"citation-2 recitation citation-end-2\"> Uma camisola de corte justo oferece um visual contempor\u00e2neo e elegante.<\/span>\n<div class=\"container ng-tns-c2946245707-350 hide\">\n<div class=\"carousel-container ng-tns-c2946245707-350\"><\/div>\n<\/div>\n<\/li>\n<li data-sourcepos=\"6:1-6:103\"><strong>Ajuste lisonjeiro:<\/strong> Pode ajudar a acentuar o seu f\u00edsico e a criar uma silhueta mais aerodin\u00e2mica.<\/li>\n<li data-sourcepos=\"7:1-7:89\"><strong>Versatilidade:<\/strong> Pode ser vestida para cima ou para baixo, o que a torna perfeita para v\u00e1rias ocasi\u00f5es.<\/li>\n<li data-sourcepos=\"8:1-9:0\"><strong>Conforto:<\/strong> Apesar do estilo justo, uma camisola slim fit bem feita pode ser incrivelmente confort\u00e1vel.<\/li>\n<\/ul>\n<h3 data-sourcepos=\"10:1-10:36\"><strong>Como usar uma camisola de corte justo para homem:<\/strong><\/h3>\n<ul data-sourcepos=\"12:1-15:0\">\n<li data-sourcepos=\"12:1-12:77\"><strong>Casual:<\/strong> Combine-o com cal\u00e7as de ganga, uma t-shirt e t\u00e9nis para um look descontra\u00eddo.<\/li>\n<li data-sourcepos=\"13:1-13:96\"><strong>Casual inteligente:<\/strong> Use-o com cal\u00e7as de ganga, uma camisa de bot\u00f5es e mocassins para um conjunto elegante.<\/li>\n<li data-sourcepos=\"14:1-15:0\"><strong>Formal:<\/strong> Coloque-a sobre uma camisa e uma gravata para um look sofisticado.<\/li>\n<\/ul>\n<h3 data-sourcepos=\"16:1-16:41\"><strong>Dicas para escolher uma camisola de corte justo para homem:<\/strong><\/h3>\n<ul data-sourcepos=\"18:1-22:0\">\n<li data-sourcepos=\"18:1-18:164\"><strong>Material:<\/strong> Considere o material, uma vez que este afectar\u00e1 o calor, o conforto e a durabilidade da camisola. <span class=\"citation-3 recitation citation-end-3\">A l\u00e3, a caxemira e o algod\u00e3o s\u00e3o escolhas populares.<\/span><\/li>\n<li data-sourcepos=\"18:1-18:164\"><strong style=\"font-size: 14.4px;\">Em forma:<\/strong><span style=\"font-size: 14.4px;\"> Certifique-se de que a camisola fica bem sem estar demasiado apertada ou demasiado larga.<\/span><\/li>\n<li data-sourcepos=\"20:1-20:103\"><strong>Estilo:<\/strong> Escolha um estilo que se adeq\u00fae ao seu gosto pessoal, como uma gola redonda, uma gola em V ou uma gola alta.<\/li>\n<li data-sourcepos=\"21:1-22:0\"><strong>Cor:<\/strong> Considere a cor e o padr\u00e3o da camisola para complementar o seu guarda-roupa.<\/li>\n<\/ul>\n<p data-sourcepos=\"23:1-23:96\"><strong>Lembra-te:<\/strong> Uma camisola de corte justo bem ajustada pode elevar o seu estilo e dar-lhe o melhor aspeto.<\/p>","protected":false},"excerpt":{"rendered":"<table style=\"height: 520px;\" width=\"518\">\n<tbody>\n<tr>\n<td width=\"146\"><strong><b>Produto<\/b><\/strong>\u00a0<strong><b>Nome:<\/b><\/strong><\/td>\n<td width=\"601\"><strong>Camisola de corte justo para homem<\/strong><\/td>\n<\/tr>\n<tr>\n<td width=\"146\"><strong><b>Materlal:<\/b><\/strong><\/td>\n<td width=\"601\">Poli\u00e9ster\/Algod\u00e3o<\/td>\n<\/tr>\n<tr>\n<td width=\"146\"><strong><b>T\u00e9cnica:<\/b><\/strong><\/td>\n<td width=\"601\">Tecer<\/td>\n<\/tr>\n<tr>\n<td width=\"146\"><strong><b>Estilo:<\/b><\/strong><\/td>\n<td width=\"601\">Casual<\/td>\n<\/tr>\n<tr>\n<td width=\"146\"><strong><b>Cor<\/b><\/strong><strong><b>:<\/b><\/strong><\/td>\n<td width=\"601\">\u00a0Cores personalizadas<\/td>\n<\/tr>\n<tr>\n<td width=\"146\"><strong><b>Tamanho:<\/b><\/strong><\/td>\n<td width=\"601\">S \/M \/L \/XL \/2XL<\/td>\n<\/tr>\n<tr>\n<td width=\"146\"><strong><b>OEM\/ODM:<\/b><\/strong><\/td>\n<td width=\"601\">Aceit\u00e1vel<\/td>\n<\/tr>\n<tr>\n<td width=\"146\"><strong><b>Qualidade:<\/b><\/strong><\/td>\n<td width=\"601\">100% Alta qualidade<\/td>\n<\/tr>\n<tr>\n<td width=\"146\"><strong><b>M<\/b><\/strong><strong><b>OQ:<\/b><\/strong><\/td>\n<td width=\"601\">200 unidades<\/td>\n<\/tr>\n<\/tbody>\n<\/table>","protected":false},"featured_media":1807,"template":"","meta":[],"product_brand":[],"product_cat":[38],"product_tag":[],"class_list":{"0":"post-1806","1":"product","2":"type-product","3":"status-publish","4":"has-post-thumbnail","6":"product_cat-mens-clothing","8":"first","9":"instock","10":"shipping-taxable","11":"product-type-simple"},"_links":{"self":[{"href":"https:\/\/mj-clothing.com\/pt\/wp-json\/wp\/v2\/product\/1806","targetHints":{"allow":["GET"]}}],"collection":[{"href":"https:\/\/mj-clothing.com\/pt\/wp-json\/wp\/v2\/product"}],"about":[{"href":"https:\/\/mj-clothing.com\/pt\/wp-json\/wp\/v2\/types\/product"}],"wp:featuredmedia":[{"embeddable":true,"href":"https:\/\/mj-clothing.com\/pt\/wp-json\/wp\/v2\/media\/1807"}],"wp:attachment":[{"href":"https:\/\/mj-clothing.com\/pt\/wp-json\/wp\/v2\/media?parent=1806"}],"wp:term":[{"taxonomy":"product_brand","embeddable":true,"href":"https:\/\/mj-clothing.com\/pt\/wp-json\/wp\/v2\/product_brand?post=1806"},{"taxonomy":"product_cat","embeddable":true,"href":"https:\/\/mj-clothing.com\/pt\/wp-json\/wp\/v2\/product_cat?post=1806"},{"taxonomy":"product_tag","embeddable":true,"href":"https:\/\/mj-clothing.com\/pt\/wp-json\/wp\/v2\/product_tag?post=1806"}],"curies":[{"name":"wp","href":"https:\/\/api.w.org\/{rel}","templated":true}]}}