{"id":1809,"date":"2024-12-14T07:05:10","date_gmt":"2024-12-14T07:05:10","guid":{"rendered":"https:\/\/mj-clothing.com\/?post_type=product&#038;p=1809"},"modified":"2024-12-17T06:53:15","modified_gmt":"2024-12-17T06:53:15","slug":"mens-quilted-sweater","status":"publish","type":"product","link":"https:\/\/mj-clothing.com\/pt\/manufacturer\/mens-quilted-sweater\/","title":{"rendered":"Camisola acolchoada para homem"},"content":{"rendered":"<p data-sourcepos=\"1:1-1:189\"><span class=\"citation-0 recitation citation-end-0\">Uma camisola acolchoada para homem \u00e9 uma pe\u00e7a de vestu\u00e1rio elegante e funcional que oferece calor e uma est\u00e9tica \u00fanica.<\/span> Eis as raz\u00f5es pelas quais pode considerar adicionar uma ao seu guarda-roupa:<span class=\"button-container hide-from-message-actions ng-star-inserted\"> \u00a0<\/span><\/p>\n<h3 data-sourcepos=\"3:1-3:33\"><strong>\u00a0 Porqu\u00ea escolher uma camisola acolchoada para homem?<\/strong><\/h3>\n<ul data-sourcepos=\"5:1-9:0\">\n<li data-sourcepos=\"5:1-5:139\"><strong>Calor e conforto:<\/strong> <span class=\"citation-1 recitation citation-end-1\">O design acolchoado ret\u00e9m o ar, proporcionando um excelente isolamento e mantendo-o quente no tempo mais frio.<\/span><span class=\"button-container hide-from-message-actions ng-star-inserted\"> \u00a0<\/span>\n<div class=\"container ng-tns-c2946245707-367 hide\">\n<div class=\"carousel-container ng-tns-c2946245707-367\"><\/div>\n<\/div>\n<\/li>\n<li data-sourcepos=\"6:1-6:129\"><strong>Estilo e versatilidade:<\/strong> <span class=\"citation-2 recitation citation-end-2\">As camisolas acolchoadas podem ser vestidas para cima ou para baixo, o que as torna adequadas para v\u00e1rias ocasi\u00f5es.<\/span><\/li>\n<li data-sourcepos=\"6:1-6:129\"><strong style=\"font-size: 14.4px;\">Est\u00e9tica \u00fanica:<\/strong><span style=\"font-size: 14.4px;\"> O padr\u00e3o acolchoado acrescenta interesse visual e textura ao seu vestu\u00e1rio.<\/span><\/li>\n<li data-sourcepos=\"8:1-9:0\"><strong>Durabilidade:<\/strong> <span class=\"citation-3 recitation citation-end-3\">As camisolas acolchoadas s\u00e3o muitas vezes feitas de materiais dur\u00e1veis, garantindo que podem resistir ao desgaste regular.<\/span><span class=\"button-container hide-from-message-actions ng-star-inserted\">\u00a0<\/span>\n<div class=\"container ng-tns-c2946245707-369 hide\">\n<div class=\"carousel-container ng-tns-c2946245707-369\">\n<div class=\"carousel-content ng-tns-c2946245707-369\">\n<div class=\"sources-carousel-source ng-tns-c2946245707-369 hide ng-star-inserted\" data-test-id=\"sources-carousel-source\"><\/div>\n<\/div>\n<\/div>\n<\/div>\n<\/li>\n<\/ul>\n<h3 data-sourcepos=\"10:1-10:35\"><strong>Como usar uma camisola acolchoada para homem:<\/strong><\/h3>\n<ul data-sourcepos=\"12:1-15:0\">\n<li data-sourcepos=\"12:1-12:77\"><strong>Casual:<\/strong> Combine-o com cal\u00e7as de ganga, uma t-shirt e t\u00e9nis para um look descontra\u00eddo.<\/li>\n<li data-sourcepos=\"13:1-13:96\"><strong>Casual inteligente:<\/strong> Use-o com cal\u00e7as de ganga, uma camisa de bot\u00f5es e mocassins para um conjunto elegante.<\/li>\n<li data-sourcepos=\"14:1-15:0\"><strong>Actividades ao ar livre:<\/strong> Coloque-o por cima de uma camisola de l\u00e3 ou de um capuz para aumentar o calor durante as aventuras ao ar livre.<\/li>\n<\/ul>\n<h3 data-sourcepos=\"16:1-16:41\"><strong>Onde encontrar camisolas acolchoadas para homem:<\/strong><\/h3>\n<ul data-sourcepos=\"18:1-21:0\">\n<li data-sourcepos=\"18:1-18:86\"><strong>Lojas de departamentos:<\/strong> Procure marcas que ofere\u00e7am uma variedade de estilos e materiais.<\/li>\n<li data-sourcepos=\"19:1-19:131\"><strong><span class=\"citation-4 recitation\">Retalhistas online:<\/span><\/strong><span class=\"citation-4 recitation citation-end-4\"> Sites como a Amazon, eBay e outros retalhistas online oferecem uma vasta gama de camisolas acolchoadas.<\/span><span class=\"button-container hide-from-message-actions ng-star-inserted\">\u00a0<\/span>\n<div class=\"container ng-tns-c2946245707-370 hide\">\n<div class=\"carousel-container ng-tns-c2946245707-370\">\n<div class=\"carousel-content ng-tns-c2946245707-370\">\n<div class=\"sources-carousel-source ng-tns-c2946245707-370 hide ng-star-inserted\" data-test-id=\"sources-carousel-source\"><\/div>\n<\/div>\n<\/div>\n<\/div>\n<\/li>\n<li data-sourcepos=\"20:1-21:0\"><strong>Lojas de roupa de exterior:<\/strong> As lojas especializadas em equipamento para actividades ao ar livre t\u00eam frequentemente camisolas acolchoadas concebidas para actividades espec\u00edficas.<\/li>\n<\/ul>\n<h3 data-sourcepos=\"22:1-22:40\"><strong>Dicas para escolher uma camisola acolchoada:<\/strong><\/h3>\n<ul data-sourcepos=\"24:1-28:0\">\n<li data-sourcepos=\"24:1-24:169\"><strong>Material:<\/strong> Considere o material do acolchoado, uma vez que este afectar\u00e1 o calor e a durabilidade da camisola. A l\u00e3, o velo e os materiais sint\u00e9ticos s\u00e3o escolhas comuns.<\/li>\n<li data-sourcepos=\"25:1-25:70\"><strong>Em forma:<\/strong> Escolha uma camisola que lhe assente bem e que seja confort\u00e1vel de usar.<\/li>\n<li data-sourcepos=\"26:1-26:102\"><strong>Estilo:<\/strong> Selecione um estilo que se adeq\u00fae ao seu gosto pessoal, como um fecho completo, um meio fecho ou um pul\u00f4ver.<\/li>\n<li data-sourcepos=\"27:1-28:0\"><strong>Cor e padr\u00e3o:<\/strong> Considere a cor e o padr\u00e3o da colcha para complementar o seu guarda-roupa.<\/li>\n<\/ul>\n<p data-sourcepos=\"29:1-29:193\">Ao investir numa camisola acolchoada de alta qualidade, n\u00e3o est\u00e1 apenas a adquirir uma pe\u00e7a de vestu\u00e1rio elegante e funcional, mas tamb\u00e9m uma pe\u00e7a de roupa que o manter\u00e1 quente e confort\u00e1vel durante muitos anos.<\/p>","protected":false},"excerpt":{"rendered":"<table style=\"height: 486px;\" width=\"466\">\n<tbody>\n<tr>\n<td width=\"146\"><strong><b>Produto<\/b><\/strong>\u00a0<strong><b>Nome:<\/b><\/strong><\/td>\n<td width=\"601\"><strong>Camisola acolchoada para homem<\/strong><\/td>\n<\/tr>\n<tr>\n<td width=\"146\"><strong><b>Materlal:<\/b><\/strong><\/td>\n<td width=\"601\">Poli\u00e9ster\/Algod\u00e3o<\/td>\n<\/tr>\n<tr>\n<td width=\"146\"><strong><b>T\u00e9cnica:<\/b><\/strong><\/td>\n<td width=\"601\">Tecer<\/td>\n<\/tr>\n<tr>\n<td width=\"146\"><strong><b>Estilo:<\/b><\/strong><\/td>\n<td width=\"601\">Casual<\/td>\n<\/tr>\n<tr>\n<td width=\"146\"><strong><b>Cor<\/b><\/strong><strong><b>:<\/b><\/strong><\/td>\n<td width=\"601\">\u00a0Cores personalizadas<\/td>\n<\/tr>\n<tr>\n<td width=\"146\"><strong><b>Tamanho:<\/b><\/strong><\/td>\n<td width=\"601\">S \/M \/L \/XL \/2XL<\/td>\n<\/tr>\n<tr>\n<td width=\"146\"><strong><b>OEM\/ODM:<\/b><\/strong><\/td>\n<td width=\"601\">Aceit\u00e1vel<\/td>\n<\/tr>\n<tr>\n<td width=\"146\"><strong><b>Qualidade:<\/b><\/strong><\/td>\n<td width=\"601\">100% Alta qualidade<\/td>\n<\/tr>\n<tr>\n<td width=\"146\"><strong><b>M<\/b><\/strong><strong><b>OQ:<\/b><\/strong><\/td>\n<td width=\"601\">200 unidades<\/td>\n<\/tr>\n<\/tbody>\n<\/table>","protected":false},"featured_media":1810,"template":"","meta":[],"product_brand":[],"product_cat":[38],"product_tag":[],"class_list":{"0":"post-1809","1":"product","2":"type-product","3":"status-publish","4":"has-post-thumbnail","6":"product_cat-mens-clothing","8":"first","9":"instock","10":"shipping-taxable","11":"product-type-simple"},"_links":{"self":[{"href":"https:\/\/mj-clothing.com\/pt\/wp-json\/wp\/v2\/product\/1809","targetHints":{"allow":["GET"]}}],"collection":[{"href":"https:\/\/mj-clothing.com\/pt\/wp-json\/wp\/v2\/product"}],"about":[{"href":"https:\/\/mj-clothing.com\/pt\/wp-json\/wp\/v2\/types\/product"}],"wp:featuredmedia":[{"embeddable":true,"href":"https:\/\/mj-clothing.com\/pt\/wp-json\/wp\/v2\/media\/1810"}],"wp:attachment":[{"href":"https:\/\/mj-clothing.com\/pt\/wp-json\/wp\/v2\/media?parent=1809"}],"wp:term":[{"taxonomy":"product_brand","embeddable":true,"href":"https:\/\/mj-clothing.com\/pt\/wp-json\/wp\/v2\/product_brand?post=1809"},{"taxonomy":"product_cat","embeddable":true,"href":"https:\/\/mj-clothing.com\/pt\/wp-json\/wp\/v2\/product_cat?post=1809"},{"taxonomy":"product_tag","embeddable":true,"href":"https:\/\/mj-clothing.com\/pt\/wp-json\/wp\/v2\/product_tag?post=1809"}],"curies":[{"name":"wp","href":"https:\/\/api.w.org\/{rel}","templated":true}]}}