{"id":1811,"date":"2024-12-14T07:29:45","date_gmt":"2024-12-14T07:29:45","guid":{"rendered":"https:\/\/mj-clothing.com\/?post_type=product&#038;p=1811"},"modified":"2024-12-17T06:51:19","modified_gmt":"2024-12-17T06:51:19","slug":"mens-hooded-cotton-jacket","status":"publish","type":"product","link":"https:\/\/mj-clothing.com\/pt\/manufacturer\/mens-hooded-cotton-jacket\/","title":{"rendered":"Casaco de algod\u00e3o com capuz para homem"},"content":{"rendered":"<p data-sourcepos=\"1:1-1:194\"><span class=\"citation-0 recitation citation-end-0\">Um casaco de algod\u00e3o com capuz para homem \u00e9 uma pe\u00e7a de vestu\u00e1rio exterior vers\u00e1til e elegante que pode ser usada em v\u00e1rias condi\u00e7\u00f5es climat\u00e9ricas.<\/span> Eis as raz\u00f5es pelas quais pode considerar adicionar uma ao seu guarda-roupa:<span class=\"button-container hide-from-message-actions ng-star-inserted\">\u00a0<\/span><\/p>\n<div class=\"container ng-tns-c2946245707-384 hide\">\n<div class=\"carousel-container ng-tns-c2946245707-384\">\n<div class=\"carousel-content ng-tns-c2946245707-384\">\n<div class=\"sources-carousel-source ng-tns-c2946245707-384 hide ng-star-inserted\" data-test-id=\"sources-carousel-source\"><\/div>\n<\/div>\n<\/div>\n<\/div>\n<h3 data-sourcepos=\"3:1-3:38\"><strong>Porqu\u00ea escolher um casaco de algod\u00e3o com capuz para homem?<\/strong><\/h3>\n<ul data-sourcepos=\"5:1-9:0\">\n<li data-sourcepos=\"5:1-5:128\"><strong><span class=\"citation-1 recitation\">Conforto e calor:<\/span><\/strong><span class=\"citation-1 recitation citation-end-1\"> O algod\u00e3o \u00e9 um material respir\u00e1vel e confort\u00e1vel que o pode manter quente nos dias mais frios.<\/span><\/li>\n<li data-sourcepos=\"5:1-5:128\"><strong style=\"font-size: 14.4px;\">Versatilidade:<\/strong><span style=\"font-size: 14.4px;\"> Um casaco de algod\u00e3o com capuz pode ser vestido para cima ou para baixo, tornando-o perfeito para ocasi\u00f5es casuais e semi-formais.<\/span><\/li>\n<li data-sourcepos=\"7:1-7:97\"><strong>Prote\u00e7\u00e3o contra os elementos:<\/strong> O capuz proporciona uma prote\u00e7\u00e3o extra contra a chuva, o vento e o frio.<\/li>\n<li data-sourcepos=\"8:1-9:0\"><strong>Estilo:<\/strong> Os casacos com capuz podem dar um toque de estilo a qualquer roupa.<\/li>\n<\/ul>\n<h3 data-sourcepos=\"10:1-10:40\"><strong>Como usar um casaco de algod\u00e3o com capuz para homem:<\/strong><\/h3>\n<ul data-sourcepos=\"12:1-15:0\">\n<li data-sourcepos=\"12:1-12:77\"><strong>Casual:<\/strong> Combine-o com cal\u00e7as de ganga, uma t-shirt e t\u00e9nis para um look descontra\u00eddo.<\/li>\n<li data-sourcepos=\"13:1-13:96\"><strong>Casual inteligente:<\/strong> Use-o com cal\u00e7as de ganga, uma camisa de bot\u00f5es e mocassins para um conjunto elegante.<\/li>\n<li data-sourcepos=\"14:1-15:0\"><strong>Actividades ao ar livre:<\/strong> Coloque-o por cima de uma camisola de l\u00e3 ou de um capuz para aumentar o calor durante as aventuras ao ar livre.<\/li>\n<\/ul>\n<h3 data-sourcepos=\"16:1-16:46\"><strong>Onde encontrar casacos de algod\u00e3o com capuz para homem:<\/strong><\/h3>\n<ul data-sourcepos=\"18:1-21:0\">\n<li data-sourcepos=\"18:1-18:86\"><strong>Lojas de departamentos:<\/strong> Procure marcas que ofere\u00e7am uma variedade de estilos e materiais.<\/li>\n<li data-sourcepos=\"19:1-19:136\"><strong><span class=\"citation-2 recitation\">Retalhistas online:<\/span><\/strong><span class=\"citation-2 recitation citation-end-2\"> S\u00edtios Web como a Amazon, o eBay e outros retalhistas online oferecem uma vasta gama de casacos de algod\u00e3o com capuz.<\/span><span class=\"button-container hide-from-message-actions ng-star-inserted\"> \u00a0<\/span>\n<div class=\"container ng-tns-c2946245707-386 hide\">\n<div class=\"carousel-container ng-tns-c2946245707-386\"><\/div>\n<\/div>\n<\/li>\n<li data-sourcepos=\"20:1-21:0\"><strong>Lojas de roupa de exterior:<\/strong> As lojas especializadas em equipamento para actividades ao ar livre t\u00eam frequentemente casacos de algod\u00e3o com capuz concebidos para actividades espec\u00edficas.<\/li>\n<\/ul>\n<h3 data-sourcepos=\"22:1-22:45\"><strong>Dicas para escolher um casaco de algod\u00e3o com capuz para homem:<\/strong><\/h3>\n<ul data-sourcepos=\"24:1-28:0\">\n<li data-sourcepos=\"24:1-24:123\"><strong>Material:<\/strong> Tenha em conta o peso e a espessura do algod\u00e3o, uma vez que isso afectar\u00e1 o calor e a durabilidade do casaco.<\/li>\n<li data-sourcepos=\"25:1-25:69\"><strong>Em forma:<\/strong> Escolha um casaco que lhe assente bem e que seja confort\u00e1vel de usar.<\/li>\n<li data-sourcepos=\"26:1-26:108\"><strong>Estilo:<\/strong> Selecione um estilo que se adeq\u00fae ao seu gosto pessoal, como um casaco bomber, um casaco de campo ou uma parka.<\/li>\n<li data-sourcepos=\"27:1-28:0\"><strong>Carater\u00edsticas:<\/strong> Considere carater\u00edsticas adicionais como bolsos, um capuz com cord\u00e3o e um punho e bainha canelados.<\/li>\n<\/ul>\n<p data-sourcepos=\"29:1-29:198\">Ao investir num casaco de algod\u00e3o com capuz de alta qualidade, n\u00e3o est\u00e1 apenas a adquirir uma pe\u00e7a de vestu\u00e1rio elegante e funcional, mas tamb\u00e9m uma pe\u00e7a de vestu\u00e1rio que o manter\u00e1 quente e confort\u00e1vel durante muitos anos.<\/p>\n<div class=\"attachment-container search-images\">\n<div class=\"image-container hide-from-message-actions ng-star-inserted\">\n<div class=\"overlay-container ng-star-inserted\"><\/div>\n<\/div>\n<\/div>","protected":false},"excerpt":{"rendered":"<table style=\"height: 509px;\" width=\"553\">\n<tbody>\n<tr>\n<td width=\"146\"><strong><b>Produto<\/b><\/strong>\u00a0<strong><b>Nome:<\/b><\/strong><\/td>\n<td width=\"601\"><strong>Casaco de algod\u00e3o com capuz para homem<\/strong><\/td>\n<\/tr>\n<tr>\n<td width=\"146\"><strong><b>Materlal:<\/b><\/strong><\/td>\n<td width=\"601\">Poli\u00e9ster\/Algod\u00e3o<\/td>\n<\/tr>\n<tr>\n<td width=\"146\"><strong><b>T\u00e9cnica:<\/b><\/strong><\/td>\n<td width=\"601\">Algod\u00e3o liso<\/td>\n<\/tr>\n<tr>\n<td width=\"146\"><strong><b>Estilo:<\/b><\/strong><\/td>\n<td width=\"601\">Casual<\/td>\n<\/tr>\n<tr>\n<td width=\"146\"><strong><b>Cor<\/b><\/strong><strong><b>:<\/b><\/strong><\/td>\n<td width=\"601\">\u00a0Cores personalizadas<\/td>\n<\/tr>\n<tr>\n<td width=\"146\"><strong><b>Tamanho:<\/b><\/strong><\/td>\n<td width=\"601\">S \/M \/L \/XL \/2XL<\/td>\n<\/tr>\n<tr>\n<td width=\"146\"><strong><b>OEM\/ODM:<\/b><\/strong><\/td>\n<td width=\"601\">Aceit\u00e1vel<\/td>\n<\/tr>\n<tr>\n<td width=\"146\"><strong><b>Qualidade:<\/b><\/strong><\/td>\n<td width=\"601\">100% Alta qualidade<\/td>\n<\/tr>\n<tr>\n<td width=\"146\"><strong><b>M<\/b><\/strong><strong><b>OQ:<\/b><\/strong><\/td>\n<td width=\"601\">200 unidades<\/td>\n<\/tr>\n<\/tbody>\n<\/table>","protected":false},"featured_media":1812,"template":"","meta":[],"product_brand":[],"product_cat":[38],"product_tag":[],"class_list":{"0":"post-1811","1":"product","2":"type-product","3":"status-publish","4":"has-post-thumbnail","6":"product_cat-mens-clothing","8":"first","9":"instock","10":"shipping-taxable","11":"product-type-simple"},"_links":{"self":[{"href":"https:\/\/mj-clothing.com\/pt\/wp-json\/wp\/v2\/product\/1811","targetHints":{"allow":["GET"]}}],"collection":[{"href":"https:\/\/mj-clothing.com\/pt\/wp-json\/wp\/v2\/product"}],"about":[{"href":"https:\/\/mj-clothing.com\/pt\/wp-json\/wp\/v2\/types\/product"}],"wp:featuredmedia":[{"embeddable":true,"href":"https:\/\/mj-clothing.com\/pt\/wp-json\/wp\/v2\/media\/1812"}],"wp:attachment":[{"href":"https:\/\/mj-clothing.com\/pt\/wp-json\/wp\/v2\/media?parent=1811"}],"wp:term":[{"taxonomy":"product_brand","embeddable":true,"href":"https:\/\/mj-clothing.com\/pt\/wp-json\/wp\/v2\/product_brand?post=1811"},{"taxonomy":"product_cat","embeddable":true,"href":"https:\/\/mj-clothing.com\/pt\/wp-json\/wp\/v2\/product_cat?post=1811"},{"taxonomy":"product_tag","embeddable":true,"href":"https:\/\/mj-clothing.com\/pt\/wp-json\/wp\/v2\/product_tag?post=1811"}],"curies":[{"name":"wp","href":"https:\/\/api.w.org\/{rel}","templated":true}]}}