{"id":1813,"date":"2024-12-14T07:39:40","date_gmt":"2024-12-14T07:39:40","guid":{"rendered":"https:\/\/mj-clothing.com\/?post_type=product&#038;p=1813"},"modified":"2024-12-17T06:49:41","modified_gmt":"2024-12-17T06:49:41","slug":"flannel-lined-jacket","status":"publish","type":"product","link":"https:\/\/mj-clothing.com\/pt\/manufacturer\/flannel-lined-jacket\/","title":{"rendered":"Casaco com forro de flanela"},"content":{"rendered":"<h2 data-sourcepos=\"1:1-1:46\">Casacos forrados a flanela para homem: Um cl\u00e1ssico acolhedor<\/h2>\n<p data-sourcepos=\"3:1-3:223\"><span class=\"citation-0 recitation citation-end-0\">Um casaco forrado a flanela \u00e9 uma pe\u00e7a cl\u00e1ssica de vestu\u00e1rio exterior que oferece calor, conforto e estilo.<\/span> \u00c9 perfeito para os dias frios de outono e inverno, em que \u00e9 necess\u00e1rio um pouco mais de calor sem sacrificar o estilo.<\/p>\n<p data-sourcepos=\"3:1-3:223\"><strong>\u00a0 \u00a0 \u00a0Porqu\u00ea escolher um casaco forrado a flanela?<\/strong><\/p>\n<ul data-sourcepos=\"7:1-11:0\">\n<li data-sourcepos=\"7:1-7:103\"><strong>Calor:<\/strong> <span class=\"citation-1 recitation citation-end-1\">O forro de flanela proporciona um excelente isolamento, mantendo-o quente e confort\u00e1vel.<\/span><span class=\"button-container hide-from-message-actions ng-star-inserted\">\u00a0<\/span>\n<div class=\"container ng-tns-c2946245707-430 hide\">\n<div class=\"carousel-container ng-tns-c2946245707-430\"><\/div>\n<\/div>\n<\/li>\n<li data-sourcepos=\"8:1-8:103\"><strong>Conforto:<\/strong> <span class=\"citation-2 recitation citation-end-2\">A flanela \u00e9 um tecido macio e confort\u00e1vel que se sente bem contra a pele.<\/span><span class=\"button-container hide-from-message-actions ng-star-inserted\"> \u00a0<\/span>\n<div class=\"container ng-tns-c2946245707-431 hide\">\n<div class=\"carousel-container ng-tns-c2946245707-431\"><\/div>\n<\/div>\n<\/li>\n<li data-sourcepos=\"9:1-9:119\"><strong>Estilo:<\/strong> <span class=\"citation-3 recitation citation-end-3\">Os casacos com forro de flanela podem ser vestidos para cima ou para baixo, o que os torna vers\u00e1teis para v\u00e1rias ocasi\u00f5es.<\/span><span class=\"button-container hide-from-message-actions ng-star-inserted\"> \u00a0<\/span>\n<div class=\"container ng-tns-c2946245707-432 hide\">\n<div class=\"carousel-container ng-tns-c2946245707-432\"><\/div>\n<\/div>\n<\/li>\n<li data-sourcepos=\"10:1-11:0\"><strong><span class=\"citation-4 recitation\">Durabilidade:<\/span><\/strong><span class=\"citation-4 recitation citation-end-4\"> A flanela \u00e9 um tecido dur\u00e1vel que pode resistir ao desgaste regular.<\/span><span class=\"button-container hide-from-message-actions ng-star-inserted\">\u00a0<\/span>\n<div class=\"container ng-tns-c2946245707-433 hide\">\n<div class=\"carousel-container ng-tns-c2946245707-433\">\n<div class=\"carousel-content ng-tns-c2946245707-433\">\n<div class=\"sources-carousel-source ng-tns-c2946245707-433 hide ng-star-inserted\" data-test-id=\"sources-carousel-source\"><\/div>\n<\/div>\n<\/div>\n<\/div>\n<\/li>\n<\/ul>\n<p data-sourcepos=\"12:1-12:40\"><strong>Como usar um casaco de flanela forrado:<\/strong><\/p>\n<ul data-sourcepos=\"14:1-17:0\">\n<li data-sourcepos=\"14:1-14:77\"><strong>Casual:<\/strong> Combine-o com cal\u00e7as de ganga, uma t-shirt e t\u00e9nis para um look descontra\u00eddo.<\/li>\n<li data-sourcepos=\"15:1-15:96\"><strong>Casual inteligente:<\/strong> Use-o com cal\u00e7as de ganga, uma camisa de bot\u00f5es e mocassins para um conjunto elegante.<\/li>\n<li data-sourcepos=\"16:1-17:0\"><strong>Actividades ao ar livre:<\/strong> Coloque-o por cima de uma camisola de l\u00e3 ou de um capuz para aumentar o calor durante as aventuras ao ar livre.<\/li>\n<\/ul>\n<p data-sourcepos=\"18:1-18:46\"><strong>Onde encontrar casacos forrados a flanela para homem:<\/strong><\/p>\n<ul data-sourcepos=\"20:1-23:0\">\n<li data-sourcepos=\"20:1-20:86\"><strong>Lojas de departamentos:<\/strong> Procure marcas que ofere\u00e7am uma variedade de estilos e materiais.<\/li>\n<li data-sourcepos=\"21:1-21:136\"><strong><span class=\"citation-5 recitation\">Retalhistas online:<\/span><\/strong><span class=\"citation-5 recitation citation-end-5\"> Sites como a Amazon, eBay e outros retalhistas online oferecem uma vasta gama de casacos forrados a flanela.<\/span><span class=\"button-container hide-from-message-actions ng-star-inserted\">\u00a0<\/span>\n<div class=\"container ng-tns-c2946245707-434 hide\">\n<div class=\"carousel-container ng-tns-c2946245707-434\"><\/div>\n<\/div>\n<\/li>\n<li data-sourcepos=\"22:1-23:0\"><strong>Lojas de roupa de exterior:<\/strong> As lojas especializadas em equipamento para actividades ao ar livre t\u00eam frequentemente casacos forrados a flanela concebidos para actividades espec\u00edficas.<\/li>\n<\/ul>\n<p data-sourcepos=\"24:1-24:45\"><strong>Dicas para escolher um casaco forrado a flanela:<\/strong><\/p>\n<ul data-sourcepos=\"26:1-30:0\">\n<li data-sourcepos=\"26:1-26:128\"><strong>Material:<\/strong> Tenha em conta o peso e a espessura do forro de flanela, uma vez que isso afectar\u00e1 o calor e o conforto do casaco.<\/li>\n<li data-sourcepos=\"27:1-27:69\"><strong>Em forma:<\/strong> Escolha um casaco que lhe assente bem e que seja confort\u00e1vel de usar.<\/li>\n<li data-sourcepos=\"28:1-28:108\"><strong>Estilo:<\/strong> Selecione um estilo que se adeq\u00fae ao seu gosto pessoal, como um casaco bomber, um casaco de campo ou uma parka.<\/li>\n<li data-sourcepos=\"29:1-30:0\"><strong>Carater\u00edsticas:<\/strong> Considere carater\u00edsticas adicionais como bolsos, um capuz com cord\u00e3o e um punho e bainha canelados.<\/li>\n<\/ul>\n<p data-sourcepos=\"31:1-31:198\">Ao investir num casaco forrado a flanela de alta qualidade, n\u00e3o est\u00e1 apenas a adquirir uma pe\u00e7a de vestu\u00e1rio elegante e funcional, mas tamb\u00e9m uma pe\u00e7a de vestu\u00e1rio que o manter\u00e1 quente e confort\u00e1vel durante muitos anos.<\/p>","protected":false},"excerpt":{"rendered":"<table style=\"height: 478px;\" width=\"452\">\n<tbody>\n<tr>\n<td width=\"146\"><strong><b>Produto<\/b><\/strong>\u00a0<strong><b>Nome:<\/b><\/strong><\/td>\n<td width=\"601\"><strong>Casaco com forro de flanela<\/strong><\/td>\n<\/tr>\n<tr>\n<td width=\"146\"><strong><b>Materlal:<\/b><\/strong><\/td>\n<td width=\"601\">Poli\u00e9ster\/Algod\u00e3o<\/td>\n<\/tr>\n<tr>\n<td width=\"146\"><strong><b>T\u00e9cnica:<\/b><\/strong><\/td>\n<td width=\"601\">Algod\u00e3o liso<\/td>\n<\/tr>\n<tr>\n<td width=\"146\"><strong><b>Estilo:<\/b><\/strong><\/td>\n<td width=\"601\">Casual<\/td>\n<\/tr>\n<tr>\n<td width=\"146\"><strong><b>Cor<\/b><\/strong><strong><b>:<\/b><\/strong><\/td>\n<td width=\"601\">\u00a0Cores personalizadas<\/td>\n<\/tr>\n<tr>\n<td width=\"146\"><strong><b>Tamanho:<\/b><\/strong><\/td>\n<td width=\"601\">S \/M \/L \/XL \/2XL<\/td>\n<\/tr>\n<tr>\n<td width=\"146\"><strong><b>OEM\/ODM:<\/b><\/strong><\/td>\n<td width=\"601\">Aceit\u00e1vel<\/td>\n<\/tr>\n<tr>\n<td width=\"146\"><strong><b>Qualidade:<\/b><\/strong><\/td>\n<td width=\"601\">100% Alta qualidade<\/td>\n<\/tr>\n<tr>\n<td width=\"146\"><strong><b>M<\/b><\/strong><strong><b>OQ:<\/b><\/strong><\/td>\n<td width=\"601\">200 unidades<\/td>\n<\/tr>\n<\/tbody>\n<\/table>","protected":false},"featured_media":1814,"template":"","meta":[],"product_brand":[],"product_cat":[38],"product_tag":[],"class_list":{"0":"post-1813","1":"product","2":"type-product","3":"status-publish","4":"has-post-thumbnail","6":"product_cat-mens-clothing","8":"first","9":"instock","10":"shipping-taxable","11":"product-type-simple"},"_links":{"self":[{"href":"https:\/\/mj-clothing.com\/pt\/wp-json\/wp\/v2\/product\/1813","targetHints":{"allow":["GET"]}}],"collection":[{"href":"https:\/\/mj-clothing.com\/pt\/wp-json\/wp\/v2\/product"}],"about":[{"href":"https:\/\/mj-clothing.com\/pt\/wp-json\/wp\/v2\/types\/product"}],"wp:featuredmedia":[{"embeddable":true,"href":"https:\/\/mj-clothing.com\/pt\/wp-json\/wp\/v2\/media\/1814"}],"wp:attachment":[{"href":"https:\/\/mj-clothing.com\/pt\/wp-json\/wp\/v2\/media?parent=1813"}],"wp:term":[{"taxonomy":"product_brand","embeddable":true,"href":"https:\/\/mj-clothing.com\/pt\/wp-json\/wp\/v2\/product_brand?post=1813"},{"taxonomy":"product_cat","embeddable":true,"href":"https:\/\/mj-clothing.com\/pt\/wp-json\/wp\/v2\/product_cat?post=1813"},{"taxonomy":"product_tag","embeddable":true,"href":"https:\/\/mj-clothing.com\/pt\/wp-json\/wp\/v2\/product_tag?post=1813"}],"curies":[{"name":"wp","href":"https:\/\/api.w.org\/{rel}","templated":true}]}}