{"id":1821,"date":"2024-12-14T08:09:47","date_gmt":"2024-12-14T08:09:47","guid":{"rendered":"https:\/\/mj-clothing.com\/?post_type=product&#038;p=1821"},"modified":"2024-12-17T06:35:17","modified_gmt":"2024-12-17T06:35:17","slug":"thermal-jacket","status":"publish","type":"product","link":"https:\/\/mj-clothing.com\/pt\/manufacturer\/thermal-jacket\/","title":{"rendered":"Casaco t\u00e9rmico"},"content":{"rendered":"<h2 data-sourcepos=\"1:1-1:38\">Casacos t\u00e9rmicos: Um essencial para o inverno<\/h2>\n<p data-sourcepos=\"3:1-3:216\">Um casaco t\u00e9rmico \u00e9 uma pe\u00e7a vers\u00e1til de vestu\u00e1rio exterior concebida para o manter quente e confort\u00e1vel durante o tempo frio. Existem em v\u00e1rios estilos, materiais e n\u00edveis de isolamento para se adaptarem a diferentes necessidades e prefer\u00eancias.<\/p>\n<p data-sourcepos=\"5:1-5:36\"><strong>Principais carater\u00edsticas dos casacos t\u00e9rmicos:<\/strong><\/p>\n<ul data-sourcepos=\"7:1-11:0\">\n<li data-sourcepos=\"7:1-7:93\"><strong>Calor:<\/strong> Os casacos t\u00e9rmicos s\u00e3o concebidos para reter o calor e mant\u00ea-lo quente em condi\u00e7\u00f5es de frio.<\/li>\n<li data-sourcepos=\"8:1-8:119\"><strong>Resist\u00eancia \u00e0 \u00e1gua:<\/strong> Muitos casacos t\u00e9rmicos s\u00e3o resistentes \u00e0 \u00e1gua ou mesmo \u00e0 prova de \u00e1gua, protegendo-o da chuva e da neve.<\/li>\n<li data-sourcepos=\"9:1-9:87\"><strong>Resist\u00eancia ao vento:<\/strong> Muitas vezes apresentam tecidos resistentes ao vento para bloquear os ventos frios.<\/li>\n<li data-sourcepos=\"10:1-11:0\"><strong>Respirabilidade:<\/strong> Os bons casacos t\u00e9rmicos permitem a sa\u00edda da humidade, mantendo-o seco e confort\u00e1vel.<\/li>\n<\/ul>\n<p data-sourcepos=\"12:1-12:29\"><strong>Tipos de casacos t\u00e9rmicos:<\/strong><\/p>\n<ul data-sourcepos=\"14:1-17:0\">\n<li data-sourcepos=\"14:1-14:129\"><strong>Casacos de chuva:<\/strong> Estes casacos s\u00e3o preenchidos com materiais isolantes, como penugem ou fibras sint\u00e9ticas, proporcionando o m\u00e1ximo de calor.<\/li>\n<li data-sourcepos=\"15:1-15:120\"><strong>Casacos de pele macia:<\/strong> Estes casacos s\u00e3o fabricados com uma combina\u00e7\u00e3o de materiais que oferecem calor e flexibilidade.<\/li>\n<li data-sourcepos=\"16:1-17:0\"><strong>Casacos com isolamento:<\/strong> Estes casacos utilizam v\u00e1rias tecnologias de isolamento para o manter quente, como PrimaLoft ou Thinsulate.<\/li>\n<\/ul>\n<p data-sourcepos=\"18:1-18:35\"><strong>Como escolher um colete t\u00e9rmico:<\/strong><\/p>\n<ol data-sourcepos=\"20:1-24:0\">\n<li data-sourcepos=\"20:1-20:158\"><strong>Considerar o clima:<\/strong> Se vive num clima muito frio, opte por um casaco com um forte isolamento t\u00e9rmico. Para climas mais amenos, um casaco mais leve pode ser suficiente.<\/li>\n<li data-sourcepos=\"21:1-21:155\"><strong>N\u00edvel de atividade:<\/strong> Se est\u00e1 a planear participar em actividades ao ar livre, escolha um casaco com carater\u00edsticas como capuzes ajust\u00e1veis, bolsos e ventila\u00e7\u00e3o.<\/li>\n<li data-sourcepos=\"22:1-22:90\"><strong>Em forma:<\/strong> Certifique-se de que o casaco se ajusta bem, permitindo a coloca\u00e7\u00e3o de camadas sem se sentir limitado.<\/li>\n<li data-sourcepos=\"23:1-24:0\"><strong>Material:<\/strong> Tenha em conta o material do revestimento exterior e do isolamento. Os materiais \u00e0 prova de \u00e1gua e de vento s\u00e3o ideais para condi\u00e7\u00f5es climat\u00e9ricas adversas.<\/li>\n<\/ol>\n<p data-sourcepos=\"25:1-25:37\"><strong>Dicas de estilo para casacos t\u00e9rmicos:<\/strong><\/p>\n<ul data-sourcepos=\"27:1-30:0\">\n<li data-sourcepos=\"27:1-27:90\"><strong>Casual:<\/strong> Combine-o com cal\u00e7as de ganga, uma camisola e botas para um look confort\u00e1vel e elegante.<\/li>\n<li data-sourcepos=\"28:1-28:100\"><strong>Casual inteligente:<\/strong> Use-o com cal\u00e7as de ganga, uma camisa de bot\u00f5es e t\u00e9nis para um visual mais polido.<\/li>\n<li data-sourcepos=\"29:1-30:0\"><strong>Actividades ao ar livre:<\/strong> Coloque-o por cima de uma camisola de l\u00e3 ou de um capuz para aumentar o calor durante as aventuras ao ar livre.<\/li>\n<\/ul>\n<p data-sourcepos=\"31:1-31:105\">Ao escolher o casaco t\u00e9rmico certo, pode manter-se quente, confort\u00e1vel e com estilo, independentemente do tempo.<\/p>\n<div class=\"attachment-container search-images\">\n<div class=\"image-container hide-from-message-actions ng-star-inserted\">\n<div class=\"overlay-container ng-star-inserted\"><\/div>\n<\/div>\n<\/div>","protected":false},"excerpt":{"rendered":"<table style=\"height: 510px;\" width=\"461\">\n<tbody>\n<tr>\n<td width=\"146\"><strong><b>Produto<\/b><\/strong>\u00a0<strong><b>Nome:<\/b><\/strong><\/td>\n<td width=\"601\"><strong>Casaco t\u00e9rmico<\/strong><\/td>\n<\/tr>\n<tr>\n<td width=\"146\"><strong><b>Materlal:<\/b><\/strong><\/td>\n<td width=\"601\">Poli\u00e9ster\/Algod\u00e3o<\/td>\n<\/tr>\n<tr>\n<td width=\"146\"><strong><b>T\u00e9cnica:<\/b><\/strong><\/td>\n<td width=\"601\">Algod\u00e3o liso<\/td>\n<\/tr>\n<tr>\n<td width=\"146\"><strong><b>Estilo:<\/b><\/strong><\/td>\n<td width=\"601\">Casual<\/td>\n<\/tr>\n<tr>\n<td width=\"146\"><strong><b>Cor<\/b><\/strong><strong><b>:<\/b><\/strong><\/td>\n<td width=\"601\">\u00a0Cores personalizadas<\/td>\n<\/tr>\n<tr>\n<td width=\"146\"><strong><b>Tamanho:<\/b><\/strong><\/td>\n<td width=\"601\">S \/M \/L \/XL \/2XL<\/td>\n<\/tr>\n<tr>\n<td width=\"146\"><strong><b>OEM\/ODM:<\/b><\/strong><\/td>\n<td width=\"601\">Aceit\u00e1vel<\/td>\n<\/tr>\n<tr>\n<td width=\"146\"><strong><b>Qualidade:<\/b><\/strong><\/td>\n<td width=\"601\">100% Alta qualidade<\/td>\n<\/tr>\n<tr>\n<td width=\"146\"><strong><b>M<\/b><\/strong><strong><b>OQ:<\/b><\/strong><\/td>\n<td width=\"601\">200 unidades<\/td>\n<\/tr>\n<\/tbody>\n<\/table>","protected":false},"featured_media":1822,"template":"","meta":[],"product_brand":[],"product_cat":[38],"product_tag":[],"class_list":{"0":"post-1821","1":"product","2":"type-product","3":"status-publish","4":"has-post-thumbnail","6":"product_cat-mens-clothing","8":"first","9":"instock","10":"shipping-taxable","11":"product-type-simple"},"_links":{"self":[{"href":"https:\/\/mj-clothing.com\/pt\/wp-json\/wp\/v2\/product\/1821","targetHints":{"allow":["GET"]}}],"collection":[{"href":"https:\/\/mj-clothing.com\/pt\/wp-json\/wp\/v2\/product"}],"about":[{"href":"https:\/\/mj-clothing.com\/pt\/wp-json\/wp\/v2\/types\/product"}],"wp:featuredmedia":[{"embeddable":true,"href":"https:\/\/mj-clothing.com\/pt\/wp-json\/wp\/v2\/media\/1822"}],"wp:attachment":[{"href":"https:\/\/mj-clothing.com\/pt\/wp-json\/wp\/v2\/media?parent=1821"}],"wp:term":[{"taxonomy":"product_brand","embeddable":true,"href":"https:\/\/mj-clothing.com\/pt\/wp-json\/wp\/v2\/product_brand?post=1821"},{"taxonomy":"product_cat","embeddable":true,"href":"https:\/\/mj-clothing.com\/pt\/wp-json\/wp\/v2\/product_cat?post=1821"},{"taxonomy":"product_tag","embeddable":true,"href":"https:\/\/mj-clothing.com\/pt\/wp-json\/wp\/v2\/product_tag?post=1821"}],"curies":[{"name":"wp","href":"https:\/\/api.w.org\/{rel}","templated":true}]}}