{"id":1825,"date":"2024-12-16T02:30:24","date_gmt":"2024-12-16T02:30:24","guid":{"rendered":"https:\/\/mj-clothing.com\/?post_type=product&#038;p=1825"},"modified":"2024-12-17T06:30:13","modified_gmt":"2024-12-17T06:30:13","slug":"alchemai-hoodie","status":"publish","type":"product","link":"https:\/\/mj-clothing.com\/pt\/manufacturer\/alchemai-hoodie\/","title":{"rendered":"Casaco com capuz Alchemai"},"content":{"rendered":"<h3 data-sourcepos=\"1:1-1:266\">Casaco com capuz Alchemai<\/h3>\n<p data-sourcepos=\"1:1-1:266\">A camisola com capuz Alchemai \u00e9 uma pe\u00e7a de vestu\u00e1rio elegante e confort\u00e1vel, perfeita para usar no dia a dia. \u00c9 fabricado com materiais de alta qualidade e est\u00e1 dispon\u00edvel numa variedade de cores. O capuz \u00e9 tamb\u00e9m muito acess\u00edvel, o que o torna uma \u00f3ptima op\u00e7\u00e3o para pessoas com um or\u00e7amento limitado.<\/p>\n<p data-sourcepos=\"3:1-3:57\">Eis algumas das principais carater\u00edsticas do casaco com capuz Alchemai:<\/p>\n<ul data-sourcepos=\"5:1-10:0\">\n<li data-sourcepos=\"5:1-5:153\"><strong>Fabricado com materiais de alta qualidade:<\/strong> A camisola com capuz \u00e9 feita de um material polar macio e confort\u00e1vel, perfeito para o manter quente nos dias frios.<\/li>\n<li data-sourcepos=\"6:1-6:122\"><strong>Dispon\u00edvel numa variedade de cores:<\/strong> Pode escolher entre uma variedade de cores para encontrar o capuz perfeito para o seu estilo.<\/li>\n<li data-sourcepos=\"7:1-7:97\"><strong>Acess\u00edvel:<\/strong> O capuz \u00e9 muito acess\u00edvel, o que o torna uma \u00f3ptima op\u00e7\u00e3o para pessoas com um or\u00e7amento limitado.<\/li>\n<li data-sourcepos=\"8:1-8:103\"><strong>Confort\u00e1vel:<\/strong> A camisola com capuz \u00e9 muito confort\u00e1vel de usar, gra\u00e7as ao seu design suave e solto.<\/li>\n<li data-sourcepos=\"9:1-10:0\"><strong>Elegante:<\/strong> O casaco com capuz tamb\u00e9m tem muito estilo e pode ser facilmente vestido para cima ou para baixo.<\/li>\n<\/ul>\n<p data-sourcepos=\"11:1-11:174\">Se procura uma camisola com capuz elegante e confort\u00e1vel que seja tamb\u00e9m acess\u00edvel, ent\u00e3o a Alchemai Hoodie \u00e9 uma \u00f3ptima op\u00e7\u00e3o. Pode encontr\u00e1-lo online ou no seu revendedor local.<\/p>","protected":false},"excerpt":{"rendered":"<table style=\"height: 538px;\" width=\"470\">\n<tbody>\n<tr>\n<td width=\"146\"><strong><b>Produto<\/b><\/strong>\u00a0<strong><b>Nome:<\/b><\/strong><\/td>\n<td width=\"601\"><strong>Casaco com capuz Alchemai<\/strong><\/td>\n<\/tr>\n<tr>\n<td width=\"146\"><strong><b>Materlal:<\/b><\/strong><\/td>\n<td width=\"601\">Poli\u00e9ster\/Algod\u00e3o<\/td>\n<\/tr>\n<tr>\n<td width=\"146\"><strong><b>T\u00e9cnica:<\/b><\/strong><\/td>\n<td width=\"601\">Impress\u00e3o e tingimento<\/td>\n<\/tr>\n<tr>\n<td width=\"146\"><strong><b>Estilo:<\/b><\/strong><\/td>\n<td width=\"601\">Casual<\/td>\n<\/tr>\n<tr>\n<td width=\"146\"><strong><b>Cor<\/b><\/strong><strong><b>:<\/b><\/strong><\/td>\n<td width=\"601\">\u00a0Cores personalizadas<\/td>\n<\/tr>\n<tr>\n<td width=\"146\"><strong><b>Tamanho:<\/b><\/strong><\/td>\n<td width=\"601\">S \/M \/L \/XL \/2XL<\/td>\n<\/tr>\n<tr>\n<td width=\"146\"><strong><b>OEM\/ODM:<\/b><\/strong><\/td>\n<td width=\"601\">Aceit\u00e1vel<\/td>\n<\/tr>\n<tr>\n<td width=\"146\"><strong><b>Qualidade:<\/b><\/strong><\/td>\n<td width=\"601\">100% Alta qualidade<\/td>\n<\/tr>\n<tr>\n<td width=\"146\"><strong><b>M<\/b><\/strong><strong><b>OQ:<\/b><\/strong><\/td>\n<td width=\"601\">200 unidades<\/td>\n<\/tr>\n<\/tbody>\n<\/table>","protected":false},"featured_media":1826,"template":"","meta":[],"product_brand":[],"product_cat":[38],"product_tag":[],"class_list":{"0":"post-1825","1":"product","2":"type-product","3":"status-publish","4":"has-post-thumbnail","6":"product_cat-mens-clothing","8":"first","9":"instock","10":"shipping-taxable","11":"product-type-simple"},"_links":{"self":[{"href":"https:\/\/mj-clothing.com\/pt\/wp-json\/wp\/v2\/product\/1825","targetHints":{"allow":["GET"]}}],"collection":[{"href":"https:\/\/mj-clothing.com\/pt\/wp-json\/wp\/v2\/product"}],"about":[{"href":"https:\/\/mj-clothing.com\/pt\/wp-json\/wp\/v2\/types\/product"}],"wp:featuredmedia":[{"embeddable":true,"href":"https:\/\/mj-clothing.com\/pt\/wp-json\/wp\/v2\/media\/1826"}],"wp:attachment":[{"href":"https:\/\/mj-clothing.com\/pt\/wp-json\/wp\/v2\/media?parent=1825"}],"wp:term":[{"taxonomy":"product_brand","embeddable":true,"href":"https:\/\/mj-clothing.com\/pt\/wp-json\/wp\/v2\/product_brand?post=1825"},{"taxonomy":"product_cat","embeddable":true,"href":"https:\/\/mj-clothing.com\/pt\/wp-json\/wp\/v2\/product_cat?post=1825"},{"taxonomy":"product_tag","embeddable":true,"href":"https:\/\/mj-clothing.com\/pt\/wp-json\/wp\/v2\/product_tag?post=1825"}],"curies":[{"name":"wp","href":"https:\/\/api.w.org\/{rel}","templated":true}]}}