{"id":1830,"date":"2024-12-16T02:45:38","date_gmt":"2024-12-16T02:45:38","guid":{"rendered":"https:\/\/mj-clothing.com\/?post_type=product&#038;p=1830"},"modified":"2024-12-17T06:28:33","modified_gmt":"2024-12-17T06:28:33","slug":"plaid-sweatshirt","status":"publish","type":"product","link":"https:\/\/mj-clothing.com\/pt\/manufacturer\/plaid-sweatshirt\/","title":{"rendered":"Camisola de malha xadrez"},"content":{"rendered":"<p data-sourcepos=\"1:1-1:178\">As sweatshirts de xadrez s\u00e3o uma pe\u00e7a de roupa cl\u00e1ssica e vers\u00e1til que pode ser vestida para cima ou para baixo. S\u00e3o perfeitas para o outono e o inverno e podem ser usadas numa grande variedade de ocasi\u00f5es.<\/p>\n<h3 data-sourcepos=\"3:1-3:70\"><strong>Eis alguns aspectos a ter em conta na escolha de uma camisola de xadrez:<\/strong><\/h3>\n<ul data-sourcepos=\"5:1-9:0\">\n<li data-sourcepos=\"5:1-5:137\"><strong>Cor:<\/strong> O xadrez existe numa grande variedade de cores e padr\u00f5es. Escolha uma cor de que goste e que combine com as suas outras roupas.<\/li>\n<li data-sourcepos=\"6:1-6:119\"><strong>Em forma:<\/strong> Escolha um modelo que seja confort\u00e1vel e que lhe fique bem. N\u00e3o \u00e9 aconselh\u00e1vel uma camisola demasiado apertada ou demasiado larga.<\/li>\n<li data-sourcepos=\"7:1-7:101\"><strong>Material:<\/strong> Procure uma camisola feita de um material de alta qualidade que seja macio e confort\u00e1vel.<\/li>\n<li data-sourcepos=\"8:1-9:0\"><strong>Estilo:<\/strong> As sweatshirts de xadrez est\u00e3o dispon\u00edveis numa variedade de estilos, desde o cl\u00e1ssico ao moderno. Escolha um estilo de que goste e que se adeq\u00fae ao seu estilo pessoal.<\/li>\n<\/ul>\n<h3 data-sourcepos=\"10:1-10:51\"><strong>Aqui est\u00e3o algumas formas de estilizar uma camisola de xadrez:<\/strong><\/h3>\n<ul data-sourcepos=\"12:1-15:0\">\n<li data-sourcepos=\"12:1-12:96\"><strong>Casual:<\/strong> Combine uma camisola de xadrez com cal\u00e7as de ganga e t\u00e9nis para um look casual e confort\u00e1vel.<\/li>\n<li data-sourcepos=\"13:1-13:78\"><strong>Vestido:<\/strong> Vista uma camisola axadrezada combinando-a com uma saia ou um vestido.<\/li>\n<li data-sourcepos=\"14:1-15:0\"><strong>Em camadas:<\/strong> Coloque uma camisola xadrez por cima de uma t-shirt ou de uma camisa de manga comprida para um visual elegante e quente.<\/li>\n<\/ul>\n<h3 data-sourcepos=\"16:1-16:50\"><strong>Aqui est\u00e3o alguns estilos populares de camisolas de xadrez:<\/strong><\/h3>\n<ul data-sourcepos=\"18:1-21:0\">\n<li data-sourcepos=\"18:1-18:48\"><strong>Camisolas com capuz:<\/strong> Uma op\u00e7\u00e3o cl\u00e1ssica e confort\u00e1vel.<\/li>\n<li data-sourcepos=\"19:1-19:49\"><strong>Gola redonda:<\/strong> Uma op\u00e7\u00e3o mais descontra\u00edda e casual.<\/li>\n<li data-sourcepos=\"20:1-21:0\"><strong>Fecho de correr:<\/strong> Uma op\u00e7\u00e3o vers\u00e1til que pode ser vestida para cima ou para baixo.<\/li>\n<\/ul>\n<h3 data-sourcepos=\"22:1-22:60\"><strong>Eis algumas dicas para cuidar da sua camisola de xadrez:<\/strong><\/h3>\n<ul data-sourcepos=\"24:1-27:0\">\n<li data-sourcepos=\"24:1-24:55\">Lavar a camisola em \u00e1gua fria e num ciclo suave.<\/li>\n<li data-sourcepos=\"25:1-25:21\">Evitar a utiliza\u00e7\u00e3o de lix\u00edvia.<\/li>\n<li data-sourcepos=\"26:1-27:0\">Secar na m\u00e1quina de secar roupa em lume brando ou pendurar para secar.<\/li>\n<\/ul>\n<p data-sourcepos=\"28:1-28:130\">Com tantos estilos e cores diferentes \u00e0 escolha, encontrar\u00e1 certamente a camisola axadrezada perfeita para acrescentar ao seu guarda-roupa.<\/p>","protected":false},"excerpt":{"rendered":"<table style=\"height: 421px;\" width=\"443\">\n<tbody>\n<tr>\n<td width=\"146\"><strong><b>Produto<\/b><\/strong>\u00a0<strong><b>Nome:<\/b><\/strong><\/td>\n<td width=\"601\"><strong>Camisola de malha xadrez<\/strong><\/td>\n<\/tr>\n<tr>\n<td width=\"146\"><strong><b>Materlal:<\/b><\/strong><\/td>\n<td width=\"601\">Poli\u00e9ster\/Algod\u00e3o<\/td>\n<\/tr>\n<tr>\n<td width=\"146\"><strong><b>T\u00e9cnica:<\/b><\/strong><\/td>\n<td width=\"601\">Impress\u00e3o e tingimento<\/td>\n<\/tr>\n<tr>\n<td width=\"146\"><strong><b>Estilo:<\/b><\/strong><\/td>\n<td width=\"601\">Casual<\/td>\n<\/tr>\n<tr>\n<td width=\"146\"><strong><b>Cor<\/b><\/strong><strong><b>:<\/b><\/strong><\/td>\n<td width=\"601\">\u00a0Cores personalizadas<\/td>\n<\/tr>\n<tr>\n<td width=\"146\"><strong><b>Tamanho:<\/b><\/strong><\/td>\n<td width=\"601\">S \/M \/L \/XL \/2XL<\/td>\n<\/tr>\n<tr>\n<td width=\"146\"><strong><b>OEM\/ODM:<\/b><\/strong><\/td>\n<td width=\"601\">Aceit\u00e1vel<\/td>\n<\/tr>\n<tr>\n<td width=\"146\"><strong><b>Qualidade:<\/b><\/strong><\/td>\n<td width=\"601\">100% Alta qualidade<\/td>\n<\/tr>\n<tr>\n<td width=\"146\"><strong><b>M<\/b><\/strong><strong><b>OQ:<\/b><\/strong><\/td>\n<td width=\"601\">200 unidades<\/td>\n<\/tr>\n<\/tbody>\n<\/table>","protected":false},"featured_media":1831,"template":"","meta":[],"product_brand":[],"product_cat":[38],"product_tag":[],"class_list":{"0":"post-1830","1":"product","2":"type-product","3":"status-publish","4":"has-post-thumbnail","6":"product_cat-mens-clothing","8":"first","9":"instock","10":"shipping-taxable","11":"product-type-simple"},"_links":{"self":[{"href":"https:\/\/mj-clothing.com\/pt\/wp-json\/wp\/v2\/product\/1830","targetHints":{"allow":["GET"]}}],"collection":[{"href":"https:\/\/mj-clothing.com\/pt\/wp-json\/wp\/v2\/product"}],"about":[{"href":"https:\/\/mj-clothing.com\/pt\/wp-json\/wp\/v2\/types\/product"}],"wp:featuredmedia":[{"embeddable":true,"href":"https:\/\/mj-clothing.com\/pt\/wp-json\/wp\/v2\/media\/1831"}],"wp:attachment":[{"href":"https:\/\/mj-clothing.com\/pt\/wp-json\/wp\/v2\/media?parent=1830"}],"wp:term":[{"taxonomy":"product_brand","embeddable":true,"href":"https:\/\/mj-clothing.com\/pt\/wp-json\/wp\/v2\/product_brand?post=1830"},{"taxonomy":"product_cat","embeddable":true,"href":"https:\/\/mj-clothing.com\/pt\/wp-json\/wp\/v2\/product_cat?post=1830"},{"taxonomy":"product_tag","embeddable":true,"href":"https:\/\/mj-clothing.com\/pt\/wp-json\/wp\/v2\/product_tag?post=1830"}],"curies":[{"name":"wp","href":"https:\/\/api.w.org\/{rel}","templated":true}]}}