{"id":1834,"date":"2024-12-16T03:01:13","date_gmt":"2024-12-16T03:01:13","guid":{"rendered":"https:\/\/mj-clothing.com\/?post_type=product&#038;p=1834"},"modified":"2024-12-17T06:27:12","modified_gmt":"2024-12-17T06:27:12","slug":"pullover-hoodie","status":"publish","type":"product","link":"https:\/\/mj-clothing.com\/pt\/manufacturer\/pullover-hoodie\/","title":{"rendered":"Casaco com capuz"},"content":{"rendered":"<p data-sourcepos=\"1:1-1:345\"><span class=\"citation-0 recitation citation-end-0\">Um pul\u00f4ver com capuz \u00e9 uma pe\u00e7a de roupa casual e confort\u00e1vel, perfeita para o dia a dia.<\/span> <span class=\"citation-1 recitation citation-end-1\">Normalmente, inclui um capuz, um bolso canguru e punhos e cintura el\u00e1sticos.<\/span> <span class=\"citation-2 recitation citation-end-2\">Os pul\u00f4veres com capuz s\u00e3o frequentemente fabricados com materiais macios e quentes, como l\u00e3 ou algod\u00e3o, o que os torna ideais para o tempo mais frio.<\/span><\/p>\n<h3 data-sourcepos=\"3:1-3:38\"><strong>Carater\u00edsticas principais de um pul\u00f4ver com capuz:<\/strong><\/h3>\n<ul data-sourcepos=\"5:1-9:0\">\n<li data-sourcepos=\"5:1-5:61\"><strong>Capuz:<\/strong> Fornece calor e prote\u00e7\u00e3o contra as intemp\u00e9ries.<\/li>\n<li data-sourcepos=\"6:1-6:125\"><strong><span class=\"citation-3 recitation\">Bolso canguru:<\/span><\/strong><span class=\"citation-3 recitation citation-end-3\"> Um bolso frontal grande, perfeito para manter as m\u00e3os quentes ou transportar pequenos objectos.<\/span><span class=\"button-container hide-from-message-actions ng-star-inserted\"> \u00a0<\/span>\n<div class=\"container ng-tns-c2946245707-75 hide\">\n<div class=\"carousel-container ng-tns-c2946245707-75\"><\/div>\n<\/div>\n<\/li>\n<li data-sourcepos=\"7:1-7:74\"><strong>Punhos e c\u00f3s el\u00e1sticos:<\/strong> Assegura um ajuste confort\u00e1vel e apertado.<\/li>\n<li data-sourcepos=\"8:1-9:0\"><strong><span class=\"citation-4 recitation\">Material macio e quente:<\/span><\/strong><span class=\"citation-4 recitation citation-end-4\"> Muitas vezes fabricados em l\u00e3 ou algod\u00e3o para um conforto \u00f3timo.<\/span>\n<div class=\"container ng-tns-c2946245707-76 hide\">\n<div class=\"carousel-container ng-tns-c2946245707-76\">\n<div class=\"carousel-content ng-tns-c2946245707-76\">\n<div class=\"sources-carousel-source ng-tns-c2946245707-76 hide ng-star-inserted\" data-test-id=\"sources-carousel-source\"><\/div>\n<\/div>\n<\/div>\n<\/div>\n<\/li>\n<\/ul>\n<h3 data-sourcepos=\"10:1-10:35\"><strong>Como usar um pul\u00f4ver com capuz:<\/strong><\/h3>\n<p data-sourcepos=\"12:1-12:118\"><span class=\"citation-5 recitation citation-end-5\">As sweatshirts com capuz s\u00e3o incrivelmente vers\u00e1teis e podem ser combinadas de muitas formas diferentes.<\/span> Eis algumas ideias:<\/p>\n<p data-sourcepos=\"12:1-12:118\"><strong>Casual:<\/strong> Combine um pul\u00f4ver com capuz com cal\u00e7as de ganga e t\u00e9nis para um look descontra\u00eddo e confort\u00e1vel.<\/p>\n<ul data-sourcepos=\"14:1-18:0\">\n<li data-sourcepos=\"15:1-15:93\"><strong>Desportivo:<\/strong> Use um pul\u00f4ver com cal\u00e7as de treino ou joggers para um look desportivo e ativo.<\/li>\n<li data-sourcepos=\"16:1-16:92\"><strong>Em camadas:<\/strong> Coloque um pul\u00f4ver por cima de uma t-shirt ou de uma camisa de manga comprida para obter mais calor.<\/li>\n<li data-sourcepos=\"17:1-18:0\"><strong>Casual elegante:<\/strong> Vista um pul\u00f4ver com capuz combinando-o com um casaco de cabedal, cal\u00e7as de ganga de lavagem escura e botas.<\/li>\n<\/ul>\n<h3 data-sourcepos=\"19:1-19:39\"><strong>Marcas populares de Pullover-Hoodies:<\/strong><\/h3>\n<ul data-sourcepos=\"21:1-26:0\">\n<li data-sourcepos=\"21:1-21:77\"><strong><span class=\"citation-6 recitation\">Campe\u00e3o:<\/span><\/strong><span class=\"citation-6 recitation citation-end-6\"> Conhecidos pelos seus estilos cl\u00e1ssicos e de alta qualidade.<\/span><span class=\"button-container hide-from-message-actions ng-star-inserted\"> \u00a0<\/span>\n<div class=\"container ng-tns-c2946245707-78 hide\">\n<div class=\"carousel-container ng-tns-c2946245707-78\"><\/div>\n<\/div>\n<\/li>\n<li data-sourcepos=\"22:1-22:81\"><strong>Nike:<\/strong> Oferece uma vasta gama de pul\u00f4veres com capuz em v\u00e1rios estilos e cores.<\/li>\n<li data-sourcepos=\"23:1-23:58\"><strong>Adidas:<\/strong> Conhecidos pelos seus designs atl\u00e9ticos e desportivos.<\/li>\n<li data-sourcepos=\"24:1-24:63\"><strong>H&amp;M:<\/strong> Fornece pul\u00f4veres econ\u00f3micos e modernos.<\/li>\n<li data-sourcepos=\"25:1-26:0\"><strong>Zara:<\/strong> Oferece pul\u00f4veres com estilo e na moda.<\/li>\n<\/ul>","protected":false},"excerpt":{"rendered":"<table style=\"height: 508px;\" width=\"446\">\n<tbody>\n<tr>\n<td width=\"146\"><strong><b>Produto<\/b><\/strong>\u00a0<strong><b>Nome:<\/b><\/strong><\/td>\n<td width=\"601\"><strong>Casaco com capuz<\/strong><\/td>\n<\/tr>\n<tr>\n<td width=\"146\"><strong><b>Materlal:<\/b><\/strong><\/td>\n<td width=\"601\">Poli\u00e9ster\/Algod\u00e3o<\/td>\n<\/tr>\n<tr>\n<td width=\"146\"><strong><b>T\u00e9cnica:<\/b><\/strong><\/td>\n<td width=\"601\">Impress\u00e3o e tingimento<\/td>\n<\/tr>\n<tr>\n<td width=\"146\"><strong><b>Estilo:<\/b><\/strong><\/td>\n<td width=\"601\">Casual<\/td>\n<\/tr>\n<tr>\n<td width=\"146\"><strong><b>Cor<\/b><\/strong><strong><b>:<\/b><\/strong><\/td>\n<td width=\"601\">\u00a0Cores personalizadas<\/td>\n<\/tr>\n<tr>\n<td width=\"146\"><strong><b>Tamanho:<\/b><\/strong><\/td>\n<td width=\"601\">S \/M \/L \/XL \/2XL<\/td>\n<\/tr>\n<tr>\n<td width=\"146\"><strong><b>OEM\/ODM:<\/b><\/strong><\/td>\n<td width=\"601\">Aceit\u00e1vel<\/td>\n<\/tr>\n<tr>\n<td width=\"146\"><strong><b>Qualidade:<\/b><\/strong><\/td>\n<td width=\"601\">100% Alta qualidade<\/td>\n<\/tr>\n<tr>\n<td width=\"146\"><strong><b>M<\/b><\/strong><strong><b>OQ:<\/b><\/strong><\/td>\n<td width=\"601\">200 unidades<\/td>\n<\/tr>\n<\/tbody>\n<\/table>","protected":false},"featured_media":1836,"template":"","meta":[],"product_brand":[],"product_cat":[38],"product_tag":[],"class_list":{"0":"post-1834","1":"product","2":"type-product","3":"status-publish","4":"has-post-thumbnail","6":"product_cat-mens-clothing","8":"first","9":"instock","10":"shipping-taxable","11":"product-type-simple"},"_links":{"self":[{"href":"https:\/\/mj-clothing.com\/pt\/wp-json\/wp\/v2\/product\/1834","targetHints":{"allow":["GET"]}}],"collection":[{"href":"https:\/\/mj-clothing.com\/pt\/wp-json\/wp\/v2\/product"}],"about":[{"href":"https:\/\/mj-clothing.com\/pt\/wp-json\/wp\/v2\/types\/product"}],"wp:featuredmedia":[{"embeddable":true,"href":"https:\/\/mj-clothing.com\/pt\/wp-json\/wp\/v2\/media\/1836"}],"wp:attachment":[{"href":"https:\/\/mj-clothing.com\/pt\/wp-json\/wp\/v2\/media?parent=1834"}],"wp:term":[{"taxonomy":"product_brand","embeddable":true,"href":"https:\/\/mj-clothing.com\/pt\/wp-json\/wp\/v2\/product_brand?post=1834"},{"taxonomy":"product_cat","embeddable":true,"href":"https:\/\/mj-clothing.com\/pt\/wp-json\/wp\/v2\/product_cat?post=1834"},{"taxonomy":"product_tag","embeddable":true,"href":"https:\/\/mj-clothing.com\/pt\/wp-json\/wp\/v2\/product_tag?post=1834"}],"curies":[{"name":"wp","href":"https:\/\/api.w.org\/{rel}","templated":true}]}}