{"id":1837,"date":"2024-12-16T03:05:25","date_gmt":"2024-12-16T03:05:25","guid":{"rendered":"https:\/\/mj-clothing.com\/?post_type=product&#038;p=1837"},"modified":"2024-12-17T06:26:09","modified_gmt":"2024-12-17T06:26:09","slug":"akimbo-hoodie","status":"publish","type":"product","link":"https:\/\/mj-clothing.com\/pt\/manufacturer\/akimbo-hoodie\/","title":{"rendered":"Casaco com capuz Akimbo"},"content":{"rendered":"<p data-sourcepos=\"1:1-1:237\">A sweatshirt com capuz Akimbo \u00e9 um estilo popular conhecido pelo seu corte descontra\u00eddo e de grandes dimens\u00f5es e pelo material macio e confort\u00e1vel. \u00c9 frequentemente fabricado em l\u00e3 ou algod\u00e3o de alta qualidade e apresenta um capuz com cord\u00e3o, um bolso canguru e punhos e cintura canelados.<\/p>\n<h3 data-sourcepos=\"3:1-3:38\"><strong>Carater\u00edsticas principais do casaco com capuz Akimbo:<\/strong><\/h3>\n<ul data-sourcepos=\"5:1-10:0\">\n<li data-sourcepos=\"5:1-5:77\"><strong>Tamanho grande:<\/strong> Um corte solto e confort\u00e1vel que \u00e9 perfeito para usar em camadas.<\/li>\n<li data-sourcepos=\"6:1-6:91\"><strong>Material macio:<\/strong> Normalmente, s\u00e3o fabricados em velo ou algod\u00e3o de alta qualidade para um conforto m\u00e1ximo.<\/li>\n<li data-sourcepos=\"7:1-7:89\"><strong>Capuz com cord\u00e3o:<\/strong> Capuz ajust\u00e1vel para maior calor e prote\u00e7\u00e3o contra as intemp\u00e9ries.<\/li>\n<li data-sourcepos=\"8:1-8:111\"><strong><span class=\"citation-0 recitation\">Bolso canguru:<\/span><\/strong><span class=\"citation-0 recitation citation-end-0\"> Um bolso frontal espa\u00e7oso para manter as m\u00e3os quentes ou guardar pequenos objectos.<\/span><span class=\"button-container hide-from-message-actions ng-star-inserted\"> \u00a0<\/span>\n<div class=\"container ng-tns-c2946245707-91 hide\">\n<div class=\"carousel-container ng-tns-c2946245707-91\"><\/div>\n<\/div>\n<\/li>\n<li data-sourcepos=\"9:1-10:0\"><strong>Punhos e cintura canelados:<\/strong> Assegura um ajuste confort\u00e1vel e apertado.<\/li>\n<\/ul>\n<h3 data-sourcepos=\"11:1-11:35\"><strong>Como vestir o casaco com capuz Akimbo:<\/strong><\/h3>\n<p data-sourcepos=\"13:1-13:103\">A camisola com capuz Akimbo \u00e9 uma pe\u00e7a vers\u00e1til que pode ser combinada de muitas formas diferentes. Aqui est\u00e3o algumas ideias:<\/p>\n<ul data-sourcepos=\"15:1-18:0\">\n<li data-sourcepos=\"15:1-15:105\"><strong>Casual:<\/strong> Combine-o com cal\u00e7as de ganga, cal\u00e7as de fato de treino ou cal\u00e7as de corrida e t\u00e9nis para um look descontra\u00eddo e confort\u00e1vel.<\/li>\n<li data-sourcepos=\"16:1-16:77\"><strong>Em camadas:<\/strong> Coloque-a por cima de uma t-shirt ou de uma camisa de manga comprida para um calor extra.<\/li>\n<li data-sourcepos=\"17:1-18:0\"><strong>Casual elegante:<\/strong> Vista-o com um casaco de cabedal, cal\u00e7as de ganga de lavagem escura e botas.<\/li>\n<\/ul>","protected":false},"excerpt":{"rendered":"<table style=\"height: 490px;\" width=\"435\">\n<tbody>\n<tr>\n<td width=\"146\"><strong><b>Produto<\/b><\/strong>\u00a0<strong><b>Nome:<\/b><\/strong><\/td>\n<td width=\"601\"><strong>Casaco com capuz Akimbo<\/strong><\/td>\n<\/tr>\n<tr>\n<td width=\"146\"><strong><b>Materlal:<\/b><\/strong><\/td>\n<td width=\"601\">Poli\u00e9ster\/Algod\u00e3o<\/td>\n<\/tr>\n<tr>\n<td width=\"146\"><strong><b>T\u00e9cnica:<\/b><\/strong><\/td>\n<td width=\"601\">Impress\u00e3o e tingimento<\/td>\n<\/tr>\n<tr>\n<td width=\"146\"><strong><b>Estilo:<\/b><\/strong><\/td>\n<td width=\"601\">Casual<\/td>\n<\/tr>\n<tr>\n<td width=\"146\"><strong><b>Cor<\/b><\/strong><strong><b>:<\/b><\/strong><\/td>\n<td width=\"601\">\u00a0Cores personalizadas<\/td>\n<\/tr>\n<tr>\n<td width=\"146\"><strong><b>Tamanho:<\/b><\/strong><\/td>\n<td width=\"601\">S \/M \/L \/XL \/2XL<\/td>\n<\/tr>\n<tr>\n<td width=\"146\"><strong><b>OEM\/ODM:<\/b><\/strong><\/td>\n<td width=\"601\">Aceit\u00e1vel<\/td>\n<\/tr>\n<tr>\n<td width=\"146\"><strong><b>Qualidade:<\/b><\/strong><\/td>\n<td width=\"601\">100% Alta qualidade<\/td>\n<\/tr>\n<tr>\n<td width=\"146\"><strong><b>M<\/b><\/strong><strong><b>OQ:<\/b><\/strong><\/td>\n<td width=\"601\">200 unidades<\/td>\n<\/tr>\n<\/tbody>\n<\/table>","protected":false},"featured_media":1839,"template":"","meta":[],"product_brand":[],"product_cat":[38],"product_tag":[],"class_list":{"0":"post-1837","1":"product","2":"type-product","3":"status-publish","4":"has-post-thumbnail","6":"product_cat-mens-clothing","8":"first","9":"instock","10":"shipping-taxable","11":"product-type-simple"},"_links":{"self":[{"href":"https:\/\/mj-clothing.com\/pt\/wp-json\/wp\/v2\/product\/1837","targetHints":{"allow":["GET"]}}],"collection":[{"href":"https:\/\/mj-clothing.com\/pt\/wp-json\/wp\/v2\/product"}],"about":[{"href":"https:\/\/mj-clothing.com\/pt\/wp-json\/wp\/v2\/types\/product"}],"wp:featuredmedia":[{"embeddable":true,"href":"https:\/\/mj-clothing.com\/pt\/wp-json\/wp\/v2\/media\/1839"}],"wp:attachment":[{"href":"https:\/\/mj-clothing.com\/pt\/wp-json\/wp\/v2\/media?parent=1837"}],"wp:term":[{"taxonomy":"product_brand","embeddable":true,"href":"https:\/\/mj-clothing.com\/pt\/wp-json\/wp\/v2\/product_brand?post=1837"},{"taxonomy":"product_cat","embeddable":true,"href":"https:\/\/mj-clothing.com\/pt\/wp-json\/wp\/v2\/product_cat?post=1837"},{"taxonomy":"product_tag","embeddable":true,"href":"https:\/\/mj-clothing.com\/pt\/wp-json\/wp\/v2\/product_tag?post=1837"}],"curies":[{"name":"wp","href":"https:\/\/api.w.org\/{rel}","templated":true}]}}