{"id":1843,"date":"2024-12-16T03:21:20","date_gmt":"2024-12-16T03:21:20","guid":{"rendered":"https:\/\/mj-clothing.com\/?post_type=product&#038;p=1843"},"modified":"2024-12-17T06:40:16","modified_gmt":"2024-12-17T06:40:16","slug":"golf-hoodie","status":"publish","type":"product","link":"https:\/\/mj-clothing.com\/pt\/manufacturer\/golf-hoodie\/","title":{"rendered":"Casaco com capuz para golfe"},"content":{"rendered":"<p data-sourcepos=\"1:1-1:192\">Um capuz de golfe \u00e9 um tipo de vestu\u00e1rio desportivo especificamente concebido para jogadores de golfe, combinando o conforto e o calor de um capuz tradicional com carater\u00edsticas de desempenho adequadas ao campo de golfe.<\/p>\n<h3 data-sourcepos=\"3:1-3:34\"><strong>Carater\u00edsticas principais de um casaco com capuz para golfe:<\/strong><\/h3>\n<ul data-sourcepos=\"5:1-10:0\">\n<li data-sourcepos=\"5:1-5:283\"><strong>Tecidos de desempenho:<\/strong> Os hoodies de golfe s\u00e3o frequentemente fabricados com tecidos de alto desempenho, como poli\u00e9ster ou uma mistura de poli\u00e9ster e algod\u00e3o. Estes tecidos s\u00e3o concebidos para absorverem a humidade, serem respir\u00e1veis e el\u00e1sticos, mantendo os jogadores de golfe secos, confort\u00e1veis e sem restri\u00e7\u00f5es durante a tacada.<\/li>\n<li data-sourcepos=\"6:1-6:207\"><strong>Resist\u00eancia \u00e0s intemp\u00e9ries:<\/strong> Muitos chap\u00e9us de golfe s\u00e3o resistentes ou repelentes \u00e0 \u00e1gua, protegendo os golfistas da chuva ligeira ou do chuvisco. Alguns tamb\u00e9m possuem isolamento t\u00e9rmico para manter os golfistas quentes em climas mais frios.<\/li>\n<li data-sourcepos=\"7:1-7:100\"><strong>Prote\u00e7\u00e3o solar:<\/strong> Alguns hoodies de golfe oferecem prote\u00e7\u00e3o UV para proteger os golfistas dos raios solares nocivos.<\/li>\n<li data-sourcepos=\"8:1-8:162\"><strong>Conce\u00e7\u00e3o funcional:<\/strong> Os fatos de golfe incluem frequentemente carater\u00edsticas como bolsos com fecho de correr para guardar objectos de valor, capuzes ajust\u00e1veis e orif\u00edcios para os polegares para manter as mangas no lugar.<\/li>\n<li data-sourcepos=\"9:1-10:0\"><strong>Design elegante:<\/strong> Os bon\u00e9s de golfe est\u00e3o dispon\u00edveis numa variedade de estilos, cores e padr\u00f5es, permitindo que os jogadores de golfe expressem o seu estilo pessoal sem deixarem de ser funcionais.<\/li>\n<\/ul>\n<h3 data-sourcepos=\"11:1-11:31\"><strong>Quando usar uma camisola com capuz para golfe:<\/strong><\/h3>\n<p data-sourcepos=\"13:1-13:112\">Os bon\u00e9s de golfe s\u00e3o vers\u00e1teis e podem ser usados numa grande variedade de condi\u00e7\u00f5es climat\u00e9ricas. S\u00e3o particularmente \u00fateis para:<\/p>\n<ul data-sourcepos=\"15:1-18:0\">\n<li data-sourcepos=\"15:1-15:87\"><strong>Tempo mais fresco:<\/strong> Os hoodies de golfe podem proporcionar calor e conforto durante as rondas mais frias.<\/li>\n<li data-sourcepos=\"16:1-16:101\"><strong>Tempo chuvoso:<\/strong> Os hoodies de golfe resistentes \u00e0 \u00e1gua podem manter os golfistas secos e confort\u00e1veis com chuva ligeira.<\/li>\n<li data-sourcepos=\"17:1-18:0\"><strong>Camadas:<\/strong> Os bon\u00e9s de golfe podem ser combinados com outro vestu\u00e1rio de golfe para criar um conjunto personalizado para diferentes condi\u00e7\u00f5es climat\u00e9ricas.<\/li>\n<\/ul>\n<p data-sourcepos=\"19:1-19:138\">Ao escolher um casaco com capuz para golfe que satisfa\u00e7a as suas necessidades e prefer\u00eancias espec\u00edficas, pode melhorar o seu conforto e desempenho no campo de golfe.<\/p>","protected":false},"excerpt":{"rendered":"<table style=\"height: 543px;\" width=\"471\">\n<tbody>\n<tr>\n<td width=\"146\"><strong><b>Produto<\/b><\/strong>\u00a0<strong><b>Nome:<\/b><\/strong><\/td>\n<td width=\"601\">\n<p data-sourcepos=\"3:1-3:34\"><strong>Casaco com capuz para golfe<\/strong><\/p>\n<\/td>\n<\/tr>\n<tr>\n<td width=\"146\"><strong><b>Materlal:<\/b><\/strong><\/td>\n<td width=\"601\">Poli\u00e9ster\/Algod\u00e3o<\/td>\n<\/tr>\n<tr>\n<td width=\"146\"><strong><b>T\u00e9cnica: <\/b><\/strong><\/td>\n<td width=\"601\">Impress\u00e3o e tingimento<\/td>\n<\/tr>\n<tr>\n<td width=\"146\"><strong><b>Estilo: <\/b><\/strong><\/td>\n<td width=\"601\">Casual<\/td>\n<\/tr>\n<tr>\n<td width=\"146\"><strong><b>Cor<\/b><\/strong><strong><b>:<\/b><\/strong><\/td>\n<td width=\"601\">Branco e cores personalizadas<\/td>\n<\/tr>\n<tr>\n<td width=\"146\"><strong><b>Tamanho:<\/b><\/strong><\/td>\n<td width=\"601\">S \/M \/L \/XL \/2XL<\/td>\n<\/tr>\n<tr>\n<td width=\"146\"><strong><b>OEM\/ODM:<\/b><\/strong><\/td>\n<td width=\"601\">Aceit\u00e1vel<\/td>\n<\/tr>\n<tr>\n<td width=\"146\"><strong><b>Qualidade:<\/b><\/strong><\/td>\n<td width=\"601\">100% Alta qualidade<\/td>\n<\/tr>\n<tr>\n<td width=\"146\"><strong><b>M<\/b><\/strong><strong><b>OQ:<\/b><\/strong><\/td>\n<td width=\"601\">200 unidades<\/td>\n<\/tr>\n<\/tbody>\n<\/table>","protected":false},"featured_media":1844,"template":"","meta":[],"product_brand":[],"product_cat":[38],"product_tag":[],"class_list":{"0":"post-1843","1":"product","2":"type-product","3":"status-publish","4":"has-post-thumbnail","6":"product_cat-mens-clothing","8":"first","9":"instock","10":"shipping-taxable","11":"product-type-simple"},"_links":{"self":[{"href":"https:\/\/mj-clothing.com\/pt\/wp-json\/wp\/v2\/product\/1843","targetHints":{"allow":["GET"]}}],"collection":[{"href":"https:\/\/mj-clothing.com\/pt\/wp-json\/wp\/v2\/product"}],"about":[{"href":"https:\/\/mj-clothing.com\/pt\/wp-json\/wp\/v2\/types\/product"}],"wp:featuredmedia":[{"embeddable":true,"href":"https:\/\/mj-clothing.com\/pt\/wp-json\/wp\/v2\/media\/1844"}],"wp:attachment":[{"href":"https:\/\/mj-clothing.com\/pt\/wp-json\/wp\/v2\/media?parent=1843"}],"wp:term":[{"taxonomy":"product_brand","embeddable":true,"href":"https:\/\/mj-clothing.com\/pt\/wp-json\/wp\/v2\/product_brand?post=1843"},{"taxonomy":"product_cat","embeddable":true,"href":"https:\/\/mj-clothing.com\/pt\/wp-json\/wp\/v2\/product_cat?post=1843"},{"taxonomy":"product_tag","embeddable":true,"href":"https:\/\/mj-clothing.com\/pt\/wp-json\/wp\/v2\/product_tag?post=1843"}],"curies":[{"name":"wp","href":"https:\/\/api.w.org\/{rel}","templated":true}]}}