{"id":1846,"date":"2024-12-16T03:37:19","date_gmt":"2024-12-16T03:37:19","guid":{"rendered":"https:\/\/mj-clothing.com\/?post_type=product&#038;p=1846"},"modified":"2024-12-17T06:24:41","modified_gmt":"2024-12-17T06:24:41","slug":"weighted-hoodie","status":"publish","type":"product","link":"https:\/\/mj-clothing.com\/pt\/manufacturer\/weighted-hoodie\/","title":{"rendered":"Casaco com capuz ponderado"},"content":{"rendered":"<p data-sourcepos=\"1:1-1:292\"><span class=\"citation-0 recitation citation-end-0\">Um capuz com pesos \u00e9 um tipo de vestu\u00e1rio que incorpora materiais com pesos, normalmente contas de vidro ou bolinhas de pl\u00e1stico, no tecido para proporcionar um efeito calmante e de liga\u00e7\u00e3o \u00e0 terra.<\/span> <span class=\"citation-1 recitation citation-end-1\">Esta press\u00e3o suave pode ajudar a reduzir a ansiedade, melhorar a concentra\u00e7\u00e3o e promover um sono melhor.<\/span><span class=\"button-container hide-from-message-actions ng-star-inserted\"> \u00a0<\/span><\/p>\n<h3 data-sourcepos=\"3:1-3:38\"><strong>Carater\u00edsticas principais de uma camisola com capuz:<\/strong><\/h3>\n<ul data-sourcepos=\"5:1-10:0\">\n<li data-sourcepos=\"5:1-5:145\"><strong>Materiais ponderados:<\/strong> <span class=\"citation-2 recitation citation-end-2\">Pequenas p\u00e9rolas ou bolinhas s\u00e3o distribu\u00eddas uniformemente por todo o capuz, proporcionando uma press\u00e3o suave e calmante.<\/span><span class=\"button-container hide-from-message-actions ng-star-inserted\"> \u00a0<\/span>\n<div class=\"container ng-tns-c2946245707-171 hide\">\n<div class=\"carousel-container ng-tns-c2946245707-171\"><\/div>\n<\/div>\n<\/li>\n<li data-sourcepos=\"6:1-6:93\"><strong>Conforto:<\/strong> <span class=\"citation-3 recitation citation-end-3\">O casaco com capuz foi concebido para ser macio, acolhedor e confort\u00e1vel de usar.<\/span><span class=\"button-container hide-from-message-actions ng-star-inserted\"> \u00a0<\/span>\n<div class=\"container ng-tns-c2946245707-172 hide\">\n<div class=\"carousel-container ng-tns-c2946245707-172\"><\/div>\n<\/div>\n<\/li>\n<li data-sourcepos=\"7:1-7:108\"><strong>Versatilidade:<\/strong> <span class=\"citation-4 recitation citation-end-4\">Pode ser usado durante o dia para relaxar ou \u00e0 noite para melhorar o sono.<\/span><span class=\"button-container hide-from-message-actions ng-star-inserted\"> \u00a0<\/span>\n<div class=\"container ng-tns-c2946245707-173 hide\">\n<div class=\"carousel-container ng-tns-c2946245707-173\"><\/div>\n<\/div>\n<\/li>\n<li data-sourcepos=\"8:1-8:127\"><strong>Efeito calmante:<\/strong> <span class=\"citation-5 recitation citation-end-5\">O peso pode ajudar a reduzir o stress e a ansiedade, promovendo uma sensa\u00e7\u00e3o de paz e bem-estar.<\/span><span class=\"button-container hide-from-message-actions ng-star-inserted\">\u00a0<\/span>\n<div class=\"container ng-tns-c2946245707-174 hide\">\n<div class=\"carousel-container ng-tns-c2946245707-174\"><\/div>\n<\/div>\n<\/li>\n<li data-sourcepos=\"9:1-10:0\"><strong><span class=\"citation-6 recitation\">Melhoria da concentra\u00e7\u00e3o:<\/span><\/strong><span class=\"citation-6 recitation citation-end-6\"> A press\u00e3o suave pode ajudar a melhorar a concentra\u00e7\u00e3o e a aten\u00e7\u00e3o.<\/span><span class=\"button-container hide-from-message-actions ng-star-inserted\"> \u00a0<\/span>\n<div class=\"container ng-tns-c2946245707-175 hide\">\n<div class=\"carousel-container ng-tns-c2946245707-175\"><\/div>\n<\/div>\n<\/li>\n<\/ul>\n<h3 data-sourcepos=\"11:1-11:36\"><strong>Como escolher uma camisola com capuz:<\/strong><\/h3>\n<ul data-sourcepos=\"13:1-17:0\">\n<li data-sourcepos=\"13:1-13:82\"><strong>Peso:<\/strong> O peso do capuz deve ser cerca de 5-10% do seu peso corporal.<\/li>\n<li data-sourcepos=\"14:1-14:75\"><strong>Material:<\/strong> Procure um material macio e respir\u00e1vel como o algod\u00e3o ou o velo.<\/li>\n<li data-sourcepos=\"15:1-15:92\"><strong>Distribui\u00e7\u00e3o do peso:<\/strong> Assegurar que o peso \u00e9 distribu\u00eddo uniformemente pelo capuz.<\/li>\n<li data-sourcepos=\"16:1-17:0\"><strong>Conforto:<\/strong> O capuz deve servir confortavelmente e n\u00e3o deve ser demasiado apertado ou demasiado largo.<\/li>\n<\/ul>\n<h3 data-sourcepos=\"18:1-18:33\"><strong>Como utilizar uma camisola com capuz:<\/strong><\/h3>\n<ul data-sourcepos=\"20:1-23:0\">\n<li data-sourcepos=\"20:1-20:72\"><strong>Relaxamento:<\/strong> Use o casaco com capuz enquanto relaxa no sof\u00e1 ou na cama.<\/li>\n<li data-sourcepos=\"21:1-21:81\"><strong><span class=\"citation-7 recitation\">Dormir:<\/span><\/strong><span class=\"citation-7 recitation citation-end-7\"> Utilize o capuz como um auxiliar de sono para melhorar a qualidade do sono.<\/span><span class=\"button-container hide-from-message-actions ng-star-inserted\"> \u00a0<\/span>\n<div class=\"container ng-tns-c2946245707-176 hide\">\n<div class=\"carousel-container ng-tns-c2946245707-176\"><\/div>\n<\/div>\n<\/li>\n<li data-sourcepos=\"22:1-23:0\"><strong><span class=\"citation-8 recitation\">Foco:<\/span><\/strong><span class=\"citation-8 recitation citation-end-8\"> Use o capuz quando estiver a estudar, a trabalhar ou a participar noutras actividades que exijam concentra\u00e7\u00e3o.<\/span><span class=\"button-container hide-from-message-actions ng-star-inserted\">\u00a0 \u00a0<\/span>\n<div class=\"container ng-tns-c2946245707-177 hide\">\n<div class=\"carousel-container ng-tns-c2946245707-177\"><\/div>\n<\/div>\n<\/li>\n<\/ul>\n<h3 data-sourcepos=\"24:1-24:40\"><strong>Benef\u00edcios da utiliza\u00e7\u00e3o de um capuz com pesos:<\/strong><\/h3>\n<ul data-sourcepos=\"26:1-30:0\">\n<li data-sourcepos=\"26:1-26:92\"><strong>Redu\u00e7\u00e3o da ansiedade:<\/strong> <span class=\"citation-9 recitation citation-end-9\">A press\u00e3o suave pode ajudar a acalmar o sistema nervoso.<\/span><span class=\"button-container hide-from-message-actions ng-star-inserted\"> \u00a0<\/span>\n<div class=\"container ng-tns-c2946245707-178 hide\">\n<div class=\"carousel-container ng-tns-c2946245707-178\"><\/div>\n<\/div>\n<\/li>\n<li data-sourcepos=\"27:1-27:87\"><strong><span class=\"citation-10 recitation\">Melhoria do sono:<\/span><\/strong><span class=\"citation-10 recitation citation-end-10\"> O peso pode promover um sono mais profundo e repousante.<\/span><span class=\"button-container hide-from-message-actions ng-star-inserted\">\u00a0<\/span>\n<div class=\"container ng-tns-c2946245707-179 hide\">\n<div class=\"carousel-container ng-tns-c2946245707-179\"><\/div>\n<\/div>\n<\/li>\n<li data-sourcepos=\"28:1-28:101\"><strong><span class=\"citation-11 recitation\">Melhor concentra\u00e7\u00e3o:<\/span><\/strong><span class=\"citation-11 recitation citation-end-11\"> A press\u00e3o pode ajudar a melhorar a concentra\u00e7\u00e3o e a capacidade de aten\u00e7\u00e3o.<\/span><span class=\"button-container hide-from-message-actions ng-star-inserted\">\u00a0 \u00a0<\/span>\n<div class=\"container ng-tns-c2946245707-180 hide\">\n<div class=\"carousel-container ng-tns-c2946245707-180\"><\/div>\n<\/div>\n<\/li>\n<li data-sourcepos=\"29:1-30:0\"><strong><span class=\"citation-12 recitation\">Redu\u00e7\u00e3o do stress:<\/span><\/strong><span class=\"citation-12 recitation citation-end-12\"> O efeito calmante do peso pode ajudar a reduzir os n\u00edveis de stress.<\/span><span class=\"button-container hide-from-message-actions ng-star-inserted\">\u00a0<\/span>\n<div class=\"container ng-tns-c2946245707-181 hide\">\n<div class=\"carousel-container ng-tns-c2946245707-181\"><\/div>\n<\/div>\n<\/li>\n<\/ul>\n<p data-sourcepos=\"31:1-31:269\">Se procura uma forma natural de reduzir o stress e a ansiedade, um capuz com pesos pode ser uma boa op\u00e7\u00e3o para si. No entanto, \u00e9 importante consultar um profissional de sa\u00fade antes de utilizar um produto com pesos, especialmente se tiver algum problema de sa\u00fade subjacente.<\/p>","protected":false},"excerpt":{"rendered":"<table style=\"height: 478px;\" width=\"402\">\n<tbody>\n<tr>\n<td width=\"146\"><strong><b>Produto<\/b><\/strong>\u00a0<strong><b>Nome:<\/b><\/strong><\/td>\n<td width=\"601\"><strong>Casaco com capuz ponderado<\/strong><\/td>\n<\/tr>\n<tr>\n<td width=\"146\"><strong><b>Materlal:<\/b><\/strong><\/td>\n<td width=\"601\">Poli\u00e9ster\/Algod\u00e3o<\/td>\n<\/tr>\n<tr>\n<td width=\"146\"><strong><b>T\u00e9cnica:<\/b><\/strong><\/td>\n<td width=\"601\">Impress\u00e3o e tingimento<\/td>\n<\/tr>\n<tr>\n<td width=\"146\"><strong><b>Estilo:<\/b><\/strong><\/td>\n<td width=\"601\">Casual<\/td>\n<\/tr>\n<tr>\n<td width=\"146\"><strong><b>Cor<\/b><\/strong><strong><b>:<\/b><\/strong><\/td>\n<td width=\"601\">\u00a0Cores personalizadas<\/td>\n<\/tr>\n<tr>\n<td width=\"146\"><strong><b>Tamanho:<\/b><\/strong><\/td>\n<td width=\"601\">S \/M \/L \/XL \/2XL<\/td>\n<\/tr>\n<tr>\n<td width=\"146\"><strong><b>OEM\/ODM:<\/b><\/strong><\/td>\n<td width=\"601\">Aceit\u00e1vel<\/td>\n<\/tr>\n<tr>\n<td width=\"146\"><strong><b>Qualidade:<\/b><\/strong><\/td>\n<td width=\"601\">100% Alta qualidade<\/td>\n<\/tr>\n<tr>\n<td width=\"146\"><strong><b>M<\/b><\/strong><strong><b>OQ:<\/b><\/strong><\/td>\n<td width=\"601\">200 unidades<\/td>\n<\/tr>\n<\/tbody>\n<\/table>","protected":false},"featured_media":1848,"template":"","meta":[],"product_brand":[],"product_cat":[38],"product_tag":[],"class_list":{"0":"post-1846","1":"product","2":"type-product","3":"status-publish","4":"has-post-thumbnail","6":"product_cat-mens-clothing","8":"first","9":"instock","10":"shipping-taxable","11":"product-type-simple"},"_links":{"self":[{"href":"https:\/\/mj-clothing.com\/pt\/wp-json\/wp\/v2\/product\/1846","targetHints":{"allow":["GET"]}}],"collection":[{"href":"https:\/\/mj-clothing.com\/pt\/wp-json\/wp\/v2\/product"}],"about":[{"href":"https:\/\/mj-clothing.com\/pt\/wp-json\/wp\/v2\/types\/product"}],"wp:featuredmedia":[{"embeddable":true,"href":"https:\/\/mj-clothing.com\/pt\/wp-json\/wp\/v2\/media\/1848"}],"wp:attachment":[{"href":"https:\/\/mj-clothing.com\/pt\/wp-json\/wp\/v2\/media?parent=1846"}],"wp:term":[{"taxonomy":"product_brand","embeddable":true,"href":"https:\/\/mj-clothing.com\/pt\/wp-json\/wp\/v2\/product_brand?post=1846"},{"taxonomy":"product_cat","embeddable":true,"href":"https:\/\/mj-clothing.com\/pt\/wp-json\/wp\/v2\/product_cat?post=1846"},{"taxonomy":"product_tag","embeddable":true,"href":"https:\/\/mj-clothing.com\/pt\/wp-json\/wp\/v2\/product_tag?post=1846"}],"curies":[{"name":"wp","href":"https:\/\/api.w.org\/{rel}","templated":true}]}}