{"id":1853,"date":"2024-12-16T06:19:44","date_gmt":"2024-12-16T06:19:44","guid":{"rendered":"https:\/\/mj-clothing.com\/?post_type=product&#038;p=1853"},"modified":"2024-12-17T06:22:58","modified_gmt":"2024-12-17T06:22:58","slug":"drake-hoodie","status":"publish","type":"product","link":"https:\/\/mj-clothing.com\/pt\/manufacturer\/drake-hoodie\/","title":{"rendered":"Casaco com capuz Drake"},"content":{"rendered":"<p data-sourcepos=\"1:1-1:226\"><span class=\"citation-0 recitation citation-end-0\">Drake Hoodie, o famoso rapper canadiano, inspirou uma s\u00e9rie de artigos, incluindo hoodies.<\/span> <span class=\"citation-1 recitation citation-end-1\">Estas sweatshirts com capuz apresentam frequentemente o seu log\u00f3tipo ic\u00f3nico, a arte do \u00e1lbum ou as letras das can\u00e7\u00f5es, apelando \u00e0 sua base de f\u00e3s dedicada.<\/span><\/p>\n<h3 data-sourcepos=\"1:1-1:226\"><strong>Carater\u00edsticas principais de uma sweatshirt com capuz Drake:<\/strong><\/h3>\n<ul data-sourcepos=\"5:1-9:0\">\n<li data-sourcepos=\"5:1-5:125\"><strong><span class=\"citation-2 recitation\">Material de alta qualidade:<\/span><\/strong><span class=\"citation-2 recitation citation-end-2\"> Muitas vezes fabricados com materiais de primeira qualidade, como o algod\u00e3o ou o velo, para maior conforto e durabilidade.<\/span><span class=\"button-container hide-from-message-actions ng-star-inserted\"> \u00a0<\/span><\/li>\n<li data-sourcepos=\"5:1-5:125\"><span class=\"button-container hide-from-message-actions ng-star-inserted\"><strong style=\"font-size: 14.4px;\"><span class=\"citation-3 recitation\">Design elegante:<\/span><\/strong><span class=\"citation-3 recitation citation-end-3\" style=\"font-size: 14.4px;\"> Incorpora designs modernos, gr\u00e1ficos arrojados e a est\u00e9tica carater\u00edstica da Drake.<\/span><span class=\"button-container hide-from-message-actions ng-star-inserted\" style=\"font-size: 14.4px;\"> \u00a0<\/span><\/span>\n<div class=\"container ng-tns-c2946245707-199 hide\">\n<div class=\"carousel-container ng-tns-c2946245707-199\"><\/div>\n<\/div>\n<\/li>\n<li data-sourcepos=\"7:1-7:80\"><strong>Ajuste confort\u00e1vel:<\/strong> Proporciona um ajuste descontra\u00eddo e confort\u00e1vel para uso di\u00e1rio.<\/li>\n<li data-sourcepos=\"8:1-9:0\"><strong>Apelo dos f\u00e3s:<\/strong> <span class=\"citation-4 recitation citation-end-4\">Inclui imagens e marcas ic\u00f3nicas da Drake.<\/span><span class=\"button-container hide-from-message-actions ng-star-inserted\"> \u00a0<\/span>\n<div class=\"container ng-tns-c2946245707-200 hide\">\n<div class=\"carousel-container ng-tns-c2946245707-200\"><\/div>\n<\/div>\n<\/li>\n<\/ul>\n<h3 data-sourcepos=\"10:1-10:32\"><strong>Onde comprar uma sweatshirt com capuz Drake:<\/strong><\/h3>\n<ul data-sourcepos=\"12:1-15:0\">\n<li data-sourcepos=\"12:1-12:146\"><strong>Lojas de artigos oficiais:<\/strong> <span class=\"citation-5 recitation citation-end-5\">A loja de merchandise oficial do Drake ou os revendedores autorizados vendem frequentemente hoodies com licen\u00e7a oficial.<\/span><span class=\"button-container hide-from-message-actions ng-star-inserted\">\u00a0 \u00a0<\/span>\n<div class=\"container ng-tns-c2946245707-201 hide\">\n<div class=\"carousel-container ng-tns-c2946245707-201\"><\/div>\n<\/div>\n<\/li>\n<li data-sourcepos=\"13:1-13:162\"><strong><span class=\"citation-6 recitation\">Mercados em linha:<\/span><\/strong><span class=\"citation-6 recitation citation-end-6\"> Plataformas como o eBay, StockX e Grailed oferecem uma vasta gama de roupas Drake, incluindo edi\u00e7\u00f5es limitadas e artigos vintage.<\/span><span class=\"button-container hide-from-message-actions ng-star-inserted\"> \u00a0<\/span>\n<div class=\"container ng-tns-c2946245707-202 hide\">\n<div class=\"carousel-container ng-tns-c2946245707-202\"><\/div>\n<\/div>\n<\/li>\n<li data-sourcepos=\"14:1-15:0\"><strong>Lojas de revenda:<\/strong> Visite as boutiques locais de streetwear e as lojas de revenda para encontrar potenciais achados.<\/li>\n<\/ul>\n<h3 data-sourcepos=\"16:1-16:35\"><strong>Dicas para comprar uma sweatshirt com capuz Drake:<\/strong><\/h3>\n<ul data-sourcepos=\"18:1-22:0\">\n<li data-sourcepos=\"18:1-18:101\"><strong>Autenticidade:<\/strong> Verificar a autenticidade do casaco com capuz, verificando se tem etiquetas e marcas oficiais.<\/li>\n<li data-sourcepos=\"19:1-19:85\"><strong>Estado:<\/strong> Se comprar um casaco com capuz usado, verifique se h\u00e1 sinais de desgaste ou danos.<\/li>\n<li data-sourcepos=\"20:1-20:84\"><strong>Dimensionamento:<\/strong> Consultar a tabela de tamanhos fornecida pelo vendedor para garantir um ajuste correto.<\/li>\n<li data-sourcepos=\"21:1-22:0\"><strong>Pre\u00e7o:<\/strong> Pesquise os pre\u00e7os de mercado actuais para evitar pagar demasiado.<\/li>\n<\/ul>\n<p data-sourcepos=\"23:1-23:123\">Seguindo estas dicas, pode encontrar o hoodie perfeito do Drake para mostrar o seu amor pelo artista e elevar o seu estilo.<\/p>","protected":false},"excerpt":{"rendered":"<table style=\"height: 547px;\" width=\"443\">\n<tbody>\n<tr>\n<td width=\"146\"><strong><b>Produto<\/b><\/strong>\u00a0<strong><b>Nome:<\/b><\/strong><\/td>\n<td width=\"601\"><strong>Casaco com capuz Drake<\/strong><\/td>\n<\/tr>\n<tr>\n<td width=\"146\"><strong><b>Materlal:<\/b><\/strong><\/td>\n<td width=\"601\">Poli\u00e9ster\/Algod\u00e3o<\/td>\n<\/tr>\n<tr>\n<td width=\"146\"><strong><b>T\u00e9cnica:<\/b><\/strong><\/td>\n<td width=\"601\">Impress\u00e3o e tingimento<\/td>\n<\/tr>\n<tr>\n<td width=\"146\"><strong><b>Estilo:<\/b><\/strong><\/td>\n<td width=\"601\">Casual<\/td>\n<\/tr>\n<tr>\n<td width=\"146\"><strong><b>Cor<\/b><\/strong><strong><b>:<\/b><\/strong><\/td>\n<td width=\"601\">\u00a0Preto e cores personalizadas<\/td>\n<\/tr>\n<tr>\n<td width=\"146\"><strong><b>Tamanho:<\/b><\/strong><\/td>\n<td width=\"601\">S \/M \/L \/XL \/2XL<\/td>\n<\/tr>\n<tr>\n<td width=\"146\"><strong><b>OEM\/ODM:<\/b><\/strong><\/td>\n<td width=\"601\">Aceit\u00e1vel<\/td>\n<\/tr>\n<tr>\n<td width=\"146\"><strong><b>Qualidade:<\/b><\/strong><\/td>\n<td width=\"601\">100% Alta qualidade<\/td>\n<\/tr>\n<tr>\n<td width=\"146\"><strong><b>M<\/b><\/strong><strong><b>OQ:<\/b><\/strong><\/td>\n<td width=\"601\">200 unidades<\/td>\n<\/tr>\n<\/tbody>\n<\/table>","protected":false},"featured_media":1857,"template":"","meta":[],"product_brand":[],"product_cat":[38],"product_tag":[],"class_list":{"0":"post-1853","1":"product","2":"type-product","3":"status-publish","4":"has-post-thumbnail","6":"product_cat-mens-clothing","8":"first","9":"instock","10":"shipping-taxable","11":"product-type-simple"},"_links":{"self":[{"href":"https:\/\/mj-clothing.com\/pt\/wp-json\/wp\/v2\/product\/1853","targetHints":{"allow":["GET"]}}],"collection":[{"href":"https:\/\/mj-clothing.com\/pt\/wp-json\/wp\/v2\/product"}],"about":[{"href":"https:\/\/mj-clothing.com\/pt\/wp-json\/wp\/v2\/types\/product"}],"wp:featuredmedia":[{"embeddable":true,"href":"https:\/\/mj-clothing.com\/pt\/wp-json\/wp\/v2\/media\/1857"}],"wp:attachment":[{"href":"https:\/\/mj-clothing.com\/pt\/wp-json\/wp\/v2\/media?parent=1853"}],"wp:term":[{"taxonomy":"product_brand","embeddable":true,"href":"https:\/\/mj-clothing.com\/pt\/wp-json\/wp\/v2\/product_brand?post=1853"},{"taxonomy":"product_cat","embeddable":true,"href":"https:\/\/mj-clothing.com\/pt\/wp-json\/wp\/v2\/product_cat?post=1853"},{"taxonomy":"product_tag","embeddable":true,"href":"https:\/\/mj-clothing.com\/pt\/wp-json\/wp\/v2\/product_tag?post=1853"}],"curies":[{"name":"wp","href":"https:\/\/api.w.org\/{rel}","templated":true}]}}