{"id":1859,"date":"2024-12-16T06:23:43","date_gmt":"2024-12-16T06:23:43","guid":{"rendered":"https:\/\/mj-clothing.com\/?post_type=product&#038;p=1859"},"modified":"2024-12-17T06:20:37","modified_gmt":"2024-12-17T06:20:37","slug":"white-crew-neck-sweatshirt","status":"publish","type":"product","link":"https:\/\/mj-clothing.com\/pt\/manufacturer\/white-crew-neck-sweatshirt\/","title":{"rendered":"Sweatshirt branca com gola redonda"},"content":{"rendered":"<p data-sourcepos=\"1:1-1:170\"><span class=\"citation-0 recitation citation-end-0\">Uma sweatshirt branca com gola redonda \u00e9 uma pe\u00e7a de roupa cl\u00e1ssica e vers\u00e1til que pode ser vestida para cima ou para baixo.<\/span> \u00c9 um elemento b\u00e1sico do guarda-roupa que pode ser usado durante todo o ano.<span class=\"button-container hide-from-message-actions ng-star-inserted\"> \u00a0<\/span><\/p>\n<h3 data-sourcepos=\"3:1-3:49\"><strong>Carater\u00edsticas principais de uma camisola com gola redonda branca:<\/strong><\/h3>\n<ul data-sourcepos=\"5:1-9:0\">\n<li data-sourcepos=\"5:1-5:89\"><strong>Design simples:<\/strong> Um design cl\u00e1ssico e minimalista com um decote redondo e mangas compridas.<\/li>\n<li data-sourcepos=\"6:1-6:97\"><strong>Conforto:<\/strong> <span class=\"citation-1 recitation citation-end-1\">Normalmente, s\u00e3o feitos de materiais macios e respir\u00e1veis, como o algod\u00e3o ou o velo.<\/span><span class=\"button-container hide-from-message-actions ng-star-inserted\"> \u00a0<\/span>\n<div class=\"container ng-tns-c2946245707-216 hide\">\n<div class=\"carousel-container ng-tns-c2946245707-216\"><\/div>\n<\/div>\n<\/li>\n<li data-sourcepos=\"7:1-7:91\"><strong><span class=\"citation-2 recitation\">Versatilidade:<\/span><\/strong><span class=\"citation-2 recitation citation-end-2\"> Pode ser combinada com cal\u00e7as de ganga, leggings, saias ou cal\u00e7as sociais.<\/span>\n<div class=\"container ng-tns-c2946245707-217 hide\">\n<div class=\"carousel-container ng-tns-c2946245707-217\"><\/div>\n<\/div>\n<\/li>\n<li data-sourcepos=\"8:1-9:0\"><strong>Intemporal:<\/strong> Uma pe\u00e7a intemporal que nunca passa de moda.<\/li>\n<\/ul>\n<h3 data-sourcepos=\"10:1-10:46\"><strong>Como dar estilo a uma camisola branca de gola redonda:<\/strong><\/h3>\n<p data-sourcepos=\"12:1-12:66\">Aqui est\u00e3o algumas ideias sobre como dar estilo a uma camisola branca de gola redonda:<\/p>\n<ul data-sourcepos=\"14:1-18:0\">\n<li data-sourcepos=\"14:1-14:67\"><strong>Casual:<\/strong> Combine-o com cal\u00e7as de ganga e t\u00e9nis para um look descontra\u00eddo.<\/li>\n<li data-sourcepos=\"15:1-15:69\"><strong>Desportivo:<\/strong> Use-o com cal\u00e7as de fato de treino ou leggings e cal\u00e7ado desportivo.<\/li>\n<li data-sourcepos=\"16:1-16:73\"><strong>Casual elegante:<\/strong> Vista-o com um blazer, cal\u00e7as sociais e mocassins.<\/li>\n<li data-sourcepos=\"17:1-18:0\"><strong>Em camadas:<\/strong> Coloque-a por baixo de um casaco de ganga ou de um casaco de cabedal para um look elegante.<\/li>\n<\/ul>\n<h3 data-sourcepos=\"19:1-19:51\"><strong>Dicas para escolher uma camisola de gola redonda branca:<\/strong><\/h3>\n<ul data-sourcepos=\"21:1-24:0\">\n<li data-sourcepos=\"21:1-21:88\"><strong>Material:<\/strong> Procure um material macio e de alta qualidade que seja confort\u00e1vel de usar.<\/li>\n<li data-sourcepos=\"22:1-22:109\"><strong>Em forma:<\/strong> Escolha um modelo que se adeq\u00fae ao seu estilo pessoal. Pode optar por um corte descontra\u00eddo ou por um estilo mais ajustado.<\/li>\n<li data-sourcepos=\"23:1-24:0\"><strong>Cuidados:<\/strong> Siga as instru\u00e7\u00f5es de conserva\u00e7\u00e3o da etiqueta para manter a sua camisola no seu melhor.<\/li>\n<\/ul>\n<p data-sourcepos=\"25:1-25:101\">Seguindo estas dicas, pode encontrar a sweatshirt branca de gola redonda perfeita para adicionar ao seu guarda-roupa.<\/p>","protected":false},"excerpt":{"rendered":"<table style=\"height: 481px;\" width=\"465\">\n<tbody>\n<tr>\n<td width=\"146\"><strong><b>Produto<\/b><\/strong>\u00a0<strong><b>Nome:<\/b><\/strong><\/td>\n<td width=\"601\"><strong>Sweatshirt branca com gola redonda<\/strong><\/td>\n<\/tr>\n<tr>\n<td width=\"146\"><strong><b>Materlal:<\/b><\/strong><\/td>\n<td width=\"601\">Poli\u00e9ster\/Algod\u00e3o<\/td>\n<\/tr>\n<tr>\n<td width=\"146\"><strong><b>T\u00e9cnica:<\/b><\/strong><\/td>\n<td width=\"601\">Impress\u00e3o e tingimento<\/td>\n<\/tr>\n<tr>\n<td width=\"146\"><strong><b>Estilo:<\/b><\/strong><\/td>\n<td width=\"601\">Casual<\/td>\n<\/tr>\n<tr>\n<td width=\"146\"><strong><b>Cor<\/b><\/strong><strong><b>:<\/b><\/strong><\/td>\n<td width=\"601\">\u00a0Cores personalizadas<\/td>\n<\/tr>\n<tr>\n<td width=\"146\"><strong><b>Tamanho:<\/b><\/strong><\/td>\n<td width=\"601\">S \/M \/L \/XL \/2XL<\/td>\n<\/tr>\n<tr>\n<td width=\"146\"><strong><b>OEM\/ODM:<\/b><\/strong><\/td>\n<td width=\"601\">Aceit\u00e1vel<\/td>\n<\/tr>\n<tr>\n<td width=\"146\"><strong><b>Qualidade:<\/b><\/strong><\/td>\n<td width=\"601\">100% Alta qualidade<\/td>\n<\/tr>\n<tr>\n<td width=\"146\"><strong><b>M<\/b><\/strong><strong><b>OQ:<\/b><\/strong><\/td>\n<td width=\"601\">200 unidades<\/td>\n<\/tr>\n<\/tbody>\n<\/table>","protected":false},"featured_media":1860,"template":"","meta":[],"product_brand":[],"product_cat":[38],"product_tag":[],"class_list":{"0":"post-1859","1":"product","2":"type-product","3":"status-publish","4":"has-post-thumbnail","6":"product_cat-mens-clothing","8":"first","9":"instock","10":"shipping-taxable","11":"product-type-simple"},"_links":{"self":[{"href":"https:\/\/mj-clothing.com\/pt\/wp-json\/wp\/v2\/product\/1859","targetHints":{"allow":["GET"]}}],"collection":[{"href":"https:\/\/mj-clothing.com\/pt\/wp-json\/wp\/v2\/product"}],"about":[{"href":"https:\/\/mj-clothing.com\/pt\/wp-json\/wp\/v2\/types\/product"}],"wp:featuredmedia":[{"embeddable":true,"href":"https:\/\/mj-clothing.com\/pt\/wp-json\/wp\/v2\/media\/1860"}],"wp:attachment":[{"href":"https:\/\/mj-clothing.com\/pt\/wp-json\/wp\/v2\/media?parent=1859"}],"wp:term":[{"taxonomy":"product_brand","embeddable":true,"href":"https:\/\/mj-clothing.com\/pt\/wp-json\/wp\/v2\/product_brand?post=1859"},{"taxonomy":"product_cat","embeddable":true,"href":"https:\/\/mj-clothing.com\/pt\/wp-json\/wp\/v2\/product_cat?post=1859"},{"taxonomy":"product_tag","embeddable":true,"href":"https:\/\/mj-clothing.com\/pt\/wp-json\/wp\/v2\/product_tag?post=1859"}],"curies":[{"name":"wp","href":"https:\/\/api.w.org\/{rel}","templated":true}]}}