{"id":1861,"date":"2024-12-16T06:40:02","date_gmt":"2024-12-16T06:40:02","guid":{"rendered":"https:\/\/mj-clothing.com\/?post_type=product&#038;p=1861"},"modified":"2024-12-17T06:17:43","modified_gmt":"2024-12-17T06:17:43","slug":"couple-sweatshirt","status":"publish","type":"product","link":"https:\/\/mj-clothing.com\/pt\/manufacturer\/couple-sweatshirt\/","title":{"rendered":"Camisola de casal"},"content":{"rendered":"<p data-sourcepos=\"1:1-1:238\">As sweatshirts para casais s\u00e3o uma tend\u00eancia popular que permite aos casais expressar o seu amor e a sua liga\u00e7\u00e3o atrav\u00e9s de vestu\u00e1rio a condizer ou complementar. Existem em v\u00e1rios estilos, cores e desenhos, para satisfazer diferentes prefer\u00eancias e ocasi\u00f5es.<\/p>\n<h3 data-sourcepos=\"3:1-3:39\"><strong>Carater\u00edsticas principais das Sweatshirts para casais:<\/strong><\/h3>\n<ul data-sourcepos=\"5:1-10:0\">\n<li data-sourcepos=\"5:1-5:109\"><strong>Desenhos a condizer:<\/strong> Muitas vezes, apresentam padr\u00f5es, cores ou frases a condizer que simbolizam a uni\u00e3o do casal.<\/li>\n<li data-sourcepos=\"6:1-6:134\"><strong>Concep\u00e7\u00f5es complementares:<\/strong> Podem ter desenhos diferentes mas relacionados, como \"Rei\" e \"Rainha\", \"Yin\" e \"Yang\", ou \"Ela\" e \"Ele\".<\/li>\n<li data-sourcepos=\"7:1-7:105\"><strong>Mensagens personalizadas:<\/strong> Pode ser personalizada com nomes, iniciais, datas especiais ou mensagens pessoais.<\/li>\n<li data-sourcepos=\"8:1-8:95\"><strong>Materiais confort\u00e1veis:<\/strong> Normalmente, s\u00e3o feitos de materiais macios e confort\u00e1veis, como o algod\u00e3o ou o velo.<\/li>\n<li data-sourcepos=\"9:1-10:0\"><strong>Estilos vers\u00e1teis:<\/strong> Dispon\u00edvel em v\u00e1rios estilos, incluindo sweatshirts com capuz, camisolas de gola redonda e pul\u00f4veres.<\/li>\n<\/ul>\n<h3 data-sourcepos=\"11:1-11:36\"><strong>Onde comprar camisolas para casais:<\/strong><\/h3>\n<ul data-sourcepos=\"13:1-16:0\">\n<li data-sourcepos=\"13:1-13:121\"><strong>Retalhistas online:<\/strong> S\u00edtios Web como o Etsy, a Amazon e lojas especializadas em vestu\u00e1rio para casais oferecem uma vasta gama de op\u00e7\u00f5es.<\/li>\n<li data-sourcepos=\"14:1-14:94\"><strong>Lojas f\u00edsicas:<\/strong> Visite as boutiques e os grandes armaz\u00e9ns locais para fazer compras pessoalmente.<\/li>\n<li data-sourcepos=\"15:1-16:0\"><strong>Servi\u00e7os de impress\u00e3o personalizados:<\/strong> Crie as suas pr\u00f3prias sweatshirts de casal personalizadas com desenhos e mensagens personalizados.<\/li>\n<\/ul>\n<h3 data-sourcepos=\"17:1-17:41\"><strong>Dicas para escolher camisolas para casais:<\/strong><\/h3>\n<ul data-sourcepos=\"19:1-24:0\">\n<li data-sourcepos=\"19:1-19:99\"><strong>Considere o seu estilo:<\/strong> Escolha um estilo que reflicta as suas prefer\u00eancias pessoais e a ocasi\u00e3o.<\/li>\n<li data-sourcepos=\"20:1-20:97\"><strong>Escolha o material correto:<\/strong> Opte por materiais confort\u00e1veis e duradouros, como o algod\u00e3o ou o velo.<\/li>\n<li data-sourcepos=\"21:1-21:65\"><strong>Verificar o tamanho:<\/strong> Assegurar um dimensionamento correto para ambos os parceiros.<\/li>\n<li data-sourcepos=\"22:1-22:89\"><strong>Personalize as suas sweatshirts:<\/strong> D\u00ea um toque pessoal com mensagens ou desenhos personalizados.<\/li>\n<li data-sourcepos=\"23:1-24:0\"><strong>Coordenar com o seu parceiro:<\/strong> Discutam as vossas prefer\u00eancias e coordenem os vossos trajes.<\/li>\n<\/ul>\n<p data-sourcepos=\"25:1-25:123\">Ao escolher as camisolas de casal certas, pode criar um visual \u00fanico e elegante que reflicta o seu amor e a sua liga\u00e7\u00e3o.<\/p>","protected":false},"excerpt":{"rendered":"<table style=\"height: 499px;\" width=\"433\">\n<tbody>\n<tr>\n<td width=\"146\"><strong><b>Produto<\/b><\/strong>\u00a0<strong><b>Nome:<\/b><\/strong><\/td>\n<td width=\"601\"><strong>Camisola de casal<\/strong><\/td>\n<\/tr>\n<tr>\n<td width=\"146\"><strong><b>Materlal:<\/b><\/strong><\/td>\n<td width=\"601\">Poli\u00e9ster\/Algod\u00e3o<\/td>\n<\/tr>\n<tr>\n<td width=\"146\"><strong><b>T\u00e9cnica:<\/b><\/strong><\/td>\n<td width=\"601\">Impress\u00e3o e tingimento<\/td>\n<\/tr>\n<tr>\n<td width=\"146\"><strong><b>Estilo:<\/b><\/strong><\/td>\n<td width=\"601\">Casual<\/td>\n<\/tr>\n<tr>\n<td width=\"146\"><strong><b>Cor<\/b><\/strong><strong><b>:<\/b><\/strong><\/td>\n<td width=\"601\">\u00a0Cores personalizadas<\/td>\n<\/tr>\n<tr>\n<td width=\"146\"><strong><b>Tamanho:<\/b><\/strong><\/td>\n<td width=\"601\">S \/M \/L \/XL \/2XL<\/td>\n<\/tr>\n<tr>\n<td width=\"146\"><strong><b>OEM\/ODM:<\/b><\/strong><\/td>\n<td width=\"601\">Aceit\u00e1vel<\/td>\n<\/tr>\n<tr>\n<td width=\"146\"><strong><b>Qualidade:<\/b><\/strong><\/td>\n<td width=\"601\">100% Alta qualidade<\/td>\n<\/tr>\n<tr>\n<td width=\"146\"><strong><b>M<\/b><\/strong><strong><b>OQ:<\/b><\/strong><\/td>\n<td width=\"601\">200 unidades<\/td>\n<\/tr>\n<\/tbody>\n<\/table>","protected":false},"featured_media":1862,"template":"","meta":[],"product_brand":[],"product_cat":[38],"product_tag":[],"class_list":{"0":"post-1861","1":"product","2":"type-product","3":"status-publish","4":"has-post-thumbnail","6":"product_cat-mens-clothing","8":"first","9":"instock","10":"shipping-taxable","11":"product-type-simple"},"_links":{"self":[{"href":"https:\/\/mj-clothing.com\/pt\/wp-json\/wp\/v2\/product\/1861","targetHints":{"allow":["GET"]}}],"collection":[{"href":"https:\/\/mj-clothing.com\/pt\/wp-json\/wp\/v2\/product"}],"about":[{"href":"https:\/\/mj-clothing.com\/pt\/wp-json\/wp\/v2\/types\/product"}],"wp:featuredmedia":[{"embeddable":true,"href":"https:\/\/mj-clothing.com\/pt\/wp-json\/wp\/v2\/media\/1862"}],"wp:attachment":[{"href":"https:\/\/mj-clothing.com\/pt\/wp-json\/wp\/v2\/media?parent=1861"}],"wp:term":[{"taxonomy":"product_brand","embeddable":true,"href":"https:\/\/mj-clothing.com\/pt\/wp-json\/wp\/v2\/product_brand?post=1861"},{"taxonomy":"product_cat","embeddable":true,"href":"https:\/\/mj-clothing.com\/pt\/wp-json\/wp\/v2\/product_cat?post=1861"},{"taxonomy":"product_tag","embeddable":true,"href":"https:\/\/mj-clothing.com\/pt\/wp-json\/wp\/v2\/product_tag?post=1861"}],"curies":[{"name":"wp","href":"https:\/\/api.w.org\/{rel}","templated":true}]}}