{"id":1864,"date":"2024-12-16T06:43:48","date_gmt":"2024-12-16T06:43:48","guid":{"rendered":"https:\/\/mj-clothing.com\/?post_type=product&#038;p=1864"},"modified":"2024-12-17T03:58:09","modified_gmt":"2024-12-17T03:58:09","slug":"collared-sweatshirt","status":"publish","type":"product","link":"https:\/\/mj-clothing.com\/pt\/manufacturer\/collared-sweatshirt\/","title":{"rendered":"Camisola com colarinho"},"content":{"rendered":"<p data-sourcepos=\"1:1-1:242\">Uma camisola com gola, tamb\u00e9m conhecida como camisola com gola falsa ou camisola de gola alta, \u00e9 uma pe\u00e7a de vestu\u00e1rio vers\u00e1til que combina o conforto de uma camisola com o estilo de uma gola. \u00c9 uma escolha popular tanto para ocasi\u00f5es casuais como semi-formais.<\/p>\n<h3 data-sourcepos=\"3:1-3:42\"><strong>Carater\u00edsticas principais de uma camisola com colarinho:<\/strong><\/h3>\n<ul data-sourcepos=\"5:1-9:0\">\n<li data-sourcepos=\"5:1-5:174\"><strong>Colarinho:<\/strong> A carater\u00edstica que define uma camisola de gola alta \u00e9 a gola, que pode ser uma gola falsa (curta e justa) ou uma gola alta completa (mais alta e mais coberta).<\/li>\n<li data-sourcepos=\"6:1-6:109\"><strong>Material confort\u00e1vel:<\/strong> Normalmente, s\u00e3o feitos de materiais macios e quentes, como o algod\u00e3o, o velo ou uma mistura de ambos.<\/li>\n<li data-sourcepos=\"7:1-7:96\"><strong>Estilo vers\u00e1til:<\/strong> Pode ser vestido para cima ou para baixo, tornando-o adequado para uma variedade de ocasi\u00f5es.<\/li>\n<li data-sourcepos=\"8:1-9:0\"><strong>Potencial de sobreposi\u00e7\u00e3o:<\/strong> Pode ser combinada com outras pe\u00e7as de vestu\u00e1rio, como uma t-shirt, um casaco ou um colete.<\/li>\n<\/ul>\n<h3 data-sourcepos=\"10:1-10:39\"><strong>Como usar uma camisola de gola alta:<\/strong><\/h3>\n<p data-sourcepos=\"12:1-12:59\">Aqui est\u00e3o algumas ideias sobre como dar estilo a uma camisola com gola:<\/p>\n<ul data-sourcepos=\"14:1-18:0\">\n<li data-sourcepos=\"14:1-14:65\"><strong>Casual:<\/strong> Combine-o com cal\u00e7as de ganga e t\u00e9nis para um look descontra\u00eddo.<\/li>\n<li data-sourcepos=\"15:1-15:68\"><strong>Desportivo:<\/strong> Use-o com cal\u00e7as de fato de treino ou de corrida e cal\u00e7ado desportivo.<\/li>\n<li data-sourcepos=\"16:1-16:73\"><strong>Casual elegante:<\/strong> Vista-o com um blazer, cal\u00e7as sociais e mocassins.<\/li>\n<li data-sourcepos=\"17:1-18:0\"><strong>Em camadas:<\/strong> Coloque-a por baixo de um casaco de ganga ou de um casaco de cabedal para um look elegante.<\/li>\n<\/ul>\n<h3 data-sourcepos=\"19:1-19:44\"><strong>Dicas para escolher uma camisola com colarinho:<\/strong><\/h3>\n<ul data-sourcepos=\"21:1-25:0\">\n<li data-sourcepos=\"21:1-21:88\"><strong>Material:<\/strong> Procure um material macio e de alta qualidade que seja confort\u00e1vel de usar.<\/li>\n<li data-sourcepos=\"22:1-22:109\"><strong>Em forma:<\/strong> Escolha um modelo que se adeq\u00fae ao seu estilo pessoal. Pode optar por um corte descontra\u00eddo ou por um estilo mais ajustado.<\/li>\n<li data-sourcepos=\"23:1-23:103\"><strong>Cor:<\/strong> Considere a cor da camisola e a forma como complementar\u00e1 as suas outras pe\u00e7as de vestu\u00e1rio.<\/li>\n<li data-sourcepos=\"24:1-25:0\"><strong>Estilo de gola:<\/strong> Decida o tipo de gola que prefere, quer seja uma gola falsa ou uma gola alta completa.<\/li>\n<\/ul>\n<p data-sourcepos=\"26:1-26:94\">Seguindo estas dicas, pode encontrar a sweatshirt de gola perfeita para adicionar ao seu guarda-roupa.<\/p>","protected":false},"excerpt":{"rendered":"<table style=\"height: 544px;\" width=\"428\">\n<tbody>\n<tr>\n<td width=\"146\"><strong><b>Produto<\/b><\/strong>\u00a0<strong><b>Nome:<\/b><\/strong><\/td>\n<td width=\"601\"><strong>Camisola com colarinho<\/strong><\/td>\n<\/tr>\n<tr>\n<td width=\"146\"><strong><b>Materlal:<\/b><\/strong><\/td>\n<td width=\"601\">Poli\u00e9ster\/Algod\u00e3o<\/td>\n<\/tr>\n<tr>\n<td width=\"146\"><strong><b>T\u00e9cnica: <\/b><\/strong><\/td>\n<td width=\"601\">Impress\u00e3o e tingimento<\/td>\n<\/tr>\n<tr>\n<td width=\"146\"><strong><b>Estilo: <\/b><\/strong><\/td>\n<td width=\"601\">Casual<\/td>\n<\/tr>\n<tr>\n<td width=\"146\"><strong><b>Cor<\/b><\/strong><strong><b>:<\/b><\/strong><\/td>\n<td width=\"601\">\u00a0Cores personalizadas<\/td>\n<\/tr>\n<tr>\n<td width=\"146\"><strong><b>Tamanho:<\/b><\/strong><\/td>\n<td width=\"601\">S \/M \/L \/XL \/2XL<\/td>\n<\/tr>\n<tr>\n<td width=\"146\"><strong><b>OEM\/ODM:<\/b><\/strong><\/td>\n<td width=\"601\">Aceit\u00e1vel<\/td>\n<\/tr>\n<tr>\n<td width=\"146\"><strong><b>Qualidade:<\/b><\/strong><\/td>\n<td width=\"601\">100% Alta qualidade<\/td>\n<\/tr>\n<tr>\n<td width=\"146\"><strong><b>M<\/b><\/strong><strong><b>OQ:<\/b><\/strong><\/td>\n<td width=\"601\">200 unidades<\/td>\n<\/tr>\n<\/tbody>\n<\/table>","protected":false},"featured_media":1865,"template":"","meta":[],"product_brand":[],"product_cat":[38],"product_tag":[],"class_list":{"0":"post-1864","1":"product","2":"type-product","3":"status-publish","4":"has-post-thumbnail","6":"product_cat-mens-clothing","8":"first","9":"instock","10":"shipping-taxable","11":"product-type-simple"},"_links":{"self":[{"href":"https:\/\/mj-clothing.com\/pt\/wp-json\/wp\/v2\/product\/1864","targetHints":{"allow":["GET"]}}],"collection":[{"href":"https:\/\/mj-clothing.com\/pt\/wp-json\/wp\/v2\/product"}],"about":[{"href":"https:\/\/mj-clothing.com\/pt\/wp-json\/wp\/v2\/types\/product"}],"wp:featuredmedia":[{"embeddable":true,"href":"https:\/\/mj-clothing.com\/pt\/wp-json\/wp\/v2\/media\/1865"}],"wp:attachment":[{"href":"https:\/\/mj-clothing.com\/pt\/wp-json\/wp\/v2\/media?parent=1864"}],"wp:term":[{"taxonomy":"product_brand","embeddable":true,"href":"https:\/\/mj-clothing.com\/pt\/wp-json\/wp\/v2\/product_brand?post=1864"},{"taxonomy":"product_cat","embeddable":true,"href":"https:\/\/mj-clothing.com\/pt\/wp-json\/wp\/v2\/product_cat?post=1864"},{"taxonomy":"product_tag","embeddable":true,"href":"https:\/\/mj-clothing.com\/pt\/wp-json\/wp\/v2\/product_tag?post=1864"}],"curies":[{"name":"wp","href":"https:\/\/api.w.org\/{rel}","templated":true}]}}