{"id":1891,"date":"2024-12-16T07:27:51","date_gmt":"2024-12-16T07:27:51","guid":{"rendered":"https:\/\/mj-clothing.com\/?post_type=product&#038;p=1891"},"modified":"2024-12-17T03:45:11","modified_gmt":"2024-12-17T03:45:11","slug":"african-print-womens-tops","status":"publish","type":"product","link":"https:\/\/mj-clothing.com\/pt\/manufacturer\/african-print-womens-tops\/","title":{"rendered":"Tops africanos estampados para mulher"},"content":{"rendered":"<div id=\"model-response-message-contentr_ec3773cab81b3474\" class=\"markdown markdown-main-panel response-optimization\" dir=\"ltr\">\n<p data-sourcepos=\"1:1-1:255\"><span class=\"citation-0 recitation citation-end-0\">Os tops para senhora com estampados africanos s\u00e3o pe\u00e7as de vestu\u00e1rio vibrantes e elegantes que celebram a rica heran\u00e7a cultural de \u00c1frica.<\/span> <span class=\"citation-1 recitation citation-end-1\">Estes tops s\u00e3o muitas vezes feitos de tecido Ankara, um tecido de algod\u00e3o colorido e com padr\u00f5es que \u00e9 popular na \u00c1frica Ocidental.<\/span><span class=\"button-container hide-from-message-actions ng-star-inserted\">\u00a0 \u00a0<\/span><\/p>\n<h3 data-sourcepos=\"5:1-5:58\">Os tops para senhora com estampados africanos est\u00e3o dispon\u00edveis numa variedade de estilos, incluindo:<\/h3>\n<ul data-sourcepos=\"7:1-11:0\">\n<li data-sourcepos=\"7:1-7:88\"><strong>Blusas:<\/strong> Estes tops s\u00e3o muitas vezes justos e podem ser usados com saias, cal\u00e7as ou jeans.<\/li>\n<li data-sourcepos=\"8:1-8:80\"><strong>Vestidos:<\/strong> Os vestidos com estampados africanos s\u00e3o uma escolha popular para ocasi\u00f5es especiais.<\/li>\n<li data-sourcepos=\"9:1-9:77\"><strong><span class=\"citation-2 recitation\">T-shirts:<\/span><\/strong><span class=\"citation-2 recitation citation-end-2\"> Estes tops casuais s\u00e3o perfeitos para usar no dia a dia.<\/span><span class=\"button-container hide-from-message-actions ng-star-inserted\"> \u00a0<\/span><\/li>\n<li data-sourcepos=\"9:1-9:77\"><strong style=\"font-size: 14.4px;\"><span class=\"citation-3 recitation\">Fatos de treino:<\/span><\/strong><span class=\"citation-3 recitation citation-end-3\" style=\"font-size: 14.4px;\"> Estes fatos de treino elegantes s\u00e3o perfeitos para uma sa\u00edda \u00e0 noite.<\/span><span class=\"button-container hide-from-message-actions ng-star-inserted\" style=\"font-size: 14.4px;\">\u00a0\u00a0<\/span>\n<div class=\"container ng-tns-c2946245707-271 hide\">\n<div class=\"carousel-container ng-tns-c2946245707-271\">\n<div class=\"carousel-content ng-tns-c2946245707-271\">\n<div class=\"sources-carousel-source ng-tns-c2946245707-271 hide ng-star-inserted\" data-test-id=\"sources-carousel-source\"><\/div>\n<\/div>\n<\/div>\n<\/div>\n<\/li>\n<\/ul>\n<p data-sourcepos=\"12:1-12:147\">Os tops com estampados africanos n\u00e3o s\u00e3o apenas bonitos, mas tamb\u00e9m confort\u00e1veis e vers\u00e1teis. Podem ser vestidos para cima ou para baixo, o que os torna perfeitos para qualquer ocasi\u00e3o.<\/p>\n<h3 data-sourcepos=\"14:1-14:50\">Eis algumas dicas para estilizar os tops de senhora com estampados africanos:<\/h3>\n<ul data-sourcepos=\"16:1-20:0\">\n<li data-sourcepos=\"16:1-16:100\"><strong>Misturar e combinar:<\/strong> N\u00e3o tenha medo de misturar e combinar estampados africanos com outros padr\u00f5es e cores.<\/li>\n<li data-sourcepos=\"17:1-17:102\"><strong><span class=\"citation-4 recitation\">Acess\u00f3rios:<\/span><\/strong><span class=\"citation-4 recitation citation-end-4\"> Adicione acess\u00f3rios como j\u00f3ias, len\u00e7os e chap\u00e9us para completar o seu visual.<\/span><span class=\"button-container hide-from-message-actions ng-star-inserted\"> \u00a0<\/span><\/li>\n<li data-sourcepos=\"17:1-17:102\"><strong style=\"font-size: 14.4px;\">Manter as coisas simples:<\/strong><span style=\"font-size: 14.4px;\"> Se estiver a usar um top com um estampado africano arrojado, mantenha o resto do seu conjunto simples.<\/span><\/li>\n<li data-sourcepos=\"19:1-20:0\"><strong>Abrace a sua individualidade:<\/strong> <span class=\"citation-5 recitation citation-end-5\">Os tops com estampados africanos s\u00e3o uma \u00f3ptima forma de expressar o seu estilo pessoal.<\/span><span class=\"button-container hide-from-message-actions ng-star-inserted\"> \u00a0<\/span>\n<div class=\"container ng-tns-c2946245707-273 hide\">\n<div class=\"carousel-container ng-tns-c2946245707-273\"><\/div>\n<\/div>\n<\/li>\n<\/ul>\n<p data-sourcepos=\"21:1-21:147\">Quer esteja \u00e0 procura de um top casual para usar em casa ou de um conjunto elegante para uma ocasi\u00e3o especial, os tops com estampados africanos s\u00e3o uma \u00f3ptima op\u00e7\u00e3o.<\/p>\n<\/div>","protected":false},"excerpt":{"rendered":"<table style=\"height: 455px;\" width=\"420\">\n<tbody>\n<tr>\n<td width=\"146\"><strong><b>Produto<\/b><\/strong>\u00a0<strong><b>Nome:<\/b><\/strong><\/td>\n<td width=\"601\"><strong>Tops africanos estampados para mulher<\/strong><\/td>\n<\/tr>\n<tr>\n<td width=\"146\"><strong><b>Materlal:<\/b><\/strong><\/td>\n<td width=\"601\">Tricotar<\/td>\n<\/tr>\n<tr>\n<td width=\"146\"><strong><b>T\u00e9cnica:<\/b><\/strong><\/td>\n<td width=\"601\">Bordado<\/td>\n<\/tr>\n<tr>\n<td width=\"146\"><strong><b>Estilo:<\/b><\/strong><\/td>\n<td width=\"601\">Casual<\/td>\n<\/tr>\n<tr>\n<td width=\"146\"><strong><b>Cor<\/b><\/strong><strong><b>:<\/b><\/strong><\/td>\n<td width=\"601\">\u00a0Cores personalizadas<\/td>\n<\/tr>\n<tr>\n<td width=\"146\"><strong><b>Tamanho:<\/b><\/strong><\/td>\n<td width=\"601\">S \/M \/L \/XL \/2XL<\/td>\n<\/tr>\n<tr>\n<td width=\"146\"><strong><b>OEM\/ODM:<\/b><\/strong><\/td>\n<td width=\"601\">Aceit\u00e1vel<\/td>\n<\/tr>\n<tr>\n<td width=\"146\"><strong><b>Qualidade:<\/b><\/strong><\/td>\n<td width=\"601\">100% Alta qualidade<\/td>\n<\/tr>\n<tr>\n<td width=\"146\"><strong><b>M<\/b><\/strong><strong><b>OQ:<\/b><\/strong><\/td>\n<td width=\"601\">200 unidades<\/td>\n<\/tr>\n<\/tbody>\n<\/table>","protected":false},"featured_media":1892,"template":"","meta":[],"product_brand":[],"product_cat":[39],"product_tag":[],"class_list":{"0":"post-1891","1":"product","2":"type-product","3":"status-publish","4":"has-post-thumbnail","6":"product_cat-womens-clothing","8":"first","9":"instock","10":"shipping-taxable","11":"product-type-simple"},"_links":{"self":[{"href":"https:\/\/mj-clothing.com\/pt\/wp-json\/wp\/v2\/product\/1891","targetHints":{"allow":["GET"]}}],"collection":[{"href":"https:\/\/mj-clothing.com\/pt\/wp-json\/wp\/v2\/product"}],"about":[{"href":"https:\/\/mj-clothing.com\/pt\/wp-json\/wp\/v2\/types\/product"}],"wp:featuredmedia":[{"embeddable":true,"href":"https:\/\/mj-clothing.com\/pt\/wp-json\/wp\/v2\/media\/1892"}],"wp:attachment":[{"href":"https:\/\/mj-clothing.com\/pt\/wp-json\/wp\/v2\/media?parent=1891"}],"wp:term":[{"taxonomy":"product_brand","embeddable":true,"href":"https:\/\/mj-clothing.com\/pt\/wp-json\/wp\/v2\/product_brand?post=1891"},{"taxonomy":"product_cat","embeddable":true,"href":"https:\/\/mj-clothing.com\/pt\/wp-json\/wp\/v2\/product_cat?post=1891"},{"taxonomy":"product_tag","embeddable":true,"href":"https:\/\/mj-clothing.com\/pt\/wp-json\/wp\/v2\/product_tag?post=1891"}],"curies":[{"name":"wp","href":"https:\/\/api.w.org\/{rel}","templated":true}]}}