{"id":1901,"date":"2024-12-16T07:56:53","date_gmt":"2024-12-16T07:56:53","guid":{"rendered":"https:\/\/mj-clothing.com\/?post_type=product&#038;p=1901"},"modified":"2024-12-17T03:44:39","modified_gmt":"2024-12-17T03:44:39","slug":"ivory-colored-womens-tops","status":"publish","type":"product","link":"https:\/\/mj-clothing.com\/pt\/manufacturer\/ivory-colored-womens-tops\/","title":{"rendered":"Tops cor de marfim para mulher"},"content":{"rendered":"<div id=\"model-response-message-contentr_512563ff2fe7e496\" class=\"markdown markdown-main-panel response-optimization\" dir=\"ltr\">\n<p data-sourcepos=\"1:1-1:189\">Os tops de senhora de cor marfim s\u00e3o um cl\u00e1ssico intemporal que pode ser usado para cima ou para baixo. Esta cor vers\u00e1til combina bem com v\u00e1rias outras cores e padr\u00f5es, tornando-a num elemento b\u00e1sico de qualquer guarda-roupa.<\/p>\n<h3 data-sourcepos=\"5:1-5:51\">Aqui est\u00e3o alguns estilos populares de tops de mulher cor de marfim:<\/h3>\n<div class=\"attachment-container search-images\">\n<div class=\"image-container hide-from-message-actions ng-star-inserted\"><\/div>\n<\/div>\n<ul data-sourcepos=\"7:1-18:0\">\n<li data-sourcepos=\"7:1-9:0\">\n<p data-sourcepos=\"7:3-8:23\"><strong><span class=\"citation-0 recitation\">Blusas:<\/span><\/strong><span class=\"citation-0 recitation citation-end-0\"> As blusas de marfim podem ser feitas de v\u00e1rios tecidos, como a seda, o algod\u00e3o ou o linho.<\/span> Podem ser combinados com saias, cal\u00e7as ou cal\u00e7as de ganga para um look chique e sofisticado.<\/p>\n<\/li>\n<li data-sourcepos=\"7:1-9:0\">\n<p data-sourcepos=\"7:3-8:23\"><strong style=\"font-size: 14.4px;\"><span class=\"citation-1 recitation\">T-shirts:<\/span><\/strong><span class=\"citation-1 recitation citation-end-1\" style=\"font-size: 14.4px;\"> As t-shirts em marfim s\u00e3o uma op\u00e7\u00e3o casual e confort\u00e1vel que pode ser combinada com cal\u00e7as de ganga, cal\u00e7\u00f5es ou saias.<\/span><\/p>\n<\/li>\n<li data-sourcepos=\"7:1-9:0\">\n<p data-sourcepos=\"7:3-8:23\"><strong style=\"font-size: 14.4px;\">Camisolas:<\/strong><span style=\"font-size: 14.4px;\"> As camisolas em marfim s\u00e3o perfeitas para o tempo mais frio. Podem ser usadas com cal\u00e7as de ganga, leggings ou saias.<\/span><\/p>\n<\/li>\n<li data-sourcepos=\"7:1-9:0\">\n<p data-sourcepos=\"7:3-8:23\"><strong><span class=\"citation-2 recitation\">Camisolas interiores:<\/span><\/strong><span class=\"citation-2 recitation citation-end-2\"> Os tops em marfim s\u00e3o uma pe\u00e7a vers\u00e1til que pode ser colocada por baixo de outros tops ou usada sozinha.<\/span><span class=\"button-container hide-from-message-actions ng-star-inserted\"> \u00a0<\/span><\/p>\n<div class=\"container ng-tns-c2946245707-289 hide\">\n<div class=\"carousel-container ng-tns-c2946245707-289\"><\/div>\n<\/div>\n<div class=\"attachment-container search-images\">\n<div class=\"image-container hide-from-message-actions ng-star-inserted\">\n<div class=\"caption ellipsis gmat-caption ng-star-inserted\" aria-hidden=\"true\"><span style=\"font-size: 20.16px;\">Ao estilizar os tops Ivory Colored Womens, tenha em conta as seguintes sugest\u00f5es:<\/span><\/div>\n<\/div>\n<\/div>\n<\/li>\n<\/ul>\n<ul data-sourcepos=\"21:1-25:0\">\n<li data-sourcepos=\"21:1-21:94\"><strong>Acess\u00f3rios:<\/strong> Adicione acess\u00f3rios como colares, brincos e len\u00e7os para elevar o seu look.<\/li>\n<li data-sourcepos=\"22:1-22:121\"><strong>Brincar com as texturas:<\/strong> Misture e combine diferentes texturas, como renda, veludo ou malha, para criar conjuntos interessantes.<\/li>\n<li data-sourcepos=\"23:1-23:110\"><strong>Experimentar cores:<\/strong> Combine o seu top em marfim com cores vivas como o vermelho, o azul ou o verde para um look arrojado.<\/li>\n<li data-sourcepos=\"24:1-25:0\"><strong>Manter as coisas simples:<\/strong> Se estiver a usar um top em marfim mais complexo, mantenha o resto do seu conjunto simples.<\/li>\n<\/ul>\n<p data-sourcepos=\"26:1-26:197\">Os tops de senhora cor de marfim s\u00e3o uma escolha vers\u00e1til e elegante que pode ser usada em qualquer ocasi\u00e3o. Seguindo estas dicas, pode criar conjuntos deslumbrantes que a far\u00e3o parecer e sentir-se no seu melhor.<\/p>\n<\/div>\n<div class=\"response-footer gap complete\">\n<div class=\"show-sources-container ng-star-inserted\"><\/div>\n<div class=\"container ng-tns-c2946245707-283\">\n<div class=\"carousel-container ng-tns-c2946245707-283\">\n<div class=\"carousel-content ng-tns-c2946245707-283\">\n<div class=\"sources-carousel-source ng-tns-c2946245707-283 ng-star-inserted\" data-test-id=\"sources-carousel-source\">\n<div class=\"source-card-container\">\n<div class=\"source-card-content\">\n<div class=\"source-card-body\">\n<div class=\"source-card-header\">\n<div class=\"source-card-title\"><\/div>\n<\/div>\n<\/div>\n<\/div>\n<\/div>\n<\/div>\n<\/div>\n<\/div>\n<\/div>\n<\/div>","protected":false},"excerpt":{"rendered":"<table style=\"height: 539px;\" width=\"411\">\n<tbody>\n<tr>\n<td width=\"146\"><strong><b>Produto<\/b><\/strong>\u00a0<strong><b>Nome:<\/b><\/strong><\/td>\n<td width=\"601\"><strong>Tops cor de marfim para mulher<\/strong><\/td>\n<\/tr>\n<tr>\n<td width=\"146\"><strong><b>Materlal:<\/b><\/strong><\/td>\n<td width=\"601\">Tricotar<\/td>\n<\/tr>\n<tr>\n<td width=\"146\"><strong><b>T\u00e9cnica:<\/b><\/strong><\/td>\n<td width=\"601\">Bordado<\/td>\n<\/tr>\n<tr>\n<td width=\"146\"><strong><b>Estilo:<\/b><\/strong><\/td>\n<td width=\"601\">Casual<\/td>\n<\/tr>\n<tr>\n<td width=\"146\"><strong><b>Cor<\/b><\/strong><strong><b>:<\/b><\/strong><\/td>\n<td width=\"601\">\u00a0Cores personalizadas<\/td>\n<\/tr>\n<tr>\n<td width=\"146\"><strong><b>Tamanho:<\/b><\/strong><\/td>\n<td width=\"601\">S \/M \/L \/XL \/2XL<\/td>\n<\/tr>\n<tr>\n<td width=\"146\"><strong><b>OEM\/ODM:<\/b><\/strong><\/td>\n<td width=\"601\">Aceit\u00e1vel<\/td>\n<\/tr>\n<tr>\n<td width=\"146\"><strong><b>Qualidade:<\/b><\/strong><\/td>\n<td width=\"601\">100% Alta qualidade<\/td>\n<\/tr>\n<tr>\n<td width=\"146\"><strong><b>M<\/b><\/strong><strong><b>OQ:<\/b><\/strong><\/td>\n<td width=\"601\">200 unidades<\/td>\n<\/tr>\n<\/tbody>\n<\/table>","protected":false},"featured_media":1911,"template":"","meta":[],"product_brand":[],"product_cat":[39],"product_tag":[],"class_list":{"0":"post-1901","1":"product","2":"type-product","3":"status-publish","4":"has-post-thumbnail","6":"product_cat-womens-clothing","8":"first","9":"instock","10":"shipping-taxable","11":"product-type-simple"},"_links":{"self":[{"href":"https:\/\/mj-clothing.com\/pt\/wp-json\/wp\/v2\/product\/1901","targetHints":{"allow":["GET"]}}],"collection":[{"href":"https:\/\/mj-clothing.com\/pt\/wp-json\/wp\/v2\/product"}],"about":[{"href":"https:\/\/mj-clothing.com\/pt\/wp-json\/wp\/v2\/types\/product"}],"wp:featuredmedia":[{"embeddable":true,"href":"https:\/\/mj-clothing.com\/pt\/wp-json\/wp\/v2\/media\/1911"}],"wp:attachment":[{"href":"https:\/\/mj-clothing.com\/pt\/wp-json\/wp\/v2\/media?parent=1901"}],"wp:term":[{"taxonomy":"product_brand","embeddable":true,"href":"https:\/\/mj-clothing.com\/pt\/wp-json\/wp\/v2\/product_brand?post=1901"},{"taxonomy":"product_cat","embeddable":true,"href":"https:\/\/mj-clothing.com\/pt\/wp-json\/wp\/v2\/product_cat?post=1901"},{"taxonomy":"product_tag","embeddable":true,"href":"https:\/\/mj-clothing.com\/pt\/wp-json\/wp\/v2\/product_tag?post=1901"}],"curies":[{"name":"wp","href":"https:\/\/api.w.org\/{rel}","templated":true}]}}