{"id":1939,"date":"2024-12-16T09:14:41","date_gmt":"2024-12-16T09:14:41","guid":{"rendered":"https:\/\/mj-clothing.com\/?post_type=product&#038;p=1939"},"modified":"2024-12-17T03:42:51","modified_gmt":"2024-12-17T03:42:51","slug":"womens-spring-tops-2024","status":"publish","type":"product","link":"https:\/\/mj-clothing.com\/pt\/manufacturer\/womens-spring-tops-2024\/","title":{"rendered":"Tops de primavera para mulher 2024"},"content":{"rendered":"<p data-sourcepos=\"1:1-1:118\"><span class=\"citation-0 recitation citation-end-0\">Os tops de primavera para mulher 2024 s\u00e3o uma mistura de estilos cl\u00e1ssicos com reviravoltas modernas.<\/span> Eis algumas das principais tend\u00eancias:<\/p>\n<h3 data-sourcepos=\"1:1-1:118\"><strong>1. Tops femininos de primavera 2024 Padr\u00f5es:<\/strong><\/h3>\n<ul data-sourcepos=\"5:1-7:0\">\n<li data-sourcepos=\"5:1-5:80\"><strong>Flores delicadas:<\/strong> Os estampados florais suaves e rom\u00e2nticos s\u00e3o uma tend\u00eancia cl\u00e1ssica da primavera.<\/li>\n<li data-sourcepos=\"6:1-7:0\"><strong>Flores arrojadas:<\/strong> Os padr\u00f5es florais grandes e vibrantes s\u00e3o uma afirma\u00e7\u00e3o.<\/li>\n<\/ul>\n<h3 data-sourcepos=\"8:1-8:20\"><strong>2. Tops primavera Mulher 2024 Fits Descontra\u00eddos:<\/strong><\/h3>\n<ul data-sourcepos=\"10:1-12:0\">\n<li data-sourcepos=\"10:1-10:99\"><strong>Silhuetas de tamanho grande:<\/strong> Confort\u00e1veis e elegantes, os tops oversized s\u00e3o perfeitos para um look casual.<\/li>\n<li data-sourcepos=\"11:1-12:0\"><strong>Blusas fluidas:<\/strong> As blusas leves e arejadas s\u00e3o ideais para o tempo mais quente.<\/li>\n<\/ul>\n<h3 data-sourcepos=\"13:1-13:21\"><strong>3. Tops de primavera para mulher 2024 Cores vivas:<\/strong><\/h3>\n<ul data-sourcepos=\"15:1-17:0\">\n<li data-sourcepos=\"15:1-15:83\"><strong>Tons arrojados:<\/strong> Cores vibrantes como o rosa, o amarelo e o laranja d\u00e3o um toque alegre.<\/li>\n<li data-sourcepos=\"16:1-17:0\"><strong>Tons pastel:<\/strong> Os tons pastel suaves como a lavanda, o verde menta e o azul beb\u00e9 s\u00e3o perfeitos para um look rom\u00e2ntico.<\/li>\n<\/ul>\n<h3 data-sourcepos=\"18:1-18:24\"><strong>4. Decotes \u00fanicos:<\/strong><\/h3>\n<ul data-sourcepos=\"20:1-23:0\">\n<li data-sourcepos=\"20:1-20:59\"><strong>Fora do ombro:<\/strong> Um decote feminino e lisonjeiro.<\/li>\n<li data-sourcepos=\"21:1-21:55\"><strong>Decote quadrado:<\/strong> Um visual moderno e sofisticado.<\/li>\n<li data-sourcepos=\"22:1-23:0\"><strong>Um ombro s\u00f3:<\/strong> Uma escolha ousada e dram\u00e1tica.<\/li>\n<\/ul>\n<h3 data-sourcepos=\"24:1-24:24\"><strong>5. Tecidos com textura:<\/strong><\/h3>\n<ul data-sourcepos=\"26:1-29:0\">\n<li data-sourcepos=\"26:1-26:52\"><strong>Rendas:<\/strong> D\u00e1 um toque de eleg\u00e2ncia e feminilidade.<\/li>\n<li data-sourcepos=\"27:1-27:49\"><strong>Malha:<\/strong> Confort\u00e1vel e aconchegante para os dias mais frios.<\/li>\n<li data-sourcepos=\"28:1-29:0\"><strong>Cetim:<\/strong> Um tecido luxuoso e glamoroso.<\/li>\n<\/ul>\n<h3 data-sourcepos=\"30:1-30:27\"><strong>6. Tecidos sustent\u00e1veis:<\/strong><\/h3>\n<ul data-sourcepos=\"32:1-35:0\">\n<li data-sourcepos=\"32:1-32:44\"><strong>Algod\u00e3o org\u00e2nico:<\/strong> Ecol\u00f3gico e macio.<\/li>\n<li data-sourcepos=\"33:1-33:50\"><strong>Poli\u00e9ster reciclado:<\/strong> Sustent\u00e1vel e duradouro.<\/li>\n<li data-sourcepos=\"34:1-35:0\"><strong><span class=\"citation-1 recitation\">Tencel:<\/span><\/strong><span class=\"citation-1 recitation citation-end-1\"> Um tecido respir\u00e1vel e que absorve a humidade.<\/span><span class=\"button-container hide-from-message-actions ng-star-inserted\"> \u00a0<\/span>\n<div class=\"container ng-tns-c2946245707-383 hide\">\n<div class=\"carousel-container ng-tns-c2946245707-383\"><\/div>\n<\/div>\n<\/li>\n<\/ul>\n<p data-sourcepos=\"36:1-36:226\">Lembre-se, a melhor maneira de encontrar o top de primavera perfeito para si \u00e9 experimentar diferentes estilos, cores e tecidos. Ao fazer a sua sele\u00e7\u00e3o, tenha em conta o seu estilo pessoal e a ocasi\u00e3o em que vai usar o top.<\/p>","protected":false},"excerpt":{"rendered":"<table style=\"height: 470px;\" width=\"398\">\n<tbody>\n<tr>\n<td width=\"146\"><strong><b>Produto<\/b><\/strong>\u00a0<strong><b>Nome:<\/b><\/strong><\/td>\n<td width=\"601\"><strong>Tops de primavera para mulher 2024<\/strong><\/td>\n<\/tr>\n<tr>\n<td width=\"146\"><strong><b>Materlal:<\/b><\/strong><\/td>\n<td width=\"601\">Tricotar<\/td>\n<\/tr>\n<tr>\n<td width=\"146\"><strong><b>T\u00e9cnica:<\/b><\/strong><\/td>\n<td width=\"601\">Bordado<\/td>\n<\/tr>\n<tr>\n<td width=\"146\"><strong><b>Estilo:<\/b><\/strong><\/td>\n<td width=\"601\">Casual<\/td>\n<\/tr>\n<tr>\n<td width=\"146\"><strong><b>Cor<\/b><\/strong><strong><b>:<\/b><\/strong><\/td>\n<td width=\"601\">\u00a0Cores personalizadas<\/td>\n<\/tr>\n<tr>\n<td width=\"146\"><strong><b>Tamanho:<\/b><\/strong><\/td>\n<td width=\"601\">S \/M \/L \/XL \/2XL<\/td>\n<\/tr>\n<tr>\n<td width=\"146\"><strong><b>OEM\/ODM:<\/b><\/strong><\/td>\n<td width=\"601\">Aceit\u00e1vel<\/td>\n<\/tr>\n<tr>\n<td width=\"146\"><strong><b>Qualidade:<\/b><\/strong><\/td>\n<td width=\"601\">100% Alta qualidade<\/td>\n<\/tr>\n<tr>\n<td width=\"146\"><strong><b>M<\/b><\/strong><strong><b>OQ:<\/b><\/strong><\/td>\n<td width=\"601\">200 unidades<\/td>\n<\/tr>\n<\/tbody>\n<\/table>","protected":false},"featured_media":1940,"template":"","meta":[],"product_brand":[],"product_cat":[39],"product_tag":[],"class_list":{"0":"post-1939","1":"product","2":"type-product","3":"status-publish","4":"has-post-thumbnail","6":"product_cat-womens-clothing","8":"first","9":"instock","10":"shipping-taxable","11":"product-type-simple"},"_links":{"self":[{"href":"https:\/\/mj-clothing.com\/pt\/wp-json\/wp\/v2\/product\/1939","targetHints":{"allow":["GET"]}}],"collection":[{"href":"https:\/\/mj-clothing.com\/pt\/wp-json\/wp\/v2\/product"}],"about":[{"href":"https:\/\/mj-clothing.com\/pt\/wp-json\/wp\/v2\/types\/product"}],"wp:featuredmedia":[{"embeddable":true,"href":"https:\/\/mj-clothing.com\/pt\/wp-json\/wp\/v2\/media\/1940"}],"wp:attachment":[{"href":"https:\/\/mj-clothing.com\/pt\/wp-json\/wp\/v2\/media?parent=1939"}],"wp:term":[{"taxonomy":"product_brand","embeddable":true,"href":"https:\/\/mj-clothing.com\/pt\/wp-json\/wp\/v2\/product_brand?post=1939"},{"taxonomy":"product_cat","embeddable":true,"href":"https:\/\/mj-clothing.com\/pt\/wp-json\/wp\/v2\/product_cat?post=1939"},{"taxonomy":"product_tag","embeddable":true,"href":"https:\/\/mj-clothing.com\/pt\/wp-json\/wp\/v2\/product_tag?post=1939"}],"curies":[{"name":"wp","href":"https:\/\/api.w.org\/{rel}","templated":true}]}}