{"id":1946,"date":"2024-12-17T02:48:08","date_gmt":"2024-12-17T02:48:08","guid":{"rendered":"https:\/\/mj-clothing.com\/?post_type=product&#038;p=1946"},"modified":"2024-12-17T03:42:21","modified_gmt":"2024-12-17T03:42:21","slug":"easy-to-sew-womens-tops","status":"publish","type":"product","link":"https:\/\/mj-clothing.com\/pt\/manufacturer\/easy-to-sew-womens-tops\/","title":{"rendered":"Tops de senhora f\u00e1ceis de coser"},"content":{"rendered":"<div class=\"experimental-mode-disclaimer-container ng-star-inserted\">\n<div class=\"disclaimer\">\n<div class=\"disclaimer-text ng-star-inserted\"><\/div>\n<\/div>\n<\/div>\n<div id=\"model-response-message-contentr_97504a3a3735aa12\" class=\"markdown markdown-main-panel response-optimization\" dir=\"ltr\">\n<p data-sourcepos=\"1:1-1:139\">Parece que est\u00e1 \u00e0 procura de tops de senhora f\u00e1ceis de coser! Aqui est\u00e1 uma lista de ideias e recursos para come\u00e7ar:<\/p>\n<h3 data-sourcepos=\"3:1-3:33\"><strong>Elementos-chave para tops de senhora f\u00e1ceis de coser:<\/strong><\/h3>\n<ul data-sourcepos=\"5:1-9:0\">\n<li data-sourcepos=\"5:1-5:153\"><strong>Formas simples:<\/strong> Procure padr\u00f5es com formas b\u00e1sicas como rect\u00e2ngulos, quadrados ou curvas m\u00ednimas. Estes requerem um corte e uma montagem menos complexos.<\/li>\n<li data-sourcepos=\"6:1-6:172\"><strong><span class=\"citation-0 recitation\">Tecidos de malha:<\/span><\/strong><span class=\"citation-0 recitation citation-end-0\"> Estes tecidos t\u00eam elasticidade, o que os torna mais tolerantes para os principiantes.<\/span> Muitas vezes, tamb\u00e9m n\u00e3o requerem o acabamento dos bordos, o que permite poupar tempo.<span class=\"button-container hide-from-message-actions ng-star-inserted\">\u00a0 \u00a0<\/span>\n<div class=\"container ng-tns-c2960411664-24 hide\">\n<div class=\"carousel-container ng-tns-c2960411664-24\"><\/div>\n<\/div>\n<\/li>\n<li data-sourcepos=\"7:1-7:95\"><strong>Costuras m\u00ednimas:<\/strong> Quanto menos costuras tiver um modelo, mais r\u00e1pido e mais f\u00e1cil ser\u00e1 de o coser.<\/li>\n<li data-sourcepos=\"8:1-9:0\"><strong>Sem fechos complicados:<\/strong> Evite modelos com fechos de correr, casas de bot\u00e3o ou fechos complicados no in\u00edcio.<\/li>\n<\/ul>\n<h3 data-sourcepos=\"10:1-10:32\"><strong>Tops de mulher f\u00e1ceis de coser a considerar:<\/strong><\/h3>\n<ul data-sourcepos=\"12:1-17:0\">\n<li data-sourcepos=\"12:1-12:133\"><strong>T-shirts:<\/strong> Um cl\u00e1ssico por uma raz\u00e3o! <span class=\"citation-1 recitation citation-end-1\">Os modelos b\u00e1sicos de t-shirts est\u00e3o facilmente dispon\u00edveis e constituem um excelente ponto de partida.<\/span><span class=\"button-container hide-from-message-actions ng-star-inserted\"> \u00a0<\/span>\n<div class=\"container ng-tns-c2960411664-25 hide\">\n<div class=\"carousel-container ng-tns-c2960411664-25\"><\/div>\n<\/div>\n<\/li>\n<li data-sourcepos=\"13:1-13:96\"><strong>Camisolas interiores:<\/strong> As camisolas interiores simples com al\u00e7as largas ou formas b\u00e1sicas s\u00e3o muito f\u00e1ceis de construir.<\/li>\n<li data-sourcepos=\"14:1-14:110\"><strong>Tops de quimono:<\/strong> Estes envolvem muitas vezes a costura de linhas rectas e podem ser feitos de belos tecidos drapeados.<\/li>\n<li data-sourcepos=\"15:1-15:97\"><strong>T\u00fanicas simples:<\/strong> As t\u00fanicas largas com uma modela\u00e7\u00e3o m\u00ednima s\u00e3o confort\u00e1veis e f\u00e1ceis de coser.<\/li>\n<li data-sourcepos=\"16:1-17:0\"><strong>Tops com pregas:<\/strong> Os tops com decotes el\u00e1sticos ou sec\u00e7\u00f5es franzidas podem ser surpreendentemente simples de fazer.<\/li>\n<\/ul>\n<h3 data-sourcepos=\"18:1-18:43\"><strong>Onde encontrar modelos e inspira\u00e7\u00e3o para tops de mulher f\u00e1ceis de coser:<\/strong><\/h3>\n<ul data-sourcepos=\"20:1-24:0\">\n<li data-sourcepos=\"20:1-20:97\"><strong>Costura essencial:<\/strong> Este s\u00edtio Web oferece uma variedade de modelos e recursos para principiantes.<\/li>\n<li data-sourcepos=\"21:1-21:99\"><strong>Costura simples:<\/strong> <span class=\"citation-2 recitation citation-end-2\">O seu objetivo \u00e9 criar modelos simples e elegantes com instru\u00e7\u00f5es claras.<\/span><span class=\"button-container hide-from-message-actions ng-star-inserted\">\u00a0<\/span>\n<div class=\"container ng-tns-c2960411664-26 hide\">\n<div class=\"carousel-container ng-tns-c2960411664-26\"><\/div>\n<\/div>\n<\/li>\n<li data-sourcepos=\"22:1-22:120\"><strong><span class=\"citation-3 recitation\">Pinterest:<\/span><\/strong><span class=\"citation-3 recitation citation-end-3\"> Um tesouro de ideias de bricolage, incluindo muitos tutoriais e padr\u00f5es gratuitos para tops f\u00e1ceis.<\/span><span class=\"button-container hide-from-message-actions ng-star-inserted\"> \u00a0<\/span>\n<div class=\"container ng-tns-c2960411664-27 hide\">\n<div class=\"carousel-container ng-tns-c2960411664-27\"><\/div>\n<\/div>\n<\/li>\n<li data-sourcepos=\"23:1-24:0\"><strong>Simplicity, McCall's, Butterick:<\/strong> Estas empresas de moldes t\u00eam uma vasta gama de moldes, muitas vezes classificados por n\u00edvel de compet\u00eancia.<\/li>\n<\/ul>\n<h3 data-sourcepos=\"25:1-25:23\"><strong>Dicas para principiantes:<\/strong><\/h3>\n<ul data-sourcepos=\"27:1-31:0\">\n<li data-sourcepos=\"27:1-27:102\"><strong>Comece com um projeto simples:<\/strong> N\u00e3o tente fazer algo demasiado complexo na sua primeira tentativa.<\/li>\n<li data-sourcepos=\"28:1-28:99\"><strong>Escolha o tecido certo:<\/strong> Os tecidos de malha s\u00e3o geralmente mais f\u00e1ceis de trabalhar do que os tecidos.<\/li>\n<li data-sourcepos=\"29:1-29:93\"><strong>Ler atentamente as instru\u00e7\u00f5es:<\/strong> Certifique-se de que compreende os passos antes de come\u00e7ar.<\/li>\n<li data-sourcepos=\"30:1-31:0\"><strong>N\u00e3o tenha medo de pedir ajuda:<\/strong> H\u00e1 muitas comunidades e recursos em linha dispon\u00edveis para o ajudar se tiver dificuldades.<\/li>\n<\/ul>\n<p data-sourcepos=\"32:1-32:128\">Estou dispon\u00edvel para a ajudar se tiver alguma quest\u00e3o espec\u00edfica ou se quiser explorar um estilo de top espec\u00edfico. Basta dizer-me!<\/p>\n<\/div>\n<div class=\"skeleton-loader-container\"><\/div>","protected":false},"excerpt":{"rendered":"<table style=\"height: 518px;\" width=\"411\">\n<tbody>\n<tr>\n<td width=\"146\"><strong><b>Produto<\/b><\/strong>\u00a0<strong><b>Nome:<\/b><\/strong><\/td>\n<td width=\"601\"><strong>Tops de senhora f\u00e1ceis de coser<\/strong><\/td>\n<\/tr>\n<tr>\n<td width=\"146\"><strong><b>Materlal:<\/b><\/strong><\/td>\n<td width=\"601\">Tricotar<\/td>\n<\/tr>\n<tr>\n<td width=\"146\"><strong><b>T\u00e9cnica:<\/b><\/strong><\/td>\n<td width=\"601\">Bordado<\/td>\n<\/tr>\n<tr>\n<td width=\"146\"><strong><b>Estilo:<\/b><\/strong><\/td>\n<td width=\"601\">Casual<\/td>\n<\/tr>\n<tr>\n<td width=\"146\"><strong><b>Cor<\/b><\/strong><strong><b>:<\/b><\/strong><\/td>\n<td width=\"601\">\u00a0Cores personalizadas<\/td>\n<\/tr>\n<tr>\n<td width=\"146\"><strong><b>Tamanho:<\/b><\/strong><\/td>\n<td width=\"601\">S \/M \/L \/XL \/2XL<\/td>\n<\/tr>\n<tr>\n<td width=\"146\"><strong><b>OEM\/ODM:<\/b><\/strong><\/td>\n<td width=\"601\">Aceit\u00e1vel<\/td>\n<\/tr>\n<tr>\n<td width=\"146\"><strong><b>Qualidade:<\/b><\/strong><\/td>\n<td width=\"601\">100% Alta qualidade<\/td>\n<\/tr>\n<tr>\n<td width=\"146\"><strong><b>M<\/b><\/strong><strong><b>OQ:<\/b><\/strong><\/td>\n<td width=\"601\">200 unidades<\/td>\n<\/tr>\n<\/tbody>\n<\/table>","protected":false},"featured_media":1956,"template":"","meta":[],"product_brand":[],"product_cat":[39],"product_tag":[],"class_list":{"0":"post-1946","1":"product","2":"type-product","3":"status-publish","4":"has-post-thumbnail","6":"product_cat-womens-clothing","8":"first","9":"instock","10":"shipping-taxable","11":"product-type-simple"},"_links":{"self":[{"href":"https:\/\/mj-clothing.com\/pt\/wp-json\/wp\/v2\/product\/1946","targetHints":{"allow":["GET"]}}],"collection":[{"href":"https:\/\/mj-clothing.com\/pt\/wp-json\/wp\/v2\/product"}],"about":[{"href":"https:\/\/mj-clothing.com\/pt\/wp-json\/wp\/v2\/types\/product"}],"wp:featuredmedia":[{"embeddable":true,"href":"https:\/\/mj-clothing.com\/pt\/wp-json\/wp\/v2\/media\/1956"}],"wp:attachment":[{"href":"https:\/\/mj-clothing.com\/pt\/wp-json\/wp\/v2\/media?parent=1946"}],"wp:term":[{"taxonomy":"product_brand","embeddable":true,"href":"https:\/\/mj-clothing.com\/pt\/wp-json\/wp\/v2\/product_brand?post=1946"},{"taxonomy":"product_cat","embeddable":true,"href":"https:\/\/mj-clothing.com\/pt\/wp-json\/wp\/v2\/product_cat?post=1946"},{"taxonomy":"product_tag","embeddable":true,"href":"https:\/\/mj-clothing.com\/pt\/wp-json\/wp\/v2\/product_tag?post=1946"}],"curies":[{"name":"wp","href":"https:\/\/api.w.org\/{rel}","templated":true}]}}