{"id":1957,"date":"2024-12-17T02:54:13","date_gmt":"2024-12-17T02:54:13","guid":{"rendered":"https:\/\/mj-clothing.com\/?post_type=product&#038;p=1957"},"modified":"2024-12-18T06:10:01","modified_gmt":"2024-12-18T06:10:01","slug":"womens-shell-top","status":"publish","type":"product","link":"https:\/\/mj-clothing.com\/pt\/manufacturer\/womens-shell-top\/","title":{"rendered":"Top em concha para mulher"},"content":{"rendered":"<p data-sourcepos=\"1:1-1:134\"><span class=\"citation-0 recitation citation-end-0\">Um top de concha para mulher \u00e9 um elemento b\u00e1sico vers\u00e1til e cl\u00e1ssico do guarda-roupa.<\/span> Eis um resumo do que \u00e9 e porque \u00e9 t\u00e3o popular:<span class=\"button-container hide-from-message-actions ng-star-inserted\"> \u00a0<\/span><\/p>\n<h3 data-sourcepos=\"3:1-3:24\"><strong>O que \u00e9 um Shell Top para mulher?<\/strong><\/h3>\n<ul data-sourcepos=\"5:1-9:0\">\n<li data-sourcepos=\"5:1-5:173\"><strong><span class=\"citation-1 recitation\">Simples e sem mangas:<\/span><\/strong><span class=\"citation-1 recitation citation-end-1\"> \u00c9 essencialmente um top b\u00e1sico, sem mangas.<\/span> Tem frequentemente um decote simples (como um decote em bico, um decote redondo ou um decote em V) e n\u00e3o tem gola.<span class=\"button-container hide-from-message-actions ng-star-inserted\"> \u00a0<\/span>\n<div class=\"container ng-tns-c2960411664-35 hide\">\n<div class=\"carousel-container ng-tns-c2960411664-35\"><\/div>\n<\/div>\n<\/li>\n<li data-sourcepos=\"6:1-6:278\"><strong>Tecido vers\u00e1til:<\/strong> <span class=\"citation-2 recitation citation-end-2\">Os tops de concha podem ser feitos de uma grande variedade de tecidos, incluindo algod\u00e3o, seda, linho, rayon ou misturas.<\/span> <span class=\"citation-3 recitation citation-end-3\">A escolha do tecido pode ter um grande impacto no aspeto e no toque do top, tornando-o adequado para ocasi\u00f5es casuais ou mais formais.<\/span>\n<div class=\"container ng-tns-c2960411664-36 hide\">\n<div class=\"carousel-container ng-tns-c2960411664-36\"><\/div>\n<\/div>\n<\/li>\n<li data-sourcepos=\"7:1-7:186\"><strong>\u00c9 essencial usar camadas:<\/strong> Os tops em forma de concha s\u00e3o excelentes para vestir por baixo de cardigans, blazers, casacos ou mesmo tops transparentes. Proporcionam uma camada de base suave sem aumentar o volume dos bra\u00e7os.<\/li>\n<li data-sourcepos=\"8:1-9:0\"><strong><span class=\"citation-4 recitation\">Pe\u00e7a aut\u00f3noma:<\/span><\/strong><span class=\"citation-4 recitation citation-end-4\"> Apesar de serem \u00f3ptimos para a sobreposi\u00e7\u00e3o de camadas, os tops em forma de concha tamb\u00e9m podem ser usados sozinhos, especialmente em climas mais quentes.<\/span>\n<div class=\"container ng-tns-c2960411664-37 hide\">\n<div class=\"carousel-container ng-tns-c2960411664-37\"><\/div>\n<\/div>\n<\/li>\n<\/ul>\n<h3 data-sourcepos=\"10:1-10:24\"><strong>Carater\u00edsticas principais:<\/strong><\/h3>\n<ul data-sourcepos=\"12:1-15:0\">\n<li data-sourcepos=\"12:1-12:120\"><strong>Linhas limpas:<\/strong> Os tops em forma de concha t\u00eam normalmente um design simples e limpo, sem adornos ou pormenores excessivos.<\/li>\n<li data-sourcepos=\"13:1-13:128\"><strong>Fitted ou semi-fitted:<\/strong> Normalmente, s\u00e3o concebidos para se ajustarem relativamente perto do corpo, proporcionando uma silhueta lisonjeira.<\/li>\n<li data-sourcepos=\"14:1-15:0\"><strong>Estilo intemporal:<\/strong> O top em concha \u00e9 uma pe\u00e7a cl\u00e1ssica que se mant\u00e9m elegante h\u00e1 d\u00e9cadas devido \u00e0 sua simplicidade e adaptabilidade.<\/li>\n<\/ul>\n<h3 data-sourcepos=\"16:1-16:25\"><strong>Porque \u00e9 que os Shell Top para mulher s\u00e3o populares?<\/strong><\/h3>\n<ul data-sourcepos=\"18:1-22:0\">\n<li data-sourcepos=\"18:1-18:95\"><strong>Versatilidade:<\/strong> Como j\u00e1 foi referido, podem ser vestidos de forma mais ou menos elegante e usados em v\u00e1rios ambientes.<\/li>\n<li data-sourcepos=\"19:1-19:130\"><strong>Conforto:<\/strong> O design sem mangas e os tecidos frequentemente leves tornam-nas confort\u00e1veis de usar, especialmente em climas mais quentes.<\/li>\n<li data-sourcepos=\"20:1-20:92\"><strong>Possibilidade de sobreposi\u00e7\u00e3o:<\/strong> S\u00e3o perfeitos para criar conjuntos em camadas sem aumentar o volume.<\/li>\n<li data-sourcepos=\"21:1-22:0\"><strong>A intemporalidade:<\/strong> S\u00e3o um cl\u00e1ssico do guarda-roupa que nunca passa de moda.<\/li>\n<\/ul>\n<h3 data-sourcepos=\"23:1-23:28\"><strong>Como usar um top de concha para mulher:<\/strong><\/h3>\n<ul data-sourcepos=\"25:1-28:0\">\n<li data-sourcepos=\"25:1-25:81\"><strong>Casual:<\/strong> Combine-o com cal\u00e7as de ganga, cal\u00e7\u00f5es ou uma saia casual para um look descontra\u00eddo.<\/li>\n<li data-sourcepos=\"26:1-26:122\"><strong>Casual de neg\u00f3cios:<\/strong> Use-o por baixo de um blazer com cal\u00e7as ou uma saia l\u00e1pis para um conjunto profissional mas confort\u00e1vel.<\/li>\n<li data-sourcepos=\"27:1-28:0\"><strong>Vestido:<\/strong> Escolha um top em concha num tecido luxuoso como a seda ou o cetim e combine-o com uma saia ou cal\u00e7as elegantes para um evento noturno.<\/li>\n<\/ul>\n<p data-sourcepos=\"29:1-29:132\">Quer esteja \u00e0 procura de uma pe\u00e7a b\u00e1sica para sobrepor ou de um simples top para o tempo quente, o top em concha \u00e9 uma escolha vers\u00e1til e elegante.<\/p>","protected":false},"excerpt":{"rendered":"<table style=\"height: 495px;\" width=\"411\">\n<tbody>\n<tr>\n<td width=\"146\"><strong><b>Produto<\/b><\/strong>\u00a0<strong><b>Nome:<\/b><\/strong><\/td>\n<td width=\"601\"><strong>Top em concha para mulher<\/strong><\/td>\n<\/tr>\n<tr>\n<td width=\"146\"><strong><b>Materlal:<\/b><\/strong><\/td>\n<td width=\"601\">Tricotar<\/td>\n<\/tr>\n<tr>\n<td width=\"146\"><strong><b>T\u00e9cnica:<\/b><\/strong><\/td>\n<td width=\"601\">Bordado<\/td>\n<\/tr>\n<tr>\n<td width=\"146\"><strong><b>Estilo:<\/b><\/strong><\/td>\n<td width=\"601\">Casual<\/td>\n<\/tr>\n<tr>\n<td width=\"146\"><strong><b>Cor<\/b><\/strong><strong><b>:<\/b><\/strong><\/td>\n<td width=\"601\">\u00a0Cores personalizadas<\/td>\n<\/tr>\n<tr>\n<td width=\"146\"><strong><b>Tamanho:<\/b><\/strong><\/td>\n<td width=\"601\">S \/M \/L \/XL \/2XL<\/td>\n<\/tr>\n<tr>\n<td width=\"146\"><strong><b>OEM\/ODM:<\/b><\/strong><\/td>\n<td width=\"601\">Aceit\u00e1vel<\/td>\n<\/tr>\n<tr>\n<td width=\"146\"><strong><b>Qualidade:<\/b><\/strong><\/td>\n<td width=\"601\">100% Alta qualidade<\/td>\n<\/tr>\n<tr>\n<td width=\"146\"><strong><b>M<\/b><\/strong><strong><b>OQ:<\/b><\/strong><\/td>\n<td width=\"601\">200 unidades<\/td>\n<\/tr>\n<\/tbody>\n<\/table>","protected":false},"featured_media":1958,"template":"","meta":[],"product_brand":[],"product_cat":[39],"product_tag":[],"class_list":{"0":"post-1957","1":"product","2":"type-product","3":"status-publish","4":"has-post-thumbnail","6":"product_cat-womens-clothing","8":"first","9":"instock","10":"shipping-taxable","11":"product-type-simple"},"_links":{"self":[{"href":"https:\/\/mj-clothing.com\/pt\/wp-json\/wp\/v2\/product\/1957","targetHints":{"allow":["GET"]}}],"collection":[{"href":"https:\/\/mj-clothing.com\/pt\/wp-json\/wp\/v2\/product"}],"about":[{"href":"https:\/\/mj-clothing.com\/pt\/wp-json\/wp\/v2\/types\/product"}],"wp:featuredmedia":[{"embeddable":true,"href":"https:\/\/mj-clothing.com\/pt\/wp-json\/wp\/v2\/media\/1958"}],"wp:attachment":[{"href":"https:\/\/mj-clothing.com\/pt\/wp-json\/wp\/v2\/media?parent=1957"}],"wp:term":[{"taxonomy":"product_brand","embeddable":true,"href":"https:\/\/mj-clothing.com\/pt\/wp-json\/wp\/v2\/product_brand?post=1957"},{"taxonomy":"product_cat","embeddable":true,"href":"https:\/\/mj-clothing.com\/pt\/wp-json\/wp\/v2\/product_cat?post=1957"},{"taxonomy":"product_tag","embeddable":true,"href":"https:\/\/mj-clothing.com\/pt\/wp-json\/wp\/v2\/product_tag?post=1957"}],"curies":[{"name":"wp","href":"https:\/\/api.w.org\/{rel}","templated":true}]}}