{"id":1960,"date":"2024-12-17T03:10:50","date_gmt":"2024-12-17T03:10:50","guid":{"rendered":"https:\/\/mj-clothing.com\/?post_type=product&#038;p=1960"},"modified":"2024-12-17T03:10:50","modified_gmt":"2024-12-17T03:10:50","slug":"periwinkle-womens-tops","status":"publish","type":"product","link":"https:\/\/mj-clothing.com\/pt\/manufacturer\/periwinkle-womens-tops\/","title":{"rendered":"Tops de senhora Periwinkle"},"content":{"rendered":"<div id=\"model-response-message-contentr_7f973865284483ec\" class=\"markdown markdown-main-panel response-optimization\" dir=\"ltr\">\n<p data-sourcepos=\"1:1-1:279\">O Periwinkle Womens Tops \u00e9 uma cor bonita, suave e vers\u00e1til que pode dar um toque de eleg\u00e2ncia e feminilidade a qualquer roupa. <span class=\"citation-0 recitation citation-end-0\">\u00c9 um roxo claro com um toque de azul, frequentemente descrito como uma lavanda p\u00e1lida ou um violeta claro.<\/span> Eis o que torna os tops de senhora em pervinca t\u00e3o apelativos:<span class=\"button-container hide-from-message-actions ng-star-inserted\">\u00a0 \u00a0<\/span><\/p>\n<h3 data-sourcepos=\"3:1-3:39\"><strong>Porque \u00e9 que os tops de senhora Periwinkle funcionam bem para tops:<\/strong><\/h3>\n<ul data-sourcepos=\"5:1-9:0\">\n<li data-sourcepos=\"5:1-5:138\"><strong>Fica bem em muitos tons de pele:<\/strong> A pervinca tem tons frios e quentes, o que a torna adequada para uma vasta gama de tez.<\/li>\n<li data-sourcepos=\"6:1-6:105\"><strong>Suave e calmante:<\/strong> <span class=\"citation-1 recitation citation-end-1\">\u00c9 uma cor suave que evoca sentimentos de tranquilidade e paz.<\/span><span class=\"button-container hide-from-message-actions ng-star-inserted\"> \u00a0<\/span>\n<div class=\"container ng-tns-c2960411664-45 hide\">\n<div class=\"carousel-container ng-tns-c2960411664-45\"><\/div>\n<\/div>\n<\/li>\n<li data-sourcepos=\"7:1-7:111\"><strong><span class=\"citation-2 recitation\">Vers\u00e1til:<\/span><\/strong><span class=\"citation-2 recitation citation-end-2\"> A pervinca pode ser vestida para cima ou para baixo, o que a torna adequada para v\u00e1rias ocasi\u00f5es.<\/span><span class=\"button-container hide-from-message-actions ng-star-inserted\"> \u00a0<\/span>\n<div class=\"container ng-tns-c2960411664-46 hide\">\n<div class=\"carousel-container ng-tns-c2960411664-46\"><\/div>\n<\/div>\n<\/li>\n<li data-sourcepos=\"8:1-9:0\"><strong>Combina bem com outras cores:<\/strong> Complementa os tons neutros como o branco, o cinzento e o bege, bem como outras cores como o rosa, o verde e at\u00e9 o amarelo.<\/li>\n<\/ul>\n<h3 data-sourcepos=\"10:1-10:44\"><strong>Tipos de tops de senhora Periwinkle que poder\u00e1 encontrar:<\/strong><\/h3>\n<ul data-sourcepos=\"12:1-16:0\">\n<li data-sourcepos=\"12:1-12:164\"><strong>T-shirts e tops casuais:<\/strong> Uma t-shirt pervinca ou um top casual s\u00e3o perfeitos para o dia a dia. Combine-a com cal\u00e7as de ganga, cal\u00e7\u00f5es ou uma saia casual para um look descontra\u00eddo.<\/li>\n<li data-sourcepos=\"13:1-13:198\"><strong><span class=\"citation-3 recitation\">Blusas e tops mais elegantes:<\/span><\/strong><span class=\"citation-3 recitation citation-end-3\"> Uma blusa pervinca em seda, cetim ou chiffon pode ser vestida para ocasi\u00f5es mais formais.<\/span> Combine-o com cal\u00e7as sociais, uma saia ou mesmo por baixo de um blazer.<span class=\"button-container hide-from-message-actions ng-star-inserted\"> \u00a0<\/span>\n<div class=\"container ng-tns-c2960411664-47 hide\">\n<div class=\"carousel-container ng-tns-c2960411664-47\"><\/div>\n<\/div>\n<\/li>\n<li data-sourcepos=\"14:1-14:110\"><strong>Camisolas e casacos de malha:<\/strong> Uma camisola ou um casaco de malha pervinca \u00e9 uma \u00f3ptima pe\u00e7a para usar em camadas para o tempo mais frio.<\/li>\n<li data-sourcepos=\"15:1-16:0\"><strong><span class=\"citation-4 recitation\">Camisolas e camisolas interiores:<\/span><\/strong><span class=\"citation-4 recitation citation-end-4\"> Uma camisola de al\u00e7as ou uma camisola pervinca pode ser usada sozinha no tempo quente ou por baixo de outros tops.<\/span><span class=\"button-container hide-from-message-actions ng-star-inserted\">\u00a0<\/span>\n<div class=\"container ng-tns-c2960411664-48 hide\">\n<div class=\"carousel-container ng-tns-c2960411664-48\">\n<div class=\"carousel-content ng-tns-c2960411664-48\">\n<div class=\"sources-carousel-source ng-tns-c2960411664-48 hide ng-star-inserted\" data-test-id=\"sources-carousel-source\"><\/div>\n<\/div>\n<\/div>\n<\/div>\n<\/li>\n<\/ul>\n<h3 data-sourcepos=\"17:1-17:33\"><strong>Como usar tops cor-de-rosa:<\/strong><\/h3>\n<ul data-sourcepos=\"19:1-23:0\">\n<li data-sourcepos=\"19:1-19:100\"><strong>Casual:<\/strong> Combine uma t-shirt pervinca com cal\u00e7as de ganga brancas e t\u00e9nis para um look fresco e casual.<\/li>\n<li data-sourcepos=\"20:1-20:117\"><strong>Casual de neg\u00f3cios:<\/strong> Use uma blusa cor de pervinca com cal\u00e7as cinzentas e saltos altos para um conjunto profissional e elegante.<\/li>\n<li data-sourcepos=\"21:1-21:104\"><strong>Vestido:<\/strong> Combine um top de cetim pervinca com uma saia preta e saltos altos para um look de noite elegante.<\/li>\n<li data-sourcepos=\"22:1-23:0\"><strong>Bo\u00e9mio:<\/strong> Combine um top fluido cor de pervinca com uma saia comprida e sand\u00e1lias para um ambiente bo\u00e9mio.<\/li>\n<\/ul>\n<p data-sourcepos=\"32:1-32:113\">\n<\/div>","protected":false},"excerpt":{"rendered":"<table style=\"height: 501px;\" width=\"369\">\n<tbody>\n<tr>\n<td width=\"146\"><strong><b>Produto<\/b><\/strong>\u00a0<strong><b>Nome:<\/b><\/strong><\/td>\n<td width=\"601\"><strong>Tops de senhora Periwinkle<\/strong><\/td>\n<\/tr>\n<tr>\n<td width=\"146\"><strong><b>Materlal:<\/b><\/strong><\/td>\n<td width=\"601\">Tricotar<\/td>\n<\/tr>\n<tr>\n<td width=\"146\"><strong><b>T\u00e9cnica: <\/b><\/strong><\/td>\n<td width=\"601\">Bordado<\/td>\n<\/tr>\n<tr>\n<td width=\"146\"><strong><b>Estilo: <\/b><\/strong><\/td>\n<td width=\"601\">Casual<\/td>\n<\/tr>\n<tr>\n<td width=\"146\"><strong><b>Cor<\/b><\/strong><strong><b>:<\/b><\/strong><\/td>\n<td width=\"601\">\u00a0Cores personalizadas<\/td>\n<\/tr>\n<tr>\n<td width=\"146\"><strong><b>Tamanho:<\/b><\/strong><\/td>\n<td width=\"601\">S \/M \/L \/XL \/2XL<\/td>\n<\/tr>\n<tr>\n<td width=\"146\"><strong><b>OEM\/ODM:<\/b><\/strong><\/td>\n<td width=\"601\">Aceit\u00e1vel<\/td>\n<\/tr>\n<tr>\n<td width=\"146\"><strong><b>Qualidade:<\/b><\/strong><\/td>\n<td width=\"601\">100% Alta qualidade<\/td>\n<\/tr>\n<tr>\n<td width=\"146\"><strong><b>M<\/b><\/strong><strong><b>OQ:<\/b><\/strong><\/td>\n<td width=\"601\">200 unidades<\/td>\n<\/tr>\n<\/tbody>\n<\/table>","protected":false},"featured_media":1961,"template":"","meta":[],"product_brand":[],"product_cat":[39],"product_tag":[],"class_list":{"0":"post-1960","1":"product","2":"type-product","3":"status-publish","4":"has-post-thumbnail","6":"product_cat-womens-clothing","8":"first","9":"instock","10":"shipping-taxable","11":"product-type-simple"},"_links":{"self":[{"href":"https:\/\/mj-clothing.com\/pt\/wp-json\/wp\/v2\/product\/1960","targetHints":{"allow":["GET"]}}],"collection":[{"href":"https:\/\/mj-clothing.com\/pt\/wp-json\/wp\/v2\/product"}],"about":[{"href":"https:\/\/mj-clothing.com\/pt\/wp-json\/wp\/v2\/types\/product"}],"wp:featuredmedia":[{"embeddable":true,"href":"https:\/\/mj-clothing.com\/pt\/wp-json\/wp\/v2\/media\/1961"}],"wp:attachment":[{"href":"https:\/\/mj-clothing.com\/pt\/wp-json\/wp\/v2\/media?parent=1960"}],"wp:term":[{"taxonomy":"product_brand","embeddable":true,"href":"https:\/\/mj-clothing.com\/pt\/wp-json\/wp\/v2\/product_brand?post=1960"},{"taxonomy":"product_cat","embeddable":true,"href":"https:\/\/mj-clothing.com\/pt\/wp-json\/wp\/v2\/product_cat?post=1960"},{"taxonomy":"product_tag","embeddable":true,"href":"https:\/\/mj-clothing.com\/pt\/wp-json\/wp\/v2\/product_tag?post=1960"}],"curies":[{"name":"wp","href":"https:\/\/api.w.org\/{rel}","templated":true}]}}