{"id":1999,"date":"2024-12-17T07:46:21","date_gmt":"2024-12-17T07:46:21","guid":{"rendered":"https:\/\/mj-clothing.com\/?post_type=product&#038;p=1999"},"modified":"2024-12-17T08:30:43","modified_gmt":"2024-12-17T08:30:43","slug":"womens-shell-tops","status":"publish","type":"product","link":"https:\/\/mj-clothing.com\/pt\/manufacturer\/womens-shell-tops\/","title":{"rendered":"Tops de concha para mulher"},"content":{"rendered":"<p data-sourcepos=\"1:1-1:189\">Parece que est\u00e1 interessada em tops de concha para mulher! S\u00e3o uma pe\u00e7a cl\u00e1ssica e vers\u00e1til do guarda-roupa. Eis um resumo do que s\u00e3o, das suas principais carater\u00edsticas e do motivo pelo qual s\u00e3o t\u00e3o populares:<\/p>\n<h3 data-sourcepos=\"3:1-3:24\"><strong>O que \u00e9 uma camisola de al\u00e7as para mulher?<\/strong><\/h3>\n<p data-sourcepos=\"5:1-5:161\"><span class=\"citation-0 recitation citation-end-0\">Um top em concha \u00e9 um top simples, sem mangas, com um decote b\u00e1sico.<\/span> Pense nele como uma tela em branco para a sua roupa. Eis as carater\u00edsticas que o definem:<span class=\"button-container hide-from-message-actions ng-star-inserted\"> \u00a0<\/span><\/p>\n<ul data-sourcepos=\"7:1-12:0\">\n<li data-sourcepos=\"7:1-7:148\"><strong>Sem mangas:<\/strong> Esta \u00e9 a carater\u00edstica mais importante. Os tops em forma de concha s\u00e3o sempre sem mangas, o que os torna ideais para usar em camadas ou em tempo quente.<\/li>\n<li data-sourcepos=\"8:1-8:137\"><strong>Decote simples:<\/strong> <span class=\"citation-1 recitation citation-end-1\">Os decotes mais comuns incluem o decote em bico, o decote em bico, o decote em V ou mesmo um decote mais alto, como um decote falso.<\/span><span class=\"button-container hide-from-message-actions ng-star-inserted\"> \u00a0<\/span>\n<div class=\"container ng-tns-c2960411664-59 hide\">\n<div class=\"carousel-container ng-tns-c2960411664-59\"><\/div>\n<\/div>\n<\/li>\n<li data-sourcepos=\"9:1-9:165\"><strong>Design limpo:<\/strong> Os tops em forma de concha n\u00e3o t\u00eam normalmente enfeites excessivos como folhos, rendas ou estampados grandes. Esta simplicidade torna-os incrivelmente vers\u00e1teis.<\/li>\n<li data-sourcepos=\"10:1-10:226\"><strong><span class=\"citation-2 recitation\">V\u00e1rios tecidos:<\/span><\/strong><span class=\"citation-2 recitation citation-end-2\"> Podem ser fabricados a partir de uma vasta gama de tecidos, incluindo algod\u00e3o, seda, linho, rayon, poli\u00e9ster ou misturas.<\/span> <span class=\"citation-3 recitation citation-end-3\">A escolha do tecido afecta o drapeado, o toque e a formalidade do top.<\/span><span class=\"button-container hide-from-message-actions ng-star-inserted\"> \u00a0<\/span>\n<div class=\"container ng-tns-c2960411664-60 hide\">\n<div class=\"carousel-container ng-tns-c2960411664-60\"><\/div>\n<\/div>\n<\/li>\n<li data-sourcepos=\"11:1-12:0\"><strong>Fitted ou Semi-Fitted:<\/strong> Geralmente, t\u00eam um ajuste pr\u00f3ximo do corpo, mas nem sempre s\u00e3o justos \u00e0 pele. <span class=\"citation-4 recitation citation-end-4\">Alguns tops t\u00eam um corte ligeiramente mais largo e descontra\u00eddo.<\/span><span class=\"button-container hide-from-message-actions ng-star-inserted\"> \u00a0<\/span>\n<div class=\"container ng-tns-c2960411664-61 hide\">\n<div class=\"carousel-container ng-tns-c2960411664-61\"><\/div>\n<\/div>\n<\/li>\n<\/ul>\n<h3 data-sourcepos=\"13:1-13:34\"><strong>Porque \u00e9 que os tops de concha para mulher s\u00e3o t\u00e3o populares?<\/strong><\/h3>\n<ul data-sourcepos=\"15:1-19:0\">\n<li data-sourcepos=\"15:1-15:143\"><strong>Versatilidade:<\/strong> Esta \u00e9 a sua maior for\u00e7a. <span class=\"citation-5 recitation citation-end-5\">Podem ser vestidos para cima ou para baixo, o que os torna adequados para quase todas as ocasi\u00f5es.<\/span><span class=\"button-container hide-from-message-actions ng-star-inserted\">\u00a0 \u00a0<\/span>\n<div class=\"container ng-tns-c2960411664-62 hide\">\n<div class=\"carousel-container ng-tns-c2960411664-62\"><\/div>\n<\/div>\n<\/li>\n<li data-sourcepos=\"16:1-16:168\"><strong>Camadas:<\/strong> S\u00e3o perfeitas para vestir por baixo de casacos de malha, blazers, casacos e at\u00e9 tops transparentes. Proporcionam uma camada de base suave sem aumentar o volume dos bra\u00e7os.<\/li>\n<li data-sourcepos=\"17:1-17:127\"><strong>Conforto:<\/strong> O design sem mangas e os tecidos frequentemente leves tornam-nas confort\u00e1veis de usar, especialmente em tempo quente.<\/li>\n<li data-sourcepos=\"18:1-19:0\"><strong>Estilo intemporal:<\/strong> Os tops em forma de concha s\u00e3o um cl\u00e1ssico do guarda-roupa que nunca sai de moda.<\/li>\n<\/ul>\n<h3 data-sourcepos=\"20:1-20:28\"><strong>Como usar um top de concha para mulher:<\/strong><\/h3>\n<ul data-sourcepos=\"22:1-26:0\">\n<li data-sourcepos=\"22:1-22:90\"><strong>Casual:<\/strong> Combine-o com cal\u00e7as de ganga, cal\u00e7\u00f5es ou uma saia casual para um look descontra\u00eddo do dia a dia.<\/li>\n<li data-sourcepos=\"23:1-23:122\"><strong>Casual de neg\u00f3cios:<\/strong> Use-o por baixo de um blazer com cal\u00e7as ou uma saia l\u00e1pis para um conjunto profissional mas confort\u00e1vel.<\/li>\n<li data-sourcepos=\"24:1-24:138\"><strong>Vestido:<\/strong> Escolha um top em concha num tecido luxuoso como a seda ou o cetim e combine-o com uma saia ou cal\u00e7as elegantes para um evento noturno.<\/li>\n<li data-sourcepos=\"25:1-26:0\"><strong>Camadas:<\/strong> Coloque-a por baixo de um casaco de malha, de um blus\u00e3o ou mesmo de um vestido para um maior calor e estilo.<\/li>\n<\/ul>\n<h3 data-sourcepos=\"27:1-27:28\"><strong>Tops de concha para mulher Exemplos e varia\u00e7\u00f5es:<\/strong><\/h3>\n<ul data-sourcepos=\"29:1-33:0\">\n<li data-sourcepos=\"29:1-29:89\"><strong>Top em concha de seda:<\/strong> Ideal para ocasi\u00f5es mais elegantes, oferecendo um visual suave e elegante.<\/li>\n<li data-sourcepos=\"30:1-30:87\"><strong>Casca de algod\u00e3o Top:<\/strong> Perfeito para uma utiliza\u00e7\u00e3o casual, proporcionando conforto e respirabilidade.<\/li>\n<li data-sourcepos=\"31:1-31:89\"><strong><span class=\"citation-6 recitation\">Top em malha canelada:<\/span><\/strong><span class=\"citation-6 recitation citation-end-6\"> Oferece um aspeto mais texturado e um ajuste mais apertado.<\/span><span class=\"button-container hide-from-message-actions ng-star-inserted\"> \u00a0<\/span>\n<div class=\"container ng-tns-c2960411664-63 hide\">\n<div class=\"carousel-container ng-tns-c2960411664-63\"><\/div>\n<\/div>\n<\/li>\n<li data-sourcepos=\"32:1-33:0\"><strong>Top em concha de renda:<\/strong> Acrescenta um toque de feminilidade e pode ser vestida para cima ou para baixo.<\/li>\n<\/ul>","protected":false},"excerpt":{"rendered":"<table style=\"height: 542px;\" width=\"437\">\n<tbody>\n<tr>\n<td width=\"146\"><strong><b>Produto<\/b><\/strong>\u00a0<strong><b>Nome:<\/b><\/strong><\/td>\n<td width=\"601\">Tops de concha para mulher<\/td>\n<\/tr>\n<tr>\n<td width=\"146\"><strong><b>Materlal:<\/b><\/strong><\/td>\n<td width=\"601\">Tricotar<\/td>\n<\/tr>\n<tr>\n<td width=\"146\"><strong><b>T\u00e9cnica:<\/b><\/strong><\/td>\n<td width=\"601\">Bordado<\/td>\n<\/tr>\n<tr>\n<td width=\"146\"><strong><b>Estilo:<\/b><\/strong><\/td>\n<td width=\"601\">Casual<\/td>\n<\/tr>\n<tr>\n<td width=\"146\"><strong><b>Cor<\/b><\/strong><strong><b>:<\/b><\/strong><\/td>\n<td width=\"601\">\u00a0Cores personalizadas<\/td>\n<\/tr>\n<tr>\n<td width=\"146\"><strong><b>Tamanho:<\/b><\/strong><\/td>\n<td width=\"601\">S \/M \/L \/XL \/2XL<\/td>\n<\/tr>\n<tr>\n<td width=\"146\"><strong><b>OEM\/ODM:<\/b><\/strong><\/td>\n<td width=\"601\">Aceit\u00e1vel<\/td>\n<\/tr>\n<tr>\n<td width=\"146\"><strong><b>Qualidade:<\/b><\/strong><\/td>\n<td width=\"601\">100% Alta qualidade<\/td>\n<\/tr>\n<tr>\n<td width=\"146\"><strong><b>M<\/b><\/strong><strong><b>OQ:<\/b><\/strong><\/td>\n<td width=\"601\">200 unidades<\/td>\n<\/tr>\n<\/tbody>\n<\/table>","protected":false},"featured_media":2007,"template":"","meta":[],"product_brand":[],"product_cat":[39],"product_tag":[],"class_list":{"0":"post-1999","1":"product","2":"type-product","3":"status-publish","4":"has-post-thumbnail","6":"product_cat-womens-clothing","8":"first","9":"instock","10":"shipping-taxable","11":"product-type-simple"},"_links":{"self":[{"href":"https:\/\/mj-clothing.com\/pt\/wp-json\/wp\/v2\/product\/1999","targetHints":{"allow":["GET"]}}],"collection":[{"href":"https:\/\/mj-clothing.com\/pt\/wp-json\/wp\/v2\/product"}],"about":[{"href":"https:\/\/mj-clothing.com\/pt\/wp-json\/wp\/v2\/types\/product"}],"wp:featuredmedia":[{"embeddable":true,"href":"https:\/\/mj-clothing.com\/pt\/wp-json\/wp\/v2\/media\/2007"}],"wp:attachment":[{"href":"https:\/\/mj-clothing.com\/pt\/wp-json\/wp\/v2\/media?parent=1999"}],"wp:term":[{"taxonomy":"product_brand","embeddable":true,"href":"https:\/\/mj-clothing.com\/pt\/wp-json\/wp\/v2\/product_brand?post=1999"},{"taxonomy":"product_cat","embeddable":true,"href":"https:\/\/mj-clothing.com\/pt\/wp-json\/wp\/v2\/product_cat?post=1999"},{"taxonomy":"product_tag","embeddable":true,"href":"https:\/\/mj-clothing.com\/pt\/wp-json\/wp\/v2\/product_tag?post=1999"}],"curies":[{"name":"wp","href":"https:\/\/api.w.org\/{rel}","templated":true}]}}