{"id":2001,"date":"2024-12-17T08:02:02","date_gmt":"2024-12-17T08:02:02","guid":{"rendered":"https:\/\/mj-clothing.com\/?post_type=product&#038;p=2001"},"modified":"2024-12-17T08:57:32","modified_gmt":"2024-12-17T08:57:32","slug":"womens-surplice-top","status":"publish","type":"product","link":"https:\/\/mj-clothing.com\/pt\/manufacturer\/womens-surplice-top\/","title":{"rendered":"Top surplice para mulher"},"content":{"rendered":"<p data-sourcepos=\"1:1-1:164\">Um top surplice para mulher \u00e9 uma pe\u00e7a de vestu\u00e1rio elegante e lisonjeira conhecida pelo seu decote distinto. Eis uma descri\u00e7\u00e3o das suas principais carater\u00edsticas e por que raz\u00e3o \u00e9 uma escolha popular:<\/p>\n<h3 data-sourcepos=\"3:1-3:27\"><strong>O que \u00e9 um top surplice para mulher?<\/strong><\/h3>\n<p data-sourcepos=\"5:1-5:212\">A carater\u00edstica que define um top surplice \u00e9 a sua <strong>pain\u00e9is frontais sobrepostos<\/strong> que criam um decote diagonal ou em forma de V. Este modelo \u00e9 inspirado na veste eclesi\u00e1stica tradicional chamada sobrepeliz.<\/p>\n<p data-sourcepos=\"7:1-7:27\">Eis algumas das principais carater\u00edsticas:<\/p>\n<ul data-sourcepos=\"9:1-14:0\">\n<li data-sourcepos=\"9:1-9:98\"><strong>Frente de sobreposi\u00e7\u00e3o:<\/strong> O tecido cruza-se sobre si pr\u00f3prio, criando um efeito de embrulho ou de falso embrulho.<\/li>\n<li data-sourcepos=\"10:1-10:131\"><strong>Decote em V ou diagonal:<\/strong> Este decote \u00e9 normalmente bastante profundo e alongado, o que favorece muitos tipos de corpo.<\/li>\n<li data-sourcepos=\"11:1-11:133\"><strong>V\u00e1rios estilos de manga:<\/strong> Os tops surplice podem ter mangas curtas, mangas compridas, mangas a tr\u00eas quartos ou mesmo sem mangas.<\/li>\n<li data-sourcepos=\"12:1-12:179\"><strong>Tecidos diferentes:<\/strong> Podem ser feitos de v\u00e1rios tecidos, incluindo malhas, tecidos, seda, jersey e outros. A escolha do tecido afecta o drapeado e o aspeto geral do top.<\/li>\n<li data-sourcepos=\"13:1-14:0\"><strong>Ajustado ou solto:<\/strong> O corte pode variar entre ajustado e solto e fluido, consoante o modelo e o tecido.<\/li>\n<\/ul>\n<h3 data-sourcepos=\"15:1-15:34\"><strong>Porque \u00e9 que os tops surplice para mulher s\u00e3o populares?<\/strong><\/h3>\n<ul data-sourcepos=\"17:1-21:0\">\n<li data-sourcepos=\"17:1-17:188\"><strong>Decote lisonjeiro:<\/strong> O decote em V ou diagonal alonga o pesco\u00e7o e o tronco, criando um efeito adelga\u00e7ante. Tamb\u00e9m acentua a clav\u00edcula e a zona do busto de uma forma lisonjeira.<\/li>\n<li data-sourcepos=\"18:1-18:107\"><strong>Feminino e elegante:<\/strong> O design sobreposto d\u00e1 um toque de feminilidade e eleg\u00e2ncia a qualquer roupa.<\/li>\n<li data-sourcepos=\"19:1-19:103\"><strong>Vers\u00e1til:<\/strong> Os tops de sobreposi\u00e7\u00e3o podem ser vestidos para cima ou para baixo, o que os torna adequados para v\u00e1rias ocasi\u00f5es.<\/li>\n<li data-sourcepos=\"20:1-21:0\"><strong>Confort\u00e1vel:<\/strong> Dependendo do tecido e do ajuste, podem ser muito confort\u00e1veis de usar.<\/li>\n<\/ul>\n<h3 data-sourcepos=\"22:1-22:32\"><strong>Como dar estilo a um top surplice para mulher:<\/strong><\/h3>\n<ul data-sourcepos=\"24:1-28:0\">\n<li data-sourcepos=\"24:1-24:90\"><strong>Casual:<\/strong> Combine-o com cal\u00e7as de ganga, cal\u00e7\u00f5es ou uma saia casual para um look descontra\u00eddo do dia a dia.<\/li>\n<li data-sourcepos=\"25:1-25:114\"><strong>Casual de neg\u00f3cios:<\/strong> Use-o com cal\u00e7as, uma saia l\u00e1pis ou por baixo de um blazer para um ambiente mais profissional.<\/li>\n<li data-sourcepos=\"26:1-26:140\"><strong>Vestido:<\/strong> Escolha um top em tecido luxuoso como a seda ou o cetim e combine-o com cal\u00e7as ou uma saia para um evento noturno.<\/li>\n<li data-sourcepos=\"27:1-28:0\"><strong>Camadas:<\/strong> Pode colocar um top surplice por baixo de um casaco de malha ou de um casaco para aumentar o calor e o estilo.<\/li>\n<\/ul>","protected":false},"excerpt":{"rendered":"<table style=\"height: 571px;\" width=\"446\">\n<tbody>\n<tr>\n<td width=\"146\"><strong><b>Produto<\/b><\/strong>\u00a0<strong><b>Nome:<\/b><\/strong><\/td>\n<td width=\"601\"><strong>Top surplice para mulher<\/strong><\/td>\n<\/tr>\n<tr>\n<td width=\"146\"><strong><b>Materlal:<\/b><\/strong><\/td>\n<td width=\"601\">Tricotar<\/td>\n<\/tr>\n<tr>\n<td width=\"146\"><strong><b>T\u00e9cnica:<\/b><\/strong><\/td>\n<td width=\"601\">Bordado<\/td>\n<\/tr>\n<tr>\n<td width=\"146\"><strong><b>Estilo:<\/b><\/strong><\/td>\n<td width=\"601\">Casual<\/td>\n<\/tr>\n<tr>\n<td width=\"146\"><strong><b>Cor<\/b><\/strong><strong><b>:<\/b><\/strong><\/td>\n<td width=\"601\">\u00a0Cores personalizadas<\/td>\n<\/tr>\n<tr>\n<td width=\"146\"><strong><b>Tamanho:<\/b><\/strong><\/td>\n<td width=\"601\">S \/M \/L \/XL \/2XL<\/td>\n<\/tr>\n<tr>\n<td width=\"146\"><strong><b>OEM\/ODM:<\/b><\/strong><\/td>\n<td width=\"601\">Aceit\u00e1vel<\/td>\n<\/tr>\n<tr>\n<td width=\"146\"><strong><b>Qualidade:<\/b><\/strong><\/td>\n<td width=\"601\">100% Alta qualidade<\/td>\n<\/tr>\n<tr>\n<td width=\"146\"><strong><b>M<\/b><\/strong><strong><b>OQ:<\/b><\/strong><\/td>\n<td width=\"601\">200 unidades<\/td>\n<\/tr>\n<\/tbody>\n<\/table>","protected":false},"featured_media":2002,"template":"","meta":[],"product_brand":[],"product_cat":[39],"product_tag":[],"class_list":{"0":"post-2001","1":"product","2":"type-product","3":"status-publish","4":"has-post-thumbnail","6":"product_cat-womens-clothing","8":"first","9":"instock","10":"shipping-taxable","11":"product-type-simple"},"_links":{"self":[{"href":"https:\/\/mj-clothing.com\/pt\/wp-json\/wp\/v2\/product\/2001","targetHints":{"allow":["GET"]}}],"collection":[{"href":"https:\/\/mj-clothing.com\/pt\/wp-json\/wp\/v2\/product"}],"about":[{"href":"https:\/\/mj-clothing.com\/pt\/wp-json\/wp\/v2\/types\/product"}],"wp:featuredmedia":[{"embeddable":true,"href":"https:\/\/mj-clothing.com\/pt\/wp-json\/wp\/v2\/media\/2002"}],"wp:attachment":[{"href":"https:\/\/mj-clothing.com\/pt\/wp-json\/wp\/v2\/media?parent=2001"}],"wp:term":[{"taxonomy":"product_brand","embeddable":true,"href":"https:\/\/mj-clothing.com\/pt\/wp-json\/wp\/v2\/product_brand?post=2001"},{"taxonomy":"product_cat","embeddable":true,"href":"https:\/\/mj-clothing.com\/pt\/wp-json\/wp\/v2\/product_cat?post=2001"},{"taxonomy":"product_tag","embeddable":true,"href":"https:\/\/mj-clothing.com\/pt\/wp-json\/wp\/v2\/product_tag?post=2001"}],"curies":[{"name":"wp","href":"https:\/\/api.w.org\/{rel}","templated":true}]}}