{"id":2003,"date":"2024-12-17T08:19:49","date_gmt":"2024-12-17T08:19:49","guid":{"rendered":"https:\/\/mj-clothing.com\/?post_type=product&#038;p=2003"},"modified":"2025-01-04T03:04:40","modified_gmt":"2025-01-04T03:04:40","slug":"womens-tops-for-winter","status":"publish","type":"product","link":"https:\/\/mj-clothing.com\/pt\/manufacturer\/womens-tops-for-winter\/","title":{"rendered":"Tops femininos para o inverno"},"content":{"rendered":"<p data-sourcepos=\"1:1-1:137\">Quando se trata de tops femininos para o inverno, a chave \u00e9 equilibrar o estilo com o calor e o conforto. Aqui est\u00e3o algumas op\u00e7\u00f5es populares e pr\u00e1ticas para as mulheres:<\/p>\n<h3 data-sourcepos=\"3:1-3:28\"><strong>Para tops de senhora para o calor do inverno e para a sobreposi\u00e7\u00e3o:<\/strong><\/h3>\n<ul data-sourcepos=\"5:1-9:0\">\n<li data-sourcepos=\"5:1-5:239\"><strong>Gola alta e gola alta:<\/strong> Estas s\u00e3o excelentes para manter o pesco\u00e7o quente e podem ser usadas sozinhas ou colocadas por baixo de camisolas ou casacos. Procure-os em materiais como l\u00e3 merino, caxemira ou malhas t\u00e9rmicas para um calor extra.<\/li>\n<li data-sourcepos=\"6:1-6:205\"><strong>Tops t\u00e9rmicos de manga comprida:<\/strong> Estas camisolas foram concebidas para reter o calor e mant\u00ea-lo quente mesmo em condi\u00e7\u00f5es muito frias. S\u00e3o \u00f3ptimas para colocar por baixo de outros tops ou para usar sozinhas em actividades ao ar livre.<\/li>\n<li data-sourcepos=\"7:1-7:199\"><strong>Camisolas:<\/strong> Um cl\u00e1ssico de inverno, as camisolas existem em v\u00e1rios estilos, incluindo gola redonda, decote em V, cardigan e gola alta. Opte por materiais como a l\u00e3, a caxemira ou o velo para obter o m\u00e1ximo de calor.<\/li>\n<li data-sourcepos=\"8:1-9:0\"><strong>Tops de l\u00e3:<\/strong> S\u00e3o incrivelmente macias, quentes e confort\u00e1veis. S\u00e3o perfeitas para uso casual e actividades ao ar livre.<\/li>\n<\/ul>\n<h3 data-sourcepos=\"10:1-10:20\"><strong>Tops de mulher para o inverno Op\u00e7\u00f5es de estilo:<\/strong><\/h3>\n<ul data-sourcepos=\"12:1-16:0\">\n<li data-sourcepos=\"12:1-12:140\"><strong>Vestidos de camisola:<\/strong> S\u00e3o uma op\u00e7\u00e3o elegante e acolhedora para o inverno. Podem ser combinados com collants e botas para um conjunto completo.<\/li>\n<li data-sourcepos=\"13:1-13:144\"><strong>T\u00fanicas de malha:<\/strong> Proporcionam um ajuste descontra\u00eddo e confort\u00e1vel, sem deixar de ter estilo. Podem ser combinadas com leggings ou cal\u00e7as de ganga skinny.<\/li>\n<li data-sourcepos=\"14:1-14:142\"><strong>Tops de veludo:<\/strong> O veludo d\u00e1 um toque de eleg\u00e2ncia e calor a qualquer roupa. S\u00e3o perfeitos para festas de fim de ano ou outras ocasi\u00f5es especiais.<\/li>\n<li data-sourcepos=\"15:1-16:0\"><strong>Camisas com bot\u00f5es (de flanela ou bombazina):<\/strong> Podem ser usados sozinhos ou sobrepostos a uma camisola de gola alta ou a um top t\u00e9rmico para um calor extra.<\/li>\n<\/ul>\n<h3 data-sourcepos=\"17:1-17:26\"><strong>Materiais para procurar tops femininos para o inverno:<\/strong><\/h3>\n<ul data-sourcepos=\"19:1-24:0\">\n<li data-sourcepos=\"19:1-19:68\"><strong>L\u00e3:<\/strong> Um isolante natural que o mant\u00e9m quente mesmo quando molhado.<\/li>\n<li data-sourcepos=\"20:1-20:90\"><strong>Caxemira:<\/strong> Um material luxuoso e incrivelmente macio que proporciona um excelente calor.<\/li>\n<li data-sourcepos=\"21:1-21:91\"><strong>Velo:<\/strong> Um material sint\u00e9tico macio e quente, mas tamb\u00e9m leve e respir\u00e1vel.<\/li>\n<li data-sourcepos=\"22:1-22:82\"><strong>Malhas t\u00e9rmicas:<\/strong> Concebida para reter o calor e mant\u00ea-lo quente em condi\u00e7\u00f5es de frio.<\/li>\n<li data-sourcepos=\"23:1-24:0\"><strong>Algod\u00e3o:<\/strong> Apesar de n\u00e3o ser t\u00e3o quente como a l\u00e3 ou o velo, o algod\u00e3o \u00e9 respir\u00e1vel e confort\u00e1vel para a sobreposi\u00e7\u00e3o de camadas.<\/li>\n<\/ul>\n<h3 data-sourcepos=\"25:1-25:34\"><strong>Dicas para tops femininos para o inverno:<\/strong><\/h3>\n<ul data-sourcepos=\"27:1-30:0\">\n<li data-sourcepos=\"27:1-27:222\"><strong>Considerar o clima:<\/strong> Se vive num clima muito frio, d\u00ea prioridade ao calor e escolha materiais como a l\u00e3 ou o velo. Se vive num clima mais ameno, pode optar por materiais mais leves como o algod\u00e3o ou malhas mais finas.<\/li>\n<li data-sourcepos=\"28:1-28:107\"><strong>Pense em camadas:<\/strong> Escolha tops que possam ser facilmente colocados por baixo de outras pe\u00e7as de vestu\u00e1rio para aumentar o calor.<\/li>\n<li data-sourcepos=\"29:1-30:0\"><strong>N\u00e3o se esque\u00e7a do estilo:<\/strong> Os tops de inverno podem ser funcionais e estar na moda. Escolha estilos e cores de que gosta e que complementem o seu guarda-roupa.<\/li>\n<\/ul>\n<p data-sourcepos=\"31:1-31:126\">Ao considerar estes factores, pode encontrar os tops de senhora perfeitos para a manter quente e com estilo durante o inverno.<\/p>","protected":false},"excerpt":{"rendered":"<table style=\"height: 515px;\" width=\"480\">\n<tbody>\n<tr>\n<td width=\"146\"><strong><b>Produto<\/b><\/strong>\u00a0<strong><b>Nome:<\/b><\/strong><\/td>\n<td width=\"601\"><strong>Tops femininos para o inverno<\/strong><\/td>\n<\/tr>\n<tr>\n<td width=\"146\"><strong><b>Materlal:<\/b><\/strong><\/td>\n<td width=\"601\">Tricotar<\/td>\n<\/tr>\n<tr>\n<td width=\"146\"><strong><b>T\u00e9cnica:<\/b><\/strong><\/td>\n<td width=\"601\">Bordado<\/td>\n<\/tr>\n<tr>\n<td width=\"146\"><strong><b>Estilo:<\/b><\/strong><\/td>\n<td width=\"601\">Casual<\/td>\n<\/tr>\n<tr>\n<td width=\"146\"><strong><b>Cor<\/b><\/strong><strong><b>:<\/b><\/strong><\/td>\n<td width=\"601\">\u00a0Cores personalizadas<\/td>\n<\/tr>\n<tr>\n<td width=\"146\"><strong><b>Tamanho:<\/b><\/strong><\/td>\n<td width=\"601\">S \/M \/L \/XL \/2XL<\/td>\n<\/tr>\n<tr>\n<td width=\"146\"><strong><b>OEM\/ODM:<\/b><\/strong><\/td>\n<td width=\"601\">Aceit\u00e1vel<\/td>\n<\/tr>\n<tr>\n<td width=\"146\"><strong><b>Qualidade:<\/b><\/strong><\/td>\n<td width=\"601\">100% Alta qualidade<\/td>\n<\/tr>\n<tr>\n<td width=\"146\"><strong><b>M<\/b><\/strong><strong><b>OQ:<\/b><\/strong><\/td>\n<td width=\"601\">200 unidades<\/td>\n<\/tr>\n<\/tbody>\n<\/table>","protected":false},"featured_media":2088,"template":"","meta":[],"product_brand":[],"product_cat":[39],"product_tag":[],"class_list":{"0":"post-2003","1":"product","2":"type-product","3":"status-publish","4":"has-post-thumbnail","6":"product_cat-womens-clothing","8":"first","9":"instock","10":"shipping-taxable","11":"product-type-simple"},"_links":{"self":[{"href":"https:\/\/mj-clothing.com\/pt\/wp-json\/wp\/v2\/product\/2003","targetHints":{"allow":["GET"]}}],"collection":[{"href":"https:\/\/mj-clothing.com\/pt\/wp-json\/wp\/v2\/product"}],"about":[{"href":"https:\/\/mj-clothing.com\/pt\/wp-json\/wp\/v2\/types\/product"}],"wp:featuredmedia":[{"embeddable":true,"href":"https:\/\/mj-clothing.com\/pt\/wp-json\/wp\/v2\/media\/2088"}],"wp:attachment":[{"href":"https:\/\/mj-clothing.com\/pt\/wp-json\/wp\/v2\/media?parent=2003"}],"wp:term":[{"taxonomy":"product_brand","embeddable":true,"href":"https:\/\/mj-clothing.com\/pt\/wp-json\/wp\/v2\/product_brand?post=2003"},{"taxonomy":"product_cat","embeddable":true,"href":"https:\/\/mj-clothing.com\/pt\/wp-json\/wp\/v2\/product_cat?post=2003"},{"taxonomy":"product_tag","embeddable":true,"href":"https:\/\/mj-clothing.com\/pt\/wp-json\/wp\/v2\/product_tag?post=2003"}],"curies":[{"name":"wp","href":"https:\/\/api.w.org\/{rel}","templated":true}]}}