{"id":2005,"date":"2024-12-17T08:27:39","date_gmt":"2024-12-17T08:27:39","guid":{"rendered":"https:\/\/mj-clothing.com\/?post_type=product&#038;p=2005"},"modified":"2024-12-18T06:08:53","modified_gmt":"2024-12-18T06:08:53","slug":"glorya-long-sleeve-hooded-top-womens","status":"publish","type":"product","link":"https:\/\/mj-clothing.com\/pt\/manufacturer\/glorya-long-sleeve-hooded-top-womens\/","title":{"rendered":"Top com capuz de manga comprida Glorya - Mulher"},"content":{"rendered":"<div id=\"model-response-message-contentr_2042c454bde921df\" class=\"markdown markdown-main-panel response-optimization\" dir=\"ltr\">\n<p data-sourcepos=\"1:1-1:220\">Parece que est\u00e1 interessado em Patagonia Long-Sleeve Glorya Long-Sleeve Hooded Top-Women's. Esta \u00e9 uma pe\u00e7a popular da Patagonia, conhecida pelo seu conforto e versatilidade. Aqui est\u00e1 uma an\u00e1lise do que o faz se destacar:<\/p>\n<h3 data-sourcepos=\"3:1-3:17\"><strong>Carater\u00edsticas principais Glorya Long-Sleeve Hooded Top-Women's:<\/strong><\/h3>\n<ul data-sourcepos=\"5:1-12:0\">\n<li data-sourcepos=\"5:1-5:186\"><strong>Leve e confort\u00e1vel:<\/strong> <span class=\"citation-0 recitation citation-end-0\">Fabricado a partir de uma mistura suave de poli\u00e9ster reciclado, TENCEL\u2122 lyocell e spandex, este casaco com capuz foi concebido para proporcionar conforto e liberdade de movimentos.<\/span>\n<div class=\"container ng-tns-c2960411664-80 hide\">\n<div class=\"carousel-container ng-tns-c2960411664-80\"><\/div>\n<\/div>\n<\/li>\n<li data-sourcepos=\"6:1-6:176\"><strong>Hidrata\u00e7\u00e3o e secagem r\u00e1pida:<\/strong> <span class=\"citation-1 recitation citation-end-1\">O tecido \u00e9 excelente para absorver a humidade e secar rapidamente, o que o torna adequado para uma utiliza\u00e7\u00e3o ativa ou quotidiana.<\/span><span class=\"button-container hide-from-message-actions ng-star-inserted\">\u00a0 \u00a0<\/span>\n<div class=\"container ng-tns-c2960411664-81 hide\">\n<div class=\"carousel-container ng-tns-c2960411664-81\"><\/div>\n<\/div>\n<\/li>\n<li data-sourcepos=\"7:1-7:106\"><strong>Ajuste descontra\u00eddo:<\/strong> <span class=\"citation-2 recitation citation-end-2\">O Glorya Hoody tem um corte descontra\u00eddo que permite uma sobreposi\u00e7\u00e3o confort\u00e1vel.<\/span><span class=\"button-container hide-from-message-actions ng-star-inserted\">\u00a0<\/span>\n<div class=\"container ng-tns-c2960411664-82 hide\">\n<div class=\"carousel-container ng-tns-c2960411664-82\"><\/div>\n<\/div>\n<\/li>\n<li data-sourcepos=\"8:1-8:121\"><strong>Capuz ajust\u00e1vel:<\/strong> <span class=\"citation-3 recitation citation-end-3\">O capuz tem um cord\u00e3o que permite ajust\u00e1-lo para obter uma cobertura e um calor \u00f3ptimos.<\/span><span class=\"button-container hide-from-message-actions ng-star-inserted\">\u00a0<\/span>\n<div class=\"container ng-tns-c2960411664-83 hide\">\n<div class=\"carousel-container ng-tns-c2960411664-83\"><\/div>\n<\/div>\n<\/li>\n<li data-sourcepos=\"9:1-9:157\"><strong>Vers\u00e1til:<\/strong> <span class=\"citation-4 recitation citation-end-4\">Pode ser usado sozinho ou sobreposto a outros tops, o que o torna uma \u00f3ptima escolha para v\u00e1rias actividades e condi\u00e7\u00f5es climat\u00e9ricas.<\/span><span class=\"button-container hide-from-message-actions ng-star-inserted\"> \u00a0<\/span>\n<div class=\"container ng-tns-c2960411664-84 hide\">\n<div class=\"carousel-container ng-tns-c2960411664-84\"><\/div>\n<\/div>\n<\/li>\n<li data-sourcepos=\"10:1-10:148\"><strong><span class=\"citation-5 recitation\">Materiais sustent\u00e1veis:<\/span><\/strong><span class=\"citation-5 recitation citation-end-5\"> Fabricado com poli\u00e9ster reciclado e liocel TENCEL\u2122, este capuz \u00e9 uma escolha mais consciente do ponto de vista ambiental.<\/span><span class=\"button-container hide-from-message-actions ng-star-inserted\"> \u00a0<\/span>\n<div class=\"container ng-tns-c2960411664-85 hide\">\n<div class=\"carousel-container ng-tns-c2960411664-85\"><\/div>\n<\/div>\n<\/li>\n<li data-sourcepos=\"11:1-12:0\"><strong><span class=\"citation-6 recitation\">Fair Trade Certified\u2122 Cosido:<\/span><\/strong><span class=\"citation-6 recitation citation-end-6\"> Isto significa que as pessoas que fabricaram a pe\u00e7a de vestu\u00e1rio ganharam um pr\u00e9mio pelo seu trabalho.<\/span><span class=\"button-container hide-from-message-actions ng-star-inserted\">\u00a0<\/span>\n<div class=\"container ng-tns-c2960411664-86 hide\">\n<div class=\"carousel-container ng-tns-c2960411664-86\"><\/div>\n<\/div>\n<\/li>\n<\/ul>\n<h3 data-sourcepos=\"13:1-13:30\"><strong>Porque \u00e9 que \u00e9 uma escolha popular Glorya Long-Sleeve Hooded Top-Women's:<\/strong><\/h3>\n<ul data-sourcepos=\"15:1-19:0\">\n<li data-sourcepos=\"15:1-15:151\"><strong>Conforto para o movimento:<\/strong> <span class=\"citation-7 recitation citation-end-7\">O tecido leve e el\u00e1stico torna-a ideal para actividades como caminhadas, ioga ou simplesmente para fazer recados.<\/span><span class=\"button-container hide-from-message-actions ng-star-inserted\">\u00a0<\/span>\n<div class=\"container ng-tns-c2960411664-87 hide\">\n<div class=\"carousel-container ng-tns-c2960411664-87\"><\/div>\n<\/div>\n<\/li>\n<li data-sourcepos=\"16:1-16:101\"><strong>Uso di\u00e1rio:<\/strong> O seu estilo casual e o seu ajuste confort\u00e1vel fazem dele uma \u00f3ptima escolha para o dia a dia.<\/li>\n<li data-sourcepos=\"17:1-17:91\"><strong>Pe\u00e7a de sobreposi\u00e7\u00e3o:<\/strong> \u00c9 perfeito para usar por baixo de casacos ou coletes em climas mais frios.<\/li>\n<li data-sourcepos=\"18:1-19:0\"><strong>Qualidade e durabilidade:<\/strong> A Patagonia \u00e9 conhecida por produzir produtos de alta qualidade e duradouros.<\/li>\n<\/ul>\n<h3 data-sourcepos=\"20:1-20:21\"><strong>Onde encontrar Glorya Long-Sleeve Hooded Top-Women's:<\/strong><\/h3>\n<p data-sourcepos=\"22:1-22:86\">Normalmente, pode encontrar o Patagonia Long-Sleeve Glorya Hooded Top nestes retalhistas:<\/p>\n<ul data-sourcepos=\"24:1-27:0\">\n<li data-sourcepos=\"24:1-24:80\"><strong>S\u00edtio Web da Patagonia:<\/strong> Esta \u00e9 a fonte oficial dos produtos Patagonia.<\/li>\n<li data-sourcepos=\"25:1-25:114\"><strong>Retalhistas ao ar livre:<\/strong> <span class=\"citation-8 recitation citation-end-8\">Lojas como a REI, a Backcountry e a Moosejaw vendem frequentemente vestu\u00e1rio da Patagonia.<\/span><span class=\"button-container hide-from-message-actions ng-star-inserted\">\u00a0<\/span>\n<div class=\"container ng-tns-c2960411664-88 hide\">\n<div class=\"carousel-container ng-tns-c2960411664-88\"><\/div>\n<\/div>\n<\/li>\n<li data-sourcepos=\"26:1-27:0\"><strong>Grandes armaz\u00e9ns:<\/strong> Alguns grandes armaz\u00e9ns tamb\u00e9m podem vender produtos Patagonia.<\/li>\n<\/ul>\n<p data-sourcepos=\"28:1-28:153\">Se procura um casaco com capuz confort\u00e1vel, vers\u00e1til e de fabrico sustent\u00e1vel, vale a pena considerar o Patagonia Long-Sleeve Glorya Hooded Top.<\/p>\n<\/div>\n<div class=\"skeleton-loader-container\"><\/div>\n<div class=\"response-footer gap complete\">\n<div class=\"container ng-tns-c2960411664-79\">\n<div class=\"carousel-container ng-tns-c2960411664-79\">\n<div class=\"carousel-content ng-tns-c2960411664-79\">\n<div class=\"sources-carousel-source ng-tns-c2960411664-79 ng-star-inserted\" data-test-id=\"sources-carousel-source\">\n<div class=\"source-card-container\">\n<div class=\"source-card-content\">\n<div class=\"source-card-body\">\n<div class=\"source-card-header\">\n<div class=\"source-card-title\"><\/div>\n<\/div>\n<\/div>\n<\/div>\n<\/div>\n<\/div>\n<\/div>\n<\/div>\n<\/div>\n<\/div>","protected":false},"excerpt":{"rendered":"<table style=\"height: 661px;\" width=\"527\">\n<tbody>\n<tr>\n<td width=\"146\"><strong><b>Produto<\/b><\/strong>\u00a0<strong><b>Nome:<\/b><\/strong><\/td>\n<td width=\"601\"><strong>Top com capuz de manga comprida Glorya - Mulher<\/strong><\/td>\n<\/tr>\n<tr>\n<td width=\"146\"><strong><b>Materlal:<\/b><\/strong><\/td>\n<td width=\"601\">Tricotar<\/td>\n<\/tr>\n<tr>\n<td width=\"146\"><strong><b>T\u00e9cnica:<\/b><\/strong><\/td>\n<td width=\"601\">Bordado<\/td>\n<\/tr>\n<tr>\n<td width=\"146\"><strong><b>Estilo:<\/b><\/strong><\/td>\n<td width=\"601\">Casual<\/td>\n<\/tr>\n<tr>\n<td width=\"146\"><strong><b>Cor<\/b><\/strong><strong><b>:<\/b><\/strong><\/td>\n<td width=\"601\">\u00a0Cores personalizadas<\/td>\n<\/tr>\n<tr>\n<td width=\"146\"><strong><b>Tamanho:<\/b><\/strong><\/td>\n<td width=\"601\">S \/M \/L \/XL \/2XL<\/td>\n<\/tr>\n<tr>\n<td width=\"146\"><strong><b>OEM\/ODM:<\/b><\/strong><\/td>\n<td width=\"601\">Aceit\u00e1vel<\/td>\n<\/tr>\n<tr>\n<td width=\"146\"><strong><b>Qualidade:<\/b><\/strong><\/td>\n<td width=\"601\">100% Alta qualidade<\/td>\n<\/tr>\n<tr>\n<td width=\"146\"><strong><b>M<\/b><\/strong><strong><b>OQ:<\/b><\/strong><\/td>\n<td width=\"601\">200 unidades<\/td>\n<\/tr>\n<\/tbody>\n<\/table>","protected":false},"featured_media":2006,"template":"","meta":[],"product_brand":[],"product_cat":[39],"product_tag":[],"class_list":{"0":"post-2005","1":"product","2":"type-product","3":"status-publish","4":"has-post-thumbnail","6":"product_cat-womens-clothing","8":"first","9":"instock","10":"shipping-taxable","11":"product-type-simple"},"_links":{"self":[{"href":"https:\/\/mj-clothing.com\/pt\/wp-json\/wp\/v2\/product\/2005","targetHints":{"allow":["GET"]}}],"collection":[{"href":"https:\/\/mj-clothing.com\/pt\/wp-json\/wp\/v2\/product"}],"about":[{"href":"https:\/\/mj-clothing.com\/pt\/wp-json\/wp\/v2\/types\/product"}],"wp:featuredmedia":[{"embeddable":true,"href":"https:\/\/mj-clothing.com\/pt\/wp-json\/wp\/v2\/media\/2006"}],"wp:attachment":[{"href":"https:\/\/mj-clothing.com\/pt\/wp-json\/wp\/v2\/media?parent=2005"}],"wp:term":[{"taxonomy":"product_brand","embeddable":true,"href":"https:\/\/mj-clothing.com\/pt\/wp-json\/wp\/v2\/product_brand?post=2005"},{"taxonomy":"product_cat","embeddable":true,"href":"https:\/\/mj-clothing.com\/pt\/wp-json\/wp\/v2\/product_cat?post=2005"},{"taxonomy":"product_tag","embeddable":true,"href":"https:\/\/mj-clothing.com\/pt\/wp-json\/wp\/v2\/product_tag?post=2005"}],"curies":[{"name":"wp","href":"https:\/\/api.w.org\/{rel}","templated":true}]}}