{"id":2008,"date":"2024-12-17T08:49:20","date_gmt":"2024-12-17T08:49:20","guid":{"rendered":"https:\/\/mj-clothing.com\/?post_type=product&#038;p=2008"},"modified":"2024-12-17T08:56:51","modified_gmt":"2024-12-17T08:56:51","slug":"womens-cashmere-long-coat","status":"publish","type":"product","link":"https:\/\/mj-clothing.com\/pt\/manufacturer\/womens-cashmere-long-coat\/","title":{"rendered":"Casaco comprido de caxemira para mulher"},"content":{"rendered":"<div id=\"model-response-message-contentr_21586b4a0aa106d5\" class=\"markdown markdown-main-panel response-optimization\" dir=\"ltr\">\n<p data-sourcepos=\"1:1-1:191\">Um casaco comprido de caxemira para mulher \u00e9 o ep\u00edtome do luxo, do calor e do estilo intemporal. \u00c9 uma pe\u00e7a de investimento significativa que pode elevar qualquer guarda-roupa de inverno. Eis o que os torna t\u00e3o especiais:<\/p>\n<h3 data-sourcepos=\"3:1-3:17\"><strong>Porqu\u00ea um casaco comprido de caxemira para mulher?<\/strong><\/h3>\n<ul data-sourcepos=\"5:1-9:0\">\n<li data-sourcepos=\"5:1-5:146\"><strong><span class=\"citation-0 recitation\">Suavidade sem igual:<\/span><\/strong><span class=\"citation-0 recitation citation-end-0\"> As fibras de caxemira s\u00e3o incrivelmente finas, resultando num toque luxuosamente macio e suave contra a pele.<\/span><span class=\"button-container hide-from-message-actions ng-star-inserted\"> \u00a0<\/span>\n<div class=\"container ng-tns-c2960411664-95 hide\">\n<div class=\"carousel-container ng-tns-c2960411664-95\"><\/div>\n<\/div>\n<\/li>\n<li data-sourcepos=\"6:1-6:147\"><strong><span class=\"citation-1 recitation\">Calor excecional:<\/span><\/strong><span class=\"citation-1 recitation citation-end-1\"> Apesar de ser leve, a caxemira proporciona um excelente isolamento, mantendo-o quente sem se sentir volumoso.<\/span><span class=\"button-container hide-from-message-actions ng-star-inserted\">\u00a0<\/span>\n<div class=\"container ng-tns-c2960411664-96 hide\">\n<div class=\"carousel-container ng-tns-c2960411664-96\"><\/div>\n<\/div>\n<\/li>\n<li data-sourcepos=\"7:1-7:152\"><strong>Leve e confort\u00e1vel:<\/strong> <span class=\"citation-2 recitation citation-end-2\">As pe\u00e7as de vestu\u00e1rio de caxemira s\u00e3o conhecidas pela sua leveza, o que as torna confort\u00e1veis para serem usadas durante longos per\u00edodos.<\/span><span class=\"button-container hide-from-message-actions ng-star-inserted\">\u00a0 \u00a0<\/span>\n<div class=\"container ng-tns-c2960411664-97 hide\">\n<div class=\"carousel-container ng-tns-c2960411664-97\"><\/div>\n<\/div>\n<\/li>\n<li data-sourcepos=\"8:1-9:0\"><strong><span class=\"citation-3 recitation\">Durabilidade:<\/span><\/strong><span class=\"citation-3 recitation citation-end-3\"> Com os devidos cuidados, um casaco de caxemira de alta qualidade pode durar muitos anos, o que faz dele um investimento que vale a pena.<\/span><span class=\"button-container hide-from-message-actions ng-star-inserted\">\u00a0 \u00a0<\/span>\n<div class=\"container ng-tns-c2960411664-98 hide\">\n<div class=\"carousel-container ng-tns-c2960411664-98\"><\/div>\n<\/div>\n<\/li>\n<\/ul>\n<h3 data-sourcepos=\"10:1-10:41\"><strong>Principais carater\u00edsticas de um casaco comprido de caxemira para mulher<\/strong><\/h3>\n<ul data-sourcepos=\"12:1-22:0\">\n<li data-sourcepos=\"12:1-12:85\"><strong>Comprimento:<\/strong> Normalmente cai abaixo do joelho, oferecendo o m\u00e1ximo de cobertura e calor.<\/li>\n<li data-sourcepos=\"13:1-16:93\"><strong>Estilos cl\u00e1ssicos:<\/strong> Apresenta frequentemente silhuetas intemporais como:\n<ul data-sourcepos=\"14:5-16:93\">\n<li data-sourcepos=\"14:5-14:88\"><strong>Trespasse simples:<\/strong> Um estilo cl\u00e1ssico e vers\u00e1til com uma \u00fanica fila de bot\u00f5es.<\/li>\n<li data-sourcepos=\"15:5-15:87\"><strong>Trespassado:<\/strong> <span class=\"citation-4 recitation citation-end-4\">Um estilo mais formal com duas filas de bot\u00f5es.<\/span><span class=\"button-container hide-from-message-actions ng-star-inserted\">\u00a0 \u00a0<\/span>\n<div class=\"container ng-tns-c2960411664-99 hide\">\n<div class=\"carousel-container ng-tns-c2960411664-99\"><\/div>\n<\/div>\n<\/li>\n<li data-sourcepos=\"16:5-16:93\"><strong><span class=\"citation-5 recitation\">Casaco:<\/span><\/strong><span class=\"citation-5 recitation citation-end-5\"> Um estilo descontra\u00eddo e elegante que pode ser atado com um cinto.<\/span><span class=\"button-container hide-from-message-actions ng-star-inserted\"> \u00a0<\/span>\n<div class=\"container ng-tns-c2960411664-100 hide\">\n<div class=\"carousel-container ng-tns-c2960411664-100\">\n<div class=\"carousel-content ng-tns-c2960411664-100\">\n<div class=\"sources-carousel-source ng-tns-c2960411664-100 hide ng-star-inserted\" data-test-id=\"sources-carousel-source\"><\/div>\n<\/div>\n<\/div>\n<\/div>\n<\/li>\n<\/ul>\n<\/li>\n<li data-sourcepos=\"17:1-20:67\"><strong>Op\u00e7\u00f5es de coleira:<\/strong> Pode ter v\u00e1rios estilos de colarinho, tais como:\n<ul data-sourcepos=\"18:5-20:67\">\n<li data-sourcepos=\"18:5-18:69\"><strong><span class=\"citation-6 recitation\">Lapela com entalhe:<\/span><\/strong><span class=\"citation-6 recitation citation-end-6\"> Um colarinho cl\u00e1ssico e vers\u00e1til.<\/span><span class=\"button-container hide-from-message-actions ng-star-inserted\">\u00a0<\/span>\n<div class=\"container ng-tns-c2960411664-101 hide\">\n<div class=\"carousel-container ng-tns-c2960411664-101\"><\/div>\n<\/div>\n<\/li>\n<li data-sourcepos=\"19:5-19:57\"><strong>Gola em xaile:<\/strong> Um colarinho mais descontra\u00eddo e aconchegante.<\/li>\n<li data-sourcepos=\"20:5-20:67\"><strong>Colarinho de p\u00e9:<\/strong> Proporciona um calor extra \u00e0 volta do pesco\u00e7o.<\/li>\n<\/ul>\n<\/li>\n<li data-sourcepos=\"21:1-22:0\"><strong>Detalhes m\u00ednimos:<\/strong> Apresenta frequentemente linhas simples e pormenores m\u00ednimos para real\u00e7ar o tecido luxuoso.<\/li>\n<\/ul>\n<h3 data-sourcepos=\"23:1-23:56\"><strong>Coisas a ter em conta na compra de um casaco comprido de caxemira para mulher:<\/strong><\/h3>\n<ul data-sourcepos=\"25:1-30:0\">\n<li data-sourcepos=\"25:1-25:129\"><strong>Qualidade da caxemira:<\/strong> Procure casacos feitos de caxemira 100% ou uma percentagem elevada de caxemira misturada com outras fibras finas.<\/li>\n<li data-sourcepos=\"26:1-26:134\"><strong>Peso:<\/strong> O peso da caxemira afecta o seu calor e o seu caimento. A caxemira mais pesada \u00e9 geralmente mais quente, mas tamb\u00e9m pode ser mais volumosa.<\/li>\n<li data-sourcepos=\"27:1-27:89\"><strong>Constru\u00e7\u00e3o:<\/strong> Verificar a qualidade das costuras e do forro para garantir a sua durabilidade.<\/li>\n<li data-sourcepos=\"28:1-28:99\"><strong>Em forma:<\/strong> Escolha um casaco que se ajuste bem aos ombros e que permita uma sobreposi\u00e7\u00e3o confort\u00e1vel.<\/li>\n<li data-sourcepos=\"29:1-30:0\"><strong>Pre\u00e7o:<\/strong> <span class=\"citation-7 recitation citation-end-7\">Os casacos de caxemira s\u00e3o um investimento, por isso prepare-se para gastar uma quantia significativa.<\/span> No entanto, com os devidos cuidados, durar\u00e1 muitos anos.<span class=\"button-container hide-from-message-actions ng-star-inserted\">\u00a0<\/span>\n<div class=\"container ng-tns-c2960411664-102 hide\">\n<div class=\"carousel-container ng-tns-c2960411664-102\"><\/div>\n<\/div>\n<\/li>\n<\/ul>\n<h3 data-sourcepos=\"31:1-31:46\"><strong>Onde encontrar casacos compridos de caxemira para mulher:<\/strong><\/h3>\n<ul data-sourcepos=\"33:1-37:0\">\n<li data-sourcepos=\"33:1-33:80\"><strong>Grandes armaz\u00e9ns de luxo:<\/strong> Nordstrom, Saks Fifth Avenue, Bloomingdale's<\/li>\n<li data-sourcepos=\"34:1-34:52\"><strong>Marcas de luxo:<\/strong> Max Mara, Loro Piana, The Row<\/li>\n<li data-sourcepos=\"35:1-35:80\"><strong>Retalhistas especializados em caxemira:<\/strong> <span class=\"citation-8 recitation citation-end-8\">GOBI Cashmere, Sofia Cashmere<\/span><span class=\"button-container hide-from-message-actions ng-star-inserted\">\u00a0 \u00a0<\/span>\n<div class=\"container ng-tns-c2960411664-103 hide\">\n<div class=\"carousel-container ng-tns-c2960411664-103\"><\/div>\n<\/div>\n<\/li>\n<li data-sourcepos=\"36:1-37:0\"><strong>Retalhistas em linha:<\/strong> Farfetch, Net-a-Porter, Mytheresa<\/li>\n<\/ul>\n<p data-sourcepos=\"38:1-38:122\">Um casaco comprido de caxemira para mulher \u00e9 um investimento luxuoso e intemporal que a manter\u00e1 quente e com estilo durante muitos anos.<\/p>\n<\/div>\n<div class=\"response-footer gap complete\">\n<div class=\"container ng-tns-c2960411664-94\">\n<div class=\"carousel-container ng-tns-c2960411664-94\">\n<div class=\"carousel-content ng-tns-c2960411664-94\">\n<div class=\"sources-carousel-source ng-tns-c2960411664-94 ng-star-inserted\" data-test-id=\"sources-carousel-source\">\n<div class=\"source-card-container\">\n<div class=\"source-card-content\">\n<div class=\"source-card-body\">\n<div class=\"source-card-header\">\n<div class=\"source-card-title\"><\/div>\n<\/div>\n<\/div>\n<\/div>\n<\/div>\n<\/div>\n<\/div>\n<\/div>\n<\/div>\n<\/div>","protected":false},"excerpt":{"rendered":"<table style=\"height: 596px;\" width=\"487\">\n<tbody>\n<tr>\n<td width=\"146\"><strong><b>Produto<\/b><\/strong>\u00a0<strong><b>Nome:<\/b><\/strong><\/td>\n<td width=\"601\"><strong>Casaco comprido de caxemira para mulher<\/strong><\/td>\n<\/tr>\n<tr>\n<td width=\"146\"><strong><b>Materlal:<\/b><\/strong><\/td>\n<td width=\"601\">Tricotar<\/td>\n<\/tr>\n<tr>\n<td width=\"146\"><strong><b>T\u00e9cnica:<\/b><\/strong><\/td>\n<td width=\"601\">Bordado<\/td>\n<\/tr>\n<tr>\n<td width=\"146\"><strong><b>Estilo:<\/b><\/strong><\/td>\n<td width=\"601\">Casual<\/td>\n<\/tr>\n<tr>\n<td width=\"146\"><strong><b>Cor<\/b><\/strong><strong><b>:<\/b><\/strong><\/td>\n<td width=\"601\">\u00a0Cores personalizadas<\/td>\n<\/tr>\n<tr>\n<td width=\"146\"><strong><b>Tamanho:<\/b><\/strong><\/td>\n<td width=\"601\">S \/M \/L \/XL \/2XL<\/td>\n<\/tr>\n<tr>\n<td width=\"146\"><strong><b>OEM\/ODM:<\/b><\/strong><\/td>\n<td width=\"601\">Aceit\u00e1vel<\/td>\n<\/tr>\n<tr>\n<td width=\"146\"><strong><b>Qualidade:<\/b><\/strong><\/td>\n<td width=\"601\">100% Alta qualidade<\/td>\n<\/tr>\n<tr>\n<td width=\"146\"><strong><b>M<\/b><\/strong><strong><b>OQ:<\/b><\/strong><\/td>\n<td width=\"601\">200 unidades<\/td>\n<\/tr>\n<\/tbody>\n<\/table>","protected":false},"featured_media":2009,"template":"","meta":[],"product_brand":[],"product_cat":[39],"product_tag":[],"class_list":{"0":"post-2008","1":"product","2":"type-product","3":"status-publish","4":"has-post-thumbnail","6":"product_cat-womens-clothing","8":"first","9":"instock","10":"shipping-taxable","11":"product-type-simple"},"_links":{"self":[{"href":"https:\/\/mj-clothing.com\/pt\/wp-json\/wp\/v2\/product\/2008","targetHints":{"allow":["GET"]}}],"collection":[{"href":"https:\/\/mj-clothing.com\/pt\/wp-json\/wp\/v2\/product"}],"about":[{"href":"https:\/\/mj-clothing.com\/pt\/wp-json\/wp\/v2\/types\/product"}],"wp:featuredmedia":[{"embeddable":true,"href":"https:\/\/mj-clothing.com\/pt\/wp-json\/wp\/v2\/media\/2009"}],"wp:attachment":[{"href":"https:\/\/mj-clothing.com\/pt\/wp-json\/wp\/v2\/media?parent=2008"}],"wp:term":[{"taxonomy":"product_brand","embeddable":true,"href":"https:\/\/mj-clothing.com\/pt\/wp-json\/wp\/v2\/product_brand?post=2008"},{"taxonomy":"product_cat","embeddable":true,"href":"https:\/\/mj-clothing.com\/pt\/wp-json\/wp\/v2\/product_cat?post=2008"},{"taxonomy":"product_tag","embeddable":true,"href":"https:\/\/mj-clothing.com\/pt\/wp-json\/wp\/v2\/product_tag?post=2008"}],"curies":[{"name":"wp","href":"https:\/\/api.w.org\/{rel}","templated":true}]}}