{"id":2010,"date":"2024-12-17T08:55:56","date_gmt":"2024-12-17T08:55:56","guid":{"rendered":"https:\/\/mj-clothing.com\/?post_type=product&#038;p=2010"},"modified":"2024-12-17T08:55:56","modified_gmt":"2024-12-17T08:55:56","slug":"black-long-wool-coat-womens","status":"publish","type":"product","link":"https:\/\/mj-clothing.com\/pt\/manufacturer\/black-long-wool-coat-womens\/","title":{"rendered":"Casaco comprido de l\u00e3 preto para mulher"},"content":{"rendered":"<p data-sourcepos=\"1:1-1:191\">O Casaco comprido de l\u00e3 preto para mulher \u00e9 uma verdadeira pe\u00e7a essencial do guarda-roupa de qualquer mulher. \u00c9 uma pe\u00e7a cl\u00e1ssica que combina praticidade, calor e estilo intemporal. Aqui est\u00e1 um resumo do que os torna t\u00e3o bons:<\/p>\n<h3 data-sourcepos=\"3:1-3:13\"><strong>Porqu\u00ea um casaco de l\u00e3 comprido preto para mulher?<\/strong><\/h3>\n<ul data-sourcepos=\"5:1-9:0\">\n<li data-sourcepos=\"5:1-5:116\"><strong><span class=\"citation-0 recitation\">Calor:<\/span><\/strong><span class=\"citation-0 recitation citation-end-0\"> A l\u00e3 \u00e9 um isolante natural, proporcionando um excelente calor mesmo em temperaturas muito frias.<\/span><span class=\"button-container hide-from-message-actions ng-star-inserted\"> \u00a0<\/span>\n<div class=\"container ng-tns-c2960411664-110 hide\">\n<div class=\"carousel-container ng-tns-c2960411664-110\"><\/div>\n<\/div>\n<\/li>\n<li data-sourcepos=\"6:1-6:114\"><strong><span class=\"citation-1 recitation\">Durabilidade:<\/span><\/strong><span class=\"citation-1 recitation citation-end-1\"> As fibras de l\u00e3 s\u00e3o fortes e resistentes, tornando os casacos de l\u00e3 dur\u00e1veis e duradouros.<\/span><span class=\"button-container hide-from-message-actions ng-star-inserted\"> \u00a0<\/span>\n<div class=\"container ng-tns-c2960411664-111 hide\">\n<div class=\"carousel-container ng-tns-c2960411664-111\"><\/div>\n<\/div>\n<\/li>\n<li data-sourcepos=\"7:1-7:130\"><strong><span class=\"citation-2 recitation\">Resist\u00eancia \u00e0 \u00e1gua:<\/span><\/strong><span class=\"citation-2 recitation citation-end-2\"> A l\u00e3 tem propriedades naturais de repel\u00eancia \u00e0 \u00e1gua, ajudando a mant\u00ea-lo seco em caso de chuva ligeira ou neve.<\/span><span class=\"button-container hide-from-message-actions ng-star-inserted\"> \u00a0<\/span>\n<div class=\"container ng-tns-c2960411664-112 hide\">\n<div class=\"carousel-container ng-tns-c2960411664-112\"><\/div>\n<\/div>\n<\/li>\n<li data-sourcepos=\"8:1-9:0\"><strong><span class=\"citation-3 recitation\">Respirabilidade:<\/span><\/strong><span class=\"citation-3 recitation citation-end-3\"> A l\u00e3 \u00e9 respir\u00e1vel, o que ajuda a regular a temperatura do corpo e a evitar o sobreaquecimento.<\/span><span class=\"button-container hide-from-message-actions ng-star-inserted\">\u00a0 \u00a0<\/span>\n<div class=\"container ng-tns-c2960411664-113 hide\">\n<div class=\"carousel-container ng-tns-c2960411664-113\"><\/div>\n<\/div>\n<\/li>\n<\/ul>\n<h3 data-sourcepos=\"10:1-10:43\"><strong>Carater\u00edsticas principais do Casaco comprido de l\u00e3 preto para mulher:<\/strong><\/h3>\n<ul data-sourcepos=\"12:1-23:0\">\n<li data-sourcepos=\"12:1-12:137\"><strong>Comprimento:<\/strong> Normalmente, cai abaixo do joelho, oferecendo o m\u00e1ximo de cobertura e calor. Este comprimento \u00e9 tamb\u00e9m muito lisonjeiro e alongador.<\/li>\n<li data-sourcepos=\"13:1-13:125\"><strong>Cor:<\/strong> O preto \u00e9 incrivelmente vers\u00e1til e combina com tudo. \u00c9 uma escolha cl\u00e1ssica que nunca passar\u00e1 de moda.<\/li>\n<li data-sourcepos=\"14:1-18:62\"><strong>Estilos cl\u00e1ssicos:<\/strong> Os estilos mais comuns incluem:\n<ul data-sourcepos=\"15:5-18:62\">\n<li data-sourcepos=\"15:5-15:89\"><strong>Trespasse simples:<\/strong> Um estilo intemporal e vers\u00e1til com uma \u00fanica fila de bot\u00f5es.<\/li>\n<li data-sourcepos=\"16:5-16:102\"><strong>Trespassado:<\/strong> <span class=\"citation-4 recitation citation-end-4\">Um estilo mais formal e estruturado com duas filas de bot\u00f5es.<\/span><span class=\"button-container hide-from-message-actions ng-star-inserted\">\u00a0<\/span>\n<div class=\"container ng-tns-c2960411664-114 hide\">\n<div class=\"carousel-container ng-tns-c2960411664-114\"><\/div>\n<\/div>\n<\/li>\n<li data-sourcepos=\"17:5-17:93\"><strong><span class=\"citation-5 recitation\">Casaco:<\/span><\/strong><span class=\"citation-5 recitation citation-end-5\"> Um estilo descontra\u00eddo e elegante que pode ser atado com um cinto.<\/span><span class=\"button-container hide-from-message-actions ng-star-inserted\"> \u00a0<\/span>\n<div class=\"container ng-tns-c2960411664-115 hide\">\n<div class=\"carousel-container ng-tns-c2960411664-115\"><\/div>\n<\/div>\n<\/li>\n<li data-sourcepos=\"18:5-18:62\"><strong>Chesterfield:<\/strong> Um estilo formal com um colarinho de veludo.<\/li>\n<\/ul>\n<\/li>\n<li data-sourcepos=\"19:1-23:0\"><strong>Op\u00e7\u00f5es de coleira:<\/strong>\n<ul data-sourcepos=\"20:5-23:0\">\n<li data-sourcepos=\"20:5-20:69\"><strong><span class=\"citation-6 recitation\">Lapela com entalhe:<\/span><\/strong><span class=\"citation-6 recitation citation-end-6\"> Um colarinho cl\u00e1ssico e vers\u00e1til.<\/span><span class=\"button-container hide-from-message-actions ng-star-inserted\"> \u00a0<\/span>\n<div class=\"container ng-tns-c2960411664-116 hide\">\n<div class=\"carousel-container ng-tns-c2960411664-116\"><\/div>\n<\/div>\n<\/li>\n<li data-sourcepos=\"21:5-21:71\"><strong><span class=\"citation-7 recitation\">Lapela em bico:<\/span><\/strong><span class=\"citation-7 recitation citation-end-7\"> Um colarinho mais formal e dram\u00e1tico.<\/span><span class=\"button-container hide-from-message-actions ng-star-inserted\"> \u00a0<\/span>\n<div class=\"container ng-tns-c2960411664-117 hide\">\n<div class=\"carousel-container ng-tns-c2960411664-117\"><\/div>\n<\/div>\n<\/li>\n<li data-sourcepos=\"22:5-23:0\"><strong>Colarinho de p\u00e9:<\/strong> Proporciona um calor extra \u00e0 volta do pesco\u00e7o.<\/li>\n<\/ul>\n<\/li>\n<\/ul>\n<h3 data-sourcepos=\"24:1-24:58\"><strong>Coisas a ter em conta na compra de um casaco comprido de l\u00e3 preto para mulher:<\/strong><\/h3>\n<ul data-sourcepos=\"26:1-31:0\">\n<li data-sourcepos=\"26:1-26:101\"><strong>Qualidade da l\u00e3:<\/strong> Procure casacos feitos de l\u00e3 de alta qualidade, como a l\u00e3 merino ou a l\u00e3 virgem.<\/li>\n<li data-sourcepos=\"27:1-27:75\"><strong>Forro:<\/strong> Um bom forro aumenta o calor e a durabilidade do casaco.<\/li>\n<li data-sourcepos=\"28:1-28:99\"><strong>Em forma:<\/strong> Certifique-se de que o casaco se ajusta bem aos ombros e permite uma sobreposi\u00e7\u00e3o confort\u00e1vel.<\/li>\n<li data-sourcepos=\"29:1-29:72\"><strong>Detalhes:<\/strong> Tenha em conta pormenores como bolsos, bot\u00f5es e presilhas para o cinto.<\/li>\n<li data-sourcepos=\"30:1-31:0\"><strong><span class=\"citation-8 recitation\">Pre\u00e7o:<\/span><\/strong><span class=\"citation-8 recitation citation-end-8\"> Um casaco de l\u00e3 de boa qualidade \u00e9 um investimento, mas durar\u00e1 muitos anos.<\/span><span class=\"button-container hide-from-message-actions ng-star-inserted\">\u00a0 \u00a0<\/span>\n<div class=\"container ng-tns-c2960411664-118 hide\">\n<div class=\"carousel-container ng-tns-c2960411664-118\"><\/div>\n<\/div>\n<\/li>\n<\/ul>\n<h3 data-sourcepos=\"32:1-32:40\"><strong>Como usar um casaco comprido de l\u00e3 preto para mulher:<\/strong><\/h3>\n<ul data-sourcepos=\"34:1-37:0\">\n<li data-sourcepos=\"34:1-34:85\"><strong>Casual:<\/strong> Combine-o com cal\u00e7as de ganga, uma camisola e botas para um look cl\u00e1ssico do dia a dia.<\/li>\n<li data-sourcepos=\"35:1-35:95\"><strong>Casual de neg\u00f3cios:<\/strong> Use-o sobre uma blusa e cal\u00e7as ou uma saia para um look profissional.<\/li>\n<li data-sourcepos=\"36:1-37:0\"><strong>Vestido:<\/strong> Coloque-a por cima de um vestido ou de uma roupa de noite para um look sofisticado.<\/li>\n<\/ul>\n<p data-sourcepos=\"38:1-38:217\"><span class=\"citation-9 recitation citation-end-9\">Um casaco comprido de l\u00e3 preto \u00e9 uma pe\u00e7a vers\u00e1til e essencial que o manter\u00e1 quente e com estilo durante todo o inverno.<\/span> \u00c9 um investimento que vale a pena e que poder\u00e1 usar durante muitos anos.<span class=\"button-container hide-from-message-actions ng-star-inserted\"> \u00a0 <\/span><\/p>","protected":false},"excerpt":{"rendered":"<table style=\"height: 647px;\" width=\"508\">\n<tbody>\n<tr>\n<td width=\"146\"><strong><b>Produto<\/b><\/strong>\u00a0<strong><b>Nome:<\/b><\/strong><\/td>\n<td width=\"601\"><strong>Casaco comprido de l\u00e3 preto para mulher<\/strong><\/td>\n<\/tr>\n<tr>\n<td width=\"146\"><strong><b>Materlal:<\/b><\/strong><\/td>\n<td width=\"601\">Tricotar<\/td>\n<\/tr>\n<tr>\n<td width=\"146\"><strong><b>T\u00e9cnica:<\/b><\/strong><\/td>\n<td width=\"601\">Bordado<\/td>\n<\/tr>\n<tr>\n<td width=\"146\"><strong><b>Estilo:<\/b><\/strong><\/td>\n<td width=\"601\">Casual<\/td>\n<\/tr>\n<tr>\n<td width=\"146\"><strong><b>Cor<\/b><\/strong><strong><b>:<\/b><\/strong><\/td>\n<td width=\"601\">\u00a0Cores personalizadas<\/td>\n<\/tr>\n<tr>\n<td width=\"146\"><strong><b>Tamanho:<\/b><\/strong><\/td>\n<td width=\"601\">S \/M \/L \/XL \/2XL<\/td>\n<\/tr>\n<tr>\n<td width=\"146\"><strong><b>OEM\/ODM:<\/b><\/strong><\/td>\n<td width=\"601\">Aceit\u00e1vel<\/td>\n<\/tr>\n<tr>\n<td width=\"146\"><strong><b>Qualidade:<\/b><\/strong><\/td>\n<td width=\"601\">100% Alta qualidade<\/td>\n<\/tr>\n<tr>\n<td width=\"146\"><strong><b>M<\/b><\/strong><strong><b>OQ:<\/b><\/strong><\/td>\n<td width=\"601\">200 unidades<\/td>\n<\/tr>\n<\/tbody>\n<\/table>","protected":false},"featured_media":2011,"template":"","meta":[],"product_brand":[],"product_cat":[39],"product_tag":[],"class_list":{"0":"post-2010","1":"product","2":"type-product","3":"status-publish","4":"has-post-thumbnail","6":"product_cat-womens-clothing","8":"first","9":"instock","10":"shipping-taxable","11":"product-type-simple"},"_links":{"self":[{"href":"https:\/\/mj-clothing.com\/pt\/wp-json\/wp\/v2\/product\/2010","targetHints":{"allow":["GET"]}}],"collection":[{"href":"https:\/\/mj-clothing.com\/pt\/wp-json\/wp\/v2\/product"}],"about":[{"href":"https:\/\/mj-clothing.com\/pt\/wp-json\/wp\/v2\/types\/product"}],"wp:featuredmedia":[{"embeddable":true,"href":"https:\/\/mj-clothing.com\/pt\/wp-json\/wp\/v2\/media\/2011"}],"wp:attachment":[{"href":"https:\/\/mj-clothing.com\/pt\/wp-json\/wp\/v2\/media?parent=2010"}],"wp:term":[{"taxonomy":"product_brand","embeddable":true,"href":"https:\/\/mj-clothing.com\/pt\/wp-json\/wp\/v2\/product_brand?post=2010"},{"taxonomy":"product_cat","embeddable":true,"href":"https:\/\/mj-clothing.com\/pt\/wp-json\/wp\/v2\/product_cat?post=2010"},{"taxonomy":"product_tag","embeddable":true,"href":"https:\/\/mj-clothing.com\/pt\/wp-json\/wp\/v2\/product_tag?post=2010"}],"curies":[{"name":"wp","href":"https:\/\/api.w.org\/{rel}","templated":true}]}}