{"id":2013,"date":"2024-12-17T09:06:12","date_gmt":"2024-12-17T09:06:12","guid":{"rendered":"https:\/\/mj-clothing.com\/?post_type=product&#038;p=2013"},"modified":"2024-12-17T09:06:12","modified_gmt":"2024-12-17T09:06:12","slug":"womens-petite-long-wool-coat","status":"publish","type":"product","link":"https:\/\/mj-clothing.com\/pt\/manufacturer\/womens-petite-long-wool-coat\/","title":{"rendered":"Casaco comprido de l\u00e3 para senhora Petite"},"content":{"rendered":"<p data-sourcepos=\"1:1-1:249\">Um casaco comprido de l\u00e3 para mulher \u00e9 uma escolha fant\u00e1stica para se manter quente e com estilo durante os meses mais frios, especialmente se tiver uma estrutura mais pequena. A chave \u00e9 encontrar um casaco que se ajuste bem e favore\u00e7a as suas propor\u00e7\u00f5es. Eis o que deve ter em conta:<\/p>\n<h3 data-sourcepos=\"3:1-3:31\"><strong>O que caracteriza um casaco comprido de l\u00e3 para senhora Petite?<\/strong><\/h3>\n<p data-sourcepos=\"5:1-5:125\"><span class=\"citation-0 recitation citation-end-0\">O vestu\u00e1rio Petite \u00e9 concebido para mulheres que t\u00eam geralmente 1,80 m ou menos.<\/span> As principais diferen\u00e7as entre os casacos petite s\u00e3o:<span class=\"button-container hide-from-message-actions ng-star-inserted\">\u00a0 \u00a0<\/span><\/p>\n<ul data-sourcepos=\"7:1-11:0\">\n<li data-sourcepos=\"7:1-7:105\"><strong>Comprimentos mais curtos:<\/strong> O comprimento total do casaco \u00e9 mais curto para evitar sobrecarregar uma estrutura mais pequena.<\/li>\n<li data-sourcepos=\"8:1-8:104\"><strong>Mangas mais curtas:<\/strong> As mangas s\u00e3o concebidas para chegarem ao pulso, eliminando a necessidade de altera\u00e7\u00f5es.<\/li>\n<li data-sourcepos=\"9:1-9:82\"><strong>Cavas mais altas:<\/strong> Isto evita que o excesso de tecido se acumule debaixo dos bra\u00e7os.<\/li>\n<li data-sourcepos=\"10:1-11:0\"><strong><span class=\"citation-1 recitation\">Ombros mais estreitos:<\/span><\/strong><span class=\"citation-1 recitation citation-end-1\"> As costuras dos ombros s\u00e3o mais estreitas para se adaptarem corretamente a uma estrutura mais pequena.<\/span><span class=\"button-container hide-from-message-actions ng-star-inserted\"> \u00a0<\/span>\n<div class=\"container ng-tns-c2960411664-127 hide\">\n<div class=\"carousel-container ng-tns-c2960411664-127\"><\/div>\n<\/div>\n<\/li>\n<\/ul>\n<h3 data-sourcepos=\"12:1-12:56\"><strong>Porqu\u00ea escolher um casaco comprido de l\u00e3 para senhora (mesmo que seja pequena)?<\/strong><\/h3>\n<ul data-sourcepos=\"14:1-17:0\">\n<li data-sourcepos=\"14:1-14:111\"><strong><span class=\"citation-2 recitation\">Calor:<\/span><\/strong><span class=\"citation-2 recitation citation-end-2\"> Um casaco comprido de l\u00e3 proporciona uma excelente cobertura e calor, perfeito para o tempo frio.<\/span><span class=\"button-container hide-from-message-actions ng-star-inserted\"> \u00a0<\/span>\n<div class=\"container ng-tns-c2960411664-128 hide\">\n<div class=\"carousel-container ng-tns-c2960411664-128\"><\/div>\n<\/div>\n<\/li>\n<li data-sourcepos=\"15:1-15:97\"><strong>Eleg\u00e2ncia:<\/strong> A silhueta longa pode ser muito elegante e lisonjeira, mesmo em figuras pequenas.<\/li>\n<li data-sourcepos=\"16:1-17:0\"><strong>Versatilidade:<\/strong> <span class=\"citation-3 recitation citation-end-3\">Um casaco de l\u00e3 comprido cl\u00e1ssico pode ser vestido para cima ou para baixo, tornando-o numa adi\u00e7\u00e3o vers\u00e1til ao seu guarda-roupa.<\/span>\n<div class=\"container ng-tns-c2960411664-129 hide\">\n<div class=\"carousel-container ng-tns-c2960411664-129\"><\/div>\n<\/div>\n<\/li>\n<\/ul>\n<h3 data-sourcepos=\"18:1-18:56\"><strong>Principais carater\u00edsticas a procurar num casaco comprido de l\u00e3 para senhora Petite<\/strong><\/h3>\n<ul data-sourcepos=\"20:1-25:0\">\n<li data-sourcepos=\"20:1-20:144\"><strong>Comprimento:<\/strong> Idealmente, o casaco deve chegar ao joelho ou ligeiramente abaixo. Evite os casacos demasiado compridos, pois podem sobrecarregar a sua estrutura.<\/li>\n<li data-sourcepos=\"21:1-21:140\"><strong>Em forma:<\/strong> Preste muita aten\u00e7\u00e3o ao ajuste nos ombros e no busto. O casaco deve ajustar-se confortavelmente sem ser demasiado apertado ou demasiado largo.<\/li>\n<li data-sourcepos=\"22:1-22:108\"><strong>Mangas:<\/strong> As mangas devem chegar ao pulso. Se forem demasiado compridas, podem fazer com que pare\u00e7a mais baixo.<\/li>\n<li data-sourcepos=\"23:1-23:146\"><strong>Estilo:<\/strong> Considere estilos cl\u00e1ssicos como os casacos de um s\u00f3 peito, de dois trespasses ou os casacos de enrolar. Estes estilos tendem a ser lisonjeiros em figuras pequenas.<\/li>\n<li data-sourcepos=\"24:1-25:0\"><strong>Cor:<\/strong> O preto, o azul-marinho e o cinzento s\u00e3o escolhas cl\u00e1ssicas e vers\u00e1teis. No entanto, tamb\u00e9m pode considerar outras cores que complementem o seu tom de pele.<\/li>\n<\/ul>\n<h3 data-sourcepos=\"26:1-26:45\"><strong>Dicas para o Casaco comprido de l\u00e3 para mulheres petite:<\/strong><\/h3>\n<ul data-sourcepos=\"28:1-32:0\">\n<li data-sourcepos=\"28:1-28:124\"><strong>Evite estilos demasiado grandes:<\/strong> Os casacos demasiado grandes podem sobrecarregar uma estrutura pequena. Escolha um casaco mais ajustado ou feito \u00e0 medida.<\/li>\n<li data-sourcepos=\"29:1-29:127\"><strong>Prestar aten\u00e7\u00e3o aos pormenores:<\/strong> Pormenores como cintos, bot\u00f5es e golas podem ajudar a criar uma silhueta mais lisonjeira.<\/li>\n<li data-sourcepos=\"30:1-30:117\"><strong>Usar saltos altos ou botas com salto:<\/strong> Isto pode ajudar a alongar as pernas e a equilibrar as propor\u00e7\u00f5es do casaco.<\/li>\n<li data-sourcepos=\"31:1-32:0\"><strong>Considerar o tecido:<\/strong> Escolha uma l\u00e3 de peso leve a m\u00e9dio para evitar aumentar o volume.<\/li>\n<\/ul>\n<h3 data-sourcepos=\"33:1-33:41\"><strong>Onde encontrar Casaco comprido de l\u00e3 para mulher Petite:<\/strong><\/h3>\n<ul data-sourcepos=\"35:1-38:0\">\n<li data-sourcepos=\"35:1-35:124\"><strong><span class=\"citation-4 recitation\">Grandes armaz\u00e9ns:<\/span><\/strong><span class=\"citation-4 recitation citation-end-4\"> Muitos grandes armaz\u00e9ns t\u00eam sec\u00e7\u00f5es dedicadas \u00e0s petites com uma variedade de estilos de casacos.<\/span><span class=\"button-container hide-from-message-actions ng-star-inserted\"> \u00a0<\/span>\n<div class=\"container ng-tns-c2960411664-130 hide\">\n<div class=\"carousel-container ng-tns-c2960411664-130\"><\/div>\n<\/div>\n<\/li>\n<li data-sourcepos=\"36:1-36:124\"><strong>Retalhistas especializados:<\/strong> <span class=\"citation-5 recitation citation-end-5\">Alguns retalhistas especializam-se em vestu\u00e1rio para petites e oferecem uma maior sele\u00e7\u00e3o de casacos.<\/span><span class=\"button-container hide-from-message-actions ng-star-inserted\">\u00a0 \u00a0<\/span>\n<div class=\"container ng-tns-c2960411664-131 hide\">\n<div class=\"carousel-container ng-tns-c2960411664-131\"><\/div>\n<\/div>\n<\/li>\n<li data-sourcepos=\"37:1-38:0\"><strong><span class=\"citation-6 recitation\">Retalhistas em linha:<\/span><\/strong><span class=\"citation-6 recitation citation-end-6\"> Os retalhistas online oferecem uma vasta sele\u00e7\u00e3o de casacos para petites em v\u00e1rios estilos e gamas de pre\u00e7os.<\/span><span class=\"button-container hide-from-message-actions ng-star-inserted\">\u00a0<\/span>\n<div class=\"container ng-tns-c2960411664-132 hide\">\n<div class=\"carousel-container ng-tns-c2960411664-132\"><\/div>\n<\/div>\n<\/li>\n<\/ul>\n<p data-sourcepos=\"39:1-39:150\">Se tiver estas dicas em mente, pode encontrar o casaco de l\u00e3 comprido perfeito para a sua petite, que a manter\u00e1 quente, elegante e confiante durante todo o inverno.<\/p>","protected":false},"excerpt":{"rendered":"<table style=\"height: 521px;\" width=\"496\">\n<tbody>\n<tr>\n<td width=\"146\"><strong><b>Produto<\/b><\/strong>\u00a0<strong><b>Nome:<\/b><\/strong><\/td>\n<td width=\"601\"><strong>Casaco comprido de l\u00e3 para senhora Petite<\/strong><\/td>\n<\/tr>\n<tr>\n<td width=\"146\"><strong><b>Materlal:<\/b><\/strong><\/td>\n<td width=\"601\">Tricotar<\/td>\n<\/tr>\n<tr>\n<td width=\"146\"><strong><b>T\u00e9cnica:<\/b><\/strong><\/td>\n<td width=\"601\">Bordado<\/td>\n<\/tr>\n<tr>\n<td width=\"146\"><strong><b>Estilo:<\/b><\/strong><\/td>\n<td width=\"601\">Casual<\/td>\n<\/tr>\n<tr>\n<td width=\"146\"><strong><b>Cor<\/b><\/strong><strong><b>:<\/b><\/strong><\/td>\n<td width=\"601\">\u00a0Cores personalizadas<\/td>\n<\/tr>\n<tr>\n<td width=\"146\"><strong><b>Tamanho:<\/b><\/strong><\/td>\n<td width=\"601\">S \/M \/L \/XL \/2XL<\/td>\n<\/tr>\n<tr>\n<td width=\"146\"><strong><b>OEM\/ODM:<\/b><\/strong><\/td>\n<td width=\"601\">Aceit\u00e1vel<\/td>\n<\/tr>\n<tr>\n<td width=\"146\"><strong><b>Qualidade:<\/b><\/strong><\/td>\n<td width=\"601\">100% Alta qualidade<\/td>\n<\/tr>\n<tr>\n<td width=\"146\"><strong><b>M<\/b><\/strong><strong><b>OQ:<\/b><\/strong><\/td>\n<td width=\"601\">200 unidades<\/td>\n<\/tr>\n<\/tbody>\n<\/table>","protected":false},"featured_media":2014,"template":"","meta":[],"product_brand":[],"product_cat":[39],"product_tag":[],"class_list":{"0":"post-2013","1":"product","2":"type-product","3":"status-publish","4":"has-post-thumbnail","6":"product_cat-womens-clothing","8":"first","9":"instock","10":"shipping-taxable","11":"product-type-simple"},"_links":{"self":[{"href":"https:\/\/mj-clothing.com\/pt\/wp-json\/wp\/v2\/product\/2013","targetHints":{"allow":["GET"]}}],"collection":[{"href":"https:\/\/mj-clothing.com\/pt\/wp-json\/wp\/v2\/product"}],"about":[{"href":"https:\/\/mj-clothing.com\/pt\/wp-json\/wp\/v2\/types\/product"}],"wp:featuredmedia":[{"embeddable":true,"href":"https:\/\/mj-clothing.com\/pt\/wp-json\/wp\/v2\/media\/2014"}],"wp:attachment":[{"href":"https:\/\/mj-clothing.com\/pt\/wp-json\/wp\/v2\/media?parent=2013"}],"wp:term":[{"taxonomy":"product_brand","embeddable":true,"href":"https:\/\/mj-clothing.com\/pt\/wp-json\/wp\/v2\/product_brand?post=2013"},{"taxonomy":"product_cat","embeddable":true,"href":"https:\/\/mj-clothing.com\/pt\/wp-json\/wp\/v2\/product_cat?post=2013"},{"taxonomy":"product_tag","embeddable":true,"href":"https:\/\/mj-clothing.com\/pt\/wp-json\/wp\/v2\/product_tag?post=2013"}],"curies":[{"name":"wp","href":"https:\/\/api.w.org\/{rel}","templated":true}]}}