{"id":2015,"date":"2024-12-17T09:10:45","date_gmt":"2024-12-17T09:10:45","guid":{"rendered":"https:\/\/mj-clothing.com\/?post_type=product&#038;p=2015"},"modified":"2024-12-17T09:10:45","modified_gmt":"2024-12-17T09:10:45","slug":"womens-petite-long-coats","status":"publish","type":"product","link":"https:\/\/mj-clothing.com\/pt\/manufacturer\/womens-petite-long-coats\/","title":{"rendered":"Casacos compridos para senhora"},"content":{"rendered":"<p data-sourcepos=\"1:1-1:144\">Est\u00e1 \u00e0 procura dos casacos compridos para senhora Petite de calor, estilo e ajuste num casaco de inverno! Eis um guia para encontrar o casaco comprido para senhora ideal:<\/p>\n<h3 data-sourcepos=\"3:1-3:39\"><strong>Porque \u00e9 que o \"Petite\" \u00e9 importante para os casacos compridos<\/strong><\/h3>\n<p data-sourcepos=\"5:1-5:132\">Os casacos compridos de tamanho normal podem muitas vezes sobrecarregar uma estrutura pequena (geralmente considerada como 5'4\u2033 ou menos). O tamanho petite resolve este problema:<\/p>\n<ul data-sourcepos=\"7:1-11:0\">\n<li data-sourcepos=\"7:1-7:128\"><strong>Comprimento reduzido:<\/strong> O comprimento total do casaco \u00e9 reduzido para que n\u00e3o o sobrecarregue. Aponte para o joelho ou ligeiramente abaixo.<\/li>\n<li data-sourcepos=\"8:1-8:112\"><strong>Mangas mais curtas:<\/strong> As mangas s\u00e3o proporcionadas para bater no pulso, evitando a necessidade de altera\u00e7\u00f5es dispendiosas.<\/li>\n<li data-sourcepos=\"9:1-9:107\"><strong>Cavas mais altas:<\/strong> Isto evita que o excesso de tecido se acumule debaixo dos bra\u00e7os, criando uma silhueta mais cuidada.<\/li>\n<li data-sourcepos=\"10:1-11:0\"><strong>Ombros mais estreitos:<\/strong> As costuras dos ombros s\u00e3o ajustadas para se adaptarem a uma estrutura mais pequena, evitando um aspeto desca\u00eddo ou mal ajustado.<\/li>\n<\/ul>\n<h3 data-sourcepos=\"12:1-12:46\"><strong>Vantagens dos casacos compridos para senhora (mesmo para as petites)<\/strong><\/h3>\n<ul data-sourcepos=\"14:1-17:0\">\n<li data-sourcepos=\"14:1-14:103\"><strong>Calor m\u00e1ximo:<\/strong> Os casacos compridos oferecem uma excelente cobertura, mantendo-o confort\u00e1vel no tempo mais frio.<\/li>\n<li data-sourcepos=\"15:1-15:106\"><strong>Silhueta elegante:<\/strong> Um casaco comprido bem ajustado pode ser incrivelmente lisonjeiro, alongando a sua figura.<\/li>\n<li data-sourcepos=\"16:1-17:0\"><strong>Versatilidade:<\/strong> Vista-o com saltos altos e um vestido ou com cal\u00e7as de ganga e botas - um casaco comprido adapta-se a v\u00e1rios estilos.<\/li>\n<\/ul>\n<h3 data-sourcepos=\"18:1-18:30\"><strong>Carater\u00edsticas principais dos casacos compridos Petite para mulher<\/strong><\/h3>\n<ul data-sourcepos=\"20:1-30:0\">\n<li data-sourcepos=\"20:1-20:156\"><strong>Comprimento:<\/strong> Como j\u00e1 foi referido, opte pelo comprimento at\u00e9 ao joelho ou ligeiramente abaixo. Evite casacos at\u00e9 ao ch\u00e3o, a n\u00e3o ser que queira especificamente um visual dram\u00e1tico e moderno.<\/li>\n<li data-sourcepos=\"21:1-21:174\"><strong>Em forma:<\/strong> Isto \u00e9 fundamental! Preste aten\u00e7\u00e3o ao ajuste dos ombros (as costuras devem ficar na extremidade dos ombros) e ao ajuste do busto (deve fechar confortavelmente sem puxar).<\/li>\n<li data-sourcepos=\"22:1-22:52\"><strong>Mangas:<\/strong> Devem terminar no osso do pulso.<\/li>\n<li data-sourcepos=\"23:1-27:84\"><strong>Estilo:<\/strong>\n<ul data-sourcepos=\"24:5-27:84\">\n<li data-sourcepos=\"24:5-24:87\"><strong>Trespasse simples:<\/strong> Cl\u00e1ssico e vers\u00e1til, muitas vezes com uma \u00fanica fila de bot\u00f5es.<\/li>\n<li data-sourcepos=\"25:5-25:142\"><strong>Trespassado:<\/strong> Mais estruturado e formal, com duas filas de bot\u00f5es. Pode ser mais complicado para as pessoas de baixa estatura, pelo que deve prestar mais aten\u00e7\u00e3o ao ajuste.<\/li>\n<li data-sourcepos=\"26:5-26:78\"><strong>Casaco:<\/strong> Cria uma cintura definida e um ajuste regul\u00e1vel com um cinto.<\/li>\n<li data-sourcepos=\"27:5-27:84\"><strong>Linha A:<\/strong> Ligeiramente alargada na bainha, para equilibrar ombros ou ancas mais largos.<\/li>\n<\/ul>\n<\/li>\n<li data-sourcepos=\"28:1-28:112\"><strong>Tecido:<\/strong> A l\u00e3 \u00e9 uma escolha cl\u00e1ssica para o calor, mas considere as misturas para um peso mais leve ou maior durabilidade.<\/li>\n<li data-sourcepos=\"29:1-30:0\"><strong>Cor:<\/strong> O preto, a marinha e o cinzento s\u00e3o intemporais. Considere o camel, o borgonha ou o verde floresta para dar um toque de cor.<\/li>\n<\/ul>\n<h3 data-sourcepos=\"31:1-31:28\"><strong>Dicas de estilo para pequenas<\/strong><\/h3>\n<ul data-sourcepos=\"33:1-37:0\">\n<li data-sourcepos=\"33:1-33:86\"><strong>Evitar o sobredimensionamento:<\/strong> Pode afogar a sua estrutura. Opte por um estilo \u00e0 medida ou ajustado.<\/li>\n<li data-sourcepos=\"34:1-34:78\"><strong>Os cintos s\u00e3o seus amigos:<\/strong> Defina a sua cintura para evitar um aspeto disforme.<\/li>\n<li data-sourcepos=\"35:1-35:94\"><strong>Saltos altos ou botas de salto alto:<\/strong> Acrescente altura e alongue as pernas para equilibrar o comprimento do casaco.<\/li>\n<li data-sourcepos=\"36:1-37:0\"><strong>Manter a simplicidade:<\/strong> Evite o volume excessivo ou os adornos que possam sobrecarregar a sua moldura.<\/li>\n<\/ul>","protected":false},"excerpt":{"rendered":"<table style=\"height: 612px;\" width=\"488\">\n<tbody>\n<tr>\n<td width=\"146\"><strong><b>Produto<\/b><\/strong>\u00a0<strong><b>Nome:<\/b><\/strong><\/td>\n<td width=\"601\"><strong>Casacos compridos para senhora<\/strong><\/td>\n<\/tr>\n<tr>\n<td width=\"146\"><strong><b>Materlal:<\/b><\/strong><\/td>\n<td width=\"601\">Tricotar<\/td>\n<\/tr>\n<tr>\n<td width=\"146\"><strong><b>T\u00e9cnica:<\/b><\/strong><\/td>\n<td width=\"601\">Bordado<\/td>\n<\/tr>\n<tr>\n<td width=\"146\"><strong><b>Estilo:<\/b><\/strong><\/td>\n<td width=\"601\">Casual<\/td>\n<\/tr>\n<tr>\n<td width=\"146\"><strong><b>Cor<\/b><\/strong><strong><b>:<\/b><\/strong><\/td>\n<td width=\"601\">\u00a0Cores personalizadas<\/td>\n<\/tr>\n<tr>\n<td width=\"146\"><strong><b>Tamanho:<\/b><\/strong><\/td>\n<td width=\"601\">S \/M \/L \/XL \/2XL<\/td>\n<\/tr>\n<tr>\n<td width=\"146\"><strong><b>OEM\/ODM:<\/b><\/strong><\/td>\n<td width=\"601\">Aceit\u00e1vel<\/td>\n<\/tr>\n<tr>\n<td width=\"146\"><strong><b>Qualidade:<\/b><\/strong><\/td>\n<td width=\"601\">100% Alta qualidade<\/td>\n<\/tr>\n<tr>\n<td width=\"146\"><strong><b>M<\/b><\/strong><strong><b>OQ:<\/b><\/strong><\/td>\n<td width=\"601\">200 unidades<\/td>\n<\/tr>\n<\/tbody>\n<\/table>","protected":false},"featured_media":2017,"template":"","meta":[],"product_brand":[],"product_cat":[39],"product_tag":[],"class_list":{"0":"post-2015","1":"product","2":"type-product","3":"status-publish","4":"has-post-thumbnail","6":"product_cat-womens-clothing","8":"first","9":"instock","10":"shipping-taxable","11":"product-type-simple"},"_links":{"self":[{"href":"https:\/\/mj-clothing.com\/pt\/wp-json\/wp\/v2\/product\/2015","targetHints":{"allow":["GET"]}}],"collection":[{"href":"https:\/\/mj-clothing.com\/pt\/wp-json\/wp\/v2\/product"}],"about":[{"href":"https:\/\/mj-clothing.com\/pt\/wp-json\/wp\/v2\/types\/product"}],"wp:featuredmedia":[{"embeddable":true,"href":"https:\/\/mj-clothing.com\/pt\/wp-json\/wp\/v2\/media\/2017"}],"wp:attachment":[{"href":"https:\/\/mj-clothing.com\/pt\/wp-json\/wp\/v2\/media?parent=2015"}],"wp:term":[{"taxonomy":"product_brand","embeddable":true,"href":"https:\/\/mj-clothing.com\/pt\/wp-json\/wp\/v2\/product_brand?post=2015"},{"taxonomy":"product_cat","embeddable":true,"href":"https:\/\/mj-clothing.com\/pt\/wp-json\/wp\/v2\/product_cat?post=2015"},{"taxonomy":"product_tag","embeddable":true,"href":"https:\/\/mj-clothing.com\/pt\/wp-json\/wp\/v2\/product_tag?post=2015"}],"curies":[{"name":"wp","href":"https:\/\/api.w.org\/{rel}","templated":true}]}}